{"id":20785,"date":"2016-10-10T17:26:23","date_gmt":"2016-10-10T15:26:23","guid":{"rendered":"http:\/\/www.satrindtech.com\/it\/privacy\/"},"modified":"2019-06-01T17:00:36","modified_gmt":"2019-06-01T15:00:36","slug":"politica-di-riservatezza","status":"publish","type":"page","link":"https:\/\/satrindtech.com\/it\/politica-di-riservatezza\/","title":{"rendered":"Privacy"},"content":{"rendered":"<div class=\"wpb-content-wrapper\"><p>[vc_row css_animation=&#8221;&#8221; row_type=&#8221;row&#8221; use_row_as_full_screen_section=&#8221;no&#8221; type=&#8221;grid&#8221; angled_section=&#8221;no&#8221; text_align=&#8221;left&#8221; background_image_as_pattern=&#8221;without_pattern&#8221; padding_top=&#8221;20&#8243; padding_bottom=&#8221;0&#8243;][vc_column][vc_row_inner row_type=&#8221;row&#8221; type=&#8221;grid&#8221; text_align=&#8221;left&#8221; padding_top=&#8221;30&#8243; padding_bottom=&#8221;60&#8243; css_animation=&#8221;&#8221;][vc_column_inner][vc_column_text]<\/p>\n<h2>Politica di riservatezza<\/h2>\n<p>[\/vc_column_text][vc_separator type=&#8221;transparent&#8221; up=&#8221;20&#8243; down=&#8221;0&#8243;][vc_column_text]La scrivente Societ\u00e0 SatrindTech S.r.l., C.F. e P.I. IT08360060969, con sede legale in Arluno (MI) Via Monfalcone, 122 in persona del proprio legale rappresentante pro tempore Sig. Giorgio Falzoni in qualit\u00e0 di Titolare del Trattamento dei dati personali ai sensi del D.lgs 193\/2001 e successive modifiche &#8211; Codice in materia di protezione dei dati personali \u201cCodice Privacy\u201d &#8211; e del Regolamento UE 679\/2016 &#8211; Regolamento Generale sulla Protezione dei dati \u201cGDPR\u201d (d\u2019ora in avanti Codice Privacy e GDPR sono collettivamente indicati come \u201cNormativa Applicabile\u201d) riconosce l\u2019importanza della protezione dei dati personali e considera la sua tutela uno degli obbiettivi principali della sua attivit\u00e0.<\/p>\n<p>&nbsp;<\/p>\n<p style=\"text-align: center;\">*****<\/p>\n<p>&nbsp;<\/p>\n<p>Prima di comunicare qualsiasi dato personale, SatrindTech S.r.l. ti invita a leggere con attenzione la presente privacy policy (\u201cPrivacy Policy\u201d), poich\u00e9 contiene informazioni importanti sulla tutela dei dati personali e sulle misure di sicurezza adottate per garantirne la riservatezza nel pieno rispetto della Normativa Applicabile.<\/p>\n<p>La presente Privacy Policy inoltre:<\/p>\n<p>&nbsp;<\/p>\n<ul>\n<li>si intende resa solo ed esclusivamente per il sito http:\/\/satrindtech.com\/ (\u201cSito\u201d) mentre non si applica ad altri siti web eventualmente consultati per il tramite di link esterno.<\/li>\n<li>\u00e8 da intendersi quale informativa resa ai sensi dell\u2019art. 13 della Normativa Applicabile a coloro che interagiscono con il Sito sopra meglio individuato;<\/li>\n<li>si conforma alla Raccomandazione n. 2\/2001 relativa ai requisiti minimi per la raccolta di dati on-line nell\u2019Unione Europea, adottata il 17 maggio 2001 dal Gruppo di Lavoro Articolo 29.<\/li>\n<\/ul>\n<p>&nbsp;<\/p>\n<p style=\"text-align: center;\">*****<\/p>\n<p>&nbsp;<\/p>\n<p>SatrindTech ti informa che il trattamento dei tuoi dati personali sar\u00e0 improntato ai principi di liceit\u00e0, correttezza, trasparenza, limitazione delle finalit\u00e0 e della conservazione, minimizzazione dei dati, esattezza, integrit\u00e0 e riservatezza. I tuoi dati personali verranno pertanto trattati in accordo alle disposizioni legislative della Normativa Applicabile e degli obblighi di riservatezza ivi previsti.<\/p>\n<p>&nbsp;<\/p>\n<h3><strong><u>INDICE<\/u><\/strong><\/h3>\n<p>&nbsp;<\/p>\n<p>Di seguito l\u2019indice della presente Privacy Policy cos\u00ec che tu possa facilmente trovare le informazioni inerenti al trattamento dei tuoi dati personali:<\/p>\n<p>&nbsp;<\/p>\n<ol>\n<li>TITOLARE<\/li>\n<li>I DATI PERSONALI OGGETTO DI TRATTAMENTO<\/li>\n<li>FINALIT\u00c0, BASE GIURIDICA E NATURA OBBLIGATORIA O FACOLTATIVA DEL TRATTAMENTO.<\/li>\n<li>DESTINATARI<\/li>\n<li>CONSERVAZIONE DEI DATI<\/li>\n<li>I TUOI DIRITTI<\/li>\n<li>MODIFICHE<\/li>\n<\/ol>\n<p>&nbsp;<\/p>\n<h3>1. TITOLARE E DATA PROTECTION OFFICER<\/h3>\n<p>&nbsp;<\/p>\n<p>Alla luce della Normativa Applicabile, titolare del trattamento del sito \u00e8 <strong>SatrindTech S.r.l.<\/strong> come sopra meglio definito.<\/p>\n<p>Per ricevere qualunque informazione inerente il trattamento dei dati personali da parte di SatrindTech, tra cui l\u2019elenco dei responsabili che trattano i dati, basta contattare il Titolare al seguente indirizzo email sistema@satrindtech.com.<\/p>\n<p>&nbsp;<\/p>\n<h3>2. I DATI PERSONALI OGGETTO DI TRATTAMENTO<\/h3>\n<p>&nbsp;<\/p>\n<p>Per \u201c<em>Dati Personali<\/em>\u201d si intende qualsiasi informazione riguardante una persona fisica identificata o identificabile; si considera identificabile la persona fisica che pu\u00f2 essere identificata, direttamente o indirettamente, con particolare riferimento a un identificativo come il nome, un numero di identificazione, dati relativi all\u2019ubicazione, un identificativo online o a uno o pi\u00f9 elementi caratteristici della sua identit\u00e0 fisica, fisiologica, psichica, economica, culturale o sociale.<\/p>\n<p>I Dati Personali che vengono raccolti dal Sito sono i seguenti:<\/p>\n<h4><u>a. Dati di navigazione<\/u><\/h4>\n<p>I sistemi informatici e le procedure software preposte al funzionamento di questo sito web acquisiscono, nel corso del loro normale esercizio, alcuni dati personali la cui trasmissione \u00e8 implicita nell\u2019uso dei protocolli di comunicazione di Internet. Si tratta di informazioni che non sono raccolte per essere associate a interessati identificati, ma che per loro stessa natura potrebbero, attraverso elaborazioni ed associazioni con dati detenuti da terzi, permettere di identificare gli utenti. In questa categoria di dati rientrano gli indirizzi IP o i nomi a dominio dei computer utilizzati dagli utenti che si connettono al sito, gli indirizzi in notazione URI (<em>Uniform Resource Identifier<\/em>) delle risorse richieste, l\u2019orario della richiesta, il metodo utilizzato nel sottoporre la richiesta al server, la dimensione del file ottenuto in risposta, il codice numerico indicante lo stato della risposta data dal server (buon fine, errore, ecc\u2026) ed altri parametri relativi al sistema operativo e all\u2019ambiente informatico dell\u2019utente. Questi dati vengono utilizzati al solo fine di ricavare informazioni statistiche anonime sull\u2019uso del sito e per controllarne il corretto funzionamento e vengono cancellati immediatamente dopo l\u2019elaborazione. I dati potrebbero essere utilizzati per l\u2019accertamento di responsabilit\u00e0 in caso di ipotetici reati informatici ai danni del sito o di terzi e vengono cancellati dopo 7 giorni.<\/p>\n<h4><u>b. Dati forniti volontariamente<\/u><\/h4>\n<p>Attraverso il Sito hai la possibilit\u00e0 di fornire volontariamente Dati Personali come il nome, cognome, citt\u00e0 e l\u2019indirizzo e-mail per contattare SatrindTech attraverso il form \u201cContatti\u201d.<\/p>\n<p>SatrindTech tratter\u00e0 questi dati nel rispetto della Normativa Applicabile, assumendo che siano riferiti a te o a terzi soggetti che ti hanno espressamente autorizzato a conferirli in base ad un\u2019idonea base giuridica che legittima il trattamento dei dati in questione. Rispetto a tali ipotesi, ti poni come autonomo titolare del trattamento, assumendoti tutti gli obblighi e le responsabilit\u00e0 di legge. In tal senso, conferisci sul punto la pi\u00f9 ampia manleva rispetto ad ogni contestazione, pretesa, richiesta di risarcimento del danno da trattamento, etc. che dovesse pervenire a SatrindTech da terzi soggetti i cui Dati Personali siano stati trattati attraverso il tuo utilizzo del Sito in violazione della Normativa Applicabile.<\/p>\n<h4><strong><u>c. Cookie e tecnologie affini<\/u><\/strong><\/h4>\n<p>SatrindTech raccoglie Dati Personali attraverso cookies. Maggiori informazioni sull\u2019uso dei cookie e tecnologie affini sono disponibili qui <a href=\"https:\/\/www.iubenda.com\/privacy-policy\/8079332\/cookie-policy?an=no&amp;s_ck=false\">https:\/\/www.iubenda.com\/privacy-policy\/<\/a><\/p>\n<p>&nbsp;<\/p>\n<h3>3. FINALITA\u2019, BASE GIURIDICA E NATURA OBBLIGATORIA O FACOLTATIVA DEL TRATTAMENTO<\/h3>\n<p>&nbsp;<\/p>\n<p>I Dati Personali che fornisci attraverso il Sito saranno trattati da SatrindTech per le seguenti finalit\u00e0:<\/p>\n<p>&nbsp;<\/p>\n<p>a) finalit\u00e0 inerenti l\u2019esecuzione di un contratto di cui sei parte o all\u2019esecuzione di misure precontrattuali adottate su tua richiesta (es: richiesta di contatto tramite il modulo Contatti, ecc.);<\/p>\n<p>b) finalit\u00e0 di ricerche\/analisi statistiche su dati aggregati o anonimi, senza dunque possibilit\u00e0 di identificare l\u2019utente, volti a misurare il funzionamento del Sito, misurare il traffico e valutare usabilit\u00e0 e interesse;<\/p>\n<p>c) finalit\u00e0 relative all\u2019adempimento di un obbligo legale al quale SatrindTech e\u0300 soggetto;<\/p>\n<p>d) finalit\u00e0 necessarie ad accertare, esercitare o difendere un diritto in sede giudiziaria o ogniqualvolta le autorit\u00e0 giurisdizionali esercitino le loro funzioni giurisdizionali;<\/p>\n<p>&nbsp;<\/p>\n<p>La base legale del trattamento di Dati Personali per le finalit\u00e0 di cui al punto a) \u00e8 l\u2019erogazione di un servizio o il riscontro ad una richiesta che non richiedono il consenso ai sensi della Normativa Applicabile.<br \/>\nLa finalit\u00e0 di cui al punto b) non comporta il trattamento di Dati Personali, mentre la finalit\u00e0 di cui al punto d) rappresenta un trattamento legittimo di Dati Personali ai sensi della Normativa Applicabile in quanto, una volta conferiti i Dati Personali, il trattamento \u00e8 invero necessario per adempiere ad un obbligo di legge a cui SatrindTech \u00e8 soggetto. Il conferimento dei tuoi Dati Personali per la finalit\u00e0 sopra elencata \u00e8 facoltativo, ma il loro eventuale mancato conferimento potrebbe rendere impossibile riscontrare una tua richiesta o adempiere ad un obbligo legale a cui SatrindTech \u00e8 soggetto.<\/p>\n<p>&nbsp;<\/p>\n<h3>4. DESTINATARI<\/h3>\n<p>&nbsp;<\/p>\n<p>I tuoi dati personali potranno essere condivisi, per le finalit\u00e0 specificate al punto 3, con:<\/p>\n<p>&nbsp;<\/p>\n<p>a. i soggetti necessari per l\u2019erogazione dei servizi offerti dal Sito tra cui a titolo esemplificativo l\u2019invio di e-mail e l\u2019analisi del funzionamento del Sito che agiscono tipicamente in qualit\u00e0 di responsabili del trattamento di SatrindTech.<\/p>\n<p>b. le persone autorizzate da SatrindTech che si siano impegnate alla riservatezza o abbiano un adeguato obbligo legale di riservatezza (es. dipendenti e collaboratori di SatrindTech), autorit\u00e0 giurisdizionali nell\u2019esercizio delle loro funzioni quando richiesto dalla Normativa Applicabile.<\/p>\n<p>&nbsp;<\/p>\n<h3>5. CONSERVAZIONE DEI DATI<\/h3>\n<p>&nbsp;<\/p>\n<p>SatrindTech tratter\u00e0 i tuoi Dati Personali per il tempo strettamente necessario a raggiungere gli scopi indicati al punto 3. Fatto salvo quanto sopra, SatrindTech tratter\u00e0 i tuoi Dati Personali fino al tempo permesso dalla legge Italiana a tutela dei propri interessi. Maggiori informazioni in merito al periodo di conservazione dei Dati Personali e ai criteri utilizzati per determinare tale periodo possono essere richieste scrivendo all\u2019indirizzo email del Titolare del trattamento indicato all\u2019articolo 1.<\/p>\n<p>&nbsp;<\/p>\n<h3>6. I TUOI DIRITTI<\/h3>\n<p>&nbsp;<\/p>\n<p>Nei limiti della Normativa Applicabile, hai il diritto di chiedere a SatrindTech in qualunque momento, l\u2019accesso ai tuoi Dati Personali, la rettifica o la cancellazione degli stessi o di opporti al loro trattamento, la limitazione del trattamento nonch\u00e9 di ottenere in un formato strutturato, di uso comune e leggibile da dispositivo automatico i dati che ti riguardano.<\/p>\n<p>Le richieste vanno rivolte via e-mail all\u2019indirizzo: sistema@satrindtech.com<\/p>\n<p>Ai sensi della Normativa Applicabile, hai in ogni caso il diritto di proporre reclamo all\u2019autorit\u00e0 di controllo competente (Garante per la Protezione dei Dati Personali) qualora ritenessi che il trattamento dei tuoi Dati Personali sia contrario alla normativa vigente.<\/p>\n<p>&nbsp;<\/p>\n<h3>7. MODIFICHE<\/h3>\n<p>&nbsp;<\/p>\n<p>La presente Privacy Policy \u00e8 in vigore dal 25 maggio 2018, la Societ\u00e0 SatrindTech si riserva di modificarne o semplicemente aggiornarne il contenuto, in parte o completamente, anche a causa di variazioni della Normativa Applicabile. SatrindTech ti informer\u00e0 di tali variazioni non appena verranno introdotte e saranno vincolanti non appena pubblicate sul Sito. SatrindTech ti invita quindi a visitare con regolarit\u00e0 questa sezione per prendere cognizione della pi\u00f9 recente ed aggiornata versione della Privacy Policy in modo che tu sia sempre aggiornato sui dati raccolti e sull\u2019uso che ne fa il Titolare del trattamento.[\/vc_column_text][vc_separator type=&#8221;transparent&#8221; up=&#8221;75&#8243; down=&#8221;0&#8243;][\/vc_column_inner][\/vc_row_inner][\/vc_column][\/vc_row]<\/p>\n<\/div>","protected":false},"excerpt":{"rendered":"<p>[vc_row css_animation=&#8221;&#8221; row_type=&#8221;row&#8221; use_row_as_full_screen_section=&#8221;no&#8221; type=&#8221;grid&#8221; angled_section=&#8221;no&#8221; text_align=&#8221;left&#8221; background_image_as_pattern=&#8221;without_pattern&#8221; padding_top=&#8221;20&#8243; padding_bottom=&#8221;0&#8243;][vc_column][vc_row_inner row_type=&#8221;row&#8221; type=&#8221;grid&#8221; text_align=&#8221;left&#8221; padding_top=&#8221;30&#8243; padding_bottom=&#8221;60&#8243;&#8230;<\/p>\n","protected":false},"author":1,"featured_media":0,"parent":0,"menu_order":0,"comment_status":"open","ping_status":"open","template":"full_width.php","meta":{"_acf_changed":false,"inline_featured_image":false,"footnotes":""},"class_list":["post-20785","page","type-page","status-publish","hentry"],"acf":[],"yoast_head":"<!-- This site is optimized with the Yoast SEO Premium plugin v26.3 (Yoast SEO v27.4) - https:\/\/yoast.com\/product\/yoast-seo-premium-wordpress\/ -->\n<title>Politica-di-riservatezza nella gestione dei dati personali degli utenti | SatrindTech Srl<\/title>\n<meta name=\"description\" content=\"La politica-di-riservatezza in questa sezione descrive le modalit\u00e0 di gestione del sito relative alla gestione dei dati personali raccolti dagli utenti\" \/>\n<meta name=\"robots\" content=\"noindex, nofollow\" \/>\n<meta property=\"og:locale\" content=\"it_IT\" \/>\n<meta property=\"og:type\" content=\"article\" \/>\n<meta property=\"og:title\" content=\"Privacy\" \/>\n<meta property=\"og:description\" content=\"La politica-di-riservatezza in questa sezione descrive le modalit\u00e0 di gestione del sito relative alla gestione dei dati personali raccolti dagli utenti\" \/>\n<meta property=\"og:url\" content=\"https:\/\/satrindtech.com\/it\/politica-di-riservatezza\/\" \/>\n<meta property=\"og:site_name\" content=\"SatrindTech Srl\" \/>\n<meta property=\"article:publisher\" content=\"https:\/\/www.facebook.com\/Satrindtech\" \/>\n<meta property=\"article:modified_time\" content=\"2019-06-01T15:00:36+00:00\" \/>\n<meta name=\"twitter:card\" content=\"summary_large_image\" \/>\n<meta name=\"twitter:site\" content=\"@SatrindTech\" \/>\n<meta name=\"twitter:label1\" content=\"Tempo di lettura stimato\" \/>\n\t<meta name=\"twitter:data1\" content=\"8 minuti\" \/>\n<script type=\"application\/ld+json\" class=\"yoast-schema-graph\">{\"@context\":\"https:\\\/\\\/schema.org\",\"@graph\":[{\"@type\":\"WebPage\",\"@id\":\"https:\\\/\\\/satrindtech.com\\\/it\\\/politica-di-riservatezza\\\/\",\"url\":\"https:\\\/\\\/satrindtech.com\\\/it\\\/politica-di-riservatezza\\\/\",\"name\":\"Politica-di-riservatezza nella gestione dei dati personali degli utenti | SatrindTech Srl\",\"isPartOf\":{\"@id\":\"https:\\\/\\\/satrindtech.com\\\/en\\\/#website\"},\"datePublished\":\"2016-10-10T15:26:23+00:00\",\"dateModified\":\"2019-06-01T15:00:36+00:00\",\"description\":\"La politica-di-riservatezza in questa sezione descrive le modalit\u00e0 di gestione del sito relative alla gestione dei dati personali raccolti dagli utenti\",\"breadcrumb\":{\"@id\":\"https:\\\/\\\/satrindtech.com\\\/it\\\/politica-di-riservatezza\\\/#breadcrumb\"},\"inLanguage\":\"it-IT\",\"potentialAction\":[{\"@type\":\"ReadAction\",\"target\":[\"https:\\\/\\\/satrindtech.com\\\/it\\\/politica-di-riservatezza\\\/\"]}]},{\"@type\":\"BreadcrumbList\",\"@id\":\"https:\\\/\\\/satrindtech.com\\\/it\\\/politica-di-riservatezza\\\/#breadcrumb\",\"itemListElement\":[{\"@type\":\"ListItem\",\"position\":1,\"name\":\"Home\",\"item\":\"https:\\\/\\\/satrindtech.com\\\/it\\\/\"},{\"@type\":\"ListItem\",\"position\":2,\"name\":\"Privacy\"}]},{\"@type\":\"WebSite\",\"@id\":\"https:\\\/\\\/satrindtech.com\\\/en\\\/#website\",\"url\":\"https:\\\/\\\/satrindtech.com\\\/en\\\/\",\"name\":\"SatrindTech Srl\",\"description\":\"Manufacturer of shredders, crushers, grinders and shredding plants\",\"publisher\":{\"@id\":\"https:\\\/\\\/satrindtech.com\\\/en\\\/#organization\"},\"potentialAction\":[{\"@type\":\"SearchAction\",\"target\":{\"@type\":\"EntryPoint\",\"urlTemplate\":\"https:\\\/\\\/satrindtech.com\\\/en\\\/?s={search_term_string}\"},\"query-input\":{\"@type\":\"PropertyValueSpecification\",\"valueRequired\":true,\"valueName\":\"search_term_string\"}}],\"inLanguage\":\"it-IT\"},{\"@type\":\"Organization\",\"@id\":\"https:\\\/\\\/satrindtech.com\\\/en\\\/#organization\",\"name\":\"SatrindTech Srl\",\"url\":\"https:\\\/\\\/satrindtech.com\\\/en\\\/\",\"logo\":{\"@type\":\"ImageObject\",\"inLanguage\":\"it-IT\",\"@id\":\"https:\\\/\\\/satrindtech.com\\\/en\\\/#\\\/schema\\\/logo\\\/image\\\/\",\"url\":\"http:\\\/\\\/satrindtech.com\\\/wp-content\\\/uploads\\\/2017\\\/02\\\/Logo_Satrindtech2015_square.jpg\",\"contentUrl\":\"http:\\\/\\\/satrindtech.com\\\/wp-content\\\/uploads\\\/2017\\\/02\\\/Logo_Satrindtech2015_square.jpg\",\"width\":531,\"height\":531,\"caption\":\"SatrindTech Srl\"},\"image\":{\"@id\":\"https:\\\/\\\/satrindtech.com\\\/en\\\/#\\\/schema\\\/logo\\\/image\\\/\"},\"sameAs\":[\"https:\\\/\\\/www.facebook.com\\\/Satrindtech\",\"https:\\\/\\\/x.com\\\/SatrindTech\",\"https:\\\/\\\/www.instagram.com\\\/SatrindTech\\\/\",\"https:\\\/\\\/www.linkedin.com\\\/company\\\/satrindtech\",\"https:\\\/\\\/www.youtube.com\\\/c\\\/satrindtech\"]}]}<\/script>\n<!-- \/ Yoast SEO Premium plugin. -->","yoast_head_json":{"title":"Politica-di-riservatezza nella gestione dei dati personali degli utenti | SatrindTech Srl","description":"La politica-di-riservatezza in questa sezione descrive le modalit\u00e0 di gestione del sito relative alla gestione dei dati personali raccolti dagli utenti","robots":{"index":"noindex","follow":"nofollow"},"og_locale":"it_IT","og_type":"article","og_title":"Privacy","og_description":"La politica-di-riservatezza in questa sezione descrive le modalit\u00e0 di gestione del sito relative alla gestione dei dati personali raccolti dagli utenti","og_url":"https:\/\/satrindtech.com\/it\/politica-di-riservatezza\/","og_site_name":"SatrindTech Srl","article_publisher":"https:\/\/www.facebook.com\/Satrindtech","article_modified_time":"2019-06-01T15:00:36+00:00","twitter_card":"summary_large_image","twitter_site":"@SatrindTech","twitter_misc":{"Tempo di lettura stimato":"8 minuti"},"schema":{"@context":"https:\/\/schema.org","@graph":[{"@type":"WebPage","@id":"https:\/\/satrindtech.com\/it\/politica-di-riservatezza\/","url":"https:\/\/satrindtech.com\/it\/politica-di-riservatezza\/","name":"Politica-di-riservatezza nella gestione dei dati personali degli utenti | SatrindTech Srl","isPartOf":{"@id":"https:\/\/satrindtech.com\/en\/#website"},"datePublished":"2016-10-10T15:26:23+00:00","dateModified":"2019-06-01T15:00:36+00:00","description":"La politica-di-riservatezza in questa sezione descrive le modalit\u00e0 di gestione del sito relative alla gestione dei dati personali raccolti dagli utenti","breadcrumb":{"@id":"https:\/\/satrindtech.com\/it\/politica-di-riservatezza\/#breadcrumb"},"inLanguage":"it-IT","potentialAction":[{"@type":"ReadAction","target":["https:\/\/satrindtech.com\/it\/politica-di-riservatezza\/"]}]},{"@type":"BreadcrumbList","@id":"https:\/\/satrindtech.com\/it\/politica-di-riservatezza\/#breadcrumb","itemListElement":[{"@type":"ListItem","position":1,"name":"Home","item":"https:\/\/satrindtech.com\/it\/"},{"@type":"ListItem","position":2,"name":"Privacy"}]},{"@type":"WebSite","@id":"https:\/\/satrindtech.com\/en\/#website","url":"https:\/\/satrindtech.com\/en\/","name":"SatrindTech Srl","description":"Manufacturer of shredders, crushers, grinders and shredding plants","publisher":{"@id":"https:\/\/satrindtech.com\/en\/#organization"},"potentialAction":[{"@type":"SearchAction","target":{"@type":"EntryPoint","urlTemplate":"https:\/\/satrindtech.com\/en\/?s={search_term_string}"},"query-input":{"@type":"PropertyValueSpecification","valueRequired":true,"valueName":"search_term_string"}}],"inLanguage":"it-IT"},{"@type":"Organization","@id":"https:\/\/satrindtech.com\/en\/#organization","name":"SatrindTech Srl","url":"https:\/\/satrindtech.com\/en\/","logo":{"@type":"ImageObject","inLanguage":"it-IT","@id":"https:\/\/satrindtech.com\/en\/#\/schema\/logo\/image\/","url":"http:\/\/satrindtech.com\/wp-content\/uploads\/2017\/02\/Logo_Satrindtech2015_square.jpg","contentUrl":"http:\/\/satrindtech.com\/wp-content\/uploads\/2017\/02\/Logo_Satrindtech2015_square.jpg","width":531,"height":531,"caption":"SatrindTech Srl"},"image":{"@id":"https:\/\/satrindtech.com\/en\/#\/schema\/logo\/image\/"},"sameAs":["https:\/\/www.facebook.com\/Satrindtech","https:\/\/x.com\/SatrindTech","https:\/\/www.instagram.com\/SatrindTech\/","https:\/\/www.linkedin.com\/company\/satrindtech","https:\/\/www.youtube.com\/c\/satrindtech"]}]}},"_links":{"self":[{"href":"https:\/\/satrindtech.com\/it\/wp-json\/wp\/v2\/pages\/20785","targetHints":{"allow":["GET"]}}],"collection":[{"href":"https:\/\/satrindtech.com\/it\/wp-json\/wp\/v2\/pages"}],"about":[{"href":"https:\/\/satrindtech.com\/it\/wp-json\/wp\/v2\/types\/page"}],"author":[{"embeddable":true,"href":"https:\/\/satrindtech.com\/it\/wp-json\/wp\/v2\/users\/1"}],"replies":[{"embeddable":true,"href":"https:\/\/satrindtech.com\/it\/wp-json\/wp\/v2\/comments?post=20785"}],"version-history":[{"count":0,"href":"https:\/\/satrindtech.com\/it\/wp-json\/wp\/v2\/pages\/20785\/revisions"}],"wp:attachment":[{"href":"https:\/\/satrindtech.com\/it\/wp-json\/wp\/v2\/media?parent=20785"}],"curies":[{"name":"wp","href":"https:\/\/api.w.org\/{rel}","templated":true}]}}