{"id":19139,"date":"2016-09-02T14:41:03","date_gmt":"2016-09-02T12:41:03","guid":{"rendered":"http:\/\/satrindtech.com\/it\/4-shaft-shredders\/"},"modified":"2018-06-24T17:13:32","modified_gmt":"2018-06-24T15:13:32","slug":"trituratori-4-alberi","status":"publish","type":"page","link":"https:\/\/satrindtech.com\/it\/trituratori-4-alberi\/","title":{"rendered":"4 ALBERI"},"content":{"rendered":"<div class=\"wpb-content-wrapper\"><p>[vc_row css_animation=&#8221;&#8221; row_type=&#8221;row&#8221; use_row_as_full_screen_section=&#8221;no&#8221; type=&#8221;grid&#8221; angled_section=&#8221;no&#8221; text_align=&#8221;left&#8221; background_image_as_pattern=&#8221;without_pattern&#8221; padding_top=&#8221;20&#8243; padding_bottom=&#8221;0&#8243;][vc_column][vc_row_inner row_type=&#8221;row&#8221; type=&#8221;grid&#8221; text_align=&#8221;left&#8221; padding_top=&#8221;30&#8243; padding_bottom=&#8221;60&#8243; css_animation=&#8221;element_from_fade&#8221; transition_delay=&#8221;0.8&#8243;][vc_column_inner][vc_separator type=&#8221;transparent&#8221; up=&#8221;15&#8243; down=&#8221;0&#8243;][vc_column_text]<\/p>\n<h2>TRITURATORI 4 ALBERI<\/h2>\n<p>[\/vc_column_text][vc_separator type=&#8221;transparent&#8221; up=&#8221;35&#8243; down=&#8221;0&#8243;][vc_column_text]Trituratori 4 alberi di medie\/grandi dimensioni azionati da motori idraulici adatti ad impieghi pesanti e portate elevate.<\/p>\n<p>Soluzione con griglia che consente di ottenere una pezzatura calibrata del materiale in uscita.<\/p>\n<p>Lunghezza della camera macinante, lame (numero di becchi e spessore) e griglia possono essere personalizzate in base all&#8217;esigenza di applicazione.<\/p>\n<p>&nbsp;<\/p>\n<p align=\"left\">Tra i nostri trituratori 4 alberi costituisce una novit\u00e0 la nuova serie di trituratori modulari a 4 alberi ad azionamento elettrico da 30 (2 motori da 15 CV) a 60 CV (2 motori da 30 CV) declinata in 12 versioni per offrire una modularit\u00e0 di scelta adatta a molteplici industrie ed esigenze. Ogni modello sar\u00e0 disponibile con tre diverse soluzioni di capienza per la camera di triturazione e la personalizzazione si ottiene giocando sulle dimensioni della griglia di selezione e sullo spessore delle lame cos\u00ec da ottenere la dimensione del materiale richiesta.<\/p>\n<p>&nbsp;<\/p>\n<p align=\"left\">In questa serie di trituratori si supera la dicotomia albero lento e veloce a favore di una logica diversa: alberi superiori, alberi inferiori. I due motori elettrici di cui \u00e8 dotato ogni modello azionano un albero superiore ed uno inferiore in coppia. La velocit\u00e0 degli alberi \u00e8 uguale per posizione. La motorizzazione trasmette il moto agli alberi attraverso due giunti speciali di nostra concezione.<\/p>\n<p>&nbsp;<\/p>\n<p>Un approfondimento sui nostri <a href=\"\/?page_id=18870\">PRODOTTI<\/a> e sulle loro <a href=\"\/?page_id=18832\">APPLICAZIONI<\/a> \u00e8 consultabile dai link qui evidenziati. Per ogni informazione in merito non esitate a contattare il nostro Servizio Commerciale al No. +39 (02) 9037 6683 oppure all\u2019indirizzo sales@satrindtech.com[\/vc_column_text][\/vc_column_inner][\/vc_row_inner][vc_separator type=&#8221;transparent&#8221; down=&#8221;85&#8243;][\/vc_column][\/vc_row]<\/p>\n<\/div>","protected":false},"excerpt":{"rendered":"<p>[vc_row css_animation=&#8221;&#8221; row_type=&#8221;row&#8221; use_row_as_full_screen_section=&#8221;no&#8221; type=&#8221;grid&#8221; angled_section=&#8221;no&#8221; text_align=&#8221;left&#8221; background_image_as_pattern=&#8221;without_pattern&#8221; padding_top=&#8221;20&#8243; padding_bottom=&#8221;0&#8243;][vc_column][vc_row_inner row_type=&#8221;row&#8221; type=&#8221;grid&#8221; text_align=&#8221;left&#8221; padding_top=&#8221;30&#8243; padding_bottom=&#8221;60&#8243;&#8230;<\/p>\n","protected":false},"author":1,"featured_media":0,"parent":0,"menu_order":0,"comment_status":"open","ping_status":"closed","template":"full_width.php","meta":{"_acf_changed":false,"inline_featured_image":false,"footnotes":""},"class_list":["post-19139","page","type-page","status-publish","hentry"],"acf":[],"yoast_head":"<!-- This site is optimized with the Yoast SEO Premium plugin v26.3 (Yoast SEO v27.4) - https:\/\/yoast.com\/product\/yoast-seo-premium-wordpress\/ -->\n<title>Trituratori 4 alberi da 100 a 400 CV | SatrindTech Srl<\/title>\n<meta name=\"description\" content=\"Una ampia gamma di trituratori 4 alberi per soddisfare ogni esigenza di triturazione. Impianti di triturazione per tutti i tipi di rifiuti industriali\" \/>\n<meta name=\"robots\" content=\"index, follow, max-snippet:-1, max-image-preview:large, max-video-preview:-1\" \/>\n<link rel=\"canonical\" href=\"https:\/\/satrindtech.com\/it\/trituratori-4-alberi\/\" \/>\n<meta property=\"og:locale\" content=\"it_IT\" \/>\n<meta property=\"og:type\" content=\"article\" \/>\n<meta property=\"og:title\" content=\"4 ALBERI\" \/>\n<meta property=\"og:description\" content=\"Una ampia gamma di trituratori 4 alberi per soddisfare ogni esigenza di triturazione. Impianti di triturazione per tutti i tipi di rifiuti industriali\" \/>\n<meta property=\"og:url\" content=\"https:\/\/satrindtech.com\/it\/trituratori-4-alberi\/\" \/>\n<meta property=\"og:site_name\" content=\"SatrindTech Srl\" \/>\n<meta property=\"article:publisher\" content=\"https:\/\/www.facebook.com\/Satrindtech\" \/>\n<meta property=\"article:modified_time\" content=\"2018-06-24T15:13:32+00:00\" \/>\n<meta name=\"twitter:card\" content=\"summary_large_image\" \/>\n<meta name=\"twitter:site\" content=\"@SatrindTech\" \/>\n<meta name=\"twitter:label1\" content=\"Tempo di lettura stimato\" \/>\n\t<meta name=\"twitter:data1\" content=\"2 minuti\" \/>\n<script type=\"application\/ld+json\" class=\"yoast-schema-graph\">{\"@context\":\"https:\\\/\\\/schema.org\",\"@graph\":[{\"@type\":\"WebPage\",\"@id\":\"https:\\\/\\\/satrindtech.com\\\/it\\\/trituratori-4-alberi\\\/\",\"url\":\"https:\\\/\\\/satrindtech.com\\\/it\\\/trituratori-4-alberi\\\/\",\"name\":\"Trituratori 4 alberi da 100 a 400 CV | SatrindTech Srl\",\"isPartOf\":{\"@id\":\"https:\\\/\\\/satrindtech.com\\\/en\\\/#website\"},\"datePublished\":\"2016-09-02T12:41:03+00:00\",\"dateModified\":\"2018-06-24T15:13:32+00:00\",\"description\":\"Una ampia gamma di trituratori 4 alberi per soddisfare ogni esigenza di triturazione. Impianti di triturazione per tutti i tipi di rifiuti industriali\",\"breadcrumb\":{\"@id\":\"https:\\\/\\\/satrindtech.com\\\/it\\\/trituratori-4-alberi\\\/#breadcrumb\"},\"inLanguage\":\"it-IT\",\"potentialAction\":[{\"@type\":\"ReadAction\",\"target\":[\"https:\\\/\\\/satrindtech.com\\\/it\\\/trituratori-4-alberi\\\/\"]}]},{\"@type\":\"BreadcrumbList\",\"@id\":\"https:\\\/\\\/satrindtech.com\\\/it\\\/trituratori-4-alberi\\\/#breadcrumb\",\"itemListElement\":[{\"@type\":\"ListItem\",\"position\":1,\"name\":\"Home\",\"item\":\"https:\\\/\\\/satrindtech.com\\\/it\\\/\"},{\"@type\":\"ListItem\",\"position\":2,\"name\":\"4 ALBERI\"}]},{\"@type\":\"WebSite\",\"@id\":\"https:\\\/\\\/satrindtech.com\\\/en\\\/#website\",\"url\":\"https:\\\/\\\/satrindtech.com\\\/en\\\/\",\"name\":\"SatrindTech Srl\",\"description\":\"Manufacturer of shredders, crushers, grinders and shredding plants\",\"publisher\":{\"@id\":\"https:\\\/\\\/satrindtech.com\\\/en\\\/#organization\"},\"potentialAction\":[{\"@type\":\"SearchAction\",\"target\":{\"@type\":\"EntryPoint\",\"urlTemplate\":\"https:\\\/\\\/satrindtech.com\\\/en\\\/?s={search_term_string}\"},\"query-input\":{\"@type\":\"PropertyValueSpecification\",\"valueRequired\":true,\"valueName\":\"search_term_string\"}}],\"inLanguage\":\"it-IT\"},{\"@type\":\"Organization\",\"@id\":\"https:\\\/\\\/satrindtech.com\\\/en\\\/#organization\",\"name\":\"SatrindTech Srl\",\"url\":\"https:\\\/\\\/satrindtech.com\\\/en\\\/\",\"logo\":{\"@type\":\"ImageObject\",\"inLanguage\":\"it-IT\",\"@id\":\"https:\\\/\\\/satrindtech.com\\\/en\\\/#\\\/schema\\\/logo\\\/image\\\/\",\"url\":\"http:\\\/\\\/satrindtech.com\\\/wp-content\\\/uploads\\\/2017\\\/02\\\/Logo_Satrindtech2015_square.jpg\",\"contentUrl\":\"http:\\\/\\\/satrindtech.com\\\/wp-content\\\/uploads\\\/2017\\\/02\\\/Logo_Satrindtech2015_square.jpg\",\"width\":531,\"height\":531,\"caption\":\"SatrindTech Srl\"},\"image\":{\"@id\":\"https:\\\/\\\/satrindtech.com\\\/en\\\/#\\\/schema\\\/logo\\\/image\\\/\"},\"sameAs\":[\"https:\\\/\\\/www.facebook.com\\\/Satrindtech\",\"https:\\\/\\\/x.com\\\/SatrindTech\",\"https:\\\/\\\/www.instagram.com\\\/SatrindTech\\\/\",\"https:\\\/\\\/www.linkedin.com\\\/company\\\/satrindtech\",\"https:\\\/\\\/www.youtube.com\\\/c\\\/satrindtech\"]}]}<\/script>\n<!-- \/ Yoast SEO Premium plugin. -->","yoast_head_json":{"title":"Trituratori 4 alberi da 100 a 400 CV | SatrindTech Srl","description":"Una ampia gamma di trituratori 4 alberi per soddisfare ogni esigenza di triturazione. Impianti di triturazione per tutti i tipi di rifiuti industriali","robots":{"index":"index","follow":"follow","max-snippet":"max-snippet:-1","max-image-preview":"max-image-preview:large","max-video-preview":"max-video-preview:-1"},"canonical":"https:\/\/satrindtech.com\/it\/trituratori-4-alberi\/","og_locale":"it_IT","og_type":"article","og_title":"4 ALBERI","og_description":"Una ampia gamma di trituratori 4 alberi per soddisfare ogni esigenza di triturazione. Impianti di triturazione per tutti i tipi di rifiuti industriali","og_url":"https:\/\/satrindtech.com\/it\/trituratori-4-alberi\/","og_site_name":"SatrindTech Srl","article_publisher":"https:\/\/www.facebook.com\/Satrindtech","article_modified_time":"2018-06-24T15:13:32+00:00","twitter_card":"summary_large_image","twitter_site":"@SatrindTech","twitter_misc":{"Tempo di lettura stimato":"2 minuti"},"schema":{"@context":"https:\/\/schema.org","@graph":[{"@type":"WebPage","@id":"https:\/\/satrindtech.com\/it\/trituratori-4-alberi\/","url":"https:\/\/satrindtech.com\/it\/trituratori-4-alberi\/","name":"Trituratori 4 alberi da 100 a 400 CV | SatrindTech Srl","isPartOf":{"@id":"https:\/\/satrindtech.com\/en\/#website"},"datePublished":"2016-09-02T12:41:03+00:00","dateModified":"2018-06-24T15:13:32+00:00","description":"Una ampia gamma di trituratori 4 alberi per soddisfare ogni esigenza di triturazione. Impianti di triturazione per tutti i tipi di rifiuti industriali","breadcrumb":{"@id":"https:\/\/satrindtech.com\/it\/trituratori-4-alberi\/#breadcrumb"},"inLanguage":"it-IT","potentialAction":[{"@type":"ReadAction","target":["https:\/\/satrindtech.com\/it\/trituratori-4-alberi\/"]}]},{"@type":"BreadcrumbList","@id":"https:\/\/satrindtech.com\/it\/trituratori-4-alberi\/#breadcrumb","itemListElement":[{"@type":"ListItem","position":1,"name":"Home","item":"https:\/\/satrindtech.com\/it\/"},{"@type":"ListItem","position":2,"name":"4 ALBERI"}]},{"@type":"WebSite","@id":"https:\/\/satrindtech.com\/en\/#website","url":"https:\/\/satrindtech.com\/en\/","name":"SatrindTech Srl","description":"Manufacturer of shredders, crushers, grinders and shredding plants","publisher":{"@id":"https:\/\/satrindtech.com\/en\/#organization"},"potentialAction":[{"@type":"SearchAction","target":{"@type":"EntryPoint","urlTemplate":"https:\/\/satrindtech.com\/en\/?s={search_term_string}"},"query-input":{"@type":"PropertyValueSpecification","valueRequired":true,"valueName":"search_term_string"}}],"inLanguage":"it-IT"},{"@type":"Organization","@id":"https:\/\/satrindtech.com\/en\/#organization","name":"SatrindTech Srl","url":"https:\/\/satrindtech.com\/en\/","logo":{"@type":"ImageObject","inLanguage":"it-IT","@id":"https:\/\/satrindtech.com\/en\/#\/schema\/logo\/image\/","url":"http:\/\/satrindtech.com\/wp-content\/uploads\/2017\/02\/Logo_Satrindtech2015_square.jpg","contentUrl":"http:\/\/satrindtech.com\/wp-content\/uploads\/2017\/02\/Logo_Satrindtech2015_square.jpg","width":531,"height":531,"caption":"SatrindTech Srl"},"image":{"@id":"https:\/\/satrindtech.com\/en\/#\/schema\/logo\/image\/"},"sameAs":["https:\/\/www.facebook.com\/Satrindtech","https:\/\/x.com\/SatrindTech","https:\/\/www.instagram.com\/SatrindTech\/","https:\/\/www.linkedin.com\/company\/satrindtech","https:\/\/www.youtube.com\/c\/satrindtech"]}]}},"_links":{"self":[{"href":"https:\/\/satrindtech.com\/it\/wp-json\/wp\/v2\/pages\/19139","targetHints":{"allow":["GET"]}}],"collection":[{"href":"https:\/\/satrindtech.com\/it\/wp-json\/wp\/v2\/pages"}],"about":[{"href":"https:\/\/satrindtech.com\/it\/wp-json\/wp\/v2\/types\/page"}],"author":[{"embeddable":true,"href":"https:\/\/satrindtech.com\/it\/wp-json\/wp\/v2\/users\/1"}],"replies":[{"embeddable":true,"href":"https:\/\/satrindtech.com\/it\/wp-json\/wp\/v2\/comments?post=19139"}],"version-history":[{"count":0,"href":"https:\/\/satrindtech.com\/it\/wp-json\/wp\/v2\/pages\/19139\/revisions"}],"wp:attachment":[{"href":"https:\/\/satrindtech.com\/it\/wp-json\/wp\/v2\/media?parent=19139"}],"curies":[{"name":"wp","href":"https:\/\/api.w.org\/{rel}","templated":true}]}}