{"id":18998,"date":"2016-08-29T14:38:13","date_gmt":"2016-08-29T12:38:13","guid":{"rendered":"http:\/\/satrindtech.com\/foracleanerworld\/?lang=it"},"modified":"2017-04-27T16:50:06","modified_gmt":"2017-04-27T14:50:06","slug":"foracleanerworld","status":"publish","type":"page","link":"https:\/\/satrindtech.com\/it\/foracleanerworld\/","title":{"rendered":"Foracleanerworld"},"content":{"rendered":"<div class=\"wpb-content-wrapper\"><p>[vc_row row_type=&#8221;row&#8221; use_row_as_full_screen_section=&#8221;no&#8221; type=&#8221;grid&#8221; angled_section=&#8221;no&#8221; text_align=&#8221;left&#8221; background_image_as_pattern=&#8221;without_pattern&#8221; padding_top=&#8221;20&#8243; padding_bottom=&#8221;0&#8243; css_animation=&#8221;&#8221;][vc_column][vc_row_inner row_type=&#8221;row&#8221; type=&#8221;grid&#8221; text_align=&#8221;left&#8221; padding_top=&#8221;30&#8243; padding_bottom=&#8221;50&#8243; css_animation=&#8221;element_from_fade&#8221; transition_delay=&#8221;0.8&#8243;][vc_column_inner width=&#8221;2\/3&#8243;][vc_column_text]<\/p>\n<h2 style=\"text-align: left;\">Foracleanerworld<\/h2>\n<p>[\/vc_column_text][vc_separator type=&#8221;transparent&#8221; up=&#8221;35&#8243; down=&#8221;0&#8243;][vc_column_text]<\/p>\n<h4 class=\"box_sottotitolo noMarginLeft\" style=\"text-align: left;\">Una nuova opportunit\u00e0 di comunicazione<\/h4>\n<p>[\/vc_column_text][vc_separator type=&#8221;transparent&#8221; up=&#8221;20&#8243; down=&#8221;0&#8243;][vc_column_text]Il web offre indubbiamente nuove strategie di comunicazione prima impensabili, agli uffici marketing ed in generale a tutte le organizzazioni. La pervasivit\u00e0 che ha raggiunto \u00e8 tale da consentire di raggiungere una enorme quantit\u00e0 di &#8220;lettori&#8221; ed al contempo stesso di personalizzare le campagne pubblicitare per raggiungere solo determinati target di utenti, in base alla profilazione di determinate caratteristiche: et\u00e0, sesso, professione, area geografica solo per citarne alcune.<\/p>\n<p>Il web \u00e8 quindi una opportunit\u00e0 sia per farsi trovare che per veicolare informazioni e contenuti. Le organizzazioni in tal senso debbono diventare editrici di se stesse promuovendo contenuti commerciali e tecnici di qualit\u00e0.[\/vc_column_text][vc_separator type=&#8221;transparent&#8221; up=&#8221;0&#8243; down=&#8221;0&#8243;][\/vc_column_inner][vc_column_inner width=&#8221;1\/3&#8243;][vc_separator type=&#8221;transparent&#8221; up=&#8221;70&#8243; down=&#8221;0&#8243;][vc_single_image image=&#8221;15718&#8243; img_size=&#8221;full&#8221; qode_css_animation=&#8221;&#8221;][\/vc_column_inner][\/vc_row_inner][\/vc_column][\/vc_row][vc_row row_type=&#8221;row&#8221; use_row_as_full_screen_section=&#8221;no&#8221; type=&#8221;grid&#8221; angled_section=&#8221;yes&#8221; angled_section_position=&#8221;top&#8221; angled_section_direction=&#8221;from_right_to_left&#8221; text_align=&#8221;left&#8221; background_image_as_pattern=&#8221;without_pattern&#8221; background_color=&#8221;#f9f9f9&#8243; padding_top=&#8221;20&#8243; padding_bottom=&#8221;30&#8243; css_animation=&#8221;element_from_fade&#8221; transition_delay=&#8221;0.8&#8243;][vc_column][vc_row_inner row_type=&#8221;row&#8221; type=&#8221;grid&#8221; text_align=&#8221;left&#8221; padding_top=&#8221;0&#8243; padding_bottom=&#8221;0&#8243; css_animation=&#8221;&#8221;][vc_column_inner][vc_column_text]<\/p>\n<h4 class=\"box_sottotitolo noMarginLeft\" style=\"text-align: left;\">Cos&#8217;\u00e8 #foracleanerworld ?<\/h4>\n<p>[\/vc_column_text][vc_separator type=&#8221;transparent&#8221; up=&#8221;20&#8243; down=&#8221;0&#8243;][vc_column_text]#foracleanerworld \u00e8 l\u2019hashtag del brand SatrindTech \u2122, noto marchio nel panorama dei fabbricanti di trituratori industriali e soluzioni per la triturazione dei pi\u00f9 svariati tipi di rifiuti industriali: SatrindTech Srl.<\/p>\n<p>Un hashtag nel mondo del web, come enuncia <a href=\"https:\/\/it.wikipedia.org\/wiki\/Hashtag\" target=\"_blank\" rel=\"noopener noreferrer\">Wikipedia<\/a>, \u00e8 una etichetta intorno alla quale si aggregano dei contenuti tematici, allo scopo di facilitarne la ricerca. Il nostro hashtag prende spunto dal nostro slogan pubblicitario (claim) \u201cShredding solutions for a cleaner world\u201d che ci accompagna ormai da qualche anno e che compare in tutti i nostri banner social, le nostre fiere di settore e le pubblicit\u00e0.[\/vc_column_text][vc_separator type=&#8221;transparent&#8221; up=&#8221;0&#8243; down=&#8221;0&#8243;][\/vc_column_inner][\/vc_row_inner][\/vc_column][\/vc_row][vc_row row_type=&#8221;row&#8221; use_row_as_full_screen_section=&#8221;no&#8221; type=&#8221;grid&#8221; angled_section=&#8221;yes&#8221; angled_section_position=&#8221;top&#8221; angled_section_direction=&#8221;from_right_to_left&#8221; text_align=&#8221;left&#8221; background_image_as_pattern=&#8221;without_pattern&#8221; background_color=&#8221;#ffffff&#8221; padding_top=&#8221;20&#8243; padding_bottom=&#8221;30&#8243; css_animation=&#8221;element_from_fade&#8221; transition_delay=&#8221;0.8&#8243;][vc_column][vc_row_inner row_type=&#8221;row&#8221; type=&#8221;grid&#8221; text_align=&#8221;left&#8221; padding_top=&#8221;0&#8243; padding_bottom=&#8221;0&#8243; css_animation=&#8221;&#8221;][vc_column_inner][vc_column_text]<\/p>\n<h4 class=\"box_sottotitolo noMarginLeft\" style=\"text-align: left;\">Perch\u00e8\u00a0#foracleanerworld<\/h4>\n<p>[\/vc_column_text][vc_separator type=&#8221;transparent&#8221; up=&#8221;20&#8243; down=&#8221;0&#8243;][vc_column_text]Abbiano declinato il nostro slogan in un hashtag per diversi motivi. Il primo \u00e8 probabilmente il pi\u00f9 banale, non perch\u00e9 lo fanno tutti, ma perch\u00e9 semplicemente nel mondo web farsi trovare \u00e8 importante e l\u2019uso degli hashtag facilita tale operazione. Un altro motivo sta nella declinazione del nostro slogan pubblicitario in una nuova modalit\u00e0 pi\u00f9 consona al web, ma anche in una forma pi\u00f9 sintetica che al contempo mantenesse il suo messaggio originale rivolto all\u2019ambiente.<\/p>\n<p>SatrindTech Srl \u00e8 una azienda manifatturiera specializzata nello studio e nella realizzazione di soluzioni per la triturazione dei rifiuti industriali. Oggi pi\u00f9 che mai la salvaguardia dell\u2019ambiente e la sostenibilit\u00e0 non sono pi\u00f9 semplici slogan pubblicitari, ma sono argomenti da prima pagina dei giornali. Il fatto che rappresentino anche un business non ne sminuisce l\u2019importanza, ma anzi pu\u00f2 essere una molla che ne amplifica l\u2019applicazione. Ecco perch\u00e9 <a title=\"\" href=\"https:\/\/foracleanerworld.com\/\" target=\"_blank\" rel=\"noopener noreferrer\">#foracleanerworld<\/a>.[\/vc_column_text][vc_separator type=&#8221;transparent&#8221; up=&#8221;0&#8243; down=&#8221;0&#8243;][\/vc_column_inner][\/vc_row_inner][\/vc_column][\/vc_row][vc_row row_type=&#8221;row&#8221; use_row_as_full_screen_section=&#8221;no&#8221; type=&#8221;grid&#8221; angled_section=&#8221;yes&#8221; angled_section_position=&#8221;both&#8221; angled_section_direction=&#8221;from_right_to_left&#8221; text_align=&#8221;left&#8221; background_image_as_pattern=&#8221;without_pattern&#8221; background_color=&#8221;#f9f9f9&#8243; padding_top=&#8221;20&#8243; padding_bottom=&#8221;30&#8243; css_animation=&#8221;element_from_fade&#8221; transition_delay=&#8221;0.8&#8243;][vc_column][vc_row_inner row_type=&#8221;row&#8221; type=&#8221;grid&#8221; text_align=&#8221;left&#8221; padding_top=&#8221;30&#8243; padding_bottom=&#8221;40&#8243; css_animation=&#8221;&#8221;][vc_column_inner][vc_column_text]<\/p>\n<h4 class=\"box_sottotitolo noMarginLeft\" style=\"text-align: left;\">Un nuovo claim visuale<\/h4>\n<p>[\/vc_column_text][vc_separator type=&#8221;transparent&#8221; up=&#8221;20&#8243; down=&#8221;0&#8243;][vc_column_text]<\/p>\n<div id=\"oggetto_foto_testo\">\n<div>\n<p>Per enfatizzare ancora di pi\u00f9 questo passaggio accompagniamo #foracleanerworld con un nuovo claim visuale. La farfalla rappresenta la trasformazione, cos\u00ec come dal bozzolo fuoriesce nuova vita, cos\u00ec dai rifiuti si origina materia prima, riutilizzabile in nuovi contesti.<\/p>\n<\/div>\n<p>&nbsp;<\/p>\n<\/div>\n<div id=\"oggetto_foto_testo\">\n<div>\n<div class=\"fluid_container_12\">\n<p class=\"noMarginTop\">Per scaricare e stampare questo articolo, prego <a title=\"\" href=\"\/wp-content\/uploads\/2017\/02\/foracleanerworld-article.pdf\" target=\"_blank\" rel=\"noopener noreferrer\">clicca qui<\/a>.<\/p>\n<\/div>\n<\/div>\n<\/div>\n<p>[\/vc_column_text][\/vc_column_inner][\/vc_row_inner][\/vc_column][\/vc_row]<\/p>\n<\/div>","protected":false},"excerpt":{"rendered":"<p>[vc_row row_type=&#8221;row&#8221; use_row_as_full_screen_section=&#8221;no&#8221; type=&#8221;grid&#8221; angled_section=&#8221;no&#8221; text_align=&#8221;left&#8221; background_image_as_pattern=&#8221;without_pattern&#8221; padding_top=&#8221;20&#8243; padding_bottom=&#8221;0&#8243; css_animation=&#8221;&#8221;][vc_column][vc_row_inner row_type=&#8221;row&#8221; type=&#8221;grid&#8221; text_align=&#8221;left&#8221; padding_top=&#8221;30&#8243; padding_bottom=&#8221;50&#8243;&#8230;<\/p>\n","protected":false},"author":1,"featured_media":0,"parent":0,"menu_order":0,"comment_status":"open","ping_status":"open","template":"full_width.php","meta":{"_acf_changed":false,"inline_featured_image":false,"footnotes":""},"class_list":["post-18998","page","type-page","status-publish","hentry"],"acf":[],"yoast_head":"<!-- This site is optimized with the Yoast SEO Premium plugin v26.3 (Yoast SEO v27.2) - https:\/\/yoast.com\/product\/yoast-seo-premium-wordpress\/ -->\n<title>foracleanerworld trituratori industriali | SatrindTech Srl<\/title>\n<meta name=\"description\" content=\"Idee e contenuti approfonditi sulle nostre soluzioni e le applicazioni di triturazione dei rifiuti industriali foracleanerworld italia milano\" \/>\n<meta name=\"robots\" content=\"index, follow, max-snippet:-1, max-image-preview:large, max-video-preview:-1\" \/>\n<link rel=\"canonical\" href=\"https:\/\/satrindtech.com\/it\/foracleanerworld\/\" \/>\n<meta property=\"og:locale\" content=\"it_IT\" \/>\n<meta property=\"og:type\" content=\"article\" \/>\n<meta property=\"og:title\" content=\"Foracleanerworld\" \/>\n<meta property=\"og:description\" content=\"Idee e contenuti approfonditi sulle nostre soluzioni e le applicazioni di triturazione dei rifiuti industriali foracleanerworld italia milano\" \/>\n<meta property=\"og:url\" content=\"https:\/\/satrindtech.com\/it\/foracleanerworld\/\" \/>\n<meta property=\"og:site_name\" content=\"SatrindTech Srl\" \/>\n<meta property=\"article:publisher\" content=\"https:\/\/www.facebook.com\/Satrindtech\" \/>\n<meta property=\"article:modified_time\" content=\"2017-04-27T14:50:06+00:00\" \/>\n<meta name=\"twitter:card\" content=\"summary_large_image\" \/>\n<meta name=\"twitter:site\" content=\"@SatrindTech\" \/>\n<meta name=\"twitter:label1\" content=\"Tempo di lettura stimato\" \/>\n\t<meta name=\"twitter:data1\" content=\"4 minuti\" \/>\n<script type=\"application\/ld+json\" class=\"yoast-schema-graph\">{\"@context\":\"https:\/\/schema.org\",\"@graph\":[{\"@type\":\"WebPage\",\"@id\":\"https:\/\/satrindtech.com\/it\/foracleanerworld\/\",\"url\":\"https:\/\/satrindtech.com\/it\/foracleanerworld\/\",\"name\":\"foracleanerworld trituratori industriali | SatrindTech Srl\",\"isPartOf\":{\"@id\":\"https:\/\/satrindtech.com\/en\/#website\"},\"datePublished\":\"2016-08-29T12:38:13+00:00\",\"dateModified\":\"2017-04-27T14:50:06+00:00\",\"description\":\"Idee e contenuti approfonditi sulle nostre soluzioni e le applicazioni di triturazione dei rifiuti industriali foracleanerworld italia milano\",\"breadcrumb\":{\"@id\":\"https:\/\/satrindtech.com\/it\/foracleanerworld\/#breadcrumb\"},\"inLanguage\":\"it-IT\",\"potentialAction\":[{\"@type\":\"ReadAction\",\"target\":[\"https:\/\/satrindtech.com\/it\/foracleanerworld\/\"]}]},{\"@type\":\"BreadcrumbList\",\"@id\":\"https:\/\/satrindtech.com\/it\/foracleanerworld\/#breadcrumb\",\"itemListElement\":[{\"@type\":\"ListItem\",\"position\":1,\"name\":\"Home\",\"item\":\"https:\/\/satrindtech.com\/it\/\"},{\"@type\":\"ListItem\",\"position\":2,\"name\":\"Foracleanerworld\"}]},{\"@type\":\"WebSite\",\"@id\":\"https:\/\/satrindtech.com\/en\/#website\",\"url\":\"https:\/\/satrindtech.com\/en\/\",\"name\":\"SatrindTech Srl\",\"description\":\"Manufacturer of shredders, crushers, grinders and shredding plants\",\"publisher\":{\"@id\":\"https:\/\/satrindtech.com\/en\/#organization\"},\"potentialAction\":[{\"@type\":\"SearchAction\",\"target\":{\"@type\":\"EntryPoint\",\"urlTemplate\":\"https:\/\/satrindtech.com\/en\/?s={search_term_string}\"},\"query-input\":{\"@type\":\"PropertyValueSpecification\",\"valueRequired\":true,\"valueName\":\"search_term_string\"}}],\"inLanguage\":\"it-IT\"},{\"@type\":\"Organization\",\"@id\":\"https:\/\/satrindtech.com\/en\/#organization\",\"name\":\"SatrindTech Srl\",\"url\":\"https:\/\/satrindtech.com\/en\/\",\"logo\":{\"@type\":\"ImageObject\",\"inLanguage\":\"it-IT\",\"@id\":\"https:\/\/satrindtech.com\/en\/#\/schema\/logo\/image\/\",\"url\":\"http:\/\/satrindtech.com\/wp-content\/uploads\/2017\/02\/Logo_Satrindtech2015_square.jpg\",\"contentUrl\":\"http:\/\/satrindtech.com\/wp-content\/uploads\/2017\/02\/Logo_Satrindtech2015_square.jpg\",\"width\":531,\"height\":531,\"caption\":\"SatrindTech Srl\"},\"image\":{\"@id\":\"https:\/\/satrindtech.com\/en\/#\/schema\/logo\/image\/\"},\"sameAs\":[\"https:\/\/www.facebook.com\/Satrindtech\",\"https:\/\/x.com\/SatrindTech\",\"https:\/\/www.instagram.com\/SatrindTech\/\",\"https:\/\/www.linkedin.com\/company\/satrindtech\",\"https:\/\/www.youtube.com\/c\/satrindtech\"]}]}<\/script>\n<!-- \/ Yoast SEO Premium plugin. -->","yoast_head_json":{"title":"foracleanerworld trituratori industriali | SatrindTech Srl","description":"Idee e contenuti approfonditi sulle nostre soluzioni e le applicazioni di triturazione dei rifiuti industriali foracleanerworld italia milano","robots":{"index":"index","follow":"follow","max-snippet":"max-snippet:-1","max-image-preview":"max-image-preview:large","max-video-preview":"max-video-preview:-1"},"canonical":"https:\/\/satrindtech.com\/it\/foracleanerworld\/","og_locale":"it_IT","og_type":"article","og_title":"Foracleanerworld","og_description":"Idee e contenuti approfonditi sulle nostre soluzioni e le applicazioni di triturazione dei rifiuti industriali foracleanerworld italia milano","og_url":"https:\/\/satrindtech.com\/it\/foracleanerworld\/","og_site_name":"SatrindTech Srl","article_publisher":"https:\/\/www.facebook.com\/Satrindtech","article_modified_time":"2017-04-27T14:50:06+00:00","twitter_card":"summary_large_image","twitter_site":"@SatrindTech","twitter_misc":{"Tempo di lettura stimato":"4 minuti"},"schema":{"@context":"https:\/\/schema.org","@graph":[{"@type":"WebPage","@id":"https:\/\/satrindtech.com\/it\/foracleanerworld\/","url":"https:\/\/satrindtech.com\/it\/foracleanerworld\/","name":"foracleanerworld trituratori industriali | SatrindTech Srl","isPartOf":{"@id":"https:\/\/satrindtech.com\/en\/#website"},"datePublished":"2016-08-29T12:38:13+00:00","dateModified":"2017-04-27T14:50:06+00:00","description":"Idee e contenuti approfonditi sulle nostre soluzioni e le applicazioni di triturazione dei rifiuti industriali foracleanerworld italia milano","breadcrumb":{"@id":"https:\/\/satrindtech.com\/it\/foracleanerworld\/#breadcrumb"},"inLanguage":"it-IT","potentialAction":[{"@type":"ReadAction","target":["https:\/\/satrindtech.com\/it\/foracleanerworld\/"]}]},{"@type":"BreadcrumbList","@id":"https:\/\/satrindtech.com\/it\/foracleanerworld\/#breadcrumb","itemListElement":[{"@type":"ListItem","position":1,"name":"Home","item":"https:\/\/satrindtech.com\/it\/"},{"@type":"ListItem","position":2,"name":"Foracleanerworld"}]},{"@type":"WebSite","@id":"https:\/\/satrindtech.com\/en\/#website","url":"https:\/\/satrindtech.com\/en\/","name":"SatrindTech Srl","description":"Manufacturer of shredders, crushers, grinders and shredding plants","publisher":{"@id":"https:\/\/satrindtech.com\/en\/#organization"},"potentialAction":[{"@type":"SearchAction","target":{"@type":"EntryPoint","urlTemplate":"https:\/\/satrindtech.com\/en\/?s={search_term_string}"},"query-input":{"@type":"PropertyValueSpecification","valueRequired":true,"valueName":"search_term_string"}}],"inLanguage":"it-IT"},{"@type":"Organization","@id":"https:\/\/satrindtech.com\/en\/#organization","name":"SatrindTech Srl","url":"https:\/\/satrindtech.com\/en\/","logo":{"@type":"ImageObject","inLanguage":"it-IT","@id":"https:\/\/satrindtech.com\/en\/#\/schema\/logo\/image\/","url":"http:\/\/satrindtech.com\/wp-content\/uploads\/2017\/02\/Logo_Satrindtech2015_square.jpg","contentUrl":"http:\/\/satrindtech.com\/wp-content\/uploads\/2017\/02\/Logo_Satrindtech2015_square.jpg","width":531,"height":531,"caption":"SatrindTech Srl"},"image":{"@id":"https:\/\/satrindtech.com\/en\/#\/schema\/logo\/image\/"},"sameAs":["https:\/\/www.facebook.com\/Satrindtech","https:\/\/x.com\/SatrindTech","https:\/\/www.instagram.com\/SatrindTech\/","https:\/\/www.linkedin.com\/company\/satrindtech","https:\/\/www.youtube.com\/c\/satrindtech"]}]}},"_links":{"self":[{"href":"https:\/\/satrindtech.com\/it\/wp-json\/wp\/v2\/pages\/18998","targetHints":{"allow":["GET"]}}],"collection":[{"href":"https:\/\/satrindtech.com\/it\/wp-json\/wp\/v2\/pages"}],"about":[{"href":"https:\/\/satrindtech.com\/it\/wp-json\/wp\/v2\/types\/page"}],"author":[{"embeddable":true,"href":"https:\/\/satrindtech.com\/it\/wp-json\/wp\/v2\/users\/1"}],"replies":[{"embeddable":true,"href":"https:\/\/satrindtech.com\/it\/wp-json\/wp\/v2\/comments?post=18998"}],"version-history":[{"count":0,"href":"https:\/\/satrindtech.com\/it\/wp-json\/wp\/v2\/pages\/18998\/revisions"}],"wp:attachment":[{"href":"https:\/\/satrindtech.com\/it\/wp-json\/wp\/v2\/media?parent=18998"}],"curies":[{"name":"wp","href":"https:\/\/api.w.org\/{rel}","templated":true}]}}