{"id":18890,"date":"2015-05-29T07:21:30","date_gmt":"2015-05-29T05:21:30","guid":{"rendered":"http:\/\/satrindtech.com\/contact\/?lang=it"},"modified":"2020-06-02T11:28:29","modified_gmt":"2020-06-02T09:28:29","slug":"contatti","status":"publish","type":"page","link":"https:\/\/satrindtech.com\/it\/contatti\/","title":{"rendered":"Contatti"},"content":{"rendered":"<div class=\"wpb-content-wrapper\"><p>[vc_row css_animation=&#8221;&#8221; row_type=&#8221;row&#8221; use_row_as_full_screen_section=&#8221;no&#8221; type=&#8221;grid&#8221; angled_section=&#8221;no&#8221; text_align=&#8221;left&#8221; background_image_as_pattern=&#8221;without_pattern&#8221; padding_top=&#8221;80&#8243; padding_bottom=&#8221;49&#8243;][vc_column width=&#8221;1\/2&#8243;][vc_separator type=&#8221;transparent&#8221; up=&#8221;22&#8243; down=&#8221;0&#8243;][vc_column_text]<\/p>\n<h3>Come raggiungerci<\/h3>\n<p>[\/vc_column_text][vc_separator type=&#8221;transparent&#8221; up=&#8221;22&#8243; down=&#8221;0&#8243;][vc_column_text]In SatrindTech \u00e8 tutto una questione di rapporti. Quello che conta, e sempre lo sar\u00e0, \u00e8 offrire soluzioni e servizi su misura per voi.<\/p>\n<p>Per tutte le vostre richieste di informazioni sulle nostre applicazioni, il supporto tecnico e le soluzioni di triturazione, vi preghiamo\u00a0di compilare il seguente modulo: un membro del nostro team\u00a0vi contatter\u00e0 immediatamente.[\/vc_column_text][vc_separator type=&#8221;transparent&#8221; up=&#8221;26&#8243; down=&#8221;0&#8243;]\n<div class=\"wpcf7 no-js\" id=\"wpcf7-f18894-o1\" lang=\"it-IT\" dir=\"ltr\" data-wpcf7-id=\"18894\">\n<div class=\"screen-reader-response\"><p role=\"status\" aria-live=\"polite\" aria-atomic=\"true\"><\/p> <ul><\/ul><\/div>\n<form action=\"\/it\/wp-json\/wp\/v2\/pages\/18890#wpcf7-f18894-o1\" method=\"post\" class=\"wpcf7-form init cf7_custom_style_1\" aria-label=\"Modulo di contatto\" novalidate=\"novalidate\" data-status=\"init\">\n<fieldset class=\"hidden-fields-container\"><input type=\"hidden\" name=\"_wpcf7\" value=\"18894\" \/><input type=\"hidden\" name=\"_wpcf7_version\" value=\"6.1.5\" \/><input type=\"hidden\" name=\"_wpcf7_locale\" value=\"it_IT\" \/><input type=\"hidden\" name=\"_wpcf7_unit_tag\" value=\"wpcf7-f18894-o1\" \/><input type=\"hidden\" name=\"_wpcf7_container_post\" value=\"0\" \/><input type=\"hidden\" name=\"_wpcf7_posted_data_hash\" value=\"\" \/><input type=\"hidden\" name=\"_wpcf7_recaptcha_response\" value=\"\" \/>\n<\/fieldset>\n<div class=\"two_columns_50_50 clearfix\">\n\t<div class=\"column1\">\n\t\t<div class=\"column_inner\">\n\t\t\t<p><label> <\/label>\n\t\t\t<\/p>\n\t\t\t<p>Nome:<br \/>\n<span class=\"wpcf7-form-control-wrap\" data-name=\"your-name\"><input size=\"40\" maxlength=\"400\" class=\"wpcf7-form-control wpcf7-text wpcf7-validates-as-required\" aria-required=\"true\" aria-invalid=\"false\" value=\"\" type=\"text\" name=\"your-name\" \/><\/span>\n\t\t\t<\/p>\n\t\t<\/div>\n\t<\/div>\n\t<div class=\"column2\">\n\t\t<div class=\"column_inner\">\n\t\t\t<p><label> <\/label>\n\t\t\t<\/p>\n\t\t\t<p>Cognome:<br \/>\n<span class=\"wpcf7-form-control-wrap\" data-name=\"text-545\"><input size=\"40\" maxlength=\"400\" class=\"wpcf7-form-control wpcf7-text\" aria-invalid=\"false\" value=\"\" type=\"text\" name=\"text-545\" \/><\/span>\n\t\t\t<\/p>\n\t\t<\/div>\n\t<\/div>\n<\/div>\n<p><label> Azienda:<br \/>\n<span class=\"wpcf7-form-control-wrap\" data-name=\"text-546\"><input size=\"40\" maxlength=\"400\" class=\"wpcf7-form-control wpcf7-text\" aria-invalid=\"false\" value=\"\" type=\"text\" name=\"text-546\" \/><\/span> <\/label>\n<\/p>\n<p><label> Email:<br \/>\n<span class=\"wpcf7-form-control-wrap\" data-name=\"your-email\"><input size=\"40\" maxlength=\"400\" class=\"wpcf7-form-control wpcf7-email wpcf7-validates-as-required wpcf7-text wpcf7-validates-as-email\" aria-required=\"true\" aria-invalid=\"false\" value=\"\" type=\"email\" name=\"your-email\" \/><\/span> <\/label>\n<\/p>\n<p><label> Telefono:<br \/>\n<span class=\"wpcf7-form-control-wrap\" data-name=\"tel-102\"><input size=\"40\" maxlength=\"400\" class=\"wpcf7-form-control wpcf7-tel wpcf7-text wpcf7-validates-as-tel\" aria-invalid=\"false\" value=\"\" type=\"tel\" name=\"tel-102\" \/><\/span> <\/label>\n<\/p>\n<p><label> Paese:<br \/>\n<span class=\"wpcf7-form-control-wrap\" data-name=\"text-365\"><input size=\"40\" maxlength=\"400\" class=\"wpcf7-form-control wpcf7-text\" aria-invalid=\"false\" value=\"\" type=\"text\" name=\"text-365\" \/><\/span> <\/label>\n<\/p>\n<p><label> Materiale da triturare:<br \/>\n<span class=\"wpcf7-form-control-wrap\" data-name=\"text-917\"><input size=\"40\" maxlength=\"400\" class=\"wpcf7-form-control wpcf7-text\" aria-invalid=\"false\" value=\"Indicare sinteticamente per esempio: plastica, legno, carta\" type=\"text\" name=\"text-917\" \/><\/span> <\/label>\n<\/p>\n<p><label> Messaggio:<br \/>\n<span class=\"wpcf7-form-control-wrap\" data-name=\"your-message\"><textarea cols=\"40\" rows=\"10\" maxlength=\"2000\" class=\"wpcf7-form-control wpcf7-textarea\" aria-invalid=\"false\" name=\"your-message\"><\/textarea><\/span> <\/label>\n<\/p>\n<p><label>Come ci hai conosciuti?<\/label>\n<\/p>\n<p><span class=\"wpcf7-form-control-wrap\" data-name=\"radio-483\"><span class=\"wpcf7-form-control wpcf7-radio\"><span class=\"wpcf7-list-item first\"><input type=\"radio\" name=\"radio-483\" value=\"Ricerca sul web (Google, Bing, ecc.)\" checked=\"checked\" \/><span class=\"wpcf7-list-item-label\">Ricerca sul web (Google, Bing, ecc.)<\/span><\/span><span class=\"wpcf7-list-item\"><input type=\"radio\" name=\"radio-483\" value=\"Dai social (LinkedIn, Facebook, ecc...)\" \/><span class=\"wpcf7-list-item-label\">Dai social (LinkedIn, Facebook, ecc...)<\/span><\/span><span class=\"wpcf7-list-item\"><input type=\"radio\" name=\"radio-483\" value=\"Direct Industry\" \/><span class=\"wpcf7-list-item-label\">Direct Industry<\/span><\/span><span class=\"wpcf7-list-item\"><input type=\"radio\" name=\"radio-483\" value=\"Passa parola\" \/><span class=\"wpcf7-list-item-label\">Passa parola<\/span><\/span><span class=\"wpcf7-list-item\"><input type=\"radio\" name=\"radio-483\" value=\"Gi\u00e0 cliente\/conoscente\" \/><span class=\"wpcf7-list-item-label\">Gi\u00e0 cliente\/conoscente<\/span><\/span><span class=\"wpcf7-list-item last\"><input type=\"radio\" name=\"radio-483\" value=\"Altro\" \/><span class=\"wpcf7-list-item-label\">Altro<\/span><\/span><\/span><\/span>\n<\/p>\n<div style=\"font-size:14px; padding-top:5px;\">\n\t<p>[mailpoetsignup mailpoetsignup-237 list:4 \"Voglio iscrivermi alla vostra newsletter e ricevere offerte speciali, novit\u00e0 sui prodotti e informazioni.\"]\n\t<\/p>\n<\/div>\n<p style=\"font-size:14px;\"><span class=\"wpcf7-form-control-wrap\" data-name=\"acceptance-219\"><span class=\"wpcf7-form-control wpcf7-acceptance\"><span class=\"wpcf7-list-item\"><input type=\"checkbox\" name=\"acceptance-219\" value=\"1\" aria-invalid=\"false\" \/><\/span><\/span><\/span> Letto <b>l'informativa sulla <a href=\"\/\/www.iubenda.com\/privacy-policy\/8079332\" class=\"iubenda-nostyle no-brand iubenda-embed\" title=\"Privacy Policy\">Privacy Policy<\/a><script type=\"text\/javascript\">(function (w,d) {var loader = function () {var s = d.createElement(\"script\"), tag = d.getElementsByTagName(\"script\")[0]; s.src = \"\/\/cdn.iubenda.com\/iubenda.js\"; tag.parentNode.insertBefore(s,tag);}; if(w.addEventListener){w.addEventListener(\"load\", loader, false);}else if(w.attachEvent){w.attachEvent(\"onload\", loader);}else{w.onload = loader;}})(window, document);<\/script><\/b> in conformit\u00e0 al Regolamento UE 679\/2016, acconsento al trattamento dei dati personali per le finalit\u00e0 e con le modalit\u00e0 specificatamente indicate nell'informativa stessa.\n<\/p>\n<p><input class=\"wpcf7-form-control wpcf7-submit has-spinner\" type=\"submit\" value=\"Invia\" \/>\n<\/p><p style=\"display: none !important;\" class=\"akismet-fields-container\" data-prefix=\"_wpcf7_ak_\"><label>&#916;<textarea name=\"_wpcf7_ak_hp_textarea\" cols=\"45\" rows=\"8\" maxlength=\"100\"><\/textarea><\/label><input type=\"hidden\" id=\"ak_js_1\" name=\"_wpcf7_ak_js\" value=\"43\"\/><script>document.getElementById( \"ak_js_1\" ).setAttribute( \"value\", ( new Date() ).getTime() );<\/script><\/p><div class=\"wpcf7-response-output\" aria-hidden=\"true\"><\/div>\n<\/form>\n<\/div>\n[vc_separator type=&#8221;transparent&#8221; up=&#8221;40&#8243; down=&#8221;0&#8243;][\/vc_column][vc_column width=&#8221;1\/2&#8243; css=&#8221;.vc_custom_1472203317386{padding-right: 30px !important;padding-left: 30px !important;}&#8221;][vc_separator type=&#8221;transparent&#8221; up=&#8221;22&#8243; down=&#8221;0&#8243;][vc_column_text]<\/p>\n<h4>SatrindTech Srl<\/h4>\n<p>[\/vc_column_text][vc_separator type=&#8221;transparent&#8221; up=&#8221;22&#8243; down=&#8221;0&#8243;][vc_column_text]Via Monfalcone, 122 &#8211; 20004 Arluno (MI) &#8211; Italia<\/p>\n<p><strong>Tel.<\/strong> +39 02 9037 6683<br \/>\n<strong>Fax.<\/strong> +39 02 9037 6721<br \/>\n<strong>E-mail<\/strong>: info@satrindtech.com<\/p>\n<p><strong>P.IVA<\/strong>: IT08360060969[\/vc_column_text][vc_separator type=&#8221;transparent&#8221; up=&#8221;40&#8243; down=&#8221;0&#8243;][\/vc_column][\/vc_row][vc_row css_animation=&#8221;&#8221; row_type=&#8221;row&#8221; use_row_as_full_screen_section=&#8221;no&#8221; type=&#8221;full_width&#8221; angled_section=&#8221;no&#8221; text_align=&#8221;left&#8221; background_image_as_pattern=&#8221;without_pattern&#8221;][vc_column]<div class='google_map_shortcode_holder' style='height:520px;'><div class='qode_google_map' style='height:520px;' id='map_canvas_88560' data-addresses='[\"Via Monfalcone, 122 - 20004 Arluno (MI)\"]' data-custom-map-style='true' data-color-overlay='#393939' data-saturation='-100' data-lightness='20' data-zoom='11' data-pin='https:\/\/satrindtech.com\/wp-content\/uploads\/2015\/05\/pin-1.png' data-unique-id='88560' data-google-maps-scroll-wheel='false' data-map-height='520'><\/div><div class='google_map_shortcode_overlay'><\/div><\/div>[\/vc_column][\/vc_row]<\/p>\n<\/div>","protected":false},"excerpt":{"rendered":"<p>[vc_row css_animation=&#8221;&#8221; row_type=&#8221;row&#8221; use_row_as_full_screen_section=&#8221;no&#8221; type=&#8221;grid&#8221; angled_section=&#8221;no&#8221; text_align=&#8221;left&#8221; background_image_as_pattern=&#8221;without_pattern&#8221; padding_top=&#8221;80&#8243; padding_bottom=&#8221;49&#8243;][vc_column width=&#8221;1\/2&#8243;][vc_separator type=&#8221;transparent&#8221; up=&#8221;22&#8243; down=&#8221;0&#8243;][vc_column_text] Come&#8230;<\/p>\n","protected":false},"author":1,"featured_media":0,"parent":0,"menu_order":0,"comment_status":"open","ping_status":"open","template":"full_width.php","meta":{"_acf_changed":false,"inline_featured_image":false,"footnotes":""},"class_list":["post-18890","page","type-page","status-publish","hentry"],"acf":[],"yoast_head":"<!-- This site is optimized with the Yoast SEO Premium plugin v26.3 (Yoast SEO v27.4) - https:\/\/yoast.com\/product\/yoast-seo-premium-wordpress\/ -->\n<title>Come trovare i nostri contatti e dove trovarci ad Arluno (Milano, Italia) | SatrindTech Srl<\/title>\n<meta name=\"description\" content=\"Troverete sul nostro sito tutti i nostri contatti: dove trovarci e come raggiungere i nostri uffici ed il nostro stabilimento\" \/>\n<meta name=\"robots\" content=\"index, follow, max-snippet:-1, max-image-preview:large, max-video-preview:-1\" \/>\n<link rel=\"canonical\" href=\"https:\/\/satrindtech.com\/it\/contatti\/\" \/>\n<meta property=\"og:locale\" content=\"it_IT\" \/>\n<meta property=\"og:type\" content=\"article\" \/>\n<meta property=\"og:title\" content=\"Contatti\" \/>\n<meta property=\"og:description\" content=\"Troverete sul nostro sito tutti i nostri contatti: dove trovarci e come raggiungere i nostri uffici ed il nostro stabilimento\" \/>\n<meta property=\"og:url\" content=\"https:\/\/satrindtech.com\/it\/contatti\/\" \/>\n<meta property=\"og:site_name\" content=\"SatrindTech Srl\" \/>\n<meta property=\"article:publisher\" content=\"https:\/\/www.facebook.com\/Satrindtech\" \/>\n<meta property=\"article:modified_time\" content=\"2020-06-02T09:28:29+00:00\" \/>\n<meta name=\"twitter:card\" content=\"summary_large_image\" \/>\n<meta name=\"twitter:site\" content=\"@SatrindTech\" \/>\n<meta name=\"twitter:label1\" content=\"Tempo di lettura stimato\" \/>\n\t<meta name=\"twitter:data1\" content=\"1 minuto\" \/>\n<script type=\"application\/ld+json\" class=\"yoast-schema-graph\">{\"@context\":\"https:\\\/\\\/schema.org\",\"@graph\":[{\"@type\":\"WebPage\",\"@id\":\"https:\\\/\\\/satrindtech.com\\\/it\\\/contatti\\\/\",\"url\":\"https:\\\/\\\/satrindtech.com\\\/it\\\/contatti\\\/\",\"name\":\"Come trovare i nostri contatti e dove trovarci ad Arluno (Milano, Italia) | SatrindTech Srl\",\"isPartOf\":{\"@id\":\"https:\\\/\\\/satrindtech.com\\\/en\\\/#website\"},\"datePublished\":\"2015-05-29T05:21:30+00:00\",\"dateModified\":\"2020-06-02T09:28:29+00:00\",\"description\":\"Troverete sul nostro sito tutti i nostri contatti: dove trovarci e come raggiungere i nostri uffici ed il nostro stabilimento\",\"breadcrumb\":{\"@id\":\"https:\\\/\\\/satrindtech.com\\\/it\\\/contatti\\\/#breadcrumb\"},\"inLanguage\":\"it-IT\",\"potentialAction\":[{\"@type\":\"ReadAction\",\"target\":[\"https:\\\/\\\/satrindtech.com\\\/it\\\/contatti\\\/\"]}]},{\"@type\":\"BreadcrumbList\",\"@id\":\"https:\\\/\\\/satrindtech.com\\\/it\\\/contatti\\\/#breadcrumb\",\"itemListElement\":[{\"@type\":\"ListItem\",\"position\":1,\"name\":\"Home\",\"item\":\"https:\\\/\\\/satrindtech.com\\\/it\\\/\"},{\"@type\":\"ListItem\",\"position\":2,\"name\":\"Contatti\"}]},{\"@type\":\"WebSite\",\"@id\":\"https:\\\/\\\/satrindtech.com\\\/en\\\/#website\",\"url\":\"https:\\\/\\\/satrindtech.com\\\/en\\\/\",\"name\":\"SatrindTech Srl\",\"description\":\"Manufacturer of shredders, crushers, grinders and shredding plants\",\"publisher\":{\"@id\":\"https:\\\/\\\/satrindtech.com\\\/en\\\/#organization\"},\"potentialAction\":[{\"@type\":\"SearchAction\",\"target\":{\"@type\":\"EntryPoint\",\"urlTemplate\":\"https:\\\/\\\/satrindtech.com\\\/en\\\/?s={search_term_string}\"},\"query-input\":{\"@type\":\"PropertyValueSpecification\",\"valueRequired\":true,\"valueName\":\"search_term_string\"}}],\"inLanguage\":\"it-IT\"},{\"@type\":\"Organization\",\"@id\":\"https:\\\/\\\/satrindtech.com\\\/en\\\/#organization\",\"name\":\"SatrindTech Srl\",\"url\":\"https:\\\/\\\/satrindtech.com\\\/en\\\/\",\"logo\":{\"@type\":\"ImageObject\",\"inLanguage\":\"it-IT\",\"@id\":\"https:\\\/\\\/satrindtech.com\\\/en\\\/#\\\/schema\\\/logo\\\/image\\\/\",\"url\":\"http:\\\/\\\/satrindtech.com\\\/wp-content\\\/uploads\\\/2017\\\/02\\\/Logo_Satrindtech2015_square.jpg\",\"contentUrl\":\"http:\\\/\\\/satrindtech.com\\\/wp-content\\\/uploads\\\/2017\\\/02\\\/Logo_Satrindtech2015_square.jpg\",\"width\":531,\"height\":531,\"caption\":\"SatrindTech Srl\"},\"image\":{\"@id\":\"https:\\\/\\\/satrindtech.com\\\/en\\\/#\\\/schema\\\/logo\\\/image\\\/\"},\"sameAs\":[\"https:\\\/\\\/www.facebook.com\\\/Satrindtech\",\"https:\\\/\\\/x.com\\\/SatrindTech\",\"https:\\\/\\\/www.instagram.com\\\/SatrindTech\\\/\",\"https:\\\/\\\/www.linkedin.com\\\/company\\\/satrindtech\",\"https:\\\/\\\/www.youtube.com\\\/c\\\/satrindtech\"]}]}<\/script>\n<!-- \/ Yoast SEO Premium plugin. -->","yoast_head_json":{"title":"Come trovare i nostri contatti e dove trovarci ad Arluno (Milano, Italia) | SatrindTech Srl","description":"Troverete sul nostro sito tutti i nostri contatti: dove trovarci e come raggiungere i nostri uffici ed il nostro stabilimento","robots":{"index":"index","follow":"follow","max-snippet":"max-snippet:-1","max-image-preview":"max-image-preview:large","max-video-preview":"max-video-preview:-1"},"canonical":"https:\/\/satrindtech.com\/it\/contatti\/","og_locale":"it_IT","og_type":"article","og_title":"Contatti","og_description":"Troverete sul nostro sito tutti i nostri contatti: dove trovarci e come raggiungere i nostri uffici ed il nostro stabilimento","og_url":"https:\/\/satrindtech.com\/it\/contatti\/","og_site_name":"SatrindTech Srl","article_publisher":"https:\/\/www.facebook.com\/Satrindtech","article_modified_time":"2020-06-02T09:28:29+00:00","twitter_card":"summary_large_image","twitter_site":"@SatrindTech","twitter_misc":{"Tempo di lettura stimato":"1 minuto"},"schema":{"@context":"https:\/\/schema.org","@graph":[{"@type":"WebPage","@id":"https:\/\/satrindtech.com\/it\/contatti\/","url":"https:\/\/satrindtech.com\/it\/contatti\/","name":"Come trovare i nostri contatti e dove trovarci ad Arluno (Milano, Italia) | SatrindTech Srl","isPartOf":{"@id":"https:\/\/satrindtech.com\/en\/#website"},"datePublished":"2015-05-29T05:21:30+00:00","dateModified":"2020-06-02T09:28:29+00:00","description":"Troverete sul nostro sito tutti i nostri contatti: dove trovarci e come raggiungere i nostri uffici ed il nostro stabilimento","breadcrumb":{"@id":"https:\/\/satrindtech.com\/it\/contatti\/#breadcrumb"},"inLanguage":"it-IT","potentialAction":[{"@type":"ReadAction","target":["https:\/\/satrindtech.com\/it\/contatti\/"]}]},{"@type":"BreadcrumbList","@id":"https:\/\/satrindtech.com\/it\/contatti\/#breadcrumb","itemListElement":[{"@type":"ListItem","position":1,"name":"Home","item":"https:\/\/satrindtech.com\/it\/"},{"@type":"ListItem","position":2,"name":"Contatti"}]},{"@type":"WebSite","@id":"https:\/\/satrindtech.com\/en\/#website","url":"https:\/\/satrindtech.com\/en\/","name":"SatrindTech Srl","description":"Manufacturer of shredders, crushers, grinders and shredding plants","publisher":{"@id":"https:\/\/satrindtech.com\/en\/#organization"},"potentialAction":[{"@type":"SearchAction","target":{"@type":"EntryPoint","urlTemplate":"https:\/\/satrindtech.com\/en\/?s={search_term_string}"},"query-input":{"@type":"PropertyValueSpecification","valueRequired":true,"valueName":"search_term_string"}}],"inLanguage":"it-IT"},{"@type":"Organization","@id":"https:\/\/satrindtech.com\/en\/#organization","name":"SatrindTech Srl","url":"https:\/\/satrindtech.com\/en\/","logo":{"@type":"ImageObject","inLanguage":"it-IT","@id":"https:\/\/satrindtech.com\/en\/#\/schema\/logo\/image\/","url":"http:\/\/satrindtech.com\/wp-content\/uploads\/2017\/02\/Logo_Satrindtech2015_square.jpg","contentUrl":"http:\/\/satrindtech.com\/wp-content\/uploads\/2017\/02\/Logo_Satrindtech2015_square.jpg","width":531,"height":531,"caption":"SatrindTech Srl"},"image":{"@id":"https:\/\/satrindtech.com\/en\/#\/schema\/logo\/image\/"},"sameAs":["https:\/\/www.facebook.com\/Satrindtech","https:\/\/x.com\/SatrindTech","https:\/\/www.instagram.com\/SatrindTech\/","https:\/\/www.linkedin.com\/company\/satrindtech","https:\/\/www.youtube.com\/c\/satrindtech"]}]}},"_links":{"self":[{"href":"https:\/\/satrindtech.com\/it\/wp-json\/wp\/v2\/pages\/18890","targetHints":{"allow":["GET"]}}],"collection":[{"href":"https:\/\/satrindtech.com\/it\/wp-json\/wp\/v2\/pages"}],"about":[{"href":"https:\/\/satrindtech.com\/it\/wp-json\/wp\/v2\/types\/page"}],"author":[{"embeddable":true,"href":"https:\/\/satrindtech.com\/it\/wp-json\/wp\/v2\/users\/1"}],"replies":[{"embeddable":true,"href":"https:\/\/satrindtech.com\/it\/wp-json\/wp\/v2\/comments?post=18890"}],"version-history":[{"count":0,"href":"https:\/\/satrindtech.com\/it\/wp-json\/wp\/v2\/pages\/18890\/revisions"}],"wp:attachment":[{"href":"https:\/\/satrindtech.com\/it\/wp-json\/wp\/v2\/media?parent=18890"}],"curies":[{"name":"wp","href":"https:\/\/api.w.org\/{rel}","templated":true}]}}