{"id":20201,"date":"2016-10-06T14:46:12","date_gmt":"2016-10-06T12:46:12","guid":{"rendered":"http:\/\/www.satrindtech.com\/fr\/shredder-spare-part\/"},"modified":"2017-11-10T15:15:31","modified_gmt":"2017-11-10T14:15:31","slug":"pieces-de-rechange-broyeur","status":"publish","type":"page","link":"https:\/\/satrindtech.com\/fr\/pieces-de-rechange-broyeur\/","title":{"rendered":"Pi\u00e8ces de rechange et maintenance"},"content":{"rendered":"<div class=\"wpb-content-wrapper\"><p>[vc_row row_type=\u00a0\u00bbrow\u00a0\u00bb use_row_as_full_screen_section=\u00a0\u00bbno\u00a0\u00bb type=\u00a0\u00bbgrid\u00a0\u00bb angled_section=\u00a0\u00bbyes\u00a0\u00bb angled_section_position=\u00a0\u00bbbottom\u00a0\u00bb angled_section_direction=\u00a0\u00bbfrom_right_to_left\u00a0\u00bb text_align=\u00a0\u00bbleft\u00a0\u00bb background_image_as_pattern=\u00a0\u00bbwithout_pattern\u00a0\u00bb padding_top=\u00a0\u00bb20&Prime; css_animation=\u00a0\u00bb\u00a0\u00bb][vc_column][vc_separator type=\u00a0\u00bbtransparent\u00a0\u00bb up=\u00a0\u00bb120&Prime; down=\u00a0\u00bb0&Prime;][vc_column_text]<\/p>\n<h3>Pi\u00e8ces de rechange et maintenance<\/h3>\n<p>[\/vc_column_text][vc_separator type=\u00a0\u00bbtransparent\u00a0\u00bb up=\u00a0\u00bb27&Prime; down=\u00a0\u00bb0&Prime;][vc_row_inner row_type=\u00a0\u00bbrow\u00a0\u00bb type=\u00a0\u00bbfull_width\u00a0\u00bb text_align=\u00a0\u00bbleft\u00a0\u00bb css_animation=\u00a0\u00bb\u00a0\u00bb][vc_column_inner width=\u00a0\u00bb1\/2&Prime;][vc_column_text]<strong>Pieces de Rechange<\/strong><\/p>\n<p>Nous ne vendons que des pi\u00e8ces d&rsquo;origine, les m\u00eames que celles que nous utilisons pour la construction de nos broyeurs, afin d&rsquo;assurer les m\u00eames normes de fiabilit\u00e9, de performance et de long\u00e9vit\u00e9 des machines.[\/vc_column_text][\/vc_column_inner][vc_column_inner width=\u00a0\u00bb1\/2&Prime;][vc_column_text]<strong>Maintenance<\/strong><\/p>\n<p>\u00catre un client SatrindTech c\u2019est s\u2019appuyer sur des ing\u00e9nieurs et des techniciens qualifi\u00e9s capables d&rsquo;effectuer une maintenance de qualit\u00e9. Notre personnel est disponible pour des interventions programm\u00e9es ou d\u2019urgence, au sein de notre atelier ou directement chez le client.<\/p>\n<p>Apr\u00e8s avoir effectu\u00e9 une inspection pr\u00e9liminaire sur la machine, nos ing\u00e9nieurs et techniciens font un \u00e9tat des lieux des r\u00e9parations n\u00e9cessaires. Ils effectuent ensuite la maintenance et le remplacement des pi\u00e8ces comme convenu avec le client pour un red\u00e9marrage rapide de la production.[\/vc_column_text][\/vc_column_inner][\/vc_row_inner][vc_separator type=\u00a0\u00bbtransparent\u00a0\u00bb up=\u00a0\u00bb65&Prime; down=\u00a0\u00bb0&Prime;][vc_separator type=\u00a0\u00bbtransparent\u00a0\u00bb up=\u00a0\u00bb120&Prime; down=\u00a0\u00bb0&Prime;][\/vc_column][\/vc_row]<\/p>\n<\/div>","protected":false},"excerpt":{"rendered":"<p>[vc_row row_type=\u00a0\u00bbrow\u00a0\u00bb use_row_as_full_screen_section=\u00a0\u00bbno\u00a0\u00bb type=\u00a0\u00bbgrid\u00a0\u00bb angled_section=\u00a0\u00bbyes\u00a0\u00bb angled_section_position=\u00a0\u00bbbottom\u00a0\u00bb angled_section_direction=\u00a0\u00bbfrom_right_to_left\u00a0\u00bb text_align=\u00a0\u00bbleft\u00a0\u00bb background_image_as_pattern=\u00a0\u00bbwithout_pattern\u00a0\u00bb padding_top=\u00a0\u00bb20&Prime; css_animation=\u00a0\u00bb\u00a0\u00bb][vc_column][vc_separator type=\u00a0\u00bbtransparent\u00a0\u00bb up=\u00a0\u00bb120&Prime; down=\u00a0\u00bb0&Prime;][vc_column_text] Pi\u00e8ces&#8230;<\/p>\n","protected":false},"author":1,"featured_media":0,"parent":0,"menu_order":0,"comment_status":"open","ping_status":"closed","template":"full_width.php","meta":{"_acf_changed":false,"inline_featured_image":false,"footnotes":""},"class_list":["post-20201","page","type-page","status-publish","hentry"],"acf":[],"yoast_head":"<!-- This site is optimized with the Yoast SEO Premium plugin v26.3 (Yoast SEO v27.4) - https:\/\/yoast.com\/product\/yoast-seo-premium-wordpress\/ -->\n<title>Pieces-de-rechange-broyeur pour broyeurs industriels | SatrindTech-France Group SEREX<\/title>\n<meta name=\"description\" content=\"Pi\u00e8ces de rechange d\u2019origine pour broyeurs industriels. Contactez notre service commercial pour tout conseil sur des pieces-de-rechnge-broyeur\" \/>\n<meta name=\"robots\" content=\"index, follow, max-snippet:-1, max-image-preview:large, max-video-preview:-1\" \/>\n<link rel=\"canonical\" href=\"https:\/\/satrindtech.com\/fr\/pieces-de-rechange-broyeur\/\" \/>\n<meta property=\"og:locale\" content=\"fr_FR\" \/>\n<meta property=\"og:type\" content=\"article\" \/>\n<meta property=\"og:title\" content=\"Pi\u00e8ces de rechange et maintenance\" \/>\n<meta property=\"og:description\" content=\"Pi\u00e8ces de rechange d\u2019origine pour broyeurs industriels. Contactez notre service commercial pour tout conseil sur des pieces-de-rechnge-broyeur\" \/>\n<meta property=\"og:url\" content=\"https:\/\/satrindtech.com\/fr\/pieces-de-rechange-broyeur\/\" \/>\n<meta property=\"og:site_name\" content=\"SatrindTech Srl\" \/>\n<meta property=\"article:publisher\" content=\"https:\/\/www.facebook.com\/Satrindtech\" \/>\n<meta property=\"article:modified_time\" content=\"2017-11-10T14:15:31+00:00\" \/>\n<meta name=\"twitter:card\" content=\"summary_large_image\" \/>\n<meta name=\"twitter:site\" content=\"@SatrindTech\" \/>\n<meta name=\"twitter:label1\" content=\"Dur\u00e9e de lecture estim\u00e9e\" \/>\n\t<meta name=\"twitter:data1\" content=\"1 minute\" \/>\n<script type=\"application\/ld+json\" class=\"yoast-schema-graph\">{\"@context\":\"https:\\\/\\\/schema.org\",\"@graph\":[{\"@type\":\"WebPage\",\"@id\":\"https:\\\/\\\/satrindtech.com\\\/fr\\\/pieces-de-rechange-broyeur\\\/\",\"url\":\"https:\\\/\\\/satrindtech.com\\\/fr\\\/pieces-de-rechange-broyeur\\\/\",\"name\":\"Pieces-de-rechange-broyeur pour broyeurs industriels | SatrindTech-France Group SEREX\",\"isPartOf\":{\"@id\":\"https:\\\/\\\/satrindtech.com\\\/en\\\/#website\"},\"datePublished\":\"2016-10-06T12:46:12+00:00\",\"dateModified\":\"2017-11-10T14:15:31+00:00\",\"description\":\"Pi\u00e8ces de rechange d\u2019origine pour broyeurs industriels. Contactez notre service commercial pour tout conseil sur des pieces-de-rechnge-broyeur\",\"breadcrumb\":{\"@id\":\"https:\\\/\\\/satrindtech.com\\\/fr\\\/pieces-de-rechange-broyeur\\\/#breadcrumb\"},\"inLanguage\":\"fr-FR\",\"potentialAction\":[{\"@type\":\"ReadAction\",\"target\":[\"https:\\\/\\\/satrindtech.com\\\/fr\\\/pieces-de-rechange-broyeur\\\/\"]}]},{\"@type\":\"BreadcrumbList\",\"@id\":\"https:\\\/\\\/satrindtech.com\\\/fr\\\/pieces-de-rechange-broyeur\\\/#breadcrumb\",\"itemListElement\":[{\"@type\":\"ListItem\",\"position\":1,\"name\":\"Home\",\"item\":\"https:\\\/\\\/satrindtech.com\\\/fr\\\/\"},{\"@type\":\"ListItem\",\"position\":2,\"name\":\"Pi\u00e8ces de rechange et maintenance\"}]},{\"@type\":\"WebSite\",\"@id\":\"https:\\\/\\\/satrindtech.com\\\/en\\\/#website\",\"url\":\"https:\\\/\\\/satrindtech.com\\\/en\\\/\",\"name\":\"SatrindTech Srl\",\"description\":\"Manufacturer of shredders, crushers, grinders and shredding plants\",\"publisher\":{\"@id\":\"https:\\\/\\\/satrindtech.com\\\/en\\\/#organization\"},\"potentialAction\":[{\"@type\":\"SearchAction\",\"target\":{\"@type\":\"EntryPoint\",\"urlTemplate\":\"https:\\\/\\\/satrindtech.com\\\/en\\\/?s={search_term_string}\"},\"query-input\":{\"@type\":\"PropertyValueSpecification\",\"valueRequired\":true,\"valueName\":\"search_term_string\"}}],\"inLanguage\":\"fr-FR\"},{\"@type\":\"Organization\",\"@id\":\"https:\\\/\\\/satrindtech.com\\\/en\\\/#organization\",\"name\":\"SatrindTech Srl\",\"url\":\"https:\\\/\\\/satrindtech.com\\\/en\\\/\",\"logo\":{\"@type\":\"ImageObject\",\"inLanguage\":\"fr-FR\",\"@id\":\"https:\\\/\\\/satrindtech.com\\\/en\\\/#\\\/schema\\\/logo\\\/image\\\/\",\"url\":\"http:\\\/\\\/satrindtech.com\\\/wp-content\\\/uploads\\\/2017\\\/02\\\/Logo_Satrindtech2015_square.jpg\",\"contentUrl\":\"http:\\\/\\\/satrindtech.com\\\/wp-content\\\/uploads\\\/2017\\\/02\\\/Logo_Satrindtech2015_square.jpg\",\"width\":531,\"height\":531,\"caption\":\"SatrindTech Srl\"},\"image\":{\"@id\":\"https:\\\/\\\/satrindtech.com\\\/en\\\/#\\\/schema\\\/logo\\\/image\\\/\"},\"sameAs\":[\"https:\\\/\\\/www.facebook.com\\\/Satrindtech\",\"https:\\\/\\\/x.com\\\/SatrindTech\",\"https:\\\/\\\/www.instagram.com\\\/SatrindTech\\\/\",\"https:\\\/\\\/www.linkedin.com\\\/company\\\/satrindtech\",\"https:\\\/\\\/www.youtube.com\\\/c\\\/satrindtech\"]}]}<\/script>\n<!-- \/ Yoast SEO Premium plugin. -->","yoast_head_json":{"title":"Pieces-de-rechange-broyeur pour broyeurs industriels | SatrindTech-France Group SEREX","description":"Pi\u00e8ces de rechange d\u2019origine pour broyeurs industriels. Contactez notre service commercial pour tout conseil sur des pieces-de-rechnge-broyeur","robots":{"index":"index","follow":"follow","max-snippet":"max-snippet:-1","max-image-preview":"max-image-preview:large","max-video-preview":"max-video-preview:-1"},"canonical":"https:\/\/satrindtech.com\/fr\/pieces-de-rechange-broyeur\/","og_locale":"fr_FR","og_type":"article","og_title":"Pi\u00e8ces de rechange et maintenance","og_description":"Pi\u00e8ces de rechange d\u2019origine pour broyeurs industriels. Contactez notre service commercial pour tout conseil sur des pieces-de-rechnge-broyeur","og_url":"https:\/\/satrindtech.com\/fr\/pieces-de-rechange-broyeur\/","og_site_name":"SatrindTech Srl","article_publisher":"https:\/\/www.facebook.com\/Satrindtech","article_modified_time":"2017-11-10T14:15:31+00:00","twitter_card":"summary_large_image","twitter_site":"@SatrindTech","twitter_misc":{"Dur\u00e9e de lecture estim\u00e9e":"1 minute"},"schema":{"@context":"https:\/\/schema.org","@graph":[{"@type":"WebPage","@id":"https:\/\/satrindtech.com\/fr\/pieces-de-rechange-broyeur\/","url":"https:\/\/satrindtech.com\/fr\/pieces-de-rechange-broyeur\/","name":"Pieces-de-rechange-broyeur pour broyeurs industriels | SatrindTech-France Group SEREX","isPartOf":{"@id":"https:\/\/satrindtech.com\/en\/#website"},"datePublished":"2016-10-06T12:46:12+00:00","dateModified":"2017-11-10T14:15:31+00:00","description":"Pi\u00e8ces de rechange d\u2019origine pour broyeurs industriels. Contactez notre service commercial pour tout conseil sur des pieces-de-rechnge-broyeur","breadcrumb":{"@id":"https:\/\/satrindtech.com\/fr\/pieces-de-rechange-broyeur\/#breadcrumb"},"inLanguage":"fr-FR","potentialAction":[{"@type":"ReadAction","target":["https:\/\/satrindtech.com\/fr\/pieces-de-rechange-broyeur\/"]}]},{"@type":"BreadcrumbList","@id":"https:\/\/satrindtech.com\/fr\/pieces-de-rechange-broyeur\/#breadcrumb","itemListElement":[{"@type":"ListItem","position":1,"name":"Home","item":"https:\/\/satrindtech.com\/fr\/"},{"@type":"ListItem","position":2,"name":"Pi\u00e8ces de rechange et maintenance"}]},{"@type":"WebSite","@id":"https:\/\/satrindtech.com\/en\/#website","url":"https:\/\/satrindtech.com\/en\/","name":"SatrindTech Srl","description":"Manufacturer of shredders, crushers, grinders and shredding plants","publisher":{"@id":"https:\/\/satrindtech.com\/en\/#organization"},"potentialAction":[{"@type":"SearchAction","target":{"@type":"EntryPoint","urlTemplate":"https:\/\/satrindtech.com\/en\/?s={search_term_string}"},"query-input":{"@type":"PropertyValueSpecification","valueRequired":true,"valueName":"search_term_string"}}],"inLanguage":"fr-FR"},{"@type":"Organization","@id":"https:\/\/satrindtech.com\/en\/#organization","name":"SatrindTech Srl","url":"https:\/\/satrindtech.com\/en\/","logo":{"@type":"ImageObject","inLanguage":"fr-FR","@id":"https:\/\/satrindtech.com\/en\/#\/schema\/logo\/image\/","url":"http:\/\/satrindtech.com\/wp-content\/uploads\/2017\/02\/Logo_Satrindtech2015_square.jpg","contentUrl":"http:\/\/satrindtech.com\/wp-content\/uploads\/2017\/02\/Logo_Satrindtech2015_square.jpg","width":531,"height":531,"caption":"SatrindTech Srl"},"image":{"@id":"https:\/\/satrindtech.com\/en\/#\/schema\/logo\/image\/"},"sameAs":["https:\/\/www.facebook.com\/Satrindtech","https:\/\/x.com\/SatrindTech","https:\/\/www.instagram.com\/SatrindTech\/","https:\/\/www.linkedin.com\/company\/satrindtech","https:\/\/www.youtube.com\/c\/satrindtech"]}]}},"_links":{"self":[{"href":"https:\/\/satrindtech.com\/fr\/wp-json\/wp\/v2\/pages\/20201","targetHints":{"allow":["GET"]}}],"collection":[{"href":"https:\/\/satrindtech.com\/fr\/wp-json\/wp\/v2\/pages"}],"about":[{"href":"https:\/\/satrindtech.com\/fr\/wp-json\/wp\/v2\/types\/page"}],"author":[{"embeddable":true,"href":"https:\/\/satrindtech.com\/fr\/wp-json\/wp\/v2\/users\/1"}],"replies":[{"embeddable":true,"href":"https:\/\/satrindtech.com\/fr\/wp-json\/wp\/v2\/comments?post=20201"}],"version-history":[{"count":0,"href":"https:\/\/satrindtech.com\/fr\/wp-json\/wp\/v2\/pages\/20201\/revisions"}],"wp:attachment":[{"href":"https:\/\/satrindtech.com\/fr\/wp-json\/wp\/v2\/media?parent=20201"}],"curies":[{"name":"wp","href":"https:\/\/api.w.org\/{rel}","templated":true}]}}