{"id":20193,"date":"2016-10-06T14:34:52","date_gmt":"2016-10-06T12:34:52","guid":{"rendered":"http:\/\/www.satrindtech.com\/fr\/shredder-sharpening-blade\/"},"modified":"2018-04-20T11:20:23","modified_gmt":"2018-04-20T09:20:23","slug":"reaffutage-lames-broyeurs","status":"publish","type":"page","link":"https:\/\/satrindtech.com\/fr\/reaffutage-lames-broyeurs\/","title":{"rendered":"Le r\u00e9aff\u00fbtage des lames"},"content":{"rendered":"<div class=\"wpb-content-wrapper\"><p>[vc_row css_animation=\u00a0\u00bb\u00a0\u00bb row_type=\u00a0\u00bbrow\u00a0\u00bb use_row_as_full_screen_section=\u00a0\u00bbno\u00a0\u00bb type=\u00a0\u00bbgrid\u00a0\u00bb angled_section=\u00a0\u00bbyes\u00a0\u00bb angled_section_position=\u00a0\u00bbbottom\u00a0\u00bb angled_section_direction=\u00a0\u00bbfrom_right_to_left\u00a0\u00bb text_align=\u00a0\u00bbleft\u00a0\u00bb background_image_as_pattern=\u00a0\u00bbwithout_pattern\u00a0\u00bb padding_top=\u00a0\u00bb20&Prime;][vc_column][vc_separator type=\u00a0\u00bbtransparent\u00a0\u00bb up=\u00a0\u00bb120&Prime; down=\u00a0\u00bb0&Prime;][vc_column_text]<\/p>\n<h3>Le r\u00e9aff\u00fbtage des lames<\/h3>\n<p>[\/vc_column_text][vc_separator type=\u00a0\u00bbtransparent\u00a0\u00bb up=\u00a0\u00bb27&Prime; down=\u00a0\u00bb0&Prime;][vc_column_text]La dur\u00e9e de vie d&rsquo;un jeu de lames est l&rsquo;une des caract\u00e9ristiques principales que le client \u00e9value lors de l\u2019achat d\u2019un broyeur.<br \/>\nSatrindTech offre les lames les plus fiables disponibles sur le march\u00e9.<br \/>\nNos lames sont faites d&rsquo;acier forg\u00e9 \u00e0 chaud. Sp\u00e9cialement con\u00e7ues pour r\u00e9sister \u00e0 des contraintes de travail exigeantes, elles sont durcies \u00e0 c\u0153ur gr\u00e2ce \u00e0 un processus suivant plusieurs \u00e9tapes. Un tel cycle de production garantie un niveau de duret\u00e9 et un degr\u00e9 de r\u00e9sistance \u00e9lev\u00e9.<\/p>\n<p>Choisir nos broyeurs c\u2019est s\u00e9lectionner des jeux de lames qui peuvent \u00eatre aiguis\u00e9s plusieurs fois (*), une valeur-ajout\u00e9e par rapport aux autres broyeurs disponibles sur le march\u00e9 et un avantage sur le long terme quand il s&rsquo;agit de maitriser les co\u00fbts de maintenance. Capitaliser sur un seul jeu de lames pour toute la dur\u00e9e de vie de votre broyeur est essentiel pour un retour rapide sur investissement.<br \/>\nL&rsquo;aff\u00fbtage de vos lames au sein de notre atelier m\u00e9canique est une garantie suppl\u00e9mentaire. Ce service professionnel est bas\u00e9 sur des contr\u00f4les pr\u00e9liminaires des lames avant livraison de votre broyeur.<\/p>\n<p>Nous utilisons des machines CNC, machines \u00e0 commande num\u00e9rique pour une op\u00e9ration de meulage de qualit\u00e9 sup\u00e9rieure, conservant les propri\u00e9t\u00e9s d\u2019origine des mat\u00e9riaux sur l&rsquo;ensemble de la lame (profils de coupe et pics).<br \/>\nL&rsquo;op\u00e9ration est ensuite compl\u00e9t\u00e9e en ajoutant le nombre de couteaux n\u00e9cessaires, les entretoises et les doigts de nettoyage de mani\u00e8re \u00e0 combler les millim\u00e8tres de mati\u00e8re retir\u00e9s lors de l&rsquo;aff\u00fbtage.<\/p>\n<p>* Le nombre d\u2019aff\u00fbtage possible d\u00e9pend des conditions initiales du jeu de lames et du type de mat\u00e9riau \u00e0 broyer.<br \/>\n[\/vc_column_text][vc_separator type=\u00a0\u00bbtransparent\u00a0\u00bb up=\u00a0\u00bb35&Prime; down=\u00a0\u00bb0&Prime;][vc_column_text]<\/p>\n<h3>VIDEO<\/h3>\n<p>[\/vc_column_text][vc_separator type=\u00a0\u00bbtransparent\u00a0\u00bb up=\u00a0\u00bb35&Prime; down=\u00a0\u00bb0&Prime;][vc_video link=\u00a0\u00bbhttps:\/\/vimeo.com\/265717201&Prime;][vc_separator type=\u00a0\u00bbtransparent\u00a0\u00bb][vc_column_text]Appuyez-vous sur notre expertise en R\u00c9AFFUTAGE DE COUTEAUX pour broyeurs.[\/vc_column_text][vc_separator type=\u00a0\u00bbtransparent\u00a0\u00bb][\/vc_column][\/vc_row]<\/p>\n<\/div>","protected":false},"excerpt":{"rendered":"<p>[vc_row css_animation=\u00a0\u00bb\u00a0\u00bb row_type=\u00a0\u00bbrow\u00a0\u00bb use_row_as_full_screen_section=\u00a0\u00bbno\u00a0\u00bb type=\u00a0\u00bbgrid\u00a0\u00bb angled_section=\u00a0\u00bbyes\u00a0\u00bb angled_section_position=\u00a0\u00bbbottom\u00a0\u00bb angled_section_direction=\u00a0\u00bbfrom_right_to_left\u00a0\u00bb text_align=\u00a0\u00bbleft\u00a0\u00bb background_image_as_pattern=\u00a0\u00bbwithout_pattern\u00a0\u00bb padding_top=\u00a0\u00bb20&Prime;][vc_column][vc_separator type=\u00a0\u00bbtransparent\u00a0\u00bb up=\u00a0\u00bb120&Prime; down=\u00a0\u00bb0&Prime;][vc_column_text] Le&#8230;<\/p>\n","protected":false},"author":1,"featured_media":0,"parent":0,"menu_order":0,"comment_status":"open","ping_status":"closed","template":"full_width.php","meta":{"_acf_changed":false,"inline_featured_image":false,"footnotes":""},"class_list":["post-20193","page","type-page","status-publish","hentry"],"acf":[],"yoast_head":"<!-- This site is optimized with the Yoast SEO Premium plugin v26.3 (Yoast SEO v27.4) - https:\/\/yoast.com\/product\/yoast-seo-premium-wordpress\/ -->\n<title>R\u00e9aff\u00fbtage-lames-broyeurs pour restaurer les performances d\u2019origine | SatrindTech-France Group SEREX<\/title>\n<meta name=\"description\" content=\"La dur\u00e9e de vie d\u2019un jeu de lames est une caract\u00e9ristique majeure dans l\u2019achat d\u2019un broyeur. R\u00e9aff\u00fbtage-lames-broyeurs qualit\u00e9 de broyage\" \/>\n<meta name=\"robots\" content=\"index, follow, max-snippet:-1, max-image-preview:large, max-video-preview:-1\" \/>\n<link rel=\"canonical\" href=\"https:\/\/satrindtech.com\/fr\/reaffutage-lames-broyeurs\/\" \/>\n<meta property=\"og:locale\" content=\"fr_FR\" \/>\n<meta property=\"og:type\" content=\"article\" \/>\n<meta property=\"og:title\" content=\"Le r\u00e9aff\u00fbtage des lames\" \/>\n<meta property=\"og:description\" content=\"La dur\u00e9e de vie d\u2019un jeu de lames est une caract\u00e9ristique majeure dans l\u2019achat d\u2019un broyeur. R\u00e9aff\u00fbtage-lames-broyeurs qualit\u00e9 de broyage\" \/>\n<meta property=\"og:url\" content=\"https:\/\/satrindtech.com\/fr\/reaffutage-lames-broyeurs\/\" \/>\n<meta property=\"og:site_name\" content=\"SatrindTech Srl\" \/>\n<meta property=\"article:publisher\" content=\"https:\/\/www.facebook.com\/Satrindtech\" \/>\n<meta property=\"article:modified_time\" content=\"2018-04-20T09:20:23+00:00\" \/>\n<meta name=\"twitter:card\" content=\"summary_large_image\" \/>\n<meta name=\"twitter:site\" content=\"@SatrindTech\" \/>\n<meta name=\"twitter:label1\" content=\"Dur\u00e9e de lecture estim\u00e9e\" \/>\n\t<meta name=\"twitter:data1\" content=\"2 minutes\" \/>\n<script type=\"application\/ld+json\" class=\"yoast-schema-graph\">{\"@context\":\"https:\\\/\\\/schema.org\",\"@graph\":[{\"@type\":\"WebPage\",\"@id\":\"https:\\\/\\\/satrindtech.com\\\/fr\\\/reaffutage-lames-broyeurs\\\/\",\"url\":\"https:\\\/\\\/satrindtech.com\\\/fr\\\/reaffutage-lames-broyeurs\\\/\",\"name\":\"R\u00e9aff\u00fbtage-lames-broyeurs pour restaurer les performances d\u2019origine | SatrindTech-France Group SEREX\",\"isPartOf\":{\"@id\":\"https:\\\/\\\/satrindtech.com\\\/en\\\/#website\"},\"datePublished\":\"2016-10-06T12:34:52+00:00\",\"dateModified\":\"2018-04-20T09:20:23+00:00\",\"description\":\"La dur\u00e9e de vie d\u2019un jeu de lames est une caract\u00e9ristique majeure dans l\u2019achat d\u2019un broyeur. R\u00e9aff\u00fbtage-lames-broyeurs qualit\u00e9 de broyage\",\"breadcrumb\":{\"@id\":\"https:\\\/\\\/satrindtech.com\\\/fr\\\/reaffutage-lames-broyeurs\\\/#breadcrumb\"},\"inLanguage\":\"fr-FR\",\"potentialAction\":[{\"@type\":\"ReadAction\",\"target\":[\"https:\\\/\\\/satrindtech.com\\\/fr\\\/reaffutage-lames-broyeurs\\\/\"]}]},{\"@type\":\"BreadcrumbList\",\"@id\":\"https:\\\/\\\/satrindtech.com\\\/fr\\\/reaffutage-lames-broyeurs\\\/#breadcrumb\",\"itemListElement\":[{\"@type\":\"ListItem\",\"position\":1,\"name\":\"Home\",\"item\":\"https:\\\/\\\/satrindtech.com\\\/fr\\\/\"},{\"@type\":\"ListItem\",\"position\":2,\"name\":\"Le r\u00e9aff\u00fbtage des lames\"}]},{\"@type\":\"WebSite\",\"@id\":\"https:\\\/\\\/satrindtech.com\\\/en\\\/#website\",\"url\":\"https:\\\/\\\/satrindtech.com\\\/en\\\/\",\"name\":\"SatrindTech Srl\",\"description\":\"Manufacturer of shredders, crushers, grinders and shredding plants\",\"publisher\":{\"@id\":\"https:\\\/\\\/satrindtech.com\\\/en\\\/#organization\"},\"potentialAction\":[{\"@type\":\"SearchAction\",\"target\":{\"@type\":\"EntryPoint\",\"urlTemplate\":\"https:\\\/\\\/satrindtech.com\\\/en\\\/?s={search_term_string}\"},\"query-input\":{\"@type\":\"PropertyValueSpecification\",\"valueRequired\":true,\"valueName\":\"search_term_string\"}}],\"inLanguage\":\"fr-FR\"},{\"@type\":\"Organization\",\"@id\":\"https:\\\/\\\/satrindtech.com\\\/en\\\/#organization\",\"name\":\"SatrindTech Srl\",\"url\":\"https:\\\/\\\/satrindtech.com\\\/en\\\/\",\"logo\":{\"@type\":\"ImageObject\",\"inLanguage\":\"fr-FR\",\"@id\":\"https:\\\/\\\/satrindtech.com\\\/en\\\/#\\\/schema\\\/logo\\\/image\\\/\",\"url\":\"http:\\\/\\\/satrindtech.com\\\/wp-content\\\/uploads\\\/2017\\\/02\\\/Logo_Satrindtech2015_square.jpg\",\"contentUrl\":\"http:\\\/\\\/satrindtech.com\\\/wp-content\\\/uploads\\\/2017\\\/02\\\/Logo_Satrindtech2015_square.jpg\",\"width\":531,\"height\":531,\"caption\":\"SatrindTech Srl\"},\"image\":{\"@id\":\"https:\\\/\\\/satrindtech.com\\\/en\\\/#\\\/schema\\\/logo\\\/image\\\/\"},\"sameAs\":[\"https:\\\/\\\/www.facebook.com\\\/Satrindtech\",\"https:\\\/\\\/x.com\\\/SatrindTech\",\"https:\\\/\\\/www.instagram.com\\\/SatrindTech\\\/\",\"https:\\\/\\\/www.linkedin.com\\\/company\\\/satrindtech\",\"https:\\\/\\\/www.youtube.com\\\/c\\\/satrindtech\"]}]}<\/script>\n<!-- \/ Yoast SEO Premium plugin. -->","yoast_head_json":{"title":"R\u00e9aff\u00fbtage-lames-broyeurs pour restaurer les performances d\u2019origine | SatrindTech-France Group SEREX","description":"La dur\u00e9e de vie d\u2019un jeu de lames est une caract\u00e9ristique majeure dans l\u2019achat d\u2019un broyeur. R\u00e9aff\u00fbtage-lames-broyeurs qualit\u00e9 de broyage","robots":{"index":"index","follow":"follow","max-snippet":"max-snippet:-1","max-image-preview":"max-image-preview:large","max-video-preview":"max-video-preview:-1"},"canonical":"https:\/\/satrindtech.com\/fr\/reaffutage-lames-broyeurs\/","og_locale":"fr_FR","og_type":"article","og_title":"Le r\u00e9aff\u00fbtage des lames","og_description":"La dur\u00e9e de vie d\u2019un jeu de lames est une caract\u00e9ristique majeure dans l\u2019achat d\u2019un broyeur. R\u00e9aff\u00fbtage-lames-broyeurs qualit\u00e9 de broyage","og_url":"https:\/\/satrindtech.com\/fr\/reaffutage-lames-broyeurs\/","og_site_name":"SatrindTech Srl","article_publisher":"https:\/\/www.facebook.com\/Satrindtech","article_modified_time":"2018-04-20T09:20:23+00:00","twitter_card":"summary_large_image","twitter_site":"@SatrindTech","twitter_misc":{"Dur\u00e9e de lecture estim\u00e9e":"2 minutes"},"schema":{"@context":"https:\/\/schema.org","@graph":[{"@type":"WebPage","@id":"https:\/\/satrindtech.com\/fr\/reaffutage-lames-broyeurs\/","url":"https:\/\/satrindtech.com\/fr\/reaffutage-lames-broyeurs\/","name":"R\u00e9aff\u00fbtage-lames-broyeurs pour restaurer les performances d\u2019origine | SatrindTech-France Group SEREX","isPartOf":{"@id":"https:\/\/satrindtech.com\/en\/#website"},"datePublished":"2016-10-06T12:34:52+00:00","dateModified":"2018-04-20T09:20:23+00:00","description":"La dur\u00e9e de vie d\u2019un jeu de lames est une caract\u00e9ristique majeure dans l\u2019achat d\u2019un broyeur. R\u00e9aff\u00fbtage-lames-broyeurs qualit\u00e9 de broyage","breadcrumb":{"@id":"https:\/\/satrindtech.com\/fr\/reaffutage-lames-broyeurs\/#breadcrumb"},"inLanguage":"fr-FR","potentialAction":[{"@type":"ReadAction","target":["https:\/\/satrindtech.com\/fr\/reaffutage-lames-broyeurs\/"]}]},{"@type":"BreadcrumbList","@id":"https:\/\/satrindtech.com\/fr\/reaffutage-lames-broyeurs\/#breadcrumb","itemListElement":[{"@type":"ListItem","position":1,"name":"Home","item":"https:\/\/satrindtech.com\/fr\/"},{"@type":"ListItem","position":2,"name":"Le r\u00e9aff\u00fbtage des lames"}]},{"@type":"WebSite","@id":"https:\/\/satrindtech.com\/en\/#website","url":"https:\/\/satrindtech.com\/en\/","name":"SatrindTech Srl","description":"Manufacturer of shredders, crushers, grinders and shredding plants","publisher":{"@id":"https:\/\/satrindtech.com\/en\/#organization"},"potentialAction":[{"@type":"SearchAction","target":{"@type":"EntryPoint","urlTemplate":"https:\/\/satrindtech.com\/en\/?s={search_term_string}"},"query-input":{"@type":"PropertyValueSpecification","valueRequired":true,"valueName":"search_term_string"}}],"inLanguage":"fr-FR"},{"@type":"Organization","@id":"https:\/\/satrindtech.com\/en\/#organization","name":"SatrindTech Srl","url":"https:\/\/satrindtech.com\/en\/","logo":{"@type":"ImageObject","inLanguage":"fr-FR","@id":"https:\/\/satrindtech.com\/en\/#\/schema\/logo\/image\/","url":"http:\/\/satrindtech.com\/wp-content\/uploads\/2017\/02\/Logo_Satrindtech2015_square.jpg","contentUrl":"http:\/\/satrindtech.com\/wp-content\/uploads\/2017\/02\/Logo_Satrindtech2015_square.jpg","width":531,"height":531,"caption":"SatrindTech Srl"},"image":{"@id":"https:\/\/satrindtech.com\/en\/#\/schema\/logo\/image\/"},"sameAs":["https:\/\/www.facebook.com\/Satrindtech","https:\/\/x.com\/SatrindTech","https:\/\/www.instagram.com\/SatrindTech\/","https:\/\/www.linkedin.com\/company\/satrindtech","https:\/\/www.youtube.com\/c\/satrindtech"]}]}},"_links":{"self":[{"href":"https:\/\/satrindtech.com\/fr\/wp-json\/wp\/v2\/pages\/20193","targetHints":{"allow":["GET"]}}],"collection":[{"href":"https:\/\/satrindtech.com\/fr\/wp-json\/wp\/v2\/pages"}],"about":[{"href":"https:\/\/satrindtech.com\/fr\/wp-json\/wp\/v2\/types\/page"}],"author":[{"embeddable":true,"href":"https:\/\/satrindtech.com\/fr\/wp-json\/wp\/v2\/users\/1"}],"replies":[{"embeddable":true,"href":"https:\/\/satrindtech.com\/fr\/wp-json\/wp\/v2\/comments?post=20193"}],"version-history":[{"count":0,"href":"https:\/\/satrindtech.com\/fr\/wp-json\/wp\/v2\/pages\/20193\/revisions"}],"wp:attachment":[{"href":"https:\/\/satrindtech.com\/fr\/wp-json\/wp\/v2\/media?parent=20193"}],"curies":[{"name":"wp","href":"https:\/\/api.w.org\/{rel}","templated":true}]}}