{"id":20186,"date":"2015-05-29T07:21:30","date_gmt":"2015-05-29T07:21:30","guid":{"rendered":"http:\/\/www.satrindtech.com\/fr\/contact\/"},"modified":"2022-01-04T16:05:29","modified_gmt":"2022-01-04T15:05:29","slug":"contact","status":"publish","type":"page","link":"https:\/\/satrindtech.com\/fr\/contact\/","title":{"rendered":"Contact"},"content":{"rendered":"<div class=\"wpb-content-wrapper\"><p>[vc_row css_animation=\u00a0\u00bb\u00a0\u00bb row_type=\u00a0\u00bbrow\u00a0\u00bb use_row_as_full_screen_section=\u00a0\u00bbno\u00a0\u00bb type=\u00a0\u00bbgrid\u00a0\u00bb angled_section=\u00a0\u00bbno\u00a0\u00bb text_align=\u00a0\u00bbleft\u00a0\u00bb background_image_as_pattern=\u00a0\u00bbwithout_pattern\u00a0\u00bb padding_top=\u00a0\u00bb80&Prime; padding_bottom=\u00a0\u00bb49&Prime;][vc_column width=\u00a0\u00bb1\/2&Prime;][vc_separator type=\u00a0\u00bbtransparent\u00a0\u00bb up=\u00a0\u00bb22&Prime; down=\u00a0\u00bb0&Prime;][vc_column_text]<\/p>\n<h3>Comment nous trouver<\/h3>\n<p>[\/vc_column_text][vc_separator type=\u00a0\u00bbtransparent\u00a0\u00bb up=\u00a0\u00bb22&Prime; down=\u00a0\u00bb0&Prime;][vc_column_text]Ici \u00e0 SatrindTech, l\u2019humain est au centre des pr\u00e9occupations et cela ne saurait changer.<\/p>\n<p>Nous portons une attention particuli\u00e8re au service client \u00e0 travers des \u00e9changes personnalis\u00e9s et bienveillants.<\/p>\n<p>Pour toutes questions concernant les domaines d\u2019application, le support technique et nos solutions de broyage, veuillez remplir le formulaire suivant : un collaborateur vous contactera dans les meilleurs d\u00e9lais.[\/vc_column_text][vc_separator type=\u00a0\u00bbtransparent\u00a0\u00bb up=\u00a0\u00bb26&Prime; down=\u00a0\u00bb0&Prime;]\n<div class=\"wpcf7 no-js\" id=\"wpcf7-f20539-o1\" lang=\"it-IT\" dir=\"ltr\" data-wpcf7-id=\"20539\">\n<div class=\"screen-reader-response\"><p role=\"status\" aria-live=\"polite\" aria-atomic=\"true\"><\/p> <ul><\/ul><\/div>\n<form action=\"\/fr\/wp-json\/wp\/v2\/pages\/20186#wpcf7-f20539-o1\" method=\"post\" class=\"wpcf7-form init cf7_custom_style_1\" aria-label=\"Modulo di contatto\" novalidate=\"novalidate\" data-status=\"init\">\n<fieldset class=\"hidden-fields-container\"><input type=\"hidden\" name=\"_wpcf7\" value=\"20539\" \/><input type=\"hidden\" name=\"_wpcf7_version\" value=\"6.1.5\" \/><input type=\"hidden\" name=\"_wpcf7_locale\" value=\"it_IT\" \/><input type=\"hidden\" name=\"_wpcf7_unit_tag\" value=\"wpcf7-f20539-o1\" \/><input type=\"hidden\" name=\"_wpcf7_container_post\" value=\"0\" \/><input type=\"hidden\" name=\"_wpcf7_posted_data_hash\" value=\"\" \/><input type=\"hidden\" name=\"_wpcf7_recaptcha_response\" value=\"\" \/>\n<\/fieldset>\n<div class=\"two_columns_50_50 clearfix\">\n\t<div class=\"column1\">\n\t\t<div class=\"column_inner\">\n\t\t\t<p><label> <\/label>\n\t\t\t<\/p>\n\t\t\t<p>Pr\u00e9nom:<br \/>\n<span class=\"wpcf7-form-control-wrap\" data-name=\"your-name\"><input size=\"40\" maxlength=\"400\" class=\"wpcf7-form-control wpcf7-text wpcf7-validates-as-required\" aria-required=\"true\" aria-invalid=\"false\" value=\"\" type=\"text\" name=\"your-name\" \/><\/span>\n\t\t\t<\/p>\n\t\t<\/div>\n\t<\/div>\n\t<div class=\"column2\">\n\t\t<div class=\"column_inner\">\n\t\t\t<p><label> <\/label>\n\t\t\t<\/p>\n\t\t\t<p>Nom:<br \/>\n<span class=\"wpcf7-form-control-wrap\" data-name=\"text-545\"><input size=\"40\" maxlength=\"400\" class=\"wpcf7-form-control wpcf7-text\" aria-invalid=\"false\" value=\"\" type=\"text\" name=\"text-545\" \/><\/span>\n\t\t\t<\/p>\n\t\t<\/div>\n\t<\/div>\n<\/div>\n<p><label> Soci\u00e9t\u00e9 :<br \/>\n<span class=\"wpcf7-form-control-wrap\" data-name=\"text-546\"><input size=\"40\" maxlength=\"400\" class=\"wpcf7-form-control wpcf7-text\" aria-invalid=\"false\" value=\"\" type=\"text\" name=\"text-546\" \/><\/span> <\/label>\n<\/p>\n<p><label> Email:<br \/>\n<span class=\"wpcf7-form-control-wrap\" data-name=\"your-email\"><input size=\"40\" maxlength=\"400\" class=\"wpcf7-form-control wpcf7-email wpcf7-validates-as-required wpcf7-text wpcf7-validates-as-email\" aria-required=\"true\" aria-invalid=\"false\" value=\"\" type=\"email\" name=\"your-email\" \/><\/span> <\/label>\n<\/p>\n<p><label> T\u00e9l\u00e9phone :<br \/>\n<span class=\"wpcf7-form-control-wrap\" data-name=\"tel-102\"><input size=\"40\" maxlength=\"400\" class=\"wpcf7-form-control wpcf7-tel wpcf7-text wpcf7-validates-as-tel\" aria-invalid=\"false\" value=\"\" type=\"tel\" name=\"tel-102\" \/><\/span> <\/label>\n<\/p>\n<p><label> Pays :<br \/>\n<span class=\"wpcf7-form-control-wrap\" data-name=\"text-350\"><input size=\"40\" maxlength=\"400\" class=\"wpcf7-form-control wpcf7-text\" aria-invalid=\"false\" value=\"\" type=\"text\" name=\"text-350\" \/><\/span> <\/label>\n<\/p>\n<p><label> Mat\u00e9riel \u00e0 broyer :<br \/>\n<span class=\"wpcf7-form-control-wrap\" data-name=\"text-230\"><input size=\"40\" maxlength=\"400\" class=\"wpcf7-form-control wpcf7-text\" aria-invalid=\"false\" value=\"Breve description, par exemple : plastique, bois, papier\" type=\"text\" name=\"text-230\" \/><\/span> <\/label>\n<\/p>\n<p><label> Votre message :<br \/>\n<span class=\"wpcf7-form-control-wrap\" data-name=\"your-message\"><textarea cols=\"40\" rows=\"10\" maxlength=\"2000\" class=\"wpcf7-form-control wpcf7-textarea\" aria-invalid=\"false\" name=\"your-message\"><\/textarea><\/span> <\/label>\n<\/p>\n<p><label>Comment nous avez-vous connu ?<\/label><br \/>\n<span class=\"wpcf7-form-control-wrap\" data-name=\"radio-483\"><span class=\"wpcf7-form-control wpcf7-radio\"><span class=\"wpcf7-list-item first\"><input type=\"radio\" name=\"radio-483\" value=\"Recherche sur internet\" checked=\"checked\" \/><span class=\"wpcf7-list-item-label\">Recherche sur internet<\/span><\/span><span class=\"wpcf7-list-item\"><input type=\"radio\" name=\"radio-483\" value=\"R\u00e9seau social (Linkedin, FB, etc..)\" \/><span class=\"wpcf7-list-item-label\">R\u00e9seau social (Linkedin, FB, etc..)<\/span><\/span><span class=\"wpcf7-list-item\"><input type=\"radio\" name=\"radio-483\" value=\"Direct Industry\" \/><span class=\"wpcf7-list-item-label\">Direct Industry<\/span><\/span><span class=\"wpcf7-list-item\"><input type=\"radio\" name=\"radio-483\" value=\"Bouche-\u00e0-oreille\" \/><span class=\"wpcf7-list-item-label\">Bouche-\u00e0-oreille<\/span><\/span><span class=\"wpcf7-list-item\"><input type=\"radio\" name=\"radio-483\" value=\"D\u00e9j\u00e0 client\/recommandation\" \/><span class=\"wpcf7-list-item-label\">D\u00e9j\u00e0 client\/recommandation<\/span><\/span><span class=\"wpcf7-list-item last\"><input type=\"radio\" name=\"radio-483\" value=\"Autre\" \/><span class=\"wpcf7-list-item-label\">Autre<\/span><\/span><\/span><\/span>\n<\/p>\n<p style=\"font-size:14px; padding-top:10px;\">[mailpoetsignup mailpoetsignup-132 list:4 \"Je souhaite m\u2019abonner \u00e0 la Newsletter et recevoir les offres sp\u00e9ciales, nouveaut\u00e9s produit et actualit\u00e9s.\"]\n<\/p>\n<p style=\"font-size:14px;\"><span class=\"wpcf7-form-control-wrap\" data-name=\"acceptance-219\"><span class=\"wpcf7-form-control wpcf7-acceptance\"><span class=\"wpcf7-list-item\"><input type=\"checkbox\" name=\"acceptance-219\" value=\"1\" aria-invalid=\"false\" \/><\/span><\/span><\/span> J\u2019ai lu la <b><a href=\"\/\/www.iubenda.com\/privacy-policy\/8079335\" class=\"iubenda-nostyle no-brand iubenda-embed\" title=\"Privacy Policy\">Politique de Confidentialit\u00e9<\/a><script type=\"text\/javascript\">(function (w,d) {var loader = function () {var s = d.createElement(\"script\"), tag = d.getElementsByTagName(\"script\")[0]; s.src = \"\/\/cdn.iubenda.com\/iubenda.js\"; tag.parentNode.insertBefore(s,tag);}; if(w.addEventListener){w.addEventListener(\"load\", loader, false);}else if(w.attachEvent){w.attachEvent(\"onload\", loader);}else{w.onload = loader;}})(window, document);<\/script><\/b> (conforme au D\u00e9cret L\u00e9gislatif italien D.Lgs 196\/03) et j\u2019autorise le traitement des donn\u00e9es \u00e0 caract\u00e8re personnel \u00e0 des fins et pour des actions express\u00e9ment indiqu\u00e9es.\n<\/p>\n<p><input class=\"wpcf7-form-control wpcf7-submit has-spinner\" type=\"submit\" value=\"Envoyer\" \/>\n<\/p><p style=\"display: none !important;\" class=\"akismet-fields-container\" data-prefix=\"_wpcf7_ak_\"><label>&#916;<textarea name=\"_wpcf7_ak_hp_textarea\" cols=\"45\" rows=\"8\" maxlength=\"100\"><\/textarea><\/label><input type=\"hidden\" id=\"ak_js_1\" name=\"_wpcf7_ak_js\" value=\"172\"\/><script>document.getElementById( \"ak_js_1\" ).setAttribute( \"value\", ( new Date() ).getTime() );<\/script><\/p><div class=\"wpcf7-response-output\" aria-hidden=\"true\"><\/div>\n<\/form>\n<\/div>\n[vc_separator type=\u00a0\u00bbtransparent\u00a0\u00bb up=\u00a0\u00bb40&Prime; down=\u00a0\u00bb0&Prime;][\/vc_column][vc_column width=\u00a0\u00bb1\/2&Prime; css=\u00a0\u00bb.vc_custom_1472203317386{padding-right: 30px !important;padding-left: 30px !important;}\u00a0\u00bb][vc_separator type=\u00a0\u00bbtransparent\u00a0\u00bb up=\u00a0\u00bb22&Prime; down=\u00a0\u00bb0&Prime;][vc_column_text]<\/p>\n<h4>SatrindTech Srl<\/h4>\n<p>[\/vc_column_text][vc_separator type=\u00a0\u00bbtransparent\u00a0\u00bb up=\u00a0\u00bb22&Prime; down=\u00a0\u00bb0&Prime;][vc_column_text]Via Monfalcone, 122 &#8211; 20004 &#8211; Arluno (MI) &#8211; Italie<\/p>\n<p><strong>T\u00e9l\u00e9phone\u00a0<\/strong>+39 (02) 9037 6683<br \/>\n<strong>Fax<\/strong> +39 (02) 9037 6721<br \/>\n<strong>E-mail<\/strong>: <a href=\"mailto:info@satrindtech.com\">info@satrindtech.com<\/a><\/p>\n<p><strong>VAT<\/strong>: IT08360060969[\/vc_column_text][vc_separator type=\u00a0\u00bbtransparent\u00a0\u00bb up=\u00a0\u00bb40&Prime; down=\u00a0\u00bb0&Prime;][\/vc_column][\/vc_row][vc_row css_animation=\u00a0\u00bb\u00a0\u00bb row_type=\u00a0\u00bbrow\u00a0\u00bb use_row_as_full_screen_section=\u00a0\u00bbno\u00a0\u00bb type=\u00a0\u00bbfull_width\u00a0\u00bb angled_section=\u00a0\u00bbno\u00a0\u00bb text_align=\u00a0\u00bbleft\u00a0\u00bb background_image_as_pattern=\u00a0\u00bbwithout_pattern\u00a0\u00bb][vc_column]<div class='google_map_shortcode_holder' style='height:520px;'><div class='qode_google_map' style='height:520px;' id='map_canvas_23082' data-addresses='[\"Via Monfalcone, 122 - Arluno (MI) - Italie\"]' data-custom-map-style='true' data-color-overlay='#393939' data-saturation='-100' data-lightness='20' data-zoom='11' data-pin='https:\/\/satrindtech.com\/wp-content\/uploads\/2015\/05\/pin-1.png' data-unique-id='23082' data-google-maps-scroll-wheel='false' data-map-height='520'><\/div><div class='google_map_shortcode_overlay'><\/div><\/div>[\/vc_column][\/vc_row]<\/p>\n<\/div>","protected":false},"excerpt":{"rendered":"<p>[vc_row css_animation=\u00a0\u00bb\u00a0\u00bb row_type=\u00a0\u00bbrow\u00a0\u00bb use_row_as_full_screen_section=\u00a0\u00bbno\u00a0\u00bb type=\u00a0\u00bbgrid\u00a0\u00bb angled_section=\u00a0\u00bbno\u00a0\u00bb text_align=\u00a0\u00bbleft\u00a0\u00bb background_image_as_pattern=\u00a0\u00bbwithout_pattern\u00a0\u00bb padding_top=\u00a0\u00bb80&Prime; padding_bottom=\u00a0\u00bb49&Prime;][vc_column width=\u00a0\u00bb1\/2&Prime;][vc_separator type=\u00a0\u00bbtransparent\u00a0\u00bb up=\u00a0\u00bb22&Prime; down=\u00a0\u00bb0&Prime;][vc_column_text] Comment&#8230;<\/p>\n","protected":false},"author":1,"featured_media":0,"parent":0,"menu_order":0,"comment_status":"open","ping_status":"open","template":"full_width.php","meta":{"_acf_changed":false,"inline_featured_image":false,"footnotes":""},"class_list":["post-20186","page","type-page","status-publish","hentry"],"acf":[],"yoast_head":"<!-- This site is optimized with the Yoast SEO Premium plugin v26.3 (Yoast SEO v27.2) - https:\/\/yoast.com\/product\/yoast-seo-premium-wordpress\/ -->\n<title>Contact et adresse \u00e0 Arluno (Milan, Italie) | SatrindTech Srl<\/title>\n<meta name=\"description\" content=\"Retrouvez sur notre site internet toutes les informations n\u00e9cessaires : adresse et localisation de nos bureaux et de notre usine\" \/>\n<meta name=\"robots\" content=\"index, follow, max-snippet:-1, max-image-preview:large, max-video-preview:-1\" \/>\n<link rel=\"canonical\" href=\"https:\/\/satrindtech.com\/fr\/contact\/\" \/>\n<meta property=\"og:locale\" content=\"fr_FR\" \/>\n<meta property=\"og:type\" content=\"article\" \/>\n<meta property=\"og:title\" content=\"Contact\" \/>\n<meta property=\"og:description\" content=\"Retrouvez sur notre site internet toutes les informations n\u00e9cessaires : adresse et localisation de nos bureaux et de notre usine\" \/>\n<meta property=\"og:url\" content=\"https:\/\/satrindtech.com\/fr\/contact\/\" \/>\n<meta property=\"og:site_name\" content=\"SatrindTech Srl\" \/>\n<meta property=\"article:publisher\" content=\"https:\/\/www.facebook.com\/Satrindtech\" \/>\n<meta property=\"article:modified_time\" content=\"2022-01-04T15:05:29+00:00\" \/>\n<meta name=\"twitter:card\" content=\"summary_large_image\" \/>\n<meta name=\"twitter:site\" content=\"@SatrindTech\" \/>\n<meta name=\"twitter:label1\" content=\"Dur\u00e9e de lecture estim\u00e9e\" \/>\n\t<meta name=\"twitter:data1\" content=\"1 minute\" \/>\n<script type=\"application\/ld+json\" class=\"yoast-schema-graph\">{\"@context\":\"https:\/\/schema.org\",\"@graph\":[{\"@type\":\"WebPage\",\"@id\":\"https:\/\/satrindtech.com\/fr\/contact\/\",\"url\":\"https:\/\/satrindtech.com\/fr\/contact\/\",\"name\":\"Contact et adresse \u00e0 Arluno (Milan, Italie) | SatrindTech Srl\",\"isPartOf\":{\"@id\":\"https:\/\/satrindtech.com\/en\/#website\"},\"datePublished\":\"2015-05-29T07:21:30+00:00\",\"dateModified\":\"2022-01-04T15:05:29+00:00\",\"description\":\"Retrouvez sur notre site internet toutes les informations n\u00e9cessaires : adresse et localisation de nos bureaux et de notre usine\",\"breadcrumb\":{\"@id\":\"https:\/\/satrindtech.com\/fr\/contact\/#breadcrumb\"},\"inLanguage\":\"fr-FR\",\"potentialAction\":[{\"@type\":\"ReadAction\",\"target\":[\"https:\/\/satrindtech.com\/fr\/contact\/\"]}]},{\"@type\":\"BreadcrumbList\",\"@id\":\"https:\/\/satrindtech.com\/fr\/contact\/#breadcrumb\",\"itemListElement\":[{\"@type\":\"ListItem\",\"position\":1,\"name\":\"Home\",\"item\":\"https:\/\/satrindtech.com\/fr\/\"},{\"@type\":\"ListItem\",\"position\":2,\"name\":\"Contact\"}]},{\"@type\":\"WebSite\",\"@id\":\"https:\/\/satrindtech.com\/en\/#website\",\"url\":\"https:\/\/satrindtech.com\/en\/\",\"name\":\"SatrindTech Srl\",\"description\":\"Manufacturer of shredders, crushers, grinders and shredding plants\",\"publisher\":{\"@id\":\"https:\/\/satrindtech.com\/en\/#organization\"},\"potentialAction\":[{\"@type\":\"SearchAction\",\"target\":{\"@type\":\"EntryPoint\",\"urlTemplate\":\"https:\/\/satrindtech.com\/en\/?s={search_term_string}\"},\"query-input\":{\"@type\":\"PropertyValueSpecification\",\"valueRequired\":true,\"valueName\":\"search_term_string\"}}],\"inLanguage\":\"fr-FR\"},{\"@type\":\"Organization\",\"@id\":\"https:\/\/satrindtech.com\/en\/#organization\",\"name\":\"SatrindTech Srl\",\"url\":\"https:\/\/satrindtech.com\/en\/\",\"logo\":{\"@type\":\"ImageObject\",\"inLanguage\":\"fr-FR\",\"@id\":\"https:\/\/satrindtech.com\/en\/#\/schema\/logo\/image\/\",\"url\":\"http:\/\/satrindtech.com\/wp-content\/uploads\/2017\/02\/Logo_Satrindtech2015_square.jpg\",\"contentUrl\":\"http:\/\/satrindtech.com\/wp-content\/uploads\/2017\/02\/Logo_Satrindtech2015_square.jpg\",\"width\":531,\"height\":531,\"caption\":\"SatrindTech Srl\"},\"image\":{\"@id\":\"https:\/\/satrindtech.com\/en\/#\/schema\/logo\/image\/\"},\"sameAs\":[\"https:\/\/www.facebook.com\/Satrindtech\",\"https:\/\/x.com\/SatrindTech\",\"https:\/\/www.instagram.com\/SatrindTech\/\",\"https:\/\/www.linkedin.com\/company\/satrindtech\",\"https:\/\/www.youtube.com\/c\/satrindtech\"]}]}<\/script>\n<!-- \/ Yoast SEO Premium plugin. -->","yoast_head_json":{"title":"Contact et adresse \u00e0 Arluno (Milan, Italie) | SatrindTech Srl","description":"Retrouvez sur notre site internet toutes les informations n\u00e9cessaires : adresse et localisation de nos bureaux et de notre usine","robots":{"index":"index","follow":"follow","max-snippet":"max-snippet:-1","max-image-preview":"max-image-preview:large","max-video-preview":"max-video-preview:-1"},"canonical":"https:\/\/satrindtech.com\/fr\/contact\/","og_locale":"fr_FR","og_type":"article","og_title":"Contact","og_description":"Retrouvez sur notre site internet toutes les informations n\u00e9cessaires : adresse et localisation de nos bureaux et de notre usine","og_url":"https:\/\/satrindtech.com\/fr\/contact\/","og_site_name":"SatrindTech Srl","article_publisher":"https:\/\/www.facebook.com\/Satrindtech","article_modified_time":"2022-01-04T15:05:29+00:00","twitter_card":"summary_large_image","twitter_site":"@SatrindTech","twitter_misc":{"Dur\u00e9e de lecture estim\u00e9e":"1 minute"},"schema":{"@context":"https:\/\/schema.org","@graph":[{"@type":"WebPage","@id":"https:\/\/satrindtech.com\/fr\/contact\/","url":"https:\/\/satrindtech.com\/fr\/contact\/","name":"Contact et adresse \u00e0 Arluno (Milan, Italie) | SatrindTech Srl","isPartOf":{"@id":"https:\/\/satrindtech.com\/en\/#website"},"datePublished":"2015-05-29T07:21:30+00:00","dateModified":"2022-01-04T15:05:29+00:00","description":"Retrouvez sur notre site internet toutes les informations n\u00e9cessaires : adresse et localisation de nos bureaux et de notre usine","breadcrumb":{"@id":"https:\/\/satrindtech.com\/fr\/contact\/#breadcrumb"},"inLanguage":"fr-FR","potentialAction":[{"@type":"ReadAction","target":["https:\/\/satrindtech.com\/fr\/contact\/"]}]},{"@type":"BreadcrumbList","@id":"https:\/\/satrindtech.com\/fr\/contact\/#breadcrumb","itemListElement":[{"@type":"ListItem","position":1,"name":"Home","item":"https:\/\/satrindtech.com\/fr\/"},{"@type":"ListItem","position":2,"name":"Contact"}]},{"@type":"WebSite","@id":"https:\/\/satrindtech.com\/en\/#website","url":"https:\/\/satrindtech.com\/en\/","name":"SatrindTech Srl","description":"Manufacturer of shredders, crushers, grinders and shredding plants","publisher":{"@id":"https:\/\/satrindtech.com\/en\/#organization"},"potentialAction":[{"@type":"SearchAction","target":{"@type":"EntryPoint","urlTemplate":"https:\/\/satrindtech.com\/en\/?s={search_term_string}"},"query-input":{"@type":"PropertyValueSpecification","valueRequired":true,"valueName":"search_term_string"}}],"inLanguage":"fr-FR"},{"@type":"Organization","@id":"https:\/\/satrindtech.com\/en\/#organization","name":"SatrindTech Srl","url":"https:\/\/satrindtech.com\/en\/","logo":{"@type":"ImageObject","inLanguage":"fr-FR","@id":"https:\/\/satrindtech.com\/en\/#\/schema\/logo\/image\/","url":"http:\/\/satrindtech.com\/wp-content\/uploads\/2017\/02\/Logo_Satrindtech2015_square.jpg","contentUrl":"http:\/\/satrindtech.com\/wp-content\/uploads\/2017\/02\/Logo_Satrindtech2015_square.jpg","width":531,"height":531,"caption":"SatrindTech Srl"},"image":{"@id":"https:\/\/satrindtech.com\/en\/#\/schema\/logo\/image\/"},"sameAs":["https:\/\/www.facebook.com\/Satrindtech","https:\/\/x.com\/SatrindTech","https:\/\/www.instagram.com\/SatrindTech\/","https:\/\/www.linkedin.com\/company\/satrindtech","https:\/\/www.youtube.com\/c\/satrindtech"]}]}},"_links":{"self":[{"href":"https:\/\/satrindtech.com\/fr\/wp-json\/wp\/v2\/pages\/20186","targetHints":{"allow":["GET"]}}],"collection":[{"href":"https:\/\/satrindtech.com\/fr\/wp-json\/wp\/v2\/pages"}],"about":[{"href":"https:\/\/satrindtech.com\/fr\/wp-json\/wp\/v2\/types\/page"}],"author":[{"embeddable":true,"href":"https:\/\/satrindtech.com\/fr\/wp-json\/wp\/v2\/users\/1"}],"replies":[{"embeddable":true,"href":"https:\/\/satrindtech.com\/fr\/wp-json\/wp\/v2\/comments?post=20186"}],"version-history":[{"count":0,"href":"https:\/\/satrindtech.com\/fr\/wp-json\/wp\/v2\/pages\/20186\/revisions"}],"wp:attachment":[{"href":"https:\/\/satrindtech.com\/fr\/wp-json\/wp\/v2\/media?parent=20186"}],"curies":[{"name":"wp","href":"https:\/\/api.w.org\/{rel}","templated":true}]}}