{"id":20181,"date":"2016-10-06T14:48:03","date_gmt":"2016-10-06T12:48:03","guid":{"rendered":"http:\/\/www.satrindtech.com\/fr\/shredder-operating\/"},"modified":"2017-11-10T15:12:50","modified_gmt":"2017-11-10T14:12:50","slug":"fonctionnement-broyeurs","status":"publish","type":"page","link":"https:\/\/satrindtech.com\/fr\/fonctionnement-broyeurs\/","title":{"rendered":"Les services +"},"content":{"rendered":"<div class=\"wpb-content-wrapper\"><p>[vc_row row_type=\u00a0\u00bbrow\u00a0\u00bb use_row_as_full_screen_section=\u00a0\u00bbno\u00a0\u00bb type=\u00a0\u00bbgrid\u00a0\u00bb angled_section=\u00a0\u00bbyes\u00a0\u00bb angled_section_position=\u00a0\u00bbbottom\u00a0\u00bb angled_section_direction=\u00a0\u00bbfrom_right_to_left\u00a0\u00bb text_align=\u00a0\u00bbleft\u00a0\u00bb background_image_as_pattern=\u00a0\u00bbwithout_pattern\u00a0\u00bb padding_top=\u00a0\u00bb20&Prime; css_animation=\u00a0\u00bb\u00a0\u00bb][vc_column][vc_separator type=\u00a0\u00bbtransparent\u00a0\u00bb up=\u00a0\u00bb120&Prime; down=\u00a0\u00bb0&Prime;][vc_column_text]<\/p>\n<h3>Les services +<\/h3>\n<p>[\/vc_column_text][vc_separator type=\u00a0\u00bbtransparent\u00a0\u00bb up=\u00a0\u00bb27&Prime; down=\u00a0\u00bb0&Prime;][vc_row_inner row_type=\u00a0\u00bbrow\u00a0\u00bb type=\u00a0\u00bbfull_width\u00a0\u00bb text_align=\u00a0\u00bbleft\u00a0\u00bb css_animation=\u00a0\u00bb\u00a0\u00bb][vc_column_inner][vc_column_text]<strong>Documentation<\/strong><\/p>\n<p>Des copies des documents originaux relatifs \u00e0 nos broyeurs (manuels d&rsquo;utilisation, certifications et listes des pi\u00e8ces de rechange) sont disponibles en cas de besoin.<\/p>\n<p><strong>Machines d&rsquo;occasion<\/strong><\/p>\n<p>Vous voulez revendre votre broyeur? Appelez-nous, nous pourrions \u00eatre int\u00e9ress\u00e9s.<br \/>\nNos machines d&rsquo;occasion propos\u00e9es \u00e0 la vente sont enti\u00e8rement r\u00e9nov\u00e9es dans le respect des normes de s\u00e9curit\u00e9 actuelles.<\/p>\n<p><strong>Help Desk<\/strong><\/p>\n<p>Notre Service Apr\u00e8s-Vente propose une assistance technique \u00e0 distance dans les meilleurs d\u00e9lais, pour soutenir nos clients. Ils b\u00e9n\u00e9ficient ainsi d\u2019un service de d\u00e9pannage personnalis\u00e9.<\/p>\n<p><strong>Formation<\/strong><\/p>\n<p>L&rsquo;\u00e9quipe d&rsquo;ing\u00e9nieurs qui compose notre Service Apr\u00e8s-Vente est r\u00e9guli\u00e8rement form\u00e9e \u00e0 la maintenance et \u00e0 l&rsquo;assistance technique sur les machines.<\/p>\n<p>Des formations techniques sur-mesure peuvent \u00eatre organis\u00e9es pour le personnel de maintenance de nos clients et partenaires, soit dans notre atelier, soit en interne chez le client.<\/p>\n<p>Veuillez nous contacter pour plus d\u2019information sur nos formations.[\/vc_column_text][\/vc_column_inner][\/vc_row_inner][vc_separator type=\u00a0\u00bbtransparent\u00a0\u00bb up=\u00a0\u00bb120&Prime; down=\u00a0\u00bb0&Prime;][\/vc_column][\/vc_row]<\/p>\n<\/div>","protected":false},"excerpt":{"rendered":"<p>[vc_row row_type=\u00a0\u00bbrow\u00a0\u00bb use_row_as_full_screen_section=\u00a0\u00bbno\u00a0\u00bb type=\u00a0\u00bbgrid\u00a0\u00bb angled_section=\u00a0\u00bbyes\u00a0\u00bb angled_section_position=\u00a0\u00bbbottom\u00a0\u00bb angled_section_direction=\u00a0\u00bbfrom_right_to_left\u00a0\u00bb text_align=\u00a0\u00bbleft\u00a0\u00bb background_image_as_pattern=\u00a0\u00bbwithout_pattern\u00a0\u00bb padding_top=\u00a0\u00bb20&Prime; css_animation=\u00a0\u00bb\u00a0\u00bb][vc_column][vc_separator type=\u00a0\u00bbtransparent\u00a0\u00bb up=\u00a0\u00bb120&Prime; down=\u00a0\u00bb0&Prime;][vc_column_text] Les&#8230;<\/p>\n","protected":false},"author":1,"featured_media":0,"parent":0,"menu_order":0,"comment_status":"open","ping_status":"closed","template":"full_width.php","meta":{"_acf_changed":false,"inline_featured_image":false,"footnotes":""},"class_list":["post-20181","page","type-page","status-publish","hentry"],"acf":[],"yoast_head":"<!-- This site is optimized with the Yoast SEO Premium plugin v26.3 (Yoast SEO v27.4) - https:\/\/yoast.com\/product\/yoast-seo-premium-wordpress\/ -->\n<title>Fonctionnement-broyeurs sous garantie | SatrindTech-France Group SEREX<\/title>\n<meta name=\"description\" content=\"Fonctionnement-broyeurs nos clients b\u00e9n\u00e9ficient d\u2019un help desk \u00e0 distance, de manuels d\u2019utilisation et de formations personnalis\u00e9es\" \/>\n<meta name=\"robots\" content=\"index, follow, max-snippet:-1, max-image-preview:large, max-video-preview:-1\" \/>\n<link rel=\"canonical\" href=\"https:\/\/satrindtech.com\/fr\/fonctionnement-broyeurs\/\" \/>\n<meta property=\"og:locale\" content=\"fr_FR\" \/>\n<meta property=\"og:type\" content=\"article\" \/>\n<meta property=\"og:title\" content=\"Les services +\" \/>\n<meta property=\"og:description\" content=\"Fonctionnement-broyeurs nos clients b\u00e9n\u00e9ficient d\u2019un help desk \u00e0 distance, de manuels d\u2019utilisation et de formations personnalis\u00e9es\" \/>\n<meta property=\"og:url\" content=\"https:\/\/satrindtech.com\/fr\/fonctionnement-broyeurs\/\" \/>\n<meta property=\"og:site_name\" content=\"SatrindTech Srl\" \/>\n<meta property=\"article:publisher\" content=\"https:\/\/www.facebook.com\/Satrindtech\" \/>\n<meta property=\"article:modified_time\" content=\"2017-11-10T14:12:50+00:00\" \/>\n<meta name=\"twitter:card\" content=\"summary_large_image\" \/>\n<meta name=\"twitter:site\" content=\"@SatrindTech\" \/>\n<meta name=\"twitter:label1\" content=\"Dur\u00e9e de lecture estim\u00e9e\" \/>\n\t<meta name=\"twitter:data1\" content=\"1 minute\" \/>\n<script type=\"application\/ld+json\" class=\"yoast-schema-graph\">{\"@context\":\"https:\\\/\\\/schema.org\",\"@graph\":[{\"@type\":\"WebPage\",\"@id\":\"https:\\\/\\\/satrindtech.com\\\/fr\\\/fonctionnement-broyeurs\\\/\",\"url\":\"https:\\\/\\\/satrindtech.com\\\/fr\\\/fonctionnement-broyeurs\\\/\",\"name\":\"Fonctionnement-broyeurs sous garantie | SatrindTech-France Group SEREX\",\"isPartOf\":{\"@id\":\"https:\\\/\\\/satrindtech.com\\\/en\\\/#website\"},\"datePublished\":\"2016-10-06T12:48:03+00:00\",\"dateModified\":\"2017-11-10T14:12:50+00:00\",\"description\":\"Fonctionnement-broyeurs nos clients b\u00e9n\u00e9ficient d\u2019un help desk \u00e0 distance, de manuels d\u2019utilisation et de formations personnalis\u00e9es\",\"breadcrumb\":{\"@id\":\"https:\\\/\\\/satrindtech.com\\\/fr\\\/fonctionnement-broyeurs\\\/#breadcrumb\"},\"inLanguage\":\"fr-FR\",\"potentialAction\":[{\"@type\":\"ReadAction\",\"target\":[\"https:\\\/\\\/satrindtech.com\\\/fr\\\/fonctionnement-broyeurs\\\/\"]}]},{\"@type\":\"BreadcrumbList\",\"@id\":\"https:\\\/\\\/satrindtech.com\\\/fr\\\/fonctionnement-broyeurs\\\/#breadcrumb\",\"itemListElement\":[{\"@type\":\"ListItem\",\"position\":1,\"name\":\"Home\",\"item\":\"https:\\\/\\\/satrindtech.com\\\/fr\\\/\"},{\"@type\":\"ListItem\",\"position\":2,\"name\":\"Les services +\"}]},{\"@type\":\"WebSite\",\"@id\":\"https:\\\/\\\/satrindtech.com\\\/en\\\/#website\",\"url\":\"https:\\\/\\\/satrindtech.com\\\/en\\\/\",\"name\":\"SatrindTech Srl\",\"description\":\"Manufacturer of shredders, crushers, grinders and shredding plants\",\"publisher\":{\"@id\":\"https:\\\/\\\/satrindtech.com\\\/en\\\/#organization\"},\"potentialAction\":[{\"@type\":\"SearchAction\",\"target\":{\"@type\":\"EntryPoint\",\"urlTemplate\":\"https:\\\/\\\/satrindtech.com\\\/en\\\/?s={search_term_string}\"},\"query-input\":{\"@type\":\"PropertyValueSpecification\",\"valueRequired\":true,\"valueName\":\"search_term_string\"}}],\"inLanguage\":\"fr-FR\"},{\"@type\":\"Organization\",\"@id\":\"https:\\\/\\\/satrindtech.com\\\/en\\\/#organization\",\"name\":\"SatrindTech Srl\",\"url\":\"https:\\\/\\\/satrindtech.com\\\/en\\\/\",\"logo\":{\"@type\":\"ImageObject\",\"inLanguage\":\"fr-FR\",\"@id\":\"https:\\\/\\\/satrindtech.com\\\/en\\\/#\\\/schema\\\/logo\\\/image\\\/\",\"url\":\"http:\\\/\\\/satrindtech.com\\\/wp-content\\\/uploads\\\/2017\\\/02\\\/Logo_Satrindtech2015_square.jpg\",\"contentUrl\":\"http:\\\/\\\/satrindtech.com\\\/wp-content\\\/uploads\\\/2017\\\/02\\\/Logo_Satrindtech2015_square.jpg\",\"width\":531,\"height\":531,\"caption\":\"SatrindTech Srl\"},\"image\":{\"@id\":\"https:\\\/\\\/satrindtech.com\\\/en\\\/#\\\/schema\\\/logo\\\/image\\\/\"},\"sameAs\":[\"https:\\\/\\\/www.facebook.com\\\/Satrindtech\",\"https:\\\/\\\/x.com\\\/SatrindTech\",\"https:\\\/\\\/www.instagram.com\\\/SatrindTech\\\/\",\"https:\\\/\\\/www.linkedin.com\\\/company\\\/satrindtech\",\"https:\\\/\\\/www.youtube.com\\\/c\\\/satrindtech\"]}]}<\/script>\n<!-- \/ Yoast SEO Premium plugin. -->","yoast_head_json":{"title":"Fonctionnement-broyeurs sous garantie | SatrindTech-France Group SEREX","description":"Fonctionnement-broyeurs nos clients b\u00e9n\u00e9ficient d\u2019un help desk \u00e0 distance, de manuels d\u2019utilisation et de formations personnalis\u00e9es","robots":{"index":"index","follow":"follow","max-snippet":"max-snippet:-1","max-image-preview":"max-image-preview:large","max-video-preview":"max-video-preview:-1"},"canonical":"https:\/\/satrindtech.com\/fr\/fonctionnement-broyeurs\/","og_locale":"fr_FR","og_type":"article","og_title":"Les services +","og_description":"Fonctionnement-broyeurs nos clients b\u00e9n\u00e9ficient d\u2019un help desk \u00e0 distance, de manuels d\u2019utilisation et de formations personnalis\u00e9es","og_url":"https:\/\/satrindtech.com\/fr\/fonctionnement-broyeurs\/","og_site_name":"SatrindTech Srl","article_publisher":"https:\/\/www.facebook.com\/Satrindtech","article_modified_time":"2017-11-10T14:12:50+00:00","twitter_card":"summary_large_image","twitter_site":"@SatrindTech","twitter_misc":{"Dur\u00e9e de lecture estim\u00e9e":"1 minute"},"schema":{"@context":"https:\/\/schema.org","@graph":[{"@type":"WebPage","@id":"https:\/\/satrindtech.com\/fr\/fonctionnement-broyeurs\/","url":"https:\/\/satrindtech.com\/fr\/fonctionnement-broyeurs\/","name":"Fonctionnement-broyeurs sous garantie | SatrindTech-France Group SEREX","isPartOf":{"@id":"https:\/\/satrindtech.com\/en\/#website"},"datePublished":"2016-10-06T12:48:03+00:00","dateModified":"2017-11-10T14:12:50+00:00","description":"Fonctionnement-broyeurs nos clients b\u00e9n\u00e9ficient d\u2019un help desk \u00e0 distance, de manuels d\u2019utilisation et de formations personnalis\u00e9es","breadcrumb":{"@id":"https:\/\/satrindtech.com\/fr\/fonctionnement-broyeurs\/#breadcrumb"},"inLanguage":"fr-FR","potentialAction":[{"@type":"ReadAction","target":["https:\/\/satrindtech.com\/fr\/fonctionnement-broyeurs\/"]}]},{"@type":"BreadcrumbList","@id":"https:\/\/satrindtech.com\/fr\/fonctionnement-broyeurs\/#breadcrumb","itemListElement":[{"@type":"ListItem","position":1,"name":"Home","item":"https:\/\/satrindtech.com\/fr\/"},{"@type":"ListItem","position":2,"name":"Les services +"}]},{"@type":"WebSite","@id":"https:\/\/satrindtech.com\/en\/#website","url":"https:\/\/satrindtech.com\/en\/","name":"SatrindTech Srl","description":"Manufacturer of shredders, crushers, grinders and shredding plants","publisher":{"@id":"https:\/\/satrindtech.com\/en\/#organization"},"potentialAction":[{"@type":"SearchAction","target":{"@type":"EntryPoint","urlTemplate":"https:\/\/satrindtech.com\/en\/?s={search_term_string}"},"query-input":{"@type":"PropertyValueSpecification","valueRequired":true,"valueName":"search_term_string"}}],"inLanguage":"fr-FR"},{"@type":"Organization","@id":"https:\/\/satrindtech.com\/en\/#organization","name":"SatrindTech Srl","url":"https:\/\/satrindtech.com\/en\/","logo":{"@type":"ImageObject","inLanguage":"fr-FR","@id":"https:\/\/satrindtech.com\/en\/#\/schema\/logo\/image\/","url":"http:\/\/satrindtech.com\/wp-content\/uploads\/2017\/02\/Logo_Satrindtech2015_square.jpg","contentUrl":"http:\/\/satrindtech.com\/wp-content\/uploads\/2017\/02\/Logo_Satrindtech2015_square.jpg","width":531,"height":531,"caption":"SatrindTech Srl"},"image":{"@id":"https:\/\/satrindtech.com\/en\/#\/schema\/logo\/image\/"},"sameAs":["https:\/\/www.facebook.com\/Satrindtech","https:\/\/x.com\/SatrindTech","https:\/\/www.instagram.com\/SatrindTech\/","https:\/\/www.linkedin.com\/company\/satrindtech","https:\/\/www.youtube.com\/c\/satrindtech"]}]}},"_links":{"self":[{"href":"https:\/\/satrindtech.com\/fr\/wp-json\/wp\/v2\/pages\/20181","targetHints":{"allow":["GET"]}}],"collection":[{"href":"https:\/\/satrindtech.com\/fr\/wp-json\/wp\/v2\/pages"}],"about":[{"href":"https:\/\/satrindtech.com\/fr\/wp-json\/wp\/v2\/types\/page"}],"author":[{"embeddable":true,"href":"https:\/\/satrindtech.com\/fr\/wp-json\/wp\/v2\/users\/1"}],"replies":[{"embeddable":true,"href":"https:\/\/satrindtech.com\/fr\/wp-json\/wp\/v2\/comments?post=20181"}],"version-history":[{"count":0,"href":"https:\/\/satrindtech.com\/fr\/wp-json\/wp\/v2\/pages\/20181\/revisions"}],"wp:attachment":[{"href":"https:\/\/satrindtech.com\/fr\/wp-json\/wp\/v2\/media?parent=20181"}],"curies":[{"name":"wp","href":"https:\/\/api.w.org\/{rel}","templated":true}]}}