{"id":20170,"date":"2016-10-06T12:49:53","date_gmt":"2016-10-06T10:49:53","guid":{"rendered":"http:\/\/www.satrindtech.com\/fr\/3-shaft-shredders\/"},"modified":"2022-01-04T15:32:16","modified_gmt":"2022-01-04T14:32:16","slug":"broyeurs-3-arbres","status":"publish","type":"page","link":"https:\/\/satrindtech.com\/fr\/broyeurs-3-arbres\/","title":{"rendered":"BROYEURS 3 ARBRES"},"content":{"rendered":"<div class=\"wpb-content-wrapper\"><p>[vc_row css_animation=\u00a0\u00bb\u00a0\u00bb row_type=\u00a0\u00bbrow\u00a0\u00bb use_row_as_full_screen_section=\u00a0\u00bbno\u00a0\u00bb type=\u00a0\u00bbgrid\u00a0\u00bb angled_section=\u00a0\u00bbno\u00a0\u00bb text_align=\u00a0\u00bbleft\u00a0\u00bb background_image_as_pattern=\u00a0\u00bbwithout_pattern\u00a0\u00bb padding_top=\u00a0\u00bb20&Prime; padding_bottom=\u00a0\u00bb0&Prime;][vc_column][vc_row_inner row_type=\u00a0\u00bbrow\u00a0\u00bb type=\u00a0\u00bbgrid\u00a0\u00bb text_align=\u00a0\u00bbleft\u00a0\u00bb padding_top=\u00a0\u00bb30&Prime; padding_bottom=\u00a0\u00bb60&Prime; css_animation=\u00a0\u00bbelement_from_fade\u00a0\u00bb transition_delay=\u00a0\u00bb0.8&Prime;][vc_column_inner][vc_separator type=\u00a0\u00bbtransparent\u00a0\u00bb up=\u00a0\u00bb15&Prime; down=\u00a0\u00bb0&Prime;][vc_column_text]<\/p>\n<h2>BROYEURS-3-ARBRES<\/h2>\n<p>[\/vc_column_text][vc_separator type=\u00a0\u00bbtransparent\u00a0\u00bb up=\u00a0\u00bb35&Prime; down=\u00a0\u00bb0&Prime;][vc_column_text]Une large gamme de broyeurs-3-arbres \u00e0 moteur \u00e9lectrique et hydraulique.<\/p>\n<p>&nbsp;<\/p>\n<p>Les broyeurs-trois-arbres \u00e0 moteur-\u00e9lectrique sont \u00e9quip\u00e9s d\u2019un crible \u00e9pais plac\u00e9 sous la chambre de coupe pour garantir une taille de broyat calibr\u00e9e avec trois diam\u00e8tres au choix :<\/p>\n<p>&nbsp;<\/p>\n<ul>\n<li>Broyeurs entra\u00een\u00e9s par deux ou trois moteurs \u00e9lectriques, utilis\u00e9s dans diff\u00e9rents domaines d\u2019application.<\/li>\n<li>Solutions avec crible pour garantir une taille de broyat calibr\u00e9e avec trois diam\u00e8tres au choix<\/li>\n<li>Plusieurs configurations portant sur les dimensions de la chambre de coupe, le type et la largeur des couteaux, le diam\u00e8tre du crible, permettent d\u2019adapter chaque machine aux attentes de chaque client.<\/li>\n<\/ul>\n<p>&nbsp;<\/p>\n<p>Les broyeurs-trois-arbres \u00e0 moteur-hydraulique sont \u00e9quip\u00e9s d\u2019un crible en acier afin d\u2019obtenir une taille uniforme du mat\u00e9riau trait\u00e9 :<\/p>\n<p>&nbsp;<\/p>\n<ul>\n<li>Crible extractible innovant install\u00e9 sur les mod\u00e8les de la s\u00e9rie R, permet d&rsquo;effectuer des op\u00e9rations de maintenance quotidienne avec plus de facilit\u00e9.<\/li>\n<li>Grands mod\u00e8les de broyeurs entra\u00een\u00e9s par des moteurs hydrauliques rapides adapt\u00e9s au traitement de mat\u00e9riaux lourds et r\u00e9sistants.<\/li>\n<li>Solutions \u00e9quip\u00e9es d\u2019un crible pour une taille de broyat calibr\u00e9e avec trois diam\u00e8tres au choix<\/li>\n<li>Crible extractible install\u00e9 sur les nouveaux mod\u00e8les de la s\u00e9rie R, permet aux op\u00e9rateurs d&rsquo;inspecter et de changer les sections us\u00e9es ou endommag\u00e9es, rapidement et en toute s\u00e9curit\u00e9.<\/li>\n<\/ul>\n<p>&nbsp;<\/p>\n<p>Plusieurs configurations portant sur les dimensions de la chambre de coupe, le type et la largeur des couteaux, le diam\u00e8tre du crible, permettent d\u2019adapter chaque machine aux attentes de chaque client.<\/p>\n<p>&nbsp;<\/p>\n<p>Pour une analyse approfondie de nos <a href=\"\/?page_id=20185\">PRODUITS<\/a> et de leurs <a href=\"\/?page_id=20185\">APPLICATIONS<\/a> pouvez aller sur les liens pr\u00e9sent\u00e9s ici. Pour plus d&rsquo;informations, n&rsquo;h\u00e9sitez pas \u00e0 contacter notre service commercial au +33 (0) 562 890 888 ou \u00e0 <a href=\"mailto:contact@satrindtech-france.fr\">contact@satrindtech-france.fr<\/a>[\/vc_column_text][\/vc_column_inner][\/vc_row_inner][vc_separator type=\u00a0\u00bbtransparent\u00a0\u00bb down=\u00a0\u00bb85&Prime;][\/vc_column][\/vc_row]<\/p>\n<\/div>","protected":false},"excerpt":{"rendered":"<p>[vc_row css_animation=\u00a0\u00bb\u00a0\u00bb row_type=\u00a0\u00bbrow\u00a0\u00bb use_row_as_full_screen_section=\u00a0\u00bbno\u00a0\u00bb type=\u00a0\u00bbgrid\u00a0\u00bb angled_section=\u00a0\u00bbno\u00a0\u00bb text_align=\u00a0\u00bbleft\u00a0\u00bb background_image_as_pattern=\u00a0\u00bbwithout_pattern\u00a0\u00bb padding_top=\u00a0\u00bb20&Prime; padding_bottom=\u00a0\u00bb0&Prime;][vc_column][vc_row_inner row_type=\u00a0\u00bbrow\u00a0\u00bb type=\u00a0\u00bbgrid\u00a0\u00bb text_align=\u00a0\u00bbleft\u00a0\u00bb padding_top=\u00a0\u00bb30&Prime; padding_bottom=\u00a0\u00bb60&Prime;&#8230;<\/p>\n","protected":false},"author":1,"featured_media":0,"parent":0,"menu_order":0,"comment_status":"open","ping_status":"closed","template":"full_width.php","meta":{"_acf_changed":false,"inline_featured_image":false,"footnotes":""},"class_list":["post-20170","page","type-page","status-publish","hentry"],"acf":[],"yoast_head":"<!-- This site is optimized with the Yoast SEO Premium plugin v26.3 (Yoast SEO v27.4) - https:\/\/yoast.com\/product\/yoast-seo-premium-wordpress\/ -->\n<title>Broyeurs-3-arbres de 30 \u00e0 320 ch | SatrindTech Srl<\/title>\n<meta name=\"description\" content=\"Une large gamme de broyeurs-3-arbres pour broyer tout type de mat\u00e9riaux. Installations de pointe pour broyer tout type de d\u00e9chets industriels\" \/>\n<meta name=\"robots\" content=\"index, follow, max-snippet:-1, max-image-preview:large, max-video-preview:-1\" \/>\n<link rel=\"canonical\" href=\"https:\/\/satrindtech.com\/fr\/broyeurs-3-arbres\/\" \/>\n<meta property=\"og:locale\" content=\"fr_FR\" \/>\n<meta property=\"og:type\" content=\"article\" \/>\n<meta property=\"og:title\" content=\"BROYEURS 3 ARBRES\" \/>\n<meta property=\"og:description\" content=\"Une large gamme de broyeurs-3-arbres pour broyer tout type de mat\u00e9riaux. Installations de pointe pour broyer tout type de d\u00e9chets industriels\" \/>\n<meta property=\"og:url\" content=\"https:\/\/satrindtech.com\/fr\/broyeurs-3-arbres\/\" \/>\n<meta property=\"og:site_name\" content=\"SatrindTech Srl\" \/>\n<meta property=\"article:publisher\" content=\"https:\/\/www.facebook.com\/Satrindtech\" \/>\n<meta property=\"article:modified_time\" content=\"2022-01-04T14:32:16+00:00\" \/>\n<meta name=\"twitter:card\" content=\"summary_large_image\" \/>\n<meta name=\"twitter:site\" content=\"@SatrindTech\" \/>\n<meta name=\"twitter:label1\" content=\"Dur\u00e9e de lecture estim\u00e9e\" \/>\n\t<meta name=\"twitter:data1\" content=\"2 minutes\" \/>\n<script type=\"application\/ld+json\" class=\"yoast-schema-graph\">{\"@context\":\"https:\\\/\\\/schema.org\",\"@graph\":[{\"@type\":\"WebPage\",\"@id\":\"https:\\\/\\\/satrindtech.com\\\/fr\\\/broyeurs-3-arbres\\\/\",\"url\":\"https:\\\/\\\/satrindtech.com\\\/fr\\\/broyeurs-3-arbres\\\/\",\"name\":\"Broyeurs-3-arbres de 30 \u00e0 320 ch | SatrindTech Srl\",\"isPartOf\":{\"@id\":\"https:\\\/\\\/satrindtech.com\\\/en\\\/#website\"},\"datePublished\":\"2016-10-06T10:49:53+00:00\",\"dateModified\":\"2022-01-04T14:32:16+00:00\",\"description\":\"Une large gamme de broyeurs-3-arbres pour broyer tout type de mat\u00e9riaux. Installations de pointe pour broyer tout type de d\u00e9chets industriels\",\"breadcrumb\":{\"@id\":\"https:\\\/\\\/satrindtech.com\\\/fr\\\/broyeurs-3-arbres\\\/#breadcrumb\"},\"inLanguage\":\"fr-FR\",\"potentialAction\":[{\"@type\":\"ReadAction\",\"target\":[\"https:\\\/\\\/satrindtech.com\\\/fr\\\/broyeurs-3-arbres\\\/\"]}]},{\"@type\":\"BreadcrumbList\",\"@id\":\"https:\\\/\\\/satrindtech.com\\\/fr\\\/broyeurs-3-arbres\\\/#breadcrumb\",\"itemListElement\":[{\"@type\":\"ListItem\",\"position\":1,\"name\":\"Home\",\"item\":\"https:\\\/\\\/satrindtech.com\\\/fr\\\/\"},{\"@type\":\"ListItem\",\"position\":2,\"name\":\"BROYEURS 3 ARBRES\"}]},{\"@type\":\"WebSite\",\"@id\":\"https:\\\/\\\/satrindtech.com\\\/en\\\/#website\",\"url\":\"https:\\\/\\\/satrindtech.com\\\/en\\\/\",\"name\":\"SatrindTech Srl\",\"description\":\"Manufacturer of shredders, crushers, grinders and shredding plants\",\"publisher\":{\"@id\":\"https:\\\/\\\/satrindtech.com\\\/en\\\/#organization\"},\"potentialAction\":[{\"@type\":\"SearchAction\",\"target\":{\"@type\":\"EntryPoint\",\"urlTemplate\":\"https:\\\/\\\/satrindtech.com\\\/en\\\/?s={search_term_string}\"},\"query-input\":{\"@type\":\"PropertyValueSpecification\",\"valueRequired\":true,\"valueName\":\"search_term_string\"}}],\"inLanguage\":\"fr-FR\"},{\"@type\":\"Organization\",\"@id\":\"https:\\\/\\\/satrindtech.com\\\/en\\\/#organization\",\"name\":\"SatrindTech Srl\",\"url\":\"https:\\\/\\\/satrindtech.com\\\/en\\\/\",\"logo\":{\"@type\":\"ImageObject\",\"inLanguage\":\"fr-FR\",\"@id\":\"https:\\\/\\\/satrindtech.com\\\/en\\\/#\\\/schema\\\/logo\\\/image\\\/\",\"url\":\"http:\\\/\\\/satrindtech.com\\\/wp-content\\\/uploads\\\/2017\\\/02\\\/Logo_Satrindtech2015_square.jpg\",\"contentUrl\":\"http:\\\/\\\/satrindtech.com\\\/wp-content\\\/uploads\\\/2017\\\/02\\\/Logo_Satrindtech2015_square.jpg\",\"width\":531,\"height\":531,\"caption\":\"SatrindTech Srl\"},\"image\":{\"@id\":\"https:\\\/\\\/satrindtech.com\\\/en\\\/#\\\/schema\\\/logo\\\/image\\\/\"},\"sameAs\":[\"https:\\\/\\\/www.facebook.com\\\/Satrindtech\",\"https:\\\/\\\/x.com\\\/SatrindTech\",\"https:\\\/\\\/www.instagram.com\\\/SatrindTech\\\/\",\"https:\\\/\\\/www.linkedin.com\\\/company\\\/satrindtech\",\"https:\\\/\\\/www.youtube.com\\\/c\\\/satrindtech\"]}]}<\/script>\n<!-- \/ Yoast SEO Premium plugin. -->","yoast_head_json":{"title":"Broyeurs-3-arbres de 30 \u00e0 320 ch | SatrindTech Srl","description":"Une large gamme de broyeurs-3-arbres pour broyer tout type de mat\u00e9riaux. Installations de pointe pour broyer tout type de d\u00e9chets industriels","robots":{"index":"index","follow":"follow","max-snippet":"max-snippet:-1","max-image-preview":"max-image-preview:large","max-video-preview":"max-video-preview:-1"},"canonical":"https:\/\/satrindtech.com\/fr\/broyeurs-3-arbres\/","og_locale":"fr_FR","og_type":"article","og_title":"BROYEURS 3 ARBRES","og_description":"Une large gamme de broyeurs-3-arbres pour broyer tout type de mat\u00e9riaux. Installations de pointe pour broyer tout type de d\u00e9chets industriels","og_url":"https:\/\/satrindtech.com\/fr\/broyeurs-3-arbres\/","og_site_name":"SatrindTech Srl","article_publisher":"https:\/\/www.facebook.com\/Satrindtech","article_modified_time":"2022-01-04T14:32:16+00:00","twitter_card":"summary_large_image","twitter_site":"@SatrindTech","twitter_misc":{"Dur\u00e9e de lecture estim\u00e9e":"2 minutes"},"schema":{"@context":"https:\/\/schema.org","@graph":[{"@type":"WebPage","@id":"https:\/\/satrindtech.com\/fr\/broyeurs-3-arbres\/","url":"https:\/\/satrindtech.com\/fr\/broyeurs-3-arbres\/","name":"Broyeurs-3-arbres de 30 \u00e0 320 ch | SatrindTech Srl","isPartOf":{"@id":"https:\/\/satrindtech.com\/en\/#website"},"datePublished":"2016-10-06T10:49:53+00:00","dateModified":"2022-01-04T14:32:16+00:00","description":"Une large gamme de broyeurs-3-arbres pour broyer tout type de mat\u00e9riaux. Installations de pointe pour broyer tout type de d\u00e9chets industriels","breadcrumb":{"@id":"https:\/\/satrindtech.com\/fr\/broyeurs-3-arbres\/#breadcrumb"},"inLanguage":"fr-FR","potentialAction":[{"@type":"ReadAction","target":["https:\/\/satrindtech.com\/fr\/broyeurs-3-arbres\/"]}]},{"@type":"BreadcrumbList","@id":"https:\/\/satrindtech.com\/fr\/broyeurs-3-arbres\/#breadcrumb","itemListElement":[{"@type":"ListItem","position":1,"name":"Home","item":"https:\/\/satrindtech.com\/fr\/"},{"@type":"ListItem","position":2,"name":"BROYEURS 3 ARBRES"}]},{"@type":"WebSite","@id":"https:\/\/satrindtech.com\/en\/#website","url":"https:\/\/satrindtech.com\/en\/","name":"SatrindTech Srl","description":"Manufacturer of shredders, crushers, grinders and shredding plants","publisher":{"@id":"https:\/\/satrindtech.com\/en\/#organization"},"potentialAction":[{"@type":"SearchAction","target":{"@type":"EntryPoint","urlTemplate":"https:\/\/satrindtech.com\/en\/?s={search_term_string}"},"query-input":{"@type":"PropertyValueSpecification","valueRequired":true,"valueName":"search_term_string"}}],"inLanguage":"fr-FR"},{"@type":"Organization","@id":"https:\/\/satrindtech.com\/en\/#organization","name":"SatrindTech Srl","url":"https:\/\/satrindtech.com\/en\/","logo":{"@type":"ImageObject","inLanguage":"fr-FR","@id":"https:\/\/satrindtech.com\/en\/#\/schema\/logo\/image\/","url":"http:\/\/satrindtech.com\/wp-content\/uploads\/2017\/02\/Logo_Satrindtech2015_square.jpg","contentUrl":"http:\/\/satrindtech.com\/wp-content\/uploads\/2017\/02\/Logo_Satrindtech2015_square.jpg","width":531,"height":531,"caption":"SatrindTech Srl"},"image":{"@id":"https:\/\/satrindtech.com\/en\/#\/schema\/logo\/image\/"},"sameAs":["https:\/\/www.facebook.com\/Satrindtech","https:\/\/x.com\/SatrindTech","https:\/\/www.instagram.com\/SatrindTech\/","https:\/\/www.linkedin.com\/company\/satrindtech","https:\/\/www.youtube.com\/c\/satrindtech"]}]}},"_links":{"self":[{"href":"https:\/\/satrindtech.com\/fr\/wp-json\/wp\/v2\/pages\/20170","targetHints":{"allow":["GET"]}}],"collection":[{"href":"https:\/\/satrindtech.com\/fr\/wp-json\/wp\/v2\/pages"}],"about":[{"href":"https:\/\/satrindtech.com\/fr\/wp-json\/wp\/v2\/types\/page"}],"author":[{"embeddable":true,"href":"https:\/\/satrindtech.com\/fr\/wp-json\/wp\/v2\/users\/1"}],"replies":[{"embeddable":true,"href":"https:\/\/satrindtech.com\/fr\/wp-json\/wp\/v2\/comments?post=20170"}],"version-history":[{"count":0,"href":"https:\/\/satrindtech.com\/fr\/wp-json\/wp\/v2\/pages\/20170\/revisions"}],"wp:attachment":[{"href":"https:\/\/satrindtech.com\/fr\/wp-json\/wp\/v2\/media?parent=20170"}],"curies":[{"name":"wp","href":"https:\/\/api.w.org\/{rel}","templated":true}]}}