{"id":20164,"date":"2016-10-06T12:49:02","date_gmt":"2016-10-06T10:49:02","guid":{"rendered":"http:\/\/www.satrindtech.com\/fr\/two-shaft-shredders\/"},"modified":"2022-01-04T15:31:29","modified_gmt":"2022-01-04T14:31:29","slug":"broyeurs-2-arbres","status":"publish","type":"page","link":"https:\/\/satrindtech.com\/fr\/broyeurs-2-arbres\/","title":{"rendered":"BROYEURS 2 ARBRES"},"content":{"rendered":"<div class=\"wpb-content-wrapper\"><p>[vc_row css_animation=\u00a0\u00bb\u00a0\u00bb row_type=\u00a0\u00bbrow\u00a0\u00bb use_row_as_full_screen_section=\u00a0\u00bbno\u00a0\u00bb type=\u00a0\u00bbgrid\u00a0\u00bb angled_section=\u00a0\u00bbno\u00a0\u00bb text_align=\u00a0\u00bbleft\u00a0\u00bb background_image_as_pattern=\u00a0\u00bbwithout_pattern\u00a0\u00bb padding_top=\u00a0\u00bb20&Prime; padding_bottom=\u00a0\u00bb0&Prime;][vc_column][vc_row_inner row_type=\u00a0\u00bbrow\u00a0\u00bb type=\u00a0\u00bbgrid\u00a0\u00bb text_align=\u00a0\u00bbleft\u00a0\u00bb padding_top=\u00a0\u00bb30&Prime; padding_bottom=\u00a0\u00bb60&Prime; css_animation=\u00a0\u00bbelement_from_fade\u00a0\u00bb transition_delay=\u00a0\u00bb0.8&Prime;][vc_column_inner][vc_separator type=\u00a0\u00bbtransparent\u00a0\u00bb up=\u00a0\u00bb15&Prime; down=\u00a0\u00bb0&Prime;][vc_column_text]<\/p>\n<h2>BROYEURS-2-ARBRES<\/h2>\n<p>[\/vc_column_text][vc_separator type=\u00a0\u00bbtransparent\u00a0\u00bb up=\u00a0\u00bb35&Prime; down=\u00a0\u00bb0&Prime;][vc_column_text]Une large gamme de broyeurs-2-arbres \u00e0 moteur \u00e9lectrique et hydraulique :<\/p>\n<p>&nbsp;<\/p>\n<p>Les broyeurs-2-arbres \u00e0 moteur-\u00e9lectrique sont con\u00e7us pour des applications industrielles afin de broyer des mat\u00e9riaux l\u00e9gers et non encombrants\u00a0:<\/p>\n<p>&nbsp;<\/p>\n<ul>\n<li><strong>Broyeurs industriels avec une puissance install\u00e9e de 4 ch \u00e0 50 ch \u2013 <\/strong>Les broyeurs \u00e0 moteur-\u00e9lectrique sont d\u00e9di\u00e9s au traitement des mat\u00e9riaux l\u00e9gers, des plastiques et des mat\u00e9riaux sans r\u00e9sistance particuli\u00e8re. Plusieurs configurations portant sur les dimensions de la chambre de coupe, le type et la largeur des couteaux, le diam\u00e8tre du crible, permettent d\u2019adapter chaque machine aux attentes de chaque client.<\/li>\n<li><strong>Syst\u00e8me CL &#8211; <\/strong>Syst\u00e8me CL (Syst\u00e8me de Contre Lames pour calibrer le broyat), une technologie unique sur le march\u00e9 des broyeurs qui garantit un broyat de petite taille et uniforme \u00e0 partir d\u2019un broyeur 2 arbres.<\/li>\n<\/ul>\n<p>&nbsp;<\/p>\n<p>Les broyeurs-2-arbres aux dimensions interm\u00e9diaires et larges, entrain\u00e9s par des moteurs hydrauliques rapides sont d\u00e9di\u00e9s au traitement de mat\u00e9riaux r\u00e9sistants tels que les f\u00fbts en m\u00e9tal et les pneus.<\/p>\n<p>&nbsp;<\/p>\n<ul>\n<li><strong>Broyeurs industriels avec une puissance install\u00e9e 50 ch \u00e0 300 ch \u2013 <\/strong>Les broyeurs-deux-arbres aux dimensions interm\u00e9diaires et larges de la s\u00e9rie R, sont \u00e9quip\u00e9s de deux moteurs hydrauliques, un pour chaque arbre.<\/li>\n<\/ul>\n<p>&nbsp;<\/p>\n<p>Des contr\u00f4les \u00e9lectroniques avanc\u00e9s permettent de moduler le couple de chaque arbre en fonction de la charge de d\u00e9chets et de maximiser les performances. Pour faire face \u00e0 diff\u00e9rents types de mat\u00e9riaux, la vitesse de chaque arbre peut \u00eatre modifi\u00e9e de mani\u00e8re ind\u00e9pendante, assurant ainsi une coupe \u00e0 l\u2019efficacit\u00e9 maximale.<\/p>\n<p>&nbsp;<\/p>\n<ul>\n<li><strong>Version sp\u00e9ciale avec Couple \u00c9lev\u00e9 (High Torque HT) <\/strong><strong>pour traiter les mat\u00e9riaux r\u00e9sistants tels que les pneus, le papier, les textiles tiss\u00e9s et non-tiss\u00e9s, etc. <\/strong>Plusieurs configurations portant sur les dimensions de la chambre de coupe, le type et la largeur des couteaux, le diam\u00e8tre du crible, permettent d\u2019adapter chaque machine aux attentes de chaque client.<\/li>\n<\/ul>\n<p>&nbsp;<\/p>\n<p>Pour une analyse approfondie de nos <a href=\"\/?page_id=20185\">PRODUITS<\/a> et de leurs <a href=\"\/?page_id=20185\">APPLICATIONS<\/a> pouvez aller sur les liens pr\u00e9sent\u00e9s ici. Pour plus d&rsquo;informations, n&rsquo;h\u00e9sitez pas \u00e0 contacter notre service commercial au +33 (0) 562 890 888 ou \u00e0 <a href=\"mailto:contact@satrindtech-france.fr\">contact@satrindtech-france.fr<\/a>[\/vc_column_text][\/vc_column_inner][\/vc_row_inner][vc_separator type=\u00a0\u00bbtransparent\u00a0\u00bb down=\u00a0\u00bb85&Prime;][\/vc_column][\/vc_row][vc_row css_animation=\u00a0\u00bbelement_from_fade\u00a0\u00bb row_type=\u00a0\u00bbrow\u00a0\u00bb use_row_as_full_screen_section=\u00a0\u00bbno\u00a0\u00bb type=\u00a0\u00bbgrid\u00a0\u00bb angled_section=\u00a0\u00bbyes\u00a0\u00bb angled_section_position=\u00a0\u00bbboth\u00a0\u00bb angled_section_direction=\u00a0\u00bbfrom_right_to_left\u00a0\u00bb text_align=\u00a0\u00bbleft\u00a0\u00bb background_image_as_pattern=\u00a0\u00bbwithout_pattern\u00a0\u00bb background_color=\u00a0\u00bb#f9f9f9&Prime; padding_top=\u00a0\u00bb20&Prime; transition_delay=\u00a0\u00bb0.8&Prime;][vc_column][\/vc_column][\/vc_row]<\/p>\n<\/div>","protected":false},"excerpt":{"rendered":"<p>[vc_row css_animation=\u00a0\u00bb\u00a0\u00bb row_type=\u00a0\u00bbrow\u00a0\u00bb use_row_as_full_screen_section=\u00a0\u00bbno\u00a0\u00bb type=\u00a0\u00bbgrid\u00a0\u00bb angled_section=\u00a0\u00bbno\u00a0\u00bb text_align=\u00a0\u00bbleft\u00a0\u00bb background_image_as_pattern=\u00a0\u00bbwithout_pattern\u00a0\u00bb padding_top=\u00a0\u00bb20&Prime; padding_bottom=\u00a0\u00bb0&Prime;][vc_column][vc_row_inner row_type=\u00a0\u00bbrow\u00a0\u00bb type=\u00a0\u00bbgrid\u00a0\u00bb text_align=\u00a0\u00bbleft\u00a0\u00bb padding_top=\u00a0\u00bb30&Prime; padding_bottom=\u00a0\u00bb60&Prime;&#8230;<\/p>\n","protected":false},"author":1,"featured_media":0,"parent":0,"menu_order":0,"comment_status":"open","ping_status":"closed","template":"full_width.php","meta":{"_acf_changed":false,"inline_featured_image":false,"footnotes":""},"class_list":["post-20164","page","type-page","status-publish","hentry"],"acf":[],"yoast_head":"<!-- This site is optimized with the Yoast SEO Premium plugin v26.3 (Yoast SEO v27.4) - https:\/\/yoast.com\/product\/yoast-seo-premium-wordpress\/ -->\n<title>Broyeurs-2-arbres de 4 \u00e0 300 ch | SatrindTech Srl<\/title>\n<meta name=\"description\" content=\"Une large gamme de broyeurs-2-arbres pour broyer tout type de mat\u00e9riaux. Installations de pointe pour broyer tout type de d\u00e9chets industriels\" \/>\n<meta name=\"robots\" content=\"index, follow, max-snippet:-1, max-image-preview:large, max-video-preview:-1\" \/>\n<link rel=\"canonical\" href=\"https:\/\/satrindtech.com\/fr\/broyeurs-2-arbres\/\" \/>\n<meta property=\"og:locale\" content=\"fr_FR\" \/>\n<meta property=\"og:type\" content=\"article\" \/>\n<meta property=\"og:title\" content=\"BROYEURS 2 ARBRES\" \/>\n<meta property=\"og:description\" content=\"Une large gamme de broyeurs-2-arbres pour broyer tout type de mat\u00e9riaux. Installations de pointe pour broyer tout type de d\u00e9chets industriels\" \/>\n<meta property=\"og:url\" content=\"https:\/\/satrindtech.com\/fr\/broyeurs-2-arbres\/\" \/>\n<meta property=\"og:site_name\" content=\"SatrindTech Srl\" \/>\n<meta property=\"article:publisher\" content=\"https:\/\/www.facebook.com\/Satrindtech\" \/>\n<meta property=\"article:modified_time\" content=\"2022-01-04T14:31:29+00:00\" \/>\n<meta name=\"twitter:card\" content=\"summary_large_image\" \/>\n<meta name=\"twitter:site\" content=\"@SatrindTech\" \/>\n<meta name=\"twitter:label1\" content=\"Dur\u00e9e de lecture estim\u00e9e\" \/>\n\t<meta name=\"twitter:data1\" content=\"3 minutes\" \/>\n<script type=\"application\/ld+json\" class=\"yoast-schema-graph\">{\"@context\":\"https:\\\/\\\/schema.org\",\"@graph\":[{\"@type\":\"WebPage\",\"@id\":\"https:\\\/\\\/satrindtech.com\\\/fr\\\/broyeurs-2-arbres\\\/\",\"url\":\"https:\\\/\\\/satrindtech.com\\\/fr\\\/broyeurs-2-arbres\\\/\",\"name\":\"Broyeurs-2-arbres de 4 \u00e0 300 ch | SatrindTech Srl\",\"isPartOf\":{\"@id\":\"https:\\\/\\\/satrindtech.com\\\/en\\\/#website\"},\"datePublished\":\"2016-10-06T10:49:02+00:00\",\"dateModified\":\"2022-01-04T14:31:29+00:00\",\"description\":\"Une large gamme de broyeurs-2-arbres pour broyer tout type de mat\u00e9riaux. Installations de pointe pour broyer tout type de d\u00e9chets industriels\",\"breadcrumb\":{\"@id\":\"https:\\\/\\\/satrindtech.com\\\/fr\\\/broyeurs-2-arbres\\\/#breadcrumb\"},\"inLanguage\":\"fr-FR\",\"potentialAction\":[{\"@type\":\"ReadAction\",\"target\":[\"https:\\\/\\\/satrindtech.com\\\/fr\\\/broyeurs-2-arbres\\\/\"]}]},{\"@type\":\"BreadcrumbList\",\"@id\":\"https:\\\/\\\/satrindtech.com\\\/fr\\\/broyeurs-2-arbres\\\/#breadcrumb\",\"itemListElement\":[{\"@type\":\"ListItem\",\"position\":1,\"name\":\"Home\",\"item\":\"https:\\\/\\\/satrindtech.com\\\/fr\\\/\"},{\"@type\":\"ListItem\",\"position\":2,\"name\":\"BROYEURS 2 ARBRES\"}]},{\"@type\":\"WebSite\",\"@id\":\"https:\\\/\\\/satrindtech.com\\\/en\\\/#website\",\"url\":\"https:\\\/\\\/satrindtech.com\\\/en\\\/\",\"name\":\"SatrindTech Srl\",\"description\":\"Manufacturer of shredders, crushers, grinders and shredding plants\",\"publisher\":{\"@id\":\"https:\\\/\\\/satrindtech.com\\\/en\\\/#organization\"},\"potentialAction\":[{\"@type\":\"SearchAction\",\"target\":{\"@type\":\"EntryPoint\",\"urlTemplate\":\"https:\\\/\\\/satrindtech.com\\\/en\\\/?s={search_term_string}\"},\"query-input\":{\"@type\":\"PropertyValueSpecification\",\"valueRequired\":true,\"valueName\":\"search_term_string\"}}],\"inLanguage\":\"fr-FR\"},{\"@type\":\"Organization\",\"@id\":\"https:\\\/\\\/satrindtech.com\\\/en\\\/#organization\",\"name\":\"SatrindTech Srl\",\"url\":\"https:\\\/\\\/satrindtech.com\\\/en\\\/\",\"logo\":{\"@type\":\"ImageObject\",\"inLanguage\":\"fr-FR\",\"@id\":\"https:\\\/\\\/satrindtech.com\\\/en\\\/#\\\/schema\\\/logo\\\/image\\\/\",\"url\":\"http:\\\/\\\/satrindtech.com\\\/wp-content\\\/uploads\\\/2017\\\/02\\\/Logo_Satrindtech2015_square.jpg\",\"contentUrl\":\"http:\\\/\\\/satrindtech.com\\\/wp-content\\\/uploads\\\/2017\\\/02\\\/Logo_Satrindtech2015_square.jpg\",\"width\":531,\"height\":531,\"caption\":\"SatrindTech Srl\"},\"image\":{\"@id\":\"https:\\\/\\\/satrindtech.com\\\/en\\\/#\\\/schema\\\/logo\\\/image\\\/\"},\"sameAs\":[\"https:\\\/\\\/www.facebook.com\\\/Satrindtech\",\"https:\\\/\\\/x.com\\\/SatrindTech\",\"https:\\\/\\\/www.instagram.com\\\/SatrindTech\\\/\",\"https:\\\/\\\/www.linkedin.com\\\/company\\\/satrindtech\",\"https:\\\/\\\/www.youtube.com\\\/c\\\/satrindtech\"]}]}<\/script>\n<!-- \/ Yoast SEO Premium plugin. -->","yoast_head_json":{"title":"Broyeurs-2-arbres de 4 \u00e0 300 ch | SatrindTech Srl","description":"Une large gamme de broyeurs-2-arbres pour broyer tout type de mat\u00e9riaux. Installations de pointe pour broyer tout type de d\u00e9chets industriels","robots":{"index":"index","follow":"follow","max-snippet":"max-snippet:-1","max-image-preview":"max-image-preview:large","max-video-preview":"max-video-preview:-1"},"canonical":"https:\/\/satrindtech.com\/fr\/broyeurs-2-arbres\/","og_locale":"fr_FR","og_type":"article","og_title":"BROYEURS 2 ARBRES","og_description":"Une large gamme de broyeurs-2-arbres pour broyer tout type de mat\u00e9riaux. Installations de pointe pour broyer tout type de d\u00e9chets industriels","og_url":"https:\/\/satrindtech.com\/fr\/broyeurs-2-arbres\/","og_site_name":"SatrindTech Srl","article_publisher":"https:\/\/www.facebook.com\/Satrindtech","article_modified_time":"2022-01-04T14:31:29+00:00","twitter_card":"summary_large_image","twitter_site":"@SatrindTech","twitter_misc":{"Dur\u00e9e de lecture estim\u00e9e":"3 minutes"},"schema":{"@context":"https:\/\/schema.org","@graph":[{"@type":"WebPage","@id":"https:\/\/satrindtech.com\/fr\/broyeurs-2-arbres\/","url":"https:\/\/satrindtech.com\/fr\/broyeurs-2-arbres\/","name":"Broyeurs-2-arbres de 4 \u00e0 300 ch | SatrindTech Srl","isPartOf":{"@id":"https:\/\/satrindtech.com\/en\/#website"},"datePublished":"2016-10-06T10:49:02+00:00","dateModified":"2022-01-04T14:31:29+00:00","description":"Une large gamme de broyeurs-2-arbres pour broyer tout type de mat\u00e9riaux. Installations de pointe pour broyer tout type de d\u00e9chets industriels","breadcrumb":{"@id":"https:\/\/satrindtech.com\/fr\/broyeurs-2-arbres\/#breadcrumb"},"inLanguage":"fr-FR","potentialAction":[{"@type":"ReadAction","target":["https:\/\/satrindtech.com\/fr\/broyeurs-2-arbres\/"]}]},{"@type":"BreadcrumbList","@id":"https:\/\/satrindtech.com\/fr\/broyeurs-2-arbres\/#breadcrumb","itemListElement":[{"@type":"ListItem","position":1,"name":"Home","item":"https:\/\/satrindtech.com\/fr\/"},{"@type":"ListItem","position":2,"name":"BROYEURS 2 ARBRES"}]},{"@type":"WebSite","@id":"https:\/\/satrindtech.com\/en\/#website","url":"https:\/\/satrindtech.com\/en\/","name":"SatrindTech Srl","description":"Manufacturer of shredders, crushers, grinders and shredding plants","publisher":{"@id":"https:\/\/satrindtech.com\/en\/#organization"},"potentialAction":[{"@type":"SearchAction","target":{"@type":"EntryPoint","urlTemplate":"https:\/\/satrindtech.com\/en\/?s={search_term_string}"},"query-input":{"@type":"PropertyValueSpecification","valueRequired":true,"valueName":"search_term_string"}}],"inLanguage":"fr-FR"},{"@type":"Organization","@id":"https:\/\/satrindtech.com\/en\/#organization","name":"SatrindTech Srl","url":"https:\/\/satrindtech.com\/en\/","logo":{"@type":"ImageObject","inLanguage":"fr-FR","@id":"https:\/\/satrindtech.com\/en\/#\/schema\/logo\/image\/","url":"http:\/\/satrindtech.com\/wp-content\/uploads\/2017\/02\/Logo_Satrindtech2015_square.jpg","contentUrl":"http:\/\/satrindtech.com\/wp-content\/uploads\/2017\/02\/Logo_Satrindtech2015_square.jpg","width":531,"height":531,"caption":"SatrindTech Srl"},"image":{"@id":"https:\/\/satrindtech.com\/en\/#\/schema\/logo\/image\/"},"sameAs":["https:\/\/www.facebook.com\/Satrindtech","https:\/\/x.com\/SatrindTech","https:\/\/www.instagram.com\/SatrindTech\/","https:\/\/www.linkedin.com\/company\/satrindtech","https:\/\/www.youtube.com\/c\/satrindtech"]}]}},"_links":{"self":[{"href":"https:\/\/satrindtech.com\/fr\/wp-json\/wp\/v2\/pages\/20164","targetHints":{"allow":["GET"]}}],"collection":[{"href":"https:\/\/satrindtech.com\/fr\/wp-json\/wp\/v2\/pages"}],"about":[{"href":"https:\/\/satrindtech.com\/fr\/wp-json\/wp\/v2\/types\/page"}],"author":[{"embeddable":true,"href":"https:\/\/satrindtech.com\/fr\/wp-json\/wp\/v2\/users\/1"}],"replies":[{"embeddable":true,"href":"https:\/\/satrindtech.com\/fr\/wp-json\/wp\/v2\/comments?post=20164"}],"version-history":[{"count":0,"href":"https:\/\/satrindtech.com\/fr\/wp-json\/wp\/v2\/pages\/20164\/revisions"}],"wp:attachment":[{"href":"https:\/\/satrindtech.com\/fr\/wp-json\/wp\/v2\/media?parent=20164"}],"curies":[{"name":"wp","href":"https:\/\/api.w.org\/{rel}","templated":true}]}}