{"id":24316,"date":"2018-04-28T16:13:10","date_gmt":"2018-04-28T14:13:10","guid":{"rendered":"http:\/\/satrindtech.com\/?page_id=24316"},"modified":"2018-06-08T22:33:28","modified_gmt":"2018-06-08T20:33:28","slug":"trituradores-de-2-ejes","status":"publish","type":"page","link":"https:\/\/satrindtech.com\/es\/trituradores-de-2-ejes\/","title":{"rendered":"TRITURADORES DE 2 EJES"},"content":{"rendered":"<div class=\"wpb-content-wrapper\"><p>[vc_row css_animation=&#8221;&#8221; row_type=&#8221;row&#8221; use_row_as_full_screen_section=&#8221;no&#8221; type=&#8221;grid&#8221; angled_section=&#8221;no&#8221; text_align=&#8221;left&#8221; background_image_as_pattern=&#8221;without_pattern&#8221; padding_top=&#8221;20&#8243; padding_bottom=&#8221;0&#8243;][vc_column][vc_row_inner row_type=&#8221;row&#8221; type=&#8221;grid&#8221; text_align=&#8221;left&#8221; padding_top=&#8221;30&#8243; padding_bottom=&#8221;60&#8243; css_animation=&#8221;element_from_fade&#8221; transition_delay=&#8221;0.8&#8243;][vc_column_inner][vc_separator type=&#8221;transparent&#8221; up=&#8221;15&#8243; down=&#8221;0&#8243;][vc_column_text]<\/p>\n<h2>TRITURADORES DE 2 EJES<\/h2>\n<p>[\/vc_column_text][vc_separator type=&#8221;transparent&#8221; up=&#8221;35&#8243; down=&#8221;0&#8243;][vc_column_text]Una amplia gama de trituradores de 2 ejes de accionamiento el\u00e9ctrico o hidr\u00e1ulico.<\/p>\n<p>&nbsp;<\/p>\n<p>Trituradores de 2 ejes de accionamiento el\u00e9ctrico adecuados para el uso industrial para el tratamiento de materiales no especialmente pesados de dimensiones relativamente contenidas:<\/p>\n<p>&nbsp;<\/p>\n<ul>\n<li>Trituradores industriales con potencia de 4\u00a0HP a 50\u00a0HP \u2013 Trituradores de accionamiento el\u00e9ctrico adecuados para la trituraci\u00f3n de materiales pl\u00e1sticos y residuos de distinto tipo no especialmente tenaces. La longitud de la c\u00e1mara de trituraci\u00f3n y las cuchillas (n\u00famero de picos y espesor) pueden personalizarse seg\u00fan las exigencias de aplicaci\u00f3n.<\/li>\n<li>Sistema CL \u2013 Sistema CL (sistema de contracuchillas), una tecnolog\u00eda \u00fanica en el mercado de los trituradores que garantiza una dimensi\u00f3n peque\u00f1a y uniforme incluso con un triturador de 2 ejes.<\/li>\n<\/ul>\n<p>&nbsp;<\/p>\n<p>Trituradores de 2 ejes de potencia media a elevada y accionados por motores hidr\u00e1ulicos r\u00e1pidos que permiten procesar incluso los materiales m\u00e1s dif\u00edciles como bidones met\u00e1licos y neum\u00e1ticos:<\/p>\n<p>&nbsp;<\/p>\n<ul>\n<li>Trituradores industriales con potencia de 50\u00a0HP a\u00a0300\u00a0HP \u2013 Trituradores de dimensiones medias y grandes, pertenecientes a la nueva Serie &#8220;R&#8221;, accionados por una doble motorizaci\u00f3n hidr\u00e1ulica, una por cada eje. Un sofisticado sistema de control electr\u00f3nico se ocupa del par del eje individual seg\u00fan la carga aplicada, maximizando as\u00ed las prestaciones. Las velocidades de los ejes se pueden modificar de manera independiente para tratar diversos tipos de materiales y obtener as\u00ed la mejor eficiencia de corte.<\/li>\n<li>Hay disponibles versiones especiales de alto par (HT) para tratar materiales dif\u00edciles como neum\u00e1ticos de cami\u00f3n, cuerda de despulpadora, tejido no tejido, etc. La longitud de la c\u00e1mara de trituraci\u00f3n y las cuchillas (n\u00famero de picos y espesor) pueden personalizarse seg\u00fan las exigencias de aplicaci\u00f3n.<\/li>\n<\/ul>\n<p>&nbsp;<\/p>\n<p>Se puede consultar informaci\u00f3n m\u00e1s detallada sobre nuestros <a href=\"\/?page_id=23875\">PRODUCTOS<\/a> y sus <a href=\"\/?page_id=23742\">APLICACIONES<\/a> haciendo clic en los v\u00ednculos aqu\u00ed indicados. Para obtener informaci\u00f3n al respecto, no dude en ponerse en contacto con nuestro Servicio de ventas a trav\u00e9s del n\u00famero de tel\u00e9fono +39 (02) 9037 6683 o la direcci\u00f3n de correo electr\u00f3nico sales@satrindtech.com.[\/vc_column_text][\/vc_column_inner][\/vc_row_inner][vc_separator type=&#8221;transparent&#8221; down=&#8221;85&#8243;][\/vc_column][\/vc_row][vc_row css_animation=&#8221;element_from_fade&#8221; row_type=&#8221;row&#8221; use_row_as_full_screen_section=&#8221;no&#8221; type=&#8221;grid&#8221; angled_section=&#8221;yes&#8221; angled_section_position=&#8221;both&#8221; angled_section_direction=&#8221;from_right_to_left&#8221; text_align=&#8221;left&#8221; background_image_as_pattern=&#8221;without_pattern&#8221; background_color=&#8221;#f9f9f9&#8243; padding_top=&#8221;20&#8243; transition_delay=&#8221;0.8&#8243;][vc_column][\/vc_column][\/vc_row]<\/p>\n<\/div>","protected":false},"excerpt":{"rendered":"<p>[vc_row css_animation=&#8221;&#8221; row_type=&#8221;row&#8221; use_row_as_full_screen_section=&#8221;no&#8221; type=&#8221;grid&#8221; angled_section=&#8221;no&#8221; text_align=&#8221;left&#8221; background_image_as_pattern=&#8221;without_pattern&#8221; padding_top=&#8221;20&#8243; padding_bottom=&#8221;0&#8243;][vc_column][vc_row_inner row_type=&#8221;row&#8221; type=&#8221;grid&#8221; text_align=&#8221;left&#8221; padding_top=&#8221;30&#8243; padding_bottom=&#8221;60&#8243;&#8230;<\/p>\n","protected":false},"author":20,"featured_media":0,"parent":0,"menu_order":0,"comment_status":"open","ping_status":"closed","template":"full_width.php","meta":{"_acf_changed":false,"inline_featured_image":false,"footnotes":""},"class_list":["post-24316","page","type-page","status-publish","hentry"],"acf":[],"yoast_head":"<!-- This site is optimized with the Yoast SEO Premium plugin v26.3 (Yoast SEO v27.4) - https:\/\/yoast.com\/product\/yoast-seo-premium-wordpress\/ -->\n<title>Trituradores de 2 ejes da 4 a 300 CV | SatrindTech Srl<\/title>\n<meta name=\"description\" content=\"Una amplia gama de trituradores de 2 ejes para cumplir con todos los requisitos de trituraci\u00f3n. Trituraci\u00f3n de plantas para todo tipo de residuos industriales\" \/>\n<meta name=\"robots\" content=\"index, follow, max-snippet:-1, max-image-preview:large, max-video-preview:-1\" \/>\n<link rel=\"canonical\" href=\"https:\/\/satrindtech.com\/es\/trituradores-de-2-ejes\/\" \/>\n<meta property=\"og:locale\" content=\"es_ES\" \/>\n<meta property=\"og:type\" content=\"article\" \/>\n<meta property=\"og:title\" content=\"TRITURADORES DE 2 EJES\" \/>\n<meta property=\"og:description\" content=\"Una amplia gama de trituradores de 2 ejes para cumplir con todos los requisitos de trituraci\u00f3n. Trituraci\u00f3n de plantas para todo tipo de residuos industriales\" \/>\n<meta property=\"og:url\" content=\"https:\/\/satrindtech.com\/es\/trituradores-de-2-ejes\/\" \/>\n<meta property=\"og:site_name\" content=\"SatrindTech Srl\" \/>\n<meta property=\"article:publisher\" content=\"https:\/\/www.facebook.com\/Satrindtech\" \/>\n<meta property=\"article:modified_time\" content=\"2018-06-08T20:33:28+00:00\" \/>\n<meta name=\"twitter:card\" content=\"summary_large_image\" \/>\n<meta name=\"twitter:site\" content=\"@SatrindTech\" \/>\n<meta name=\"twitter:label1\" content=\"Tiempo de lectura\" \/>\n\t<meta name=\"twitter:data1\" content=\"3 minutes\" \/>\n<script type=\"application\/ld+json\" class=\"yoast-schema-graph\">{\"@context\":\"https:\\\/\\\/schema.org\",\"@graph\":[{\"@type\":\"WebPage\",\"@id\":\"https:\\\/\\\/satrindtech.com\\\/es\\\/trituradores-de-2-ejes\\\/\",\"url\":\"https:\\\/\\\/satrindtech.com\\\/es\\\/trituradores-de-2-ejes\\\/\",\"name\":\"Trituradores de 2 ejes da 4 a 300 CV | SatrindTech Srl\",\"isPartOf\":{\"@id\":\"https:\\\/\\\/satrindtech.com\\\/en\\\/#website\"},\"datePublished\":\"2018-04-28T14:13:10+00:00\",\"dateModified\":\"2018-06-08T20:33:28+00:00\",\"description\":\"Una amplia gama de trituradores de 2 ejes para cumplir con todos los requisitos de trituraci\u00f3n. Trituraci\u00f3n de plantas para todo tipo de residuos industriales\",\"breadcrumb\":{\"@id\":\"https:\\\/\\\/satrindtech.com\\\/es\\\/trituradores-de-2-ejes\\\/#breadcrumb\"},\"inLanguage\":\"es-ES\",\"potentialAction\":[{\"@type\":\"ReadAction\",\"target\":[\"https:\\\/\\\/satrindtech.com\\\/es\\\/trituradores-de-2-ejes\\\/\"]}]},{\"@type\":\"BreadcrumbList\",\"@id\":\"https:\\\/\\\/satrindtech.com\\\/es\\\/trituradores-de-2-ejes\\\/#breadcrumb\",\"itemListElement\":[{\"@type\":\"ListItem\",\"position\":1,\"name\":\"Home\",\"item\":\"https:\\\/\\\/satrindtech.com\\\/es\\\/\"},{\"@type\":\"ListItem\",\"position\":2,\"name\":\"TRITURADORES DE 2 EJES\"}]},{\"@type\":\"WebSite\",\"@id\":\"https:\\\/\\\/satrindtech.com\\\/en\\\/#website\",\"url\":\"https:\\\/\\\/satrindtech.com\\\/en\\\/\",\"name\":\"SatrindTech Srl\",\"description\":\"Manufacturer of shredders, crushers, grinders and shredding plants\",\"publisher\":{\"@id\":\"https:\\\/\\\/satrindtech.com\\\/en\\\/#organization\"},\"potentialAction\":[{\"@type\":\"SearchAction\",\"target\":{\"@type\":\"EntryPoint\",\"urlTemplate\":\"https:\\\/\\\/satrindtech.com\\\/en\\\/?s={search_term_string}\"},\"query-input\":{\"@type\":\"PropertyValueSpecification\",\"valueRequired\":true,\"valueName\":\"search_term_string\"}}],\"inLanguage\":\"es-ES\"},{\"@type\":\"Organization\",\"@id\":\"https:\\\/\\\/satrindtech.com\\\/en\\\/#organization\",\"name\":\"SatrindTech Srl\",\"url\":\"https:\\\/\\\/satrindtech.com\\\/en\\\/\",\"logo\":{\"@type\":\"ImageObject\",\"inLanguage\":\"es-ES\",\"@id\":\"https:\\\/\\\/satrindtech.com\\\/en\\\/#\\\/schema\\\/logo\\\/image\\\/\",\"url\":\"http:\\\/\\\/satrindtech.com\\\/wp-content\\\/uploads\\\/2017\\\/02\\\/Logo_Satrindtech2015_square.jpg\",\"contentUrl\":\"http:\\\/\\\/satrindtech.com\\\/wp-content\\\/uploads\\\/2017\\\/02\\\/Logo_Satrindtech2015_square.jpg\",\"width\":531,\"height\":531,\"caption\":\"SatrindTech Srl\"},\"image\":{\"@id\":\"https:\\\/\\\/satrindtech.com\\\/en\\\/#\\\/schema\\\/logo\\\/image\\\/\"},\"sameAs\":[\"https:\\\/\\\/www.facebook.com\\\/Satrindtech\",\"https:\\\/\\\/x.com\\\/SatrindTech\",\"https:\\\/\\\/www.instagram.com\\\/SatrindTech\\\/\",\"https:\\\/\\\/www.linkedin.com\\\/company\\\/satrindtech\",\"https:\\\/\\\/www.youtube.com\\\/c\\\/satrindtech\"]}]}<\/script>\n<!-- \/ Yoast SEO Premium plugin. -->","yoast_head_json":{"title":"Trituradores de 2 ejes da 4 a 300 CV | SatrindTech Srl","description":"Una amplia gama de trituradores de 2 ejes para cumplir con todos los requisitos de trituraci\u00f3n. Trituraci\u00f3n de plantas para todo tipo de residuos industriales","robots":{"index":"index","follow":"follow","max-snippet":"max-snippet:-1","max-image-preview":"max-image-preview:large","max-video-preview":"max-video-preview:-1"},"canonical":"https:\/\/satrindtech.com\/es\/trituradores-de-2-ejes\/","og_locale":"es_ES","og_type":"article","og_title":"TRITURADORES DE 2 EJES","og_description":"Una amplia gama de trituradores de 2 ejes para cumplir con todos los requisitos de trituraci\u00f3n. Trituraci\u00f3n de plantas para todo tipo de residuos industriales","og_url":"https:\/\/satrindtech.com\/es\/trituradores-de-2-ejes\/","og_site_name":"SatrindTech Srl","article_publisher":"https:\/\/www.facebook.com\/Satrindtech","article_modified_time":"2018-06-08T20:33:28+00:00","twitter_card":"summary_large_image","twitter_site":"@SatrindTech","twitter_misc":{"Tiempo de lectura":"3 minutes"},"schema":{"@context":"https:\/\/schema.org","@graph":[{"@type":"WebPage","@id":"https:\/\/satrindtech.com\/es\/trituradores-de-2-ejes\/","url":"https:\/\/satrindtech.com\/es\/trituradores-de-2-ejes\/","name":"Trituradores de 2 ejes da 4 a 300 CV | SatrindTech Srl","isPartOf":{"@id":"https:\/\/satrindtech.com\/en\/#website"},"datePublished":"2018-04-28T14:13:10+00:00","dateModified":"2018-06-08T20:33:28+00:00","description":"Una amplia gama de trituradores de 2 ejes para cumplir con todos los requisitos de trituraci\u00f3n. Trituraci\u00f3n de plantas para todo tipo de residuos industriales","breadcrumb":{"@id":"https:\/\/satrindtech.com\/es\/trituradores-de-2-ejes\/#breadcrumb"},"inLanguage":"es-ES","potentialAction":[{"@type":"ReadAction","target":["https:\/\/satrindtech.com\/es\/trituradores-de-2-ejes\/"]}]},{"@type":"BreadcrumbList","@id":"https:\/\/satrindtech.com\/es\/trituradores-de-2-ejes\/#breadcrumb","itemListElement":[{"@type":"ListItem","position":1,"name":"Home","item":"https:\/\/satrindtech.com\/es\/"},{"@type":"ListItem","position":2,"name":"TRITURADORES DE 2 EJES"}]},{"@type":"WebSite","@id":"https:\/\/satrindtech.com\/en\/#website","url":"https:\/\/satrindtech.com\/en\/","name":"SatrindTech Srl","description":"Manufacturer of shredders, crushers, grinders and shredding plants","publisher":{"@id":"https:\/\/satrindtech.com\/en\/#organization"},"potentialAction":[{"@type":"SearchAction","target":{"@type":"EntryPoint","urlTemplate":"https:\/\/satrindtech.com\/en\/?s={search_term_string}"},"query-input":{"@type":"PropertyValueSpecification","valueRequired":true,"valueName":"search_term_string"}}],"inLanguage":"es-ES"},{"@type":"Organization","@id":"https:\/\/satrindtech.com\/en\/#organization","name":"SatrindTech Srl","url":"https:\/\/satrindtech.com\/en\/","logo":{"@type":"ImageObject","inLanguage":"es-ES","@id":"https:\/\/satrindtech.com\/en\/#\/schema\/logo\/image\/","url":"http:\/\/satrindtech.com\/wp-content\/uploads\/2017\/02\/Logo_Satrindtech2015_square.jpg","contentUrl":"http:\/\/satrindtech.com\/wp-content\/uploads\/2017\/02\/Logo_Satrindtech2015_square.jpg","width":531,"height":531,"caption":"SatrindTech Srl"},"image":{"@id":"https:\/\/satrindtech.com\/en\/#\/schema\/logo\/image\/"},"sameAs":["https:\/\/www.facebook.com\/Satrindtech","https:\/\/x.com\/SatrindTech","https:\/\/www.instagram.com\/SatrindTech\/","https:\/\/www.linkedin.com\/company\/satrindtech","https:\/\/www.youtube.com\/c\/satrindtech"]}]}},"_links":{"self":[{"href":"https:\/\/satrindtech.com\/es\/wp-json\/wp\/v2\/pages\/24316","targetHints":{"allow":["GET"]}}],"collection":[{"href":"https:\/\/satrindtech.com\/es\/wp-json\/wp\/v2\/pages"}],"about":[{"href":"https:\/\/satrindtech.com\/es\/wp-json\/wp\/v2\/types\/page"}],"author":[{"embeddable":true,"href":"https:\/\/satrindtech.com\/es\/wp-json\/wp\/v2\/users\/20"}],"replies":[{"embeddable":true,"href":"https:\/\/satrindtech.com\/es\/wp-json\/wp\/v2\/comments?post=24316"}],"version-history":[{"count":0,"href":"https:\/\/satrindtech.com\/es\/wp-json\/wp\/v2\/pages\/24316\/revisions"}],"wp:attachment":[{"href":"https:\/\/satrindtech.com\/es\/wp-json\/wp\/v2\/media?parent=24316"}],"curies":[{"name":"wp","href":"https:\/\/api.w.org\/{rel}","templated":true}]}}