{"id":24184,"date":"2018-05-02T21:27:14","date_gmt":"2018-05-02T19:27:14","guid":{"rendered":"http:\/\/satrindtech.com\/?page_id=24184"},"modified":"2018-05-24T17:44:13","modified_gmt":"2018-05-24T15:44:13","slug":"desgarradores-abrebolsas-para-residuos","status":"publish","type":"page","link":"https:\/\/satrindtech.com\/es\/desgarradores-abrebolsas-para-residuos\/","title":{"rendered":"DESGARRADORES ABREBOLSAS"},"content":{"rendered":"<div class=\"wpb-content-wrapper\"><p>[vc_row css_animation=&#8221;&#8221; row_type=&#8221;row&#8221; use_row_as_full_screen_section=&#8221;no&#8221; type=&#8221;grid&#8221; angled_section=&#8221;no&#8221; text_align=&#8221;left&#8221; background_image_as_pattern=&#8221;without_pattern&#8221; padding_top=&#8221;20&#8243; padding_bottom=&#8221;0&#8243;][vc_column][vc_row_inner row_type=&#8221;row&#8221; type=&#8221;grid&#8221; text_align=&#8221;left&#8221; padding_top=&#8221;30&#8243; padding_bottom=&#8221;60&#8243; css_animation=&#8221;element_from_fade&#8221; transition_delay=&#8221;0.8&#8243;][vc_column_inner][vc_separator type=&#8221;transparent&#8221; up=&#8221;15&#8243; down=&#8221;0&#8243;][vc_column_text]<\/p>\n<h2>DESGARRADORES ABREBOLSAS 2 EJES<\/h2>\n<p>[\/vc_column_text][vc_separator type=&#8221;transparent&#8221; up=&#8221;35&#8243; down=&#8221;0&#8243;][vc_column_text]Los desgarradores abrebolsas son las m\u00e1quinas ideales cuando existe la necesidad de combinar la reducci\u00f3n de volumen con la alta producci\u00f3n (hasta 80\u00f7100 t\/h de RSU).\u00a0 Para esto, SatrindTech ofrece dos soluciones alternativas:<\/p>\n<ul>\n<li>Los desgarradores T 200 y T 400, que se han dise\u00f1ado especialmente para el trabajo de desechos s\u00f3lidos urbanos, residuos voluminosos, industriales y peligrosos en grandes plantas de tratamiento.\u00a0 Estos pueden funcionar en ambos sentidos de rotaci\u00f3n y las cuchillas con garfios utilizadas les permiten triturar hacia adelante y hacia atr\u00e1s, y as\u00ed reducir considerablemente el n\u00famero de inversiones.<\/li>\n<li>Trituradoras est\u00e1ndar (de 30 CV a 300 CV) dotadas de una serie de cuchillas T, para otras aplicaciones industriales, donde el balance de las inversiones necesarias puede ser definitivamente inferior.<\/li>\n<\/ul>\n<p>[\/vc_column_text][\/vc_column_inner][\/vc_row_inner][vc_separator type=&#8221;transparent&#8221; down=&#8221;85&#8243;][\/vc_column][\/vc_row][vc_row css_animation=&#8221;&#8221; row_type=&#8221;row&#8221; use_row_as_full_screen_section=&#8221;no&#8221; type=&#8221;grid&#8221; angled_section=&#8221;no&#8221; text_align=&#8221;left&#8221; background_image_as_pattern=&#8221;without_pattern&#8221;][vc_column][vc_separator type=&#8221;transparent&#8221;][vc_column_text]<\/p>\n<h1 style=\"text-align: center;\">SERIE DESGARRADORES<\/h1>\n<p>[\/vc_column_text][vc_separator type=&#8221;transparent&#8221;]<div class='blog_slider_holder clearfix '><div class='blog_slider blog_slider_carousel' data-auto_start='false'><ul class='blog_slides'><li class='item'><div class=\"item_holder\"><div class=\"blog_text_holder info_bottom\" ><div class=\"blog_text_holder_outer\"><div class=\"blog_text_date_holder\"><div itemprop=\"dateCreated\" class=\"blog_slider_date_holder entry_date updated\"><span class=\"blog_slider_day\" style= \"\" >01<\/span><span class=\"blog_slider_month\" style= \"\">Jan<\/span><meta itemprop=\"interactionCount\" content=\"UserComments: <?php echo get_comments_number(qode_get_page_id()); ?>\"\/><\/div><\/div><div class=\"blog_text_holder_inner\"><h3 class=\"carosello\" >T 200<\/h3><\/div><\/div><\/div><div class=\"blog_image_holder\"><span class=\"image\"><a itemprop=\"url\" href=\"\/es\/desgarradores-abrebolsas-2-ejes-serie-t200\/\"><img wpfc-lazyload-disable=\"true\" loading=\"lazy\" decoding=\"async\" width=\"600\" height=\"374\" src=\"https:\/\/satrindtech.com\/wp-content\/uploads\/2017\/12\/2-shaft-waste-cruscher-t20-220hp.jpg\" class=\"attachment-full size-full wp-post-image\" alt=\"\" srcset=\"https:\/\/satrindtech.com\/wp-content\/uploads\/2017\/12\/2-shaft-waste-cruscher-t20-220hp.jpg 600w, https:\/\/satrindtech.com\/wp-content\/uploads\/2017\/12\/2-shaft-waste-cruscher-t20-220hp-300x187.jpg 300w\" sizes=\"auto, (max-width: 600px) 100vw, 600px\" \/><\/a><\/span><\/div><strong class=\"riassunto\" ><p>2 Ejes<br \/>\n200 CV<br \/>\nAccionamiento hidr\u00e1ulico<\/p>\n<\/strong><\/div><\/li><li class='item'><div class=\"item_holder\"><div class=\"blog_text_holder info_bottom\" ><div class=\"blog_text_holder_outer\"><div class=\"blog_text_date_holder\"><div itemprop=\"dateCreated\" class=\"blog_slider_date_holder entry_date updated\"><span class=\"blog_slider_day\" style= \"\" >01<\/span><span class=\"blog_slider_month\" style= \"\">Feb<\/span><meta itemprop=\"interactionCount\" content=\"UserComments: <?php echo get_comments_number(qode_get_page_id()); ?>\"\/><\/div><\/div><div class=\"blog_text_holder_inner\"><h3 class=\"carosello\" >T 400<\/h3><\/div><\/div><\/div><div class=\"blog_image_holder\"><span class=\"image\"><a itemprop=\"url\" href=\"\/es\/desgarradores-abrebolsas-2-ejes-serie-t400\/\"><img wpfc-lazyload-disable=\"true\" loading=\"lazy\" decoding=\"async\" width=\"600\" height=\"374\" src=\"https:\/\/satrindtech.com\/wp-content\/uploads\/2017\/12\/2-shaft-waste-cruscher-t30-400hp.jpg\" class=\"attachment-full size-full wp-post-image\" alt=\"\" srcset=\"https:\/\/satrindtech.com\/wp-content\/uploads\/2017\/12\/2-shaft-waste-cruscher-t30-400hp.jpg 600w, https:\/\/satrindtech.com\/wp-content\/uploads\/2017\/12\/2-shaft-waste-cruscher-t30-400hp-300x187.jpg 300w\" sizes=\"auto, (max-width: 600px) 100vw, 600px\" \/><\/a><\/span><\/div><strong class=\"riassunto\" ><p>2 Ejes<br \/>\n400 CV<br \/>\nAccionamiento hidr\u00e1ulico<\/p>\n<\/strong><\/div><\/li><li class='item'><div class=\"item_holder\"><div class=\"blog_text_holder info_bottom\" ><div class=\"blog_text_holder_outer\"><div class=\"blog_text_date_holder\"><div itemprop=\"dateCreated\" class=\"blog_slider_date_holder entry_date updated\"><span class=\"blog_slider_day\" style= \"\" >24<\/span><span class=\"blog_slider_month\" style= \"\">Jan<\/span><meta itemprop=\"interactionCount\" content=\"UserComments: <?php echo get_comments_number(qode_get_page_id()); ?>\"\/><\/div><\/div><div class=\"blog_text_holder_inner\"><h3 class=\"carosello\" >K 30\/T<\/h3><\/div><\/div><\/div><div class=\"blog_image_holder\"><span class=\"image\"><a itemprop=\"url\" href=\"\/es\/desgarradores-abrebolsas-2-ejes-serie-k30-t\/\"><img wpfc-lazyload-disable=\"true\" loading=\"lazy\" decoding=\"async\" width=\"600\" height=\"374\" src=\"https:\/\/satrindtech.com\/wp-content\/uploads\/2017\/12\/2-shaft-crusher-k30t-1.jpg\" class=\"attachment-full size-full wp-post-image\" alt=\"\" srcset=\"https:\/\/satrindtech.com\/wp-content\/uploads\/2017\/12\/2-shaft-crusher-k30t-1.jpg 600w, https:\/\/satrindtech.com\/wp-content\/uploads\/2017\/12\/2-shaft-crusher-k30t-1-300x187.jpg 300w\" sizes=\"auto, (max-width: 600px) 100vw, 600px\" \/><\/a><\/span><\/div><strong class=\"riassunto\" ><p>2 Ejes<br \/>\n30 CV<br \/>\nAccionamiento el\u00e9ctrico<\/p>\n<\/strong><\/div><\/li><\/ul><ul class=\"caroufredsel-direction-nav\"><li><a id=\"caroufredsel-prev\" class=\"caroufredsel-prev\" href=\"#\"><div><i class=\"fa fa-angle-left\"><\/i><\/div><\/a><\/li><li><a class=\"caroufredsel-next\" id=\"caroufredsel-next\" href=\"#\"><div><i class=\"fa fa-angle-right\"><\/i><\/div><\/a><\/li><\/ul><\/div><\/div>[vc_separator type=&#8221;transparent&#8221;][\/vc_column][\/vc_row]<\/p>\n<\/div>","protected":false},"excerpt":{"rendered":"<p>[vc_row css_animation=&#8221;&#8221; row_type=&#8221;row&#8221; use_row_as_full_screen_section=&#8221;no&#8221; type=&#8221;grid&#8221; angled_section=&#8221;no&#8221; text_align=&#8221;left&#8221; background_image_as_pattern=&#8221;without_pattern&#8221; padding_top=&#8221;20&#8243; padding_bottom=&#8221;0&#8243;][vc_column][vc_row_inner row_type=&#8221;row&#8221; type=&#8221;grid&#8221; text_align=&#8221;left&#8221; padding_top=&#8221;30&#8243; padding_bottom=&#8221;60&#8243;&#8230;<\/p>\n","protected":false},"author":20,"featured_media":0,"parent":0,"menu_order":0,"comment_status":"open","ping_status":"closed","template":"full_width.php","meta":{"_acf_changed":false,"inline_featured_image":false,"footnotes":""},"class_list":["post-24184","page","type-page","status-publish","hentry"],"acf":[],"yoast_head":"<!-- This site is optimized with the Yoast SEO Premium plugin v26.3 (Yoast SEO v27.4) - https:\/\/yoast.com\/product\/yoast-seo-premium-wordpress\/ -->\n<title>Desgarradores abrebolsas accionamiento el\u00e9ctrico y hidr\u00e1ulico | SatrindTech Srl<\/title>\n<meta name=\"description\" content=\"Desgarradores abrebolsas son las m\u00e1quinas ideales cuando se necesita combinar reducci\u00f3n de volumen con alta producci\u00f3n. Podemos ofrecerle diferentes soluciones\" \/>\n<meta name=\"robots\" content=\"index, follow, max-snippet:-1, max-image-preview:large, max-video-preview:-1\" \/>\n<link rel=\"canonical\" href=\"https:\/\/satrindtech.com\/es\/desgarradores-abrebolsas-para-residuos\/\" \/>\n<meta property=\"og:locale\" content=\"es_ES\" \/>\n<meta property=\"og:type\" content=\"article\" \/>\n<meta property=\"og:title\" content=\"DESGARRADORES ABREBOLSAS\" \/>\n<meta property=\"og:description\" content=\"Desgarradores abrebolsas son las m\u00e1quinas ideales cuando se necesita combinar reducci\u00f3n de volumen con alta producci\u00f3n. Podemos ofrecerle diferentes soluciones\" \/>\n<meta property=\"og:url\" content=\"https:\/\/satrindtech.com\/es\/desgarradores-abrebolsas-para-residuos\/\" \/>\n<meta property=\"og:site_name\" content=\"SatrindTech Srl\" \/>\n<meta property=\"article:publisher\" content=\"https:\/\/www.facebook.com\/Satrindtech\" \/>\n<meta property=\"article:modified_time\" content=\"2018-05-24T15:44:13+00:00\" \/>\n<meta name=\"twitter:card\" content=\"summary_large_image\" \/>\n<meta name=\"twitter:site\" content=\"@SatrindTech\" \/>\n<meta name=\"twitter:label1\" content=\"Tiempo de lectura\" \/>\n\t<meta name=\"twitter:data1\" content=\"2 minutes\" \/>\n<script type=\"application\/ld+json\" class=\"yoast-schema-graph\">{\"@context\":\"https:\\\/\\\/schema.org\",\"@graph\":[{\"@type\":\"WebPage\",\"@id\":\"https:\\\/\\\/satrindtech.com\\\/es\\\/desgarradores-abrebolsas-para-residuos\\\/\",\"url\":\"https:\\\/\\\/satrindtech.com\\\/es\\\/desgarradores-abrebolsas-para-residuos\\\/\",\"name\":\"Desgarradores abrebolsas accionamiento el\u00e9ctrico y hidr\u00e1ulico | SatrindTech Srl\",\"isPartOf\":{\"@id\":\"https:\\\/\\\/satrindtech.com\\\/en\\\/#website\"},\"datePublished\":\"2018-05-02T19:27:14+00:00\",\"dateModified\":\"2018-05-24T15:44:13+00:00\",\"description\":\"Desgarradores abrebolsas son las m\u00e1quinas ideales cuando se necesita combinar reducci\u00f3n de volumen con alta producci\u00f3n. Podemos ofrecerle diferentes soluciones\",\"breadcrumb\":{\"@id\":\"https:\\\/\\\/satrindtech.com\\\/es\\\/desgarradores-abrebolsas-para-residuos\\\/#breadcrumb\"},\"inLanguage\":\"es-ES\",\"potentialAction\":[{\"@type\":\"ReadAction\",\"target\":[\"https:\\\/\\\/satrindtech.com\\\/es\\\/desgarradores-abrebolsas-para-residuos\\\/\"]}]},{\"@type\":\"BreadcrumbList\",\"@id\":\"https:\\\/\\\/satrindtech.com\\\/es\\\/desgarradores-abrebolsas-para-residuos\\\/#breadcrumb\",\"itemListElement\":[{\"@type\":\"ListItem\",\"position\":1,\"name\":\"Home\",\"item\":\"https:\\\/\\\/satrindtech.com\\\/es\\\/\"},{\"@type\":\"ListItem\",\"position\":2,\"name\":\"DESGARRADORES ABREBOLSAS\"}]},{\"@type\":\"WebSite\",\"@id\":\"https:\\\/\\\/satrindtech.com\\\/en\\\/#website\",\"url\":\"https:\\\/\\\/satrindtech.com\\\/en\\\/\",\"name\":\"SatrindTech Srl\",\"description\":\"Manufacturer of shredders, crushers, grinders and shredding plants\",\"publisher\":{\"@id\":\"https:\\\/\\\/satrindtech.com\\\/en\\\/#organization\"},\"potentialAction\":[{\"@type\":\"SearchAction\",\"target\":{\"@type\":\"EntryPoint\",\"urlTemplate\":\"https:\\\/\\\/satrindtech.com\\\/en\\\/?s={search_term_string}\"},\"query-input\":{\"@type\":\"PropertyValueSpecification\",\"valueRequired\":true,\"valueName\":\"search_term_string\"}}],\"inLanguage\":\"es-ES\"},{\"@type\":\"Organization\",\"@id\":\"https:\\\/\\\/satrindtech.com\\\/en\\\/#organization\",\"name\":\"SatrindTech Srl\",\"url\":\"https:\\\/\\\/satrindtech.com\\\/en\\\/\",\"logo\":{\"@type\":\"ImageObject\",\"inLanguage\":\"es-ES\",\"@id\":\"https:\\\/\\\/satrindtech.com\\\/en\\\/#\\\/schema\\\/logo\\\/image\\\/\",\"url\":\"http:\\\/\\\/satrindtech.com\\\/wp-content\\\/uploads\\\/2017\\\/02\\\/Logo_Satrindtech2015_square.jpg\",\"contentUrl\":\"http:\\\/\\\/satrindtech.com\\\/wp-content\\\/uploads\\\/2017\\\/02\\\/Logo_Satrindtech2015_square.jpg\",\"width\":531,\"height\":531,\"caption\":\"SatrindTech Srl\"},\"image\":{\"@id\":\"https:\\\/\\\/satrindtech.com\\\/en\\\/#\\\/schema\\\/logo\\\/image\\\/\"},\"sameAs\":[\"https:\\\/\\\/www.facebook.com\\\/Satrindtech\",\"https:\\\/\\\/x.com\\\/SatrindTech\",\"https:\\\/\\\/www.instagram.com\\\/SatrindTech\\\/\",\"https:\\\/\\\/www.linkedin.com\\\/company\\\/satrindtech\",\"https:\\\/\\\/www.youtube.com\\\/c\\\/satrindtech\"]}]}<\/script>\n<!-- \/ Yoast SEO Premium plugin. -->","yoast_head_json":{"title":"Desgarradores abrebolsas accionamiento el\u00e9ctrico y hidr\u00e1ulico | SatrindTech Srl","description":"Desgarradores abrebolsas son las m\u00e1quinas ideales cuando se necesita combinar reducci\u00f3n de volumen con alta producci\u00f3n. Podemos ofrecerle diferentes soluciones","robots":{"index":"index","follow":"follow","max-snippet":"max-snippet:-1","max-image-preview":"max-image-preview:large","max-video-preview":"max-video-preview:-1"},"canonical":"https:\/\/satrindtech.com\/es\/desgarradores-abrebolsas-para-residuos\/","og_locale":"es_ES","og_type":"article","og_title":"DESGARRADORES ABREBOLSAS","og_description":"Desgarradores abrebolsas son las m\u00e1quinas ideales cuando se necesita combinar reducci\u00f3n de volumen con alta producci\u00f3n. Podemos ofrecerle diferentes soluciones","og_url":"https:\/\/satrindtech.com\/es\/desgarradores-abrebolsas-para-residuos\/","og_site_name":"SatrindTech Srl","article_publisher":"https:\/\/www.facebook.com\/Satrindtech","article_modified_time":"2018-05-24T15:44:13+00:00","twitter_card":"summary_large_image","twitter_site":"@SatrindTech","twitter_misc":{"Tiempo de lectura":"2 minutes"},"schema":{"@context":"https:\/\/schema.org","@graph":[{"@type":"WebPage","@id":"https:\/\/satrindtech.com\/es\/desgarradores-abrebolsas-para-residuos\/","url":"https:\/\/satrindtech.com\/es\/desgarradores-abrebolsas-para-residuos\/","name":"Desgarradores abrebolsas accionamiento el\u00e9ctrico y hidr\u00e1ulico | SatrindTech Srl","isPartOf":{"@id":"https:\/\/satrindtech.com\/en\/#website"},"datePublished":"2018-05-02T19:27:14+00:00","dateModified":"2018-05-24T15:44:13+00:00","description":"Desgarradores abrebolsas son las m\u00e1quinas ideales cuando se necesita combinar reducci\u00f3n de volumen con alta producci\u00f3n. Podemos ofrecerle diferentes soluciones","breadcrumb":{"@id":"https:\/\/satrindtech.com\/es\/desgarradores-abrebolsas-para-residuos\/#breadcrumb"},"inLanguage":"es-ES","potentialAction":[{"@type":"ReadAction","target":["https:\/\/satrindtech.com\/es\/desgarradores-abrebolsas-para-residuos\/"]}]},{"@type":"BreadcrumbList","@id":"https:\/\/satrindtech.com\/es\/desgarradores-abrebolsas-para-residuos\/#breadcrumb","itemListElement":[{"@type":"ListItem","position":1,"name":"Home","item":"https:\/\/satrindtech.com\/es\/"},{"@type":"ListItem","position":2,"name":"DESGARRADORES ABREBOLSAS"}]},{"@type":"WebSite","@id":"https:\/\/satrindtech.com\/en\/#website","url":"https:\/\/satrindtech.com\/en\/","name":"SatrindTech Srl","description":"Manufacturer of shredders, crushers, grinders and shredding plants","publisher":{"@id":"https:\/\/satrindtech.com\/en\/#organization"},"potentialAction":[{"@type":"SearchAction","target":{"@type":"EntryPoint","urlTemplate":"https:\/\/satrindtech.com\/en\/?s={search_term_string}"},"query-input":{"@type":"PropertyValueSpecification","valueRequired":true,"valueName":"search_term_string"}}],"inLanguage":"es-ES"},{"@type":"Organization","@id":"https:\/\/satrindtech.com\/en\/#organization","name":"SatrindTech Srl","url":"https:\/\/satrindtech.com\/en\/","logo":{"@type":"ImageObject","inLanguage":"es-ES","@id":"https:\/\/satrindtech.com\/en\/#\/schema\/logo\/image\/","url":"http:\/\/satrindtech.com\/wp-content\/uploads\/2017\/02\/Logo_Satrindtech2015_square.jpg","contentUrl":"http:\/\/satrindtech.com\/wp-content\/uploads\/2017\/02\/Logo_Satrindtech2015_square.jpg","width":531,"height":531,"caption":"SatrindTech Srl"},"image":{"@id":"https:\/\/satrindtech.com\/en\/#\/schema\/logo\/image\/"},"sameAs":["https:\/\/www.facebook.com\/Satrindtech","https:\/\/x.com\/SatrindTech","https:\/\/www.instagram.com\/SatrindTech\/","https:\/\/www.linkedin.com\/company\/satrindtech","https:\/\/www.youtube.com\/c\/satrindtech"]}]}},"_links":{"self":[{"href":"https:\/\/satrindtech.com\/es\/wp-json\/wp\/v2\/pages\/24184","targetHints":{"allow":["GET"]}}],"collection":[{"href":"https:\/\/satrindtech.com\/es\/wp-json\/wp\/v2\/pages"}],"about":[{"href":"https:\/\/satrindtech.com\/es\/wp-json\/wp\/v2\/types\/page"}],"author":[{"embeddable":true,"href":"https:\/\/satrindtech.com\/es\/wp-json\/wp\/v2\/users\/20"}],"replies":[{"embeddable":true,"href":"https:\/\/satrindtech.com\/es\/wp-json\/wp\/v2\/comments?post=24184"}],"version-history":[{"count":0,"href":"https:\/\/satrindtech.com\/es\/wp-json\/wp\/v2\/pages\/24184\/revisions"}],"wp:attachment":[{"href":"https:\/\/satrindtech.com\/es\/wp-json\/wp\/v2\/media?parent=24184"}],"curies":[{"name":"wp","href":"https:\/\/api.w.org\/{rel}","templated":true}]}}