{"id":23922,"date":"2018-04-20T01:27:02","date_gmt":"2018-04-19T23:27:02","guid":{"rendered":"http:\/\/satrindtech.com\/?page_id=23922"},"modified":"2018-05-08T14:50:57","modified_gmt":"2018-05-08T12:50:57","slug":"trituradores-industriales-usados","status":"publish","type":"page","link":"https:\/\/satrindtech.com\/es\/trituradores-industriales-usados\/","title":{"rendered":"TRITURADORES USADOS"},"content":{"rendered":"<div class=\"wpb-content-wrapper\"><p>[vc_row css_animation=&#8221;&#8221; row_type=&#8221;row&#8221; use_row_as_full_screen_section=&#8221;no&#8221; type=&#8221;grid&#8221; angled_section=&#8221;no&#8221; text_align=&#8221;left&#8221; background_image_as_pattern=&#8221;without_pattern&#8221; padding_top=&#8221;20&#8243; padding_bottom=&#8221;0&#8243;][vc_column][vc_row_inner row_type=&#8221;row&#8221; type=&#8221;grid&#8221; text_align=&#8221;left&#8221; padding_top=&#8221;30&#8243; padding_bottom=&#8221;60&#8243; css_animation=&#8221;element_from_fade&#8221; transition_delay=&#8221;0.8&#8243;][vc_column_inner][vc_separator type=&#8221;transparent&#8221; up=&#8221;15&#8243; down=&#8221;0&#8243;][vc_column_text]<\/p>\n<h2>TRITURADORES USADOS<\/h2>\n<p>[\/vc_column_text][vc_separator type=&#8221;transparent&#8221; up=&#8221;35&#8243; down=&#8221;0&#8243;][vc_column_text]En caso de necesidad, p\u00f3ngase en contacto con nuestra oficina de ventas en la siguiente direcci\u00f3n de correo electr\u00f3nico: sales@satrindtech.com<\/p>\n<p><strong>Tel.:<\/strong> +39.02 9037 6683<br \/>\n<strong>Fax:<\/strong> +39.02 9037 6721[\/vc_column_text][\/vc_column_inner][\/vc_row_inner][vc_separator type=&#8221;transparent&#8221; down=&#8221;85&#8243;][\/vc_column][\/vc_row]<\/p>\n<\/div>","protected":false},"excerpt":{"rendered":"<p>[vc_row css_animation=&#8221;&#8221; row_type=&#8221;row&#8221; use_row_as_full_screen_section=&#8221;no&#8221; type=&#8221;grid&#8221; angled_section=&#8221;no&#8221; text_align=&#8221;left&#8221; background_image_as_pattern=&#8221;without_pattern&#8221; padding_top=&#8221;20&#8243; padding_bottom=&#8221;0&#8243;][vc_column][vc_row_inner row_type=&#8221;row&#8221; type=&#8221;grid&#8221; text_align=&#8221;left&#8221; padding_top=&#8221;30&#8243; padding_bottom=&#8221;60&#8243;&#8230;<\/p>\n","protected":false},"author":20,"featured_media":0,"parent":0,"menu_order":0,"comment_status":"open","ping_status":"closed","template":"full_width.php","meta":{"_acf_changed":false,"inline_featured_image":false,"footnotes":""},"class_list":["post-23922","page","type-page","status-publish","hentry"],"acf":[],"yoast_head":"<!-- This site is optimized with the Yoast SEO Premium plugin v26.3 (Yoast SEO v27.2) - https:\/\/yoast.com\/product\/yoast-seo-premium-wordpress\/ -->\n<title>Trituradores industriales usados completamente reparados | SatrindTech Srl<\/title>\n<meta name=\"description\" content=\"Trituradores industriales usados reparados en pleno funcionamiento. Nuestra Departamento de Ventaest\u00e1 disponible para presentarle las caracter\u00edsticas de todos nuestros trituradores\" \/>\n<meta name=\"robots\" content=\"index, follow, max-snippet:-1, max-image-preview:large, max-video-preview:-1\" \/>\n<link rel=\"canonical\" href=\"https:\/\/satrindtech.com\/es\/trituradores-industriales-usados\/\" \/>\n<meta property=\"og:locale\" content=\"es_ES\" \/>\n<meta property=\"og:type\" content=\"article\" \/>\n<meta property=\"og:title\" content=\"TRITURADORES USADOS\" \/>\n<meta property=\"og:description\" content=\"Trituradores industriales usados reparados en pleno funcionamiento. Nuestra Departamento de Ventaest\u00e1 disponible para presentarle las caracter\u00edsticas de todos nuestros trituradores\" \/>\n<meta property=\"og:url\" content=\"https:\/\/satrindtech.com\/es\/trituradores-industriales-usados\/\" \/>\n<meta property=\"og:site_name\" content=\"SatrindTech Srl\" \/>\n<meta property=\"article:publisher\" content=\"https:\/\/www.facebook.com\/Satrindtech\" \/>\n<meta property=\"article:modified_time\" content=\"2018-05-08T12:50:57+00:00\" \/>\n<meta name=\"twitter:card\" content=\"summary_large_image\" \/>\n<meta name=\"twitter:site\" content=\"@SatrindTech\" \/>\n<meta name=\"twitter:label1\" content=\"Tiempo de lectura\" \/>\n\t<meta name=\"twitter:data1\" content=\"1 minute\" \/>\n<script type=\"application\/ld+json\" class=\"yoast-schema-graph\">{\"@context\":\"https:\/\/schema.org\",\"@graph\":[{\"@type\":\"WebPage\",\"@id\":\"https:\/\/satrindtech.com\/es\/trituradores-industriales-usados\/\",\"url\":\"https:\/\/satrindtech.com\/es\/trituradores-industriales-usados\/\",\"name\":\"Trituradores industriales usados completamente reparados | SatrindTech Srl\",\"isPartOf\":{\"@id\":\"https:\/\/satrindtech.com\/en\/#website\"},\"datePublished\":\"2018-04-19T23:27:02+00:00\",\"dateModified\":\"2018-05-08T12:50:57+00:00\",\"description\":\"Trituradores industriales usados reparados en pleno funcionamiento. Nuestra Departamento de Ventaest\u00e1 disponible para presentarle las caracter\u00edsticas de todos nuestros trituradores\",\"breadcrumb\":{\"@id\":\"https:\/\/satrindtech.com\/es\/trituradores-industriales-usados\/#breadcrumb\"},\"inLanguage\":\"es-ES\",\"potentialAction\":[{\"@type\":\"ReadAction\",\"target\":[\"https:\/\/satrindtech.com\/es\/trituradores-industriales-usados\/\"]}]},{\"@type\":\"BreadcrumbList\",\"@id\":\"https:\/\/satrindtech.com\/es\/trituradores-industriales-usados\/#breadcrumb\",\"itemListElement\":[{\"@type\":\"ListItem\",\"position\":1,\"name\":\"Home\",\"item\":\"https:\/\/satrindtech.com\/es\/\"},{\"@type\":\"ListItem\",\"position\":2,\"name\":\"TRITURADORES USADOS\"}]},{\"@type\":\"WebSite\",\"@id\":\"https:\/\/satrindtech.com\/en\/#website\",\"url\":\"https:\/\/satrindtech.com\/en\/\",\"name\":\"SatrindTech Srl\",\"description\":\"Manufacturer of shredders, crushers, grinders and shredding plants\",\"publisher\":{\"@id\":\"https:\/\/satrindtech.com\/en\/#organization\"},\"potentialAction\":[{\"@type\":\"SearchAction\",\"target\":{\"@type\":\"EntryPoint\",\"urlTemplate\":\"https:\/\/satrindtech.com\/en\/?s={search_term_string}\"},\"query-input\":{\"@type\":\"PropertyValueSpecification\",\"valueRequired\":true,\"valueName\":\"search_term_string\"}}],\"inLanguage\":\"es-ES\"},{\"@type\":\"Organization\",\"@id\":\"https:\/\/satrindtech.com\/en\/#organization\",\"name\":\"SatrindTech Srl\",\"url\":\"https:\/\/satrindtech.com\/en\/\",\"logo\":{\"@type\":\"ImageObject\",\"inLanguage\":\"es-ES\",\"@id\":\"https:\/\/satrindtech.com\/en\/#\/schema\/logo\/image\/\",\"url\":\"http:\/\/satrindtech.com\/wp-content\/uploads\/2017\/02\/Logo_Satrindtech2015_square.jpg\",\"contentUrl\":\"http:\/\/satrindtech.com\/wp-content\/uploads\/2017\/02\/Logo_Satrindtech2015_square.jpg\",\"width\":531,\"height\":531,\"caption\":\"SatrindTech Srl\"},\"image\":{\"@id\":\"https:\/\/satrindtech.com\/en\/#\/schema\/logo\/image\/\"},\"sameAs\":[\"https:\/\/www.facebook.com\/Satrindtech\",\"https:\/\/x.com\/SatrindTech\",\"https:\/\/www.instagram.com\/SatrindTech\/\",\"https:\/\/www.linkedin.com\/company\/satrindtech\",\"https:\/\/www.youtube.com\/c\/satrindtech\"]}]}<\/script>\n<!-- \/ Yoast SEO Premium plugin. -->","yoast_head_json":{"title":"Trituradores industriales usados completamente reparados | SatrindTech Srl","description":"Trituradores industriales usados reparados en pleno funcionamiento. Nuestra Departamento de Ventaest\u00e1 disponible para presentarle las caracter\u00edsticas de todos nuestros trituradores","robots":{"index":"index","follow":"follow","max-snippet":"max-snippet:-1","max-image-preview":"max-image-preview:large","max-video-preview":"max-video-preview:-1"},"canonical":"https:\/\/satrindtech.com\/es\/trituradores-industriales-usados\/","og_locale":"es_ES","og_type":"article","og_title":"TRITURADORES USADOS","og_description":"Trituradores industriales usados reparados en pleno funcionamiento. Nuestra Departamento de Ventaest\u00e1 disponible para presentarle las caracter\u00edsticas de todos nuestros trituradores","og_url":"https:\/\/satrindtech.com\/es\/trituradores-industriales-usados\/","og_site_name":"SatrindTech Srl","article_publisher":"https:\/\/www.facebook.com\/Satrindtech","article_modified_time":"2018-05-08T12:50:57+00:00","twitter_card":"summary_large_image","twitter_site":"@SatrindTech","twitter_misc":{"Tiempo de lectura":"1 minute"},"schema":{"@context":"https:\/\/schema.org","@graph":[{"@type":"WebPage","@id":"https:\/\/satrindtech.com\/es\/trituradores-industriales-usados\/","url":"https:\/\/satrindtech.com\/es\/trituradores-industriales-usados\/","name":"Trituradores industriales usados completamente reparados | SatrindTech Srl","isPartOf":{"@id":"https:\/\/satrindtech.com\/en\/#website"},"datePublished":"2018-04-19T23:27:02+00:00","dateModified":"2018-05-08T12:50:57+00:00","description":"Trituradores industriales usados reparados en pleno funcionamiento. Nuestra Departamento de Ventaest\u00e1 disponible para presentarle las caracter\u00edsticas de todos nuestros trituradores","breadcrumb":{"@id":"https:\/\/satrindtech.com\/es\/trituradores-industriales-usados\/#breadcrumb"},"inLanguage":"es-ES","potentialAction":[{"@type":"ReadAction","target":["https:\/\/satrindtech.com\/es\/trituradores-industriales-usados\/"]}]},{"@type":"BreadcrumbList","@id":"https:\/\/satrindtech.com\/es\/trituradores-industriales-usados\/#breadcrumb","itemListElement":[{"@type":"ListItem","position":1,"name":"Home","item":"https:\/\/satrindtech.com\/es\/"},{"@type":"ListItem","position":2,"name":"TRITURADORES USADOS"}]},{"@type":"WebSite","@id":"https:\/\/satrindtech.com\/en\/#website","url":"https:\/\/satrindtech.com\/en\/","name":"SatrindTech Srl","description":"Manufacturer of shredders, crushers, grinders and shredding plants","publisher":{"@id":"https:\/\/satrindtech.com\/en\/#organization"},"potentialAction":[{"@type":"SearchAction","target":{"@type":"EntryPoint","urlTemplate":"https:\/\/satrindtech.com\/en\/?s={search_term_string}"},"query-input":{"@type":"PropertyValueSpecification","valueRequired":true,"valueName":"search_term_string"}}],"inLanguage":"es-ES"},{"@type":"Organization","@id":"https:\/\/satrindtech.com\/en\/#organization","name":"SatrindTech Srl","url":"https:\/\/satrindtech.com\/en\/","logo":{"@type":"ImageObject","inLanguage":"es-ES","@id":"https:\/\/satrindtech.com\/en\/#\/schema\/logo\/image\/","url":"http:\/\/satrindtech.com\/wp-content\/uploads\/2017\/02\/Logo_Satrindtech2015_square.jpg","contentUrl":"http:\/\/satrindtech.com\/wp-content\/uploads\/2017\/02\/Logo_Satrindtech2015_square.jpg","width":531,"height":531,"caption":"SatrindTech Srl"},"image":{"@id":"https:\/\/satrindtech.com\/en\/#\/schema\/logo\/image\/"},"sameAs":["https:\/\/www.facebook.com\/Satrindtech","https:\/\/x.com\/SatrindTech","https:\/\/www.instagram.com\/SatrindTech\/","https:\/\/www.linkedin.com\/company\/satrindtech","https:\/\/www.youtube.com\/c\/satrindtech"]}]}},"_links":{"self":[{"href":"https:\/\/satrindtech.com\/es\/wp-json\/wp\/v2\/pages\/23922","targetHints":{"allow":["GET"]}}],"collection":[{"href":"https:\/\/satrindtech.com\/es\/wp-json\/wp\/v2\/pages"}],"about":[{"href":"https:\/\/satrindtech.com\/es\/wp-json\/wp\/v2\/types\/page"}],"author":[{"embeddable":true,"href":"https:\/\/satrindtech.com\/es\/wp-json\/wp\/v2\/users\/20"}],"replies":[{"embeddable":true,"href":"https:\/\/satrindtech.com\/es\/wp-json\/wp\/v2\/comments?post=23922"}],"version-history":[{"count":0,"href":"https:\/\/satrindtech.com\/es\/wp-json\/wp\/v2\/pages\/23922\/revisions"}],"wp:attachment":[{"href":"https:\/\/satrindtech.com\/es\/wp-json\/wp\/v2\/media?parent=23922"}],"curies":[{"name":"wp","href":"https:\/\/api.w.org\/{rel}","templated":true}]}}