{"id":23917,"date":"2018-04-20T01:23:50","date_gmt":"2018-04-19T23:23:50","guid":{"rendered":"http:\/\/satrindtech.com\/?page_id=23917"},"modified":"2018-05-27T16:33:04","modified_gmt":"2018-05-27T14:33:04","slug":"trituratori-industriali-conformi-industria-4-0-landing-page","status":"publish","type":"page","link":"https:\/\/satrindtech.com\/es\/trituratori-industriali-conformi-industria-4-0-landing-page\/","title":{"rendered":"Trituratori industriali conformi Industria 4.0 (landing page)"},"content":{"rendered":"<div class=\"wpb-content-wrapper\"><p>[vc_row row_type=&#8221;row&#8221; use_row_as_full_screen_section=&#8221;no&#8221; type=&#8221;grid&#8221; angled_section=&#8221;no&#8221; text_align=&#8221;left&#8221; background_image_as_pattern=&#8221;without_pattern&#8221; padding_top=&#8221;20&#8243; padding_bottom=&#8221;0&#8243; css_animation=&#8221;&#8221;][vc_column][vc_separator type=&#8221;transparent&#8221; up=&#8221;75&#8243;][vc_row_inner row_type=&#8221;row&#8221; type=&#8221;grid&#8221; text_align=&#8221;left&#8221; padding_top=&#8221;30&#8243; padding_bottom=&#8221;60&#8243; css_animation=&#8221;&#8221;][vc_column_inner][vc_column_text]Requisiti Industria 4.0[\/vc_column_text][vc_separator type=&#8221;transparent&#8221; up=&#8221;20&#8243; down=&#8221;0&#8243;][vc_column_text]<\/p>\n<h2 class=\"box_sottotitolo noMarginLeft\" style=\"text-align: left;\"><strong>Trituratori industriali conformi-Industria-4.0<\/strong><\/h2>\n<p>[\/vc_column_text][\/vc_column_inner][\/vc_row_inner][vc_row_inner row_type=&#8221;row&#8221; type=&#8221;full_width&#8221; text_align=&#8221;left&#8221; css_animation=&#8221;element_from_fade&#8221; transition_delay=&#8221;0.3&#8243;][vc_column_inner width=&#8221;1\/2&#8243;][vc_single_image image=&#8221;21691&#8243; img_size=&#8221;full&#8221; qode_css_animation=&#8221;&#8221;][\/vc_column_inner][vc_column_inner width=&#8221;1\/2&#8243;][vc_separator type=&#8221;transparent&#8221; up=&#8221;10&#8243;][vc_column_text]Per accedere all\u00b4iperammortamento del 250% i macchinari acquistati entro il 31-dic (acconto 20%) e consegnati entro il 30-set-2018, debbono obbligatoriamente avere 5+2 requisiti-Industria-4.0, oltre che rientrare negli allegati A e B della legge. I trituratori rientrano nell\u00b4allegato A. Per i software correlati ai beni l\u00b4ammortamento e del 140%.<\/p>\n<p>Il rappresentante legale deve rilasciare una dichiarazione che comprovi tali requisiti. Sopra i 500 k\/Eur di valore del bene bisogna presentare una perizia tecnica di un ingegnere\/perito iscritto all`albo oppure ente certificatore accreditato. L`Agenzia delle Entrata verifica i requisiti (e le multe). In assenza dei requisiti l\u00b4ammortamento e del 140% e non del 250%.[\/vc_column_text][\/vc_column_inner][\/vc_row_inner][vc_separator type=&#8221;transparent&#8221; up=&#8221;75&#8243; down=&#8221;0&#8243;][\/vc_column][\/vc_row][vc_row row_type=&#8221;row&#8221; use_row_as_full_screen_section=&#8221;no&#8221; type=&#8221;full_width&#8221; angled_section=&#8221;yes&#8221; angled_section_position=&#8221;both&#8221; angled_section_direction=&#8221;from_right_to_left&#8221; text_align=&#8221;left&#8221; background_image_as_pattern=&#8221;without_pattern&#8221; background_color=&#8221;#f4f4f4&#8243; css_animation=&#8221;&#8221;][vc_column][vc_separator type=&#8221;transparent&#8221; up=&#8221;75&#8243;][vc_row_inner row_type=&#8221;row&#8221; type=&#8221;grid&#8221; text_align=&#8221;left&#8221; css_animation=&#8221;element_from_fade&#8221; transition_delay=&#8221;0.5&#8243;][vc_column_inner][vc_separator type=&#8221;transparent&#8221; up=&#8221;10&#8243;][vc_column_text]<\/p>\n<h4>Requisiti<\/h4>\n<p>[\/vc_column_text][vc_separator type=&#8221;transparent&#8221; up=&#8221;10&#8243;][vc_column_text]I 5 requisiti-Industria-4.0 che devono essere rispettati in sintesi sono:<\/p>\n<ul>\n<li>Controllo del macchinario con PLC<\/li>\n<li>Interconnessione all`IT di fabbrica del cliente<\/li>\n<li>Integrazione automatizzata col sistema logistico di fabbrica (del cliente)<\/li>\n<li>Interfaccia uomo\/macchina (HMI) semplice ed intuitiva<\/li>\n<li>Rispondenza agli standard di sicurezza sul lavoro<\/li>\n<\/ul>\n<p>&nbsp;<\/p>\n<p>Piu gli altri 2 requisiti (tralasciamo il terzo):<\/p>\n<ul>\n<li>Sistema di telemanutenzione e\/o controllo remoto.<\/li>\n<li>Monitoraggio continuo delle condizioni di lavoro e dei parametri di processo.<\/li>\n<\/ul>\n<p>[\/vc_column_text][\/vc_column_inner][\/vc_row_inner][vc_separator type=&#8221;transparent&#8221; up=&#8221;75&#8243;][\/vc_column][\/vc_row][vc_row row_type=&#8221;row&#8221; use_row_as_full_screen_section=&#8221;no&#8221; type=&#8221;grid&#8221; angled_section=&#8221;no&#8221; text_align=&#8221;left&#8221; background_image_as_pattern=&#8221;without_pattern&#8221; padding_top=&#8221;20&#8243; padding_bottom=&#8221;0&#8243; css_animation=&#8221;&#8221;][vc_column][vc_separator type=&#8221;transparent&#8221; up=&#8221;75&#8243;][vc_row_inner row_type=&#8221;row&#8221; type=&#8221;full_width&#8221; text_align=&#8221;left&#8221; css_animation=&#8221;element_from_fade&#8221; transition_delay=&#8221;0.7&#8243;][vc_column_inner][vc_separator type=&#8221;transparent&#8221; up=&#8221;10&#8243;][vc_column_text]<\/p>\n<h4>Applicazione<\/h4>\n<p>[\/vc_column_text][vc_separator type=&#8221;transparent&#8221; up=&#8221;10&#8243;][vc_column_text]Il PLC e la teleassistenza rispondono in parte ai requisiti-Industria-4.0, non a tutti. Sono comunque un punto imprescindibile di partenza.<\/p>\n<p>Per gli altri:<\/p>\n<ul>\n<li>Per l`interconnessione al sistema IT di fabbrica il bene deve scambiare informazioni col sistema gestionale o di pianificazione o di progettazione e di sviluppo o di monitoraggio del prodotto. Cioe il PLC deve entrare con un protocollo internazionalmente riconosciuto (TCP\/IP, HTTP) nell\u00b4IT del cliente ed essere univocamente riconosciuto come univoca fonte dati (indirizzo IP). Le linee guida di Industria 4.0 del ministero non citano esplicitamente il bus Profibus, che riteniamo rispetti maggiormente il requisito aggiuntivo A di controllo remoto del macchinario (es. DCS &#8211; <em>Distributed Control System<\/em>). Quindi un cavo di rete dovr\u00e0 connettere direttamente il PLC con la rete del cliente, definendo quali informazioni portare, che farne e viceversa<\/li>\n<li>L\u00b4integrazione con la logistica di fabbrica del cliente puo essere fisica (sistema di movimentazione\/handling automatizzato del prodotto in input o output) oppure informativa (tracciabilita del prodotto\/lotti trattati con sistemi di tracciamento automatizzati (RFID, codici a barre); vi sono poi altre possibilita di scambio dati con altre macchine del ciclo produttivo in cui e inserito il trituratore. Questo aspetto e da definire col cliente sotto tutti i punti di vista, a meno non si intenda proporre un sistema automatico informativo &#8220;per registrare l\u00b4avanzamento, la posizione o altre informazioni di natura logistica del materiale triturato oggetto del processo produttivo&#8221;<\/li>\n<li>I nuovi display touch di cui le ultime forniture con PLC sono dotate vanno nella direzione di interfacce semplici ed intuitive<\/li>\n<li>Diamo per scontato il rispetto dei requisiti di sicurezza sul lavoro dei ns prodotti alle normative vigenti<\/li>\n<li>La teleassistenza, piuttosto che le connessioni remote via Profibus vanno in questa direzione. Anzi \u00e8 da chiarire se per teleassistenza e telediagnosi faccia testo ai fini della Industria 4.0 solo quella di fabbrica via Profibus (sede del cliente), piuttosto che quella via remoto da parte del fornitore. Se fosse cos\u00ec il cliente deve generare una connessione Profibus ad un desktop che replichi il display touch del pannello di comando. Se questo deve rientrare nella fornitura significa la realizzazione aggiuntiva dell\u2019interfaccia grafica (SCADA software).<\/li>\n<li>Sull\u00b4aspetto di monitoraggio continuo delle condizioni di lavoro ed all\u00b4adattivita alle derive di processo meriterebbe un approfondimento sui parametri da registrare<\/li>\n<\/ul>\n<p>[\/vc_column_text][\/vc_column_inner][\/vc_row_inner][vc_separator type=&#8221;transparent&#8221; up=&#8221;75&#8243;][vc_row_inner row_type=&#8221;row&#8221; type=&#8221;full_width&#8221; text_align=&#8221;left&#8221; css_animation=&#8221;element_from_fade&#8221; transition_delay=&#8221;0.7&#8243;][vc_column_inner][vc_separator type=&#8221;transparent&#8221; up=&#8221;10&#8243;][vc_column_text]<\/p>\n<h4>Conclusioni<\/h4>\n<p>[\/vc_column_text][vc_separator type=&#8221;transparent&#8221; up=&#8221;10&#8243;][vc_column_text]In particolare i requisiti 2 e soprattutto 3 ed il requisito aggiuntivo B sono da approfondire in stretta collaborazione col cliente che vuole realizzare un impianto in ottica Industria 4.0.<\/p>\n<p>I clienti che portano il controllo del ns PLC in remoto via Profibus, rispondono al requisito aggiuntivo A, ma non rispondono ancora ai requisiti 2 e 3 che sono il punto nodale di Industria 4.0:<\/p>\n<ul>\n<li>Dati di processo (che non sono le inversioni e l\u00b4assorbimento, ma anche la produttivit\u00e0 per materiale trattato, la pianificazione del trattamento, i consumi di energia, i tempi ciclo, ecc.).<\/li>\n<li>Gestione automatica della movimentazione (caricamento\/scaricamento automatico integrato in successivo trattamento automatico di magazzino o altra macchina) o delle informazioni legate alla logistica di fabbrica del prodotto triturato e trattato (avanzamento nella filiera di trattamento, posizione in fabbrica).<\/li>\n<\/ul>\n<p>Per concludere quindi un trituratore industriale, pur dotato di PLC e modulo di assistenza, NON pu\u00f2 rispondere da solo ai requisiti-Industria-4.0, ma solo esserne predisposto (conformit\u00e0 4.0) per entrare in un progetto pi\u00f9 ampio del cliente.[\/vc_column_text][\/vc_column_inner][\/vc_row_inner][vc_separator type=&#8221;transparent&#8221; up=&#8221;75&#8243; down=&#8221;0&#8243;][\/vc_column][\/vc_row][vc_row row_type=&#8221;row&#8221; use_row_as_full_screen_section=&#8221;no&#8221; type=&#8221;full_width&#8221; angled_section=&#8221;yes&#8221; angled_section_position=&#8221;both&#8221; angled_section_direction=&#8221;from_right_to_left&#8221; text_align=&#8221;left&#8221; background_image_as_pattern=&#8221;without_pattern&#8221; background_color=&#8221;#f4f4f4&#8243; css_animation=&#8221;&#8221;][vc_column][vc_separator type=&#8221;transparent&#8221;][vc_row_inner row_type=&#8221;row&#8221; type=&#8221;grid&#8221; text_align=&#8221;left&#8221; css_animation=&#8221;element_from_fade&#8221; transition_delay=&#8221;0.9&#8243;][vc_column_inner][vc_separator type=&#8221;transparent&#8221; up=&#8221;10&#8243;][vc_column_text]<\/p>\n<h4>Bibliografia<\/h4>\n<p>[\/vc_column_text][vc_separator type=&#8221;transparent&#8221; up=&#8221;10&#8243;][vc_column_text]<a href=\"http:\/\/www.agenziaentrate.gov.it\/wps\/wcm\/connect\/62087001-c15c-4cfc-b6a8-586ba252eb6f\/CIRCOLARE+n.4_E+del+30-03-2017.pdf?MOD=AJPERES&amp;amp;CACHEID=62087001-c15c-4cfc-b6a8-586ba252eb6f\" target=\"_blank\" rel=\"noopener\">Linee Guida Industria 4.0 Circolare del 30 marzo 2017 dell\u2019Agenzia delle Entrate.<\/a>[\/vc_column_text][\/vc_column_inner][\/vc_row_inner][vc_separator type=&#8221;transparent&#8221; up=&#8221;75&#8243;][\/vc_column][\/vc_row][vc_row row_type=&#8221;row&#8221; use_row_as_full_screen_section=&#8221;no&#8221; type=&#8221;grid&#8221; angled_section=&#8221;no&#8221; text_align=&#8221;left&#8221; background_image_as_pattern=&#8221;without_pattern&#8221; padding_top=&#8221;20&#8243; padding_bottom=&#8221;0&#8243; css_animation=&#8221;&#8221;][vc_column][vc_separator type=&#8221;transparent&#8221; up=&#8221;75&#8243;][vc_row_inner row_type=&#8221;row&#8221; type=&#8221;grid&#8221; text_align=&#8221;left&#8221; css_animation=&#8221;element_from_fade&#8221; transition_delay=&#8221;0.9&#8243;][vc_column_inner][vc_separator type=&#8221;transparent&#8221; up=&#8221;10&#8243;][vc_column_text]Per qualsiasi altra richiesta e per una quotazione delle nostre soluzioni di triturazione conformi Industria 4.0, contattate il nostro ufficio commerciale scrivendo a sales@satrindtech.com o chiamando il numero +39 (02) 9037 6683.<\/p>\n<p>Per scaricare e stampare questo articolo, clicca <a href=\"\/wp-content\/uploads\/2017\/10\/Trituratori-industriali-conformi-industria-4.pdf\" target=\"_blank\" rel=\"noopener\">qui<\/a>[\/vc_column_text][\/vc_column_inner][\/vc_row_inner][vc_separator type=&#8221;transparent&#8221; up=&#8221;75&#8243; down=&#8221;0&#8243;][vc_row_inner row_type=&#8221;row&#8221; type=&#8221;full_width&#8221; text_align=&#8221;left&#8221; css_animation=&#8221;element_from_fade&#8221; transition_delay=&#8221;0.7&#8243;][vc_column_inner width=&#8221;1\/4&#8243;][\/vc_column_inner][vc_column_inner width=&#8221;1\/2&#8243;][vc_column_text]<\/p>\n<h3>Contattateci<\/h3>\n<p>[\/vc_column_text][vc_separator type=&#8221;transparent&#8221; up=&#8221;10&#8243;]\n<div class=\"wpcf7 no-js\" id=\"wpcf7-f17932-o1\" lang=\"it-IT\" dir=\"ltr\" data-wpcf7-id=\"17932\">\n<div class=\"screen-reader-response\"><p role=\"status\" aria-live=\"polite\" aria-atomic=\"true\"><\/p> <ul><\/ul><\/div>\n<form action=\"\/es\/wp-json\/wp\/v2\/pages\/23917#wpcf7-f17932-o1\" method=\"post\" class=\"wpcf7-form init default\" aria-label=\"Formulario de contacto\" novalidate=\"novalidate\" data-status=\"init\">\n<fieldset class=\"hidden-fields-container\"><input type=\"hidden\" name=\"_wpcf7\" value=\"17932\" \/><input type=\"hidden\" name=\"_wpcf7_version\" value=\"6.1.5\" \/><input type=\"hidden\" name=\"_wpcf7_locale\" value=\"it_IT\" \/><input type=\"hidden\" name=\"_wpcf7_unit_tag\" value=\"wpcf7-f17932-o1\" \/><input type=\"hidden\" name=\"_wpcf7_container_post\" value=\"0\" \/><input type=\"hidden\" name=\"_wpcf7_posted_data_hash\" value=\"\" \/><input type=\"hidden\" name=\"_wpcf7_recaptcha_response\" value=\"\" \/>\n<\/fieldset>\n<p><label> Name<br \/>\n<span class=\"wpcf7-form-control-wrap\" data-name=\"your-name\"><input size=\"40\" maxlength=\"400\" class=\"wpcf7-form-control wpcf7-text wpcf7-validates-as-required\" aria-required=\"true\" aria-invalid=\"false\" value=\"\" type=\"text\" name=\"your-name\" \/><\/span> <\/label>\n<\/p>\n<p><label> Email<br \/>\n<span class=\"wpcf7-form-control-wrap\" data-name=\"your-email\"><input size=\"40\" maxlength=\"400\" class=\"wpcf7-form-control wpcf7-email wpcf7-validates-as-required wpcf7-text wpcf7-validates-as-email\" aria-required=\"true\" aria-invalid=\"false\" value=\"\" type=\"email\" name=\"your-email\" \/><\/span> <\/label>\n<\/p>\n<p><label> Message<br \/>\n<span class=\"wpcf7-form-control-wrap\" data-name=\"your-message\"><textarea cols=\"40\" rows=\"10\" maxlength=\"2000\" class=\"wpcf7-form-control wpcf7-textarea\" aria-invalid=\"false\" name=\"your-message\"><\/textarea><\/span> <\/label>\n<\/p>\n<div style=\" font-size:14px; padding-top:5px; padding-bottom:15px;\">\n\t<p><span class=\"wpcf7-form-control-wrap\" data-name=\"acceptance-827\"><span class=\"wpcf7-form-control wpcf7-acceptance\"><span class=\"wpcf7-list-item\"><input type=\"checkbox\" name=\"acceptance-827\" value=\"1\" aria-invalid=\"false\" \/><\/span><\/span><\/span> Read the <b><a href=\"\/\/www.iubenda.com\/privacy-policy\/8079334\" class=\"iubenda-nostyle no-brand iubenda-embed\" title=\"Privacy Policy\">Privacy Policy<\/a><script type=\"text\/javascript\">(function (w,d) {var loader = function () {var s = d.createElement(\"script\"), tag = d.getElementsByTagName(\"script\")[0]; s.src = \"\/\/cdn.iubenda.com\/iubenda.js\"; tag.parentNode.insertBefore(s,tag);}; if(w.addEventListener){w.addEventListener(\"load\", loader, false);}else if(w.attachEvent){w.attachEvent(\"onload\", loader);}else{w.onload = loader;}})(window, document);<\/script><\/b> under Dlg 196\/03, I authorize the processing of personal data for purposes and procedures specifically indicated in the information.\n\t<\/p>\n<\/div>\n<div class=\"g-recaptcha\" data-sitekey=\"6LfuRx4UAAAAAOqC14nIs3UgFyNSVtOz3iCoIPn7\">\n<\/div>\n<p><input class=\"wpcf7-form-control wpcf7-submit has-spinner\" type=\"submit\" value=\"Send\" \/>\n<\/p><p style=\"display: none !important;\" class=\"akismet-fields-container\" data-prefix=\"_wpcf7_ak_\"><label>&#916;<textarea name=\"_wpcf7_ak_hp_textarea\" cols=\"45\" rows=\"8\" maxlength=\"100\"><\/textarea><\/label><input type=\"hidden\" id=\"ak_js_1\" name=\"_wpcf7_ak_js\" value=\"188\"\/><script>document.getElementById( \"ak_js_1\" ).setAttribute( \"value\", ( new Date() ).getTime() );<\/script><\/p><div class=\"wpcf7-response-output\" aria-hidden=\"true\"><\/div>\n<\/form>\n<\/div>\n[\/vc_column_inner][vc_column_inner width=&#8221;1\/4&#8243;][\/vc_column_inner][\/vc_row_inner][vc_separator type=&#8221;transparent&#8221; up=&#8221;75&#8243; down=&#8221;0&#8243;][\/vc_column][\/vc_row]<\/p>\n<\/div>","protected":false},"excerpt":{"rendered":"<p>[vc_row row_type=&#8221;row&#8221; use_row_as_full_screen_section=&#8221;no&#8221; type=&#8221;grid&#8221; angled_section=&#8221;no&#8221; text_align=&#8221;left&#8221; background_image_as_pattern=&#8221;without_pattern&#8221; padding_top=&#8221;20&#8243; padding_bottom=&#8221;0&#8243; css_animation=&#8221;&#8221;][vc_column][vc_separator type=&#8221;transparent&#8221; up=&#8221;75&#8243;][vc_row_inner row_type=&#8221;row&#8221; type=&#8221;grid&#8221; text_align=&#8221;left&#8221;&#8230;<\/p>\n","protected":false},"author":20,"featured_media":0,"parent":0,"menu_order":0,"comment_status":"open","ping_status":"closed","template":"full_width.php","meta":{"_acf_changed":false,"inline_featured_image":false,"footnotes":""},"class_list":["post-23917","page","type-page","status-publish","hentry"],"acf":[],"yoast_head":"<!-- This site is optimized with the Yoast SEO Premium plugin v26.3 (Yoast SEO v27.4) - https:\/\/yoast.com\/product\/yoast-seo-premium-wordpress\/ -->\n<title>Trituratori industriali conformi Industria 4.0 (landing page) - SatrindTech Srl<\/title>\n<meta name=\"robots\" content=\"index, follow, max-snippet:-1, max-image-preview:large, max-video-preview:-1\" \/>\n<link rel=\"canonical\" href=\"https:\/\/satrindtech.com\/es\/trituratori-industriali-conformi-industria-4-0-landing-page\/\" \/>\n<meta property=\"og:locale\" content=\"es_ES\" \/>\n<meta property=\"og:type\" content=\"article\" \/>\n<meta property=\"og:title\" content=\"Trituratori industriali conformi Industria 4.0 (landing page)\" \/>\n<meta property=\"og:description\" content=\"[vc_row row_type=&#8221;row&#8221; use_row_as_full_screen_section=&#8221;no&#8221; type=&#8221;grid&#8221; angled_section=&#8221;no&#8221; text_align=&#8221;left&#8221; background_image_as_pattern=&#8221;without_pattern&#8221; padding_top=&#8221;20&#8243; padding_bottom=&#8221;0&#8243; css_animation=&#8221;&#8221;][vc_column][vc_separator type=&#8221;transparent&#8221; up=&#8221;75&#8243;][vc_row_inner row_type=&#8221;row&#8221; type=&#8221;grid&#8221; text_align=&#8221;left&#8221;...\" \/>\n<meta property=\"og:url\" content=\"https:\/\/satrindtech.com\/es\/trituratori-industriali-conformi-industria-4-0-landing-page\/\" \/>\n<meta property=\"og:site_name\" content=\"SatrindTech Srl\" \/>\n<meta property=\"article:publisher\" content=\"https:\/\/www.facebook.com\/Satrindtech\" \/>\n<meta property=\"article:modified_time\" content=\"2018-05-27T14:33:04+00:00\" \/>\n<meta name=\"twitter:card\" content=\"summary_large_image\" \/>\n<meta name=\"twitter:site\" content=\"@SatrindTech\" \/>\n<meta name=\"twitter:label1\" content=\"Tiempo de lectura\" \/>\n\t<meta name=\"twitter:data1\" content=\"7 minutes\" \/>\n<script type=\"application\/ld+json\" class=\"yoast-schema-graph\">{\"@context\":\"https:\\\/\\\/schema.org\",\"@graph\":[{\"@type\":\"WebPage\",\"@id\":\"https:\\\/\\\/satrindtech.com\\\/es\\\/trituratori-industriali-conformi-industria-4-0-landing-page\\\/\",\"url\":\"https:\\\/\\\/satrindtech.com\\\/es\\\/trituratori-industriali-conformi-industria-4-0-landing-page\\\/\",\"name\":\"Trituratori industriali conformi Industria 4.0 (landing page) - SatrindTech Srl\",\"isPartOf\":{\"@id\":\"https:\\\/\\\/satrindtech.com\\\/en\\\/#website\"},\"datePublished\":\"2018-04-19T23:23:50+00:00\",\"dateModified\":\"2018-05-27T14:33:04+00:00\",\"breadcrumb\":{\"@id\":\"https:\\\/\\\/satrindtech.com\\\/es\\\/trituratori-industriali-conformi-industria-4-0-landing-page\\\/#breadcrumb\"},\"inLanguage\":\"es-ES\",\"potentialAction\":[{\"@type\":\"ReadAction\",\"target\":[\"https:\\\/\\\/satrindtech.com\\\/es\\\/trituratori-industriali-conformi-industria-4-0-landing-page\\\/\"]}]},{\"@type\":\"BreadcrumbList\",\"@id\":\"https:\\\/\\\/satrindtech.com\\\/es\\\/trituratori-industriali-conformi-industria-4-0-landing-page\\\/#breadcrumb\",\"itemListElement\":[{\"@type\":\"ListItem\",\"position\":1,\"name\":\"Home\",\"item\":\"https:\\\/\\\/satrindtech.com\\\/es\\\/\"},{\"@type\":\"ListItem\",\"position\":2,\"name\":\"Trituratori industriali conformi Industria 4.0 (landing page)\"}]},{\"@type\":\"WebSite\",\"@id\":\"https:\\\/\\\/satrindtech.com\\\/en\\\/#website\",\"url\":\"https:\\\/\\\/satrindtech.com\\\/en\\\/\",\"name\":\"SatrindTech Srl\",\"description\":\"Manufacturer of shredders, crushers, grinders and shredding plants\",\"publisher\":{\"@id\":\"https:\\\/\\\/satrindtech.com\\\/en\\\/#organization\"},\"potentialAction\":[{\"@type\":\"SearchAction\",\"target\":{\"@type\":\"EntryPoint\",\"urlTemplate\":\"https:\\\/\\\/satrindtech.com\\\/en\\\/?s={search_term_string}\"},\"query-input\":{\"@type\":\"PropertyValueSpecification\",\"valueRequired\":true,\"valueName\":\"search_term_string\"}}],\"inLanguage\":\"es-ES\"},{\"@type\":\"Organization\",\"@id\":\"https:\\\/\\\/satrindtech.com\\\/en\\\/#organization\",\"name\":\"SatrindTech Srl\",\"url\":\"https:\\\/\\\/satrindtech.com\\\/en\\\/\",\"logo\":{\"@type\":\"ImageObject\",\"inLanguage\":\"es-ES\",\"@id\":\"https:\\\/\\\/satrindtech.com\\\/en\\\/#\\\/schema\\\/logo\\\/image\\\/\",\"url\":\"http:\\\/\\\/satrindtech.com\\\/wp-content\\\/uploads\\\/2017\\\/02\\\/Logo_Satrindtech2015_square.jpg\",\"contentUrl\":\"http:\\\/\\\/satrindtech.com\\\/wp-content\\\/uploads\\\/2017\\\/02\\\/Logo_Satrindtech2015_square.jpg\",\"width\":531,\"height\":531,\"caption\":\"SatrindTech Srl\"},\"image\":{\"@id\":\"https:\\\/\\\/satrindtech.com\\\/en\\\/#\\\/schema\\\/logo\\\/image\\\/\"},\"sameAs\":[\"https:\\\/\\\/www.facebook.com\\\/Satrindtech\",\"https:\\\/\\\/x.com\\\/SatrindTech\",\"https:\\\/\\\/www.instagram.com\\\/SatrindTech\\\/\",\"https:\\\/\\\/www.linkedin.com\\\/company\\\/satrindtech\",\"https:\\\/\\\/www.youtube.com\\\/c\\\/satrindtech\"]}]}<\/script>\n<!-- \/ Yoast SEO Premium plugin. -->","yoast_head_json":{"title":"Trituratori industriali conformi Industria 4.0 (landing page) - SatrindTech Srl","robots":{"index":"index","follow":"follow","max-snippet":"max-snippet:-1","max-image-preview":"max-image-preview:large","max-video-preview":"max-video-preview:-1"},"canonical":"https:\/\/satrindtech.com\/es\/trituratori-industriali-conformi-industria-4-0-landing-page\/","og_locale":"es_ES","og_type":"article","og_title":"Trituratori industriali conformi Industria 4.0 (landing page)","og_description":"[vc_row row_type=&#8221;row&#8221; use_row_as_full_screen_section=&#8221;no&#8221; type=&#8221;grid&#8221; angled_section=&#8221;no&#8221; text_align=&#8221;left&#8221; background_image_as_pattern=&#8221;without_pattern&#8221; padding_top=&#8221;20&#8243; padding_bottom=&#8221;0&#8243; css_animation=&#8221;&#8221;][vc_column][vc_separator type=&#8221;transparent&#8221; up=&#8221;75&#8243;][vc_row_inner row_type=&#8221;row&#8221; type=&#8221;grid&#8221; text_align=&#8221;left&#8221;...","og_url":"https:\/\/satrindtech.com\/es\/trituratori-industriali-conformi-industria-4-0-landing-page\/","og_site_name":"SatrindTech Srl","article_publisher":"https:\/\/www.facebook.com\/Satrindtech","article_modified_time":"2018-05-27T14:33:04+00:00","twitter_card":"summary_large_image","twitter_site":"@SatrindTech","twitter_misc":{"Tiempo de lectura":"7 minutes"},"schema":{"@context":"https:\/\/schema.org","@graph":[{"@type":"WebPage","@id":"https:\/\/satrindtech.com\/es\/trituratori-industriali-conformi-industria-4-0-landing-page\/","url":"https:\/\/satrindtech.com\/es\/trituratori-industriali-conformi-industria-4-0-landing-page\/","name":"Trituratori industriali conformi Industria 4.0 (landing page) - SatrindTech Srl","isPartOf":{"@id":"https:\/\/satrindtech.com\/en\/#website"},"datePublished":"2018-04-19T23:23:50+00:00","dateModified":"2018-05-27T14:33:04+00:00","breadcrumb":{"@id":"https:\/\/satrindtech.com\/es\/trituratori-industriali-conformi-industria-4-0-landing-page\/#breadcrumb"},"inLanguage":"es-ES","potentialAction":[{"@type":"ReadAction","target":["https:\/\/satrindtech.com\/es\/trituratori-industriali-conformi-industria-4-0-landing-page\/"]}]},{"@type":"BreadcrumbList","@id":"https:\/\/satrindtech.com\/es\/trituratori-industriali-conformi-industria-4-0-landing-page\/#breadcrumb","itemListElement":[{"@type":"ListItem","position":1,"name":"Home","item":"https:\/\/satrindtech.com\/es\/"},{"@type":"ListItem","position":2,"name":"Trituratori industriali conformi Industria 4.0 (landing page)"}]},{"@type":"WebSite","@id":"https:\/\/satrindtech.com\/en\/#website","url":"https:\/\/satrindtech.com\/en\/","name":"SatrindTech Srl","description":"Manufacturer of shredders, crushers, grinders and shredding plants","publisher":{"@id":"https:\/\/satrindtech.com\/en\/#organization"},"potentialAction":[{"@type":"SearchAction","target":{"@type":"EntryPoint","urlTemplate":"https:\/\/satrindtech.com\/en\/?s={search_term_string}"},"query-input":{"@type":"PropertyValueSpecification","valueRequired":true,"valueName":"search_term_string"}}],"inLanguage":"es-ES"},{"@type":"Organization","@id":"https:\/\/satrindtech.com\/en\/#organization","name":"SatrindTech Srl","url":"https:\/\/satrindtech.com\/en\/","logo":{"@type":"ImageObject","inLanguage":"es-ES","@id":"https:\/\/satrindtech.com\/en\/#\/schema\/logo\/image\/","url":"http:\/\/satrindtech.com\/wp-content\/uploads\/2017\/02\/Logo_Satrindtech2015_square.jpg","contentUrl":"http:\/\/satrindtech.com\/wp-content\/uploads\/2017\/02\/Logo_Satrindtech2015_square.jpg","width":531,"height":531,"caption":"SatrindTech Srl"},"image":{"@id":"https:\/\/satrindtech.com\/en\/#\/schema\/logo\/image\/"},"sameAs":["https:\/\/www.facebook.com\/Satrindtech","https:\/\/x.com\/SatrindTech","https:\/\/www.instagram.com\/SatrindTech\/","https:\/\/www.linkedin.com\/company\/satrindtech","https:\/\/www.youtube.com\/c\/satrindtech"]}]}},"_links":{"self":[{"href":"https:\/\/satrindtech.com\/es\/wp-json\/wp\/v2\/pages\/23917","targetHints":{"allow":["GET"]}}],"collection":[{"href":"https:\/\/satrindtech.com\/es\/wp-json\/wp\/v2\/pages"}],"about":[{"href":"https:\/\/satrindtech.com\/es\/wp-json\/wp\/v2\/types\/page"}],"author":[{"embeddable":true,"href":"https:\/\/satrindtech.com\/es\/wp-json\/wp\/v2\/users\/20"}],"replies":[{"embeddable":true,"href":"https:\/\/satrindtech.com\/es\/wp-json\/wp\/v2\/comments?post=23917"}],"version-history":[{"count":0,"href":"https:\/\/satrindtech.com\/es\/wp-json\/wp\/v2\/pages\/23917\/revisions"}],"wp:attachment":[{"href":"https:\/\/satrindtech.com\/es\/wp-json\/wp\/v2\/media?parent=23917"}],"curies":[{"name":"wp","href":"https:\/\/api.w.org\/{rel}","templated":true}]}}