{"id":23903,"date":"2018-04-20T01:12:28","date_gmt":"2018-04-19T23:12:28","guid":{"rendered":"http:\/\/satrindtech.com\/?page_id=23903"},"modified":"2018-05-06T22:08:13","modified_gmt":"2018-05-06T20:08:13","slug":"servicio-posventa-trituradores","status":"publish","type":"page","link":"https:\/\/satrindtech.com\/es\/servicio-posventa-trituradores\/","title":{"rendered":"Servicio posventa trituradores"},"content":{"rendered":"<div class=\"wpb-content-wrapper\"><p>[vc_row css_animation=&#8221;&#8221; row_type=&#8221;row&#8221; use_row_as_full_screen_section=&#8221;no&#8221; type=&#8221;grid&#8221; angled_section=&#8221;no&#8221; text_align=&#8221;left&#8221; background_image_as_pattern=&#8221;without_pattern&#8221; padding_top=&#8221;20&#8243; padding_bottom=&#8221;0&#8243;][vc_column][vc_row_inner row_type=&#8221;row&#8221; type=&#8221;grid&#8221; text_align=&#8221;left&#8221; padding_top=&#8221;30&#8243; padding_bottom=&#8221;60&#8243; css_animation=&#8221;&#8221;][vc_column_inner][vc_column_text]<\/p>\n<h2 style=\"text-align: left;\">Servicio al cliente<\/h2>\n<p>[\/vc_column_text][vc_separator type=&#8221;transparent&#8221; up=&#8221;35&#8243; down=&#8221;0&#8243;][vc_column_text]<\/p>\n<h4 class=\"box_sottotitolo noMarginLeft\" style=\"text-align: left;\">SERVICIO POSVENTA TRITURADORES<\/h4>\n<p>[\/vc_column_text][vc_separator type=&#8221;transparent&#8221; up=&#8221;20&#8243; down=&#8221;0&#8243;][vc_column_text]Cualquiera sea su problema, lo asistiremos hasta que se resuelva y quede completamente satisfecho.<\/p>\n<p>Una respuesta r\u00e1pida por parte de nuestro <em>help desk<\/em>, la disponibilidad de los documentos t\u00e9cnicos para todas las 4000 m\u00e1quinas vendidas, una experiencia de larga duraci\u00f3n en la resoluci\u00f3n de los problemas, la reparaci\u00f3n y el mantenimiento de la maquinaria, un personal que viaja por todo el mundo para intervenciones en el lugar, define el est\u00e1ndar de lo que llamamos actitud orientada a la asistencia al cliente.<\/p>\n<p><strong>Para cualquier solicitud con respecto a las piezas de recambio, la asistencia t\u00e9cnica y los servicios de mantenimiento en el lugar, no dude en contactarnos:<\/strong><\/p>\n<p><strong>E:<\/strong>\u00a0service@satrindtech.com<br \/>\n<strong>T:<\/strong> +39 02 2506 0255<br \/>\n<strong>F:<\/strong> +39 02 9037 6035[\/vc_column_text][\/vc_column_inner][\/vc_row_inner][vc_row_inner row_type=&#8221;row&#8221; type=&#8221;full_width&#8221; text_align=&#8221;left&#8221; css_animation=&#8221;&#8221;][vc_column_inner width=&#8221;1\/3&#8243;][vc_single_image image=&#8221;18175&#8243; img_size=&#8221;full&#8221; alignment=&#8221;center&#8221; onclick=&#8221;custom_link&#8221; qode_css_animation=&#8221;&#8221; qode_hover_animation=&#8221;zoom_in&#8221; link=&#8221;\/shredder-sharpening-blade\/&#8221;][vc_separator type=&#8221;transparent&#8221;][vc_column_text]<\/p>\n<h5>AFILAR LA HOJA<\/h5>\n<p>[\/vc_column_text][vc_separator type=&#8221;transparent&#8221;][vc_column_text]El ciclo de vida de un set de cuchillas es una de las caracter\u00edsticas principales que el cliente debe tener en cuenta antes de adquirir una trituradora.[\/vc_column_text][\/vc_column_inner][vc_column_inner width=&#8221;1\/3&#8243;][vc_single_image image=&#8221;18179&#8243; img_size=&#8221;full&#8221; onclick=&#8221;custom_link&#8221; qode_css_animation=&#8221;&#8221; qode_hover_animation=&#8221;zoom_in&#8221; link=&#8221;\/shredder-spare-part\/&#8221;][vc_separator type=&#8221;transparent&#8221;][vc_column_text]<\/p>\n<h5>REPUESTOS Y MANTENIMIENTO<\/h5>\n<p>[\/vc_column_text][vc_separator type=&#8221;transparent&#8221;][vc_column_text]Vendemos solo partes originales, las mismas que usamos para construir nuestros trituradores, con la finalidad de garantizar los mismos est\u00e1ndares de fiabilidad, rendimiento y duraci\u00f3n de las m\u00e1quinas.[\/vc_column_text][\/vc_column_inner][vc_column_inner width=&#8221;1\/3&#8243;][vc_single_image image=&#8221;18180&#8243; img_size=&#8221;full&#8221; onclick=&#8221;custom_link&#8221; qode_css_animation=&#8221;&#8221; qode_hover_animation=&#8221;zoom_in&#8221; link=&#8221;\/shredder-operating\/&#8221;][vc_separator type=&#8221;transparent&#8221;][vc_column_text]<\/p>\n<h5>OTROS SERVICIOS<\/h5>\n<p>[\/vc_column_text][vc_separator type=&#8221;transparent&#8221;][vc_column_text]Las copias de los documentos originales relativos a nuestras trituradoras (manuales de uso, certificaciones y listas de las partes de recambio) est\u00e1n disponibles en caso de necesidad.[\/vc_column_text][\/vc_column_inner][\/vc_row_inner][vc_separator type=&#8221;normal&#8221;][\/vc_column][\/vc_row]<\/p>\n<\/div>","protected":false},"excerpt":{"rendered":"<p>[vc_row css_animation=&#8221;&#8221; row_type=&#8221;row&#8221; use_row_as_full_screen_section=&#8221;no&#8221; type=&#8221;grid&#8221; angled_section=&#8221;no&#8221; text_align=&#8221;left&#8221; background_image_as_pattern=&#8221;without_pattern&#8221; padding_top=&#8221;20&#8243; padding_bottom=&#8221;0&#8243;][vc_column][vc_row_inner row_type=&#8221;row&#8221; type=&#8221;grid&#8221; text_align=&#8221;left&#8221; padding_top=&#8221;30&#8243; padding_bottom=&#8221;60&#8243;&#8230;<\/p>\n","protected":false},"author":20,"featured_media":0,"parent":0,"menu_order":0,"comment_status":"open","ping_status":"open","template":"full_width.php","meta":{"_acf_changed":false,"inline_featured_image":false,"footnotes":""},"class_list":["post-23903","page","type-page","status-publish","hentry"],"acf":[],"yoast_head":"<!-- This site is optimized with the Yoast SEO Premium plugin v26.3 (Yoast SEO v27.4) - https:\/\/yoast.com\/product\/yoast-seo-premium-wordpress\/ -->\n<title>Servicio posventa trituradores desgarradores abrebolsa residuos y mantenimiento | SatrindTech Srl<\/title>\n<meta name=\"description\" content=\"Servicio posventa trituradores con nuestro personal cualificado en servicios de mantenimiento ordinario y extraordinario sobre los trituradores industriales molinos desgarradores\" \/>\n<meta name=\"robots\" content=\"index, follow, max-snippet:-1, max-image-preview:large, max-video-preview:-1\" \/>\n<link rel=\"canonical\" href=\"https:\/\/satrindtech.com\/es\/servicio-posventa-trituradores\/\" \/>\n<meta property=\"og:locale\" content=\"es_ES\" \/>\n<meta property=\"og:type\" content=\"article\" \/>\n<meta property=\"og:title\" content=\"Servicio posventa trituradores\" \/>\n<meta property=\"og:description\" content=\"Servicio posventa trituradores con nuestro personal cualificado en servicios de mantenimiento ordinario y extraordinario sobre los trituradores industriales molinos desgarradores\" \/>\n<meta property=\"og:url\" content=\"https:\/\/satrindtech.com\/es\/servicio-posventa-trituradores\/\" \/>\n<meta property=\"og:site_name\" content=\"SatrindTech Srl\" \/>\n<meta property=\"article:publisher\" content=\"https:\/\/www.facebook.com\/Satrindtech\" \/>\n<meta property=\"article:modified_time\" content=\"2018-05-06T20:08:13+00:00\" \/>\n<meta name=\"twitter:card\" content=\"summary_large_image\" \/>\n<meta name=\"twitter:site\" content=\"@SatrindTech\" \/>\n<meta name=\"twitter:label1\" content=\"Tiempo de lectura\" \/>\n\t<meta name=\"twitter:data1\" content=\"2 minutes\" \/>\n<script type=\"application\/ld+json\" class=\"yoast-schema-graph\">{\"@context\":\"https:\\\/\\\/schema.org\",\"@graph\":[{\"@type\":\"WebPage\",\"@id\":\"https:\\\/\\\/satrindtech.com\\\/es\\\/servicio-posventa-trituradores\\\/\",\"url\":\"https:\\\/\\\/satrindtech.com\\\/es\\\/servicio-posventa-trituradores\\\/\",\"name\":\"Servicio posventa trituradores desgarradores abrebolsa residuos y mantenimiento | SatrindTech Srl\",\"isPartOf\":{\"@id\":\"https:\\\/\\\/satrindtech.com\\\/en\\\/#website\"},\"datePublished\":\"2018-04-19T23:12:28+00:00\",\"dateModified\":\"2018-05-06T20:08:13+00:00\",\"description\":\"Servicio posventa trituradores con nuestro personal cualificado en servicios de mantenimiento ordinario y extraordinario sobre los trituradores industriales molinos desgarradores\",\"breadcrumb\":{\"@id\":\"https:\\\/\\\/satrindtech.com\\\/es\\\/servicio-posventa-trituradores\\\/#breadcrumb\"},\"inLanguage\":\"es-ES\",\"potentialAction\":[{\"@type\":\"ReadAction\",\"target\":[\"https:\\\/\\\/satrindtech.com\\\/es\\\/servicio-posventa-trituradores\\\/\"]}]},{\"@type\":\"BreadcrumbList\",\"@id\":\"https:\\\/\\\/satrindtech.com\\\/es\\\/servicio-posventa-trituradores\\\/#breadcrumb\",\"itemListElement\":[{\"@type\":\"ListItem\",\"position\":1,\"name\":\"Home\",\"item\":\"https:\\\/\\\/satrindtech.com\\\/es\\\/\"},{\"@type\":\"ListItem\",\"position\":2,\"name\":\"Servicio posventa trituradores\"}]},{\"@type\":\"WebSite\",\"@id\":\"https:\\\/\\\/satrindtech.com\\\/en\\\/#website\",\"url\":\"https:\\\/\\\/satrindtech.com\\\/en\\\/\",\"name\":\"SatrindTech Srl\",\"description\":\"Manufacturer of shredders, crushers, grinders and shredding plants\",\"publisher\":{\"@id\":\"https:\\\/\\\/satrindtech.com\\\/en\\\/#organization\"},\"potentialAction\":[{\"@type\":\"SearchAction\",\"target\":{\"@type\":\"EntryPoint\",\"urlTemplate\":\"https:\\\/\\\/satrindtech.com\\\/en\\\/?s={search_term_string}\"},\"query-input\":{\"@type\":\"PropertyValueSpecification\",\"valueRequired\":true,\"valueName\":\"search_term_string\"}}],\"inLanguage\":\"es-ES\"},{\"@type\":\"Organization\",\"@id\":\"https:\\\/\\\/satrindtech.com\\\/en\\\/#organization\",\"name\":\"SatrindTech Srl\",\"url\":\"https:\\\/\\\/satrindtech.com\\\/en\\\/\",\"logo\":{\"@type\":\"ImageObject\",\"inLanguage\":\"es-ES\",\"@id\":\"https:\\\/\\\/satrindtech.com\\\/en\\\/#\\\/schema\\\/logo\\\/image\\\/\",\"url\":\"http:\\\/\\\/satrindtech.com\\\/wp-content\\\/uploads\\\/2017\\\/02\\\/Logo_Satrindtech2015_square.jpg\",\"contentUrl\":\"http:\\\/\\\/satrindtech.com\\\/wp-content\\\/uploads\\\/2017\\\/02\\\/Logo_Satrindtech2015_square.jpg\",\"width\":531,\"height\":531,\"caption\":\"SatrindTech Srl\"},\"image\":{\"@id\":\"https:\\\/\\\/satrindtech.com\\\/en\\\/#\\\/schema\\\/logo\\\/image\\\/\"},\"sameAs\":[\"https:\\\/\\\/www.facebook.com\\\/Satrindtech\",\"https:\\\/\\\/x.com\\\/SatrindTech\",\"https:\\\/\\\/www.instagram.com\\\/SatrindTech\\\/\",\"https:\\\/\\\/www.linkedin.com\\\/company\\\/satrindtech\",\"https:\\\/\\\/www.youtube.com\\\/c\\\/satrindtech\"]}]}<\/script>\n<!-- \/ Yoast SEO Premium plugin. -->","yoast_head_json":{"title":"Servicio posventa trituradores desgarradores abrebolsa residuos y mantenimiento | SatrindTech Srl","description":"Servicio posventa trituradores con nuestro personal cualificado en servicios de mantenimiento ordinario y extraordinario sobre los trituradores industriales molinos desgarradores","robots":{"index":"index","follow":"follow","max-snippet":"max-snippet:-1","max-image-preview":"max-image-preview:large","max-video-preview":"max-video-preview:-1"},"canonical":"https:\/\/satrindtech.com\/es\/servicio-posventa-trituradores\/","og_locale":"es_ES","og_type":"article","og_title":"Servicio posventa trituradores","og_description":"Servicio posventa trituradores con nuestro personal cualificado en servicios de mantenimiento ordinario y extraordinario sobre los trituradores industriales molinos desgarradores","og_url":"https:\/\/satrindtech.com\/es\/servicio-posventa-trituradores\/","og_site_name":"SatrindTech Srl","article_publisher":"https:\/\/www.facebook.com\/Satrindtech","article_modified_time":"2018-05-06T20:08:13+00:00","twitter_card":"summary_large_image","twitter_site":"@SatrindTech","twitter_misc":{"Tiempo de lectura":"2 minutes"},"schema":{"@context":"https:\/\/schema.org","@graph":[{"@type":"WebPage","@id":"https:\/\/satrindtech.com\/es\/servicio-posventa-trituradores\/","url":"https:\/\/satrindtech.com\/es\/servicio-posventa-trituradores\/","name":"Servicio posventa trituradores desgarradores abrebolsa residuos y mantenimiento | SatrindTech Srl","isPartOf":{"@id":"https:\/\/satrindtech.com\/en\/#website"},"datePublished":"2018-04-19T23:12:28+00:00","dateModified":"2018-05-06T20:08:13+00:00","description":"Servicio posventa trituradores con nuestro personal cualificado en servicios de mantenimiento ordinario y extraordinario sobre los trituradores industriales molinos desgarradores","breadcrumb":{"@id":"https:\/\/satrindtech.com\/es\/servicio-posventa-trituradores\/#breadcrumb"},"inLanguage":"es-ES","potentialAction":[{"@type":"ReadAction","target":["https:\/\/satrindtech.com\/es\/servicio-posventa-trituradores\/"]}]},{"@type":"BreadcrumbList","@id":"https:\/\/satrindtech.com\/es\/servicio-posventa-trituradores\/#breadcrumb","itemListElement":[{"@type":"ListItem","position":1,"name":"Home","item":"https:\/\/satrindtech.com\/es\/"},{"@type":"ListItem","position":2,"name":"Servicio posventa trituradores"}]},{"@type":"WebSite","@id":"https:\/\/satrindtech.com\/en\/#website","url":"https:\/\/satrindtech.com\/en\/","name":"SatrindTech Srl","description":"Manufacturer of shredders, crushers, grinders and shredding plants","publisher":{"@id":"https:\/\/satrindtech.com\/en\/#organization"},"potentialAction":[{"@type":"SearchAction","target":{"@type":"EntryPoint","urlTemplate":"https:\/\/satrindtech.com\/en\/?s={search_term_string}"},"query-input":{"@type":"PropertyValueSpecification","valueRequired":true,"valueName":"search_term_string"}}],"inLanguage":"es-ES"},{"@type":"Organization","@id":"https:\/\/satrindtech.com\/en\/#organization","name":"SatrindTech Srl","url":"https:\/\/satrindtech.com\/en\/","logo":{"@type":"ImageObject","inLanguage":"es-ES","@id":"https:\/\/satrindtech.com\/en\/#\/schema\/logo\/image\/","url":"http:\/\/satrindtech.com\/wp-content\/uploads\/2017\/02\/Logo_Satrindtech2015_square.jpg","contentUrl":"http:\/\/satrindtech.com\/wp-content\/uploads\/2017\/02\/Logo_Satrindtech2015_square.jpg","width":531,"height":531,"caption":"SatrindTech Srl"},"image":{"@id":"https:\/\/satrindtech.com\/en\/#\/schema\/logo\/image\/"},"sameAs":["https:\/\/www.facebook.com\/Satrindtech","https:\/\/x.com\/SatrindTech","https:\/\/www.instagram.com\/SatrindTech\/","https:\/\/www.linkedin.com\/company\/satrindtech","https:\/\/www.youtube.com\/c\/satrindtech"]}]}},"_links":{"self":[{"href":"https:\/\/satrindtech.com\/es\/wp-json\/wp\/v2\/pages\/23903","targetHints":{"allow":["GET"]}}],"collection":[{"href":"https:\/\/satrindtech.com\/es\/wp-json\/wp\/v2\/pages"}],"about":[{"href":"https:\/\/satrindtech.com\/es\/wp-json\/wp\/v2\/types\/page"}],"author":[{"embeddable":true,"href":"https:\/\/satrindtech.com\/es\/wp-json\/wp\/v2\/users\/20"}],"replies":[{"embeddable":true,"href":"https:\/\/satrindtech.com\/es\/wp-json\/wp\/v2\/comments?post=23903"}],"version-history":[{"count":0,"href":"https:\/\/satrindtech.com\/es\/wp-json\/wp\/v2\/pages\/23903\/revisions"}],"wp:attachment":[{"href":"https:\/\/satrindtech.com\/es\/wp-json\/wp\/v2\/media?parent=23903"}],"curies":[{"name":"wp","href":"https:\/\/api.w.org\/{rel}","templated":true}]}}