{"id":23885,"date":"2018-04-20T00:50:22","date_gmt":"2018-04-19T22:50:22","guid":{"rendered":"http:\/\/satrindtech.com\/?page_id=23885"},"modified":"2018-05-06T22:34:30","modified_gmt":"2018-05-06T20:34:30","slug":"piezas-de-repuesto-trituradores-industriales","status":"publish","type":"page","link":"https:\/\/satrindtech.com\/es\/piezas-de-repuesto-trituradores-industriales\/","title":{"rendered":"Piezas de recambio y mantenimiento"},"content":{"rendered":"<div class=\"wpb-content-wrapper\"><p>[vc_row css_animation=&#8221;&#8221; row_type=&#8221;row&#8221; use_row_as_full_screen_section=&#8221;no&#8221; type=&#8221;grid&#8221; angled_section=&#8221;yes&#8221; angled_section_position=&#8221;bottom&#8221; angled_section_direction=&#8221;from_right_to_left&#8221; text_align=&#8221;left&#8221; background_image_as_pattern=&#8221;without_pattern&#8221; padding_top=&#8221;20&#8243;][vc_column][vc_separator type=&#8221;transparent&#8221; up=&#8221;120&#8243; down=&#8221;0&#8243;][vc_column_text]<\/p>\n<h3>Piezas de recambio y mantenimiento<\/h3>\n<p>[\/vc_column_text][vc_separator type=&#8221;transparent&#8221; up=&#8221;27&#8243; down=&#8221;0&#8243;][vc_row_inner row_type=&#8221;row&#8221; type=&#8221;full_width&#8221; text_align=&#8221;left&#8221; css_animation=&#8221;&#8221;][vc_column_inner width=&#8221;1\/2&#8243;][vc_column_text]<strong>Partes de recambio<\/strong><\/p>\n<p>Vendemos solo partes originales, las mismas que usamos para construir nuestros trituradores, con la finalidad de garantizar los mismos est\u00e1ndares de fiabilidad, rendimiento y duraci\u00f3n de las m\u00e1quinas.[\/vc_column_text][\/vc_column_inner][vc_column_inner width=&#8221;1\/2&#8243;][vc_column_text]<strong>Mantenimiento<\/strong><\/p>\n<p>Ser un cliente SatrindTech significa que es posible confiar en ingenieros t\u00e9cnicos bien formados capaces de seguir el mantenimiento de alta calidad. Nuestro personal est\u00e1 a su disposici\u00f3n para las intervenciones programadas o extraordinarias, ya sea en nuestros talleres como en el lugar donde se encuentra el cliente.<br \/>\nDespu\u00e9s de una inspecci\u00f3n preliminar de la m\u00e1quina, son capaces de evaluar las condiciones de intervenci\u00f3n, realizar dicha operaci\u00f3n acordada con el cliente y solucionar el problema para una r\u00e1pida puesta en marcha de la producci\u00f3n.<br \/>\n[\/vc_column_text][\/vc_column_inner][\/vc_row_inner][vc_separator type=&#8221;transparent&#8221; up=&#8221;65&#8243; down=&#8221;0&#8243;][vc_separator type=&#8221;transparent&#8221; up=&#8221;120&#8243; down=&#8221;0&#8243;][\/vc_column][\/vc_row]<\/p>\n<\/div>","protected":false},"excerpt":{"rendered":"<p>[vc_row css_animation=&#8221;&#8221; row_type=&#8221;row&#8221; use_row_as_full_screen_section=&#8221;no&#8221; type=&#8221;grid&#8221; angled_section=&#8221;yes&#8221; angled_section_position=&#8221;bottom&#8221; angled_section_direction=&#8221;from_right_to_left&#8221; text_align=&#8221;left&#8221; background_image_as_pattern=&#8221;without_pattern&#8221; padding_top=&#8221;20&#8243;][vc_column][vc_separator type=&#8221;transparent&#8221; up=&#8221;120&#8243; down=&#8221;0&#8243;][vc_column_text] Piezas&#8230;<\/p>\n","protected":false},"author":20,"featured_media":0,"parent":0,"menu_order":0,"comment_status":"open","ping_status":"closed","template":"full_width.php","meta":{"_acf_changed":false,"inline_featured_image":false,"footnotes":""},"class_list":["post-23885","page","type-page","status-publish","hentry"],"acf":[],"yoast_head":"<!-- This site is optimized with the Yoast SEO Premium plugin v26.3 (Yoast SEO v27.4) - https:\/\/yoast.com\/product\/yoast-seo-premium-wordpress\/ -->\n<title>Piezas de repuesto trituradores industriales y desgarradores abrebolsas para residuos | SatrindTech Srl<\/title>\n<meta name=\"description\" content=\"Piezas de repuesto trituradores industriales originales y desgarradores. Nuestro Servicio est\u00e1 disponible para ayudarle con la compra de las partes de repuesto m\u00e1s adecuadas\" \/>\n<meta name=\"robots\" content=\"index, follow, max-snippet:-1, max-image-preview:large, max-video-preview:-1\" \/>\n<link rel=\"canonical\" href=\"https:\/\/satrindtech.com\/es\/piezas-de-repuesto-trituradores-industriales\/\" \/>\n<meta property=\"og:locale\" content=\"es_ES\" \/>\n<meta property=\"og:type\" content=\"article\" \/>\n<meta property=\"og:title\" content=\"Piezas de recambio y mantenimiento\" \/>\n<meta property=\"og:description\" content=\"Piezas de repuesto trituradores industriales originales y desgarradores. Nuestro Servicio est\u00e1 disponible para ayudarle con la compra de las partes de repuesto m\u00e1s adecuadas\" \/>\n<meta property=\"og:url\" content=\"https:\/\/satrindtech.com\/es\/piezas-de-repuesto-trituradores-industriales\/\" \/>\n<meta property=\"og:site_name\" content=\"SatrindTech Srl\" \/>\n<meta property=\"article:publisher\" content=\"https:\/\/www.facebook.com\/Satrindtech\" \/>\n<meta property=\"article:modified_time\" content=\"2018-05-06T20:34:30+00:00\" \/>\n<meta name=\"twitter:card\" content=\"summary_large_image\" \/>\n<meta name=\"twitter:site\" content=\"@SatrindTech\" \/>\n<meta name=\"twitter:label1\" content=\"Tiempo de lectura\" \/>\n\t<meta name=\"twitter:data1\" content=\"1 minute\" \/>\n<script type=\"application\/ld+json\" class=\"yoast-schema-graph\">{\"@context\":\"https:\\\/\\\/schema.org\",\"@graph\":[{\"@type\":\"WebPage\",\"@id\":\"https:\\\/\\\/satrindtech.com\\\/es\\\/piezas-de-repuesto-trituradores-industriales\\\/\",\"url\":\"https:\\\/\\\/satrindtech.com\\\/es\\\/piezas-de-repuesto-trituradores-industriales\\\/\",\"name\":\"Piezas de repuesto trituradores industriales y desgarradores abrebolsas para residuos | SatrindTech Srl\",\"isPartOf\":{\"@id\":\"https:\\\/\\\/satrindtech.com\\\/en\\\/#website\"},\"datePublished\":\"2018-04-19T22:50:22+00:00\",\"dateModified\":\"2018-05-06T20:34:30+00:00\",\"description\":\"Piezas de repuesto trituradores industriales originales y desgarradores. Nuestro Servicio est\u00e1 disponible para ayudarle con la compra de las partes de repuesto m\u00e1s adecuadas\",\"breadcrumb\":{\"@id\":\"https:\\\/\\\/satrindtech.com\\\/es\\\/piezas-de-repuesto-trituradores-industriales\\\/#breadcrumb\"},\"inLanguage\":\"es-ES\",\"potentialAction\":[{\"@type\":\"ReadAction\",\"target\":[\"https:\\\/\\\/satrindtech.com\\\/es\\\/piezas-de-repuesto-trituradores-industriales\\\/\"]}]},{\"@type\":\"BreadcrumbList\",\"@id\":\"https:\\\/\\\/satrindtech.com\\\/es\\\/piezas-de-repuesto-trituradores-industriales\\\/#breadcrumb\",\"itemListElement\":[{\"@type\":\"ListItem\",\"position\":1,\"name\":\"Home\",\"item\":\"https:\\\/\\\/satrindtech.com\\\/es\\\/\"},{\"@type\":\"ListItem\",\"position\":2,\"name\":\"Piezas de recambio y mantenimiento\"}]},{\"@type\":\"WebSite\",\"@id\":\"https:\\\/\\\/satrindtech.com\\\/en\\\/#website\",\"url\":\"https:\\\/\\\/satrindtech.com\\\/en\\\/\",\"name\":\"SatrindTech Srl\",\"description\":\"Manufacturer of shredders, crushers, grinders and shredding plants\",\"publisher\":{\"@id\":\"https:\\\/\\\/satrindtech.com\\\/en\\\/#organization\"},\"potentialAction\":[{\"@type\":\"SearchAction\",\"target\":{\"@type\":\"EntryPoint\",\"urlTemplate\":\"https:\\\/\\\/satrindtech.com\\\/en\\\/?s={search_term_string}\"},\"query-input\":{\"@type\":\"PropertyValueSpecification\",\"valueRequired\":true,\"valueName\":\"search_term_string\"}}],\"inLanguage\":\"es-ES\"},{\"@type\":\"Organization\",\"@id\":\"https:\\\/\\\/satrindtech.com\\\/en\\\/#organization\",\"name\":\"SatrindTech Srl\",\"url\":\"https:\\\/\\\/satrindtech.com\\\/en\\\/\",\"logo\":{\"@type\":\"ImageObject\",\"inLanguage\":\"es-ES\",\"@id\":\"https:\\\/\\\/satrindtech.com\\\/en\\\/#\\\/schema\\\/logo\\\/image\\\/\",\"url\":\"http:\\\/\\\/satrindtech.com\\\/wp-content\\\/uploads\\\/2017\\\/02\\\/Logo_Satrindtech2015_square.jpg\",\"contentUrl\":\"http:\\\/\\\/satrindtech.com\\\/wp-content\\\/uploads\\\/2017\\\/02\\\/Logo_Satrindtech2015_square.jpg\",\"width\":531,\"height\":531,\"caption\":\"SatrindTech Srl\"},\"image\":{\"@id\":\"https:\\\/\\\/satrindtech.com\\\/en\\\/#\\\/schema\\\/logo\\\/image\\\/\"},\"sameAs\":[\"https:\\\/\\\/www.facebook.com\\\/Satrindtech\",\"https:\\\/\\\/x.com\\\/SatrindTech\",\"https:\\\/\\\/www.instagram.com\\\/SatrindTech\\\/\",\"https:\\\/\\\/www.linkedin.com\\\/company\\\/satrindtech\",\"https:\\\/\\\/www.youtube.com\\\/c\\\/satrindtech\"]}]}<\/script>\n<!-- \/ Yoast SEO Premium plugin. -->","yoast_head_json":{"title":"Piezas de repuesto trituradores industriales y desgarradores abrebolsas para residuos | SatrindTech Srl","description":"Piezas de repuesto trituradores industriales originales y desgarradores. Nuestro Servicio est\u00e1 disponible para ayudarle con la compra de las partes de repuesto m\u00e1s adecuadas","robots":{"index":"index","follow":"follow","max-snippet":"max-snippet:-1","max-image-preview":"max-image-preview:large","max-video-preview":"max-video-preview:-1"},"canonical":"https:\/\/satrindtech.com\/es\/piezas-de-repuesto-trituradores-industriales\/","og_locale":"es_ES","og_type":"article","og_title":"Piezas de recambio y mantenimiento","og_description":"Piezas de repuesto trituradores industriales originales y desgarradores. Nuestro Servicio est\u00e1 disponible para ayudarle con la compra de las partes de repuesto m\u00e1s adecuadas","og_url":"https:\/\/satrindtech.com\/es\/piezas-de-repuesto-trituradores-industriales\/","og_site_name":"SatrindTech Srl","article_publisher":"https:\/\/www.facebook.com\/Satrindtech","article_modified_time":"2018-05-06T20:34:30+00:00","twitter_card":"summary_large_image","twitter_site":"@SatrindTech","twitter_misc":{"Tiempo de lectura":"1 minute"},"schema":{"@context":"https:\/\/schema.org","@graph":[{"@type":"WebPage","@id":"https:\/\/satrindtech.com\/es\/piezas-de-repuesto-trituradores-industriales\/","url":"https:\/\/satrindtech.com\/es\/piezas-de-repuesto-trituradores-industriales\/","name":"Piezas de repuesto trituradores industriales y desgarradores abrebolsas para residuos | SatrindTech Srl","isPartOf":{"@id":"https:\/\/satrindtech.com\/en\/#website"},"datePublished":"2018-04-19T22:50:22+00:00","dateModified":"2018-05-06T20:34:30+00:00","description":"Piezas de repuesto trituradores industriales originales y desgarradores. Nuestro Servicio est\u00e1 disponible para ayudarle con la compra de las partes de repuesto m\u00e1s adecuadas","breadcrumb":{"@id":"https:\/\/satrindtech.com\/es\/piezas-de-repuesto-trituradores-industriales\/#breadcrumb"},"inLanguage":"es-ES","potentialAction":[{"@type":"ReadAction","target":["https:\/\/satrindtech.com\/es\/piezas-de-repuesto-trituradores-industriales\/"]}]},{"@type":"BreadcrumbList","@id":"https:\/\/satrindtech.com\/es\/piezas-de-repuesto-trituradores-industriales\/#breadcrumb","itemListElement":[{"@type":"ListItem","position":1,"name":"Home","item":"https:\/\/satrindtech.com\/es\/"},{"@type":"ListItem","position":2,"name":"Piezas de recambio y mantenimiento"}]},{"@type":"WebSite","@id":"https:\/\/satrindtech.com\/en\/#website","url":"https:\/\/satrindtech.com\/en\/","name":"SatrindTech Srl","description":"Manufacturer of shredders, crushers, grinders and shredding plants","publisher":{"@id":"https:\/\/satrindtech.com\/en\/#organization"},"potentialAction":[{"@type":"SearchAction","target":{"@type":"EntryPoint","urlTemplate":"https:\/\/satrindtech.com\/en\/?s={search_term_string}"},"query-input":{"@type":"PropertyValueSpecification","valueRequired":true,"valueName":"search_term_string"}}],"inLanguage":"es-ES"},{"@type":"Organization","@id":"https:\/\/satrindtech.com\/en\/#organization","name":"SatrindTech Srl","url":"https:\/\/satrindtech.com\/en\/","logo":{"@type":"ImageObject","inLanguage":"es-ES","@id":"https:\/\/satrindtech.com\/en\/#\/schema\/logo\/image\/","url":"http:\/\/satrindtech.com\/wp-content\/uploads\/2017\/02\/Logo_Satrindtech2015_square.jpg","contentUrl":"http:\/\/satrindtech.com\/wp-content\/uploads\/2017\/02\/Logo_Satrindtech2015_square.jpg","width":531,"height":531,"caption":"SatrindTech Srl"},"image":{"@id":"https:\/\/satrindtech.com\/en\/#\/schema\/logo\/image\/"},"sameAs":["https:\/\/www.facebook.com\/Satrindtech","https:\/\/x.com\/SatrindTech","https:\/\/www.instagram.com\/SatrindTech\/","https:\/\/www.linkedin.com\/company\/satrindtech","https:\/\/www.youtube.com\/c\/satrindtech"]}]}},"_links":{"self":[{"href":"https:\/\/satrindtech.com\/es\/wp-json\/wp\/v2\/pages\/23885","targetHints":{"allow":["GET"]}}],"collection":[{"href":"https:\/\/satrindtech.com\/es\/wp-json\/wp\/v2\/pages"}],"about":[{"href":"https:\/\/satrindtech.com\/es\/wp-json\/wp\/v2\/types\/page"}],"author":[{"embeddable":true,"href":"https:\/\/satrindtech.com\/es\/wp-json\/wp\/v2\/users\/20"}],"replies":[{"embeddable":true,"href":"https:\/\/satrindtech.com\/es\/wp-json\/wp\/v2\/comments?post=23885"}],"version-history":[{"count":0,"href":"https:\/\/satrindtech.com\/es\/wp-json\/wp\/v2\/pages\/23885\/revisions"}],"wp:attachment":[{"href":"https:\/\/satrindtech.com\/es\/wp-json\/wp\/v2\/media?parent=23885"}],"curies":[{"name":"wp","href":"https:\/\/api.w.org\/{rel}","templated":true}]}}