{"id":23873,"date":"2018-04-20T00:36:26","date_gmt":"2018-04-19T22:36:26","guid":{"rendered":"http:\/\/satrindtech.com\/?page_id=23873"},"modified":"2019-06-07T17:26:25","modified_gmt":"2019-06-07T15:26:25","slug":"politica-de-privacidad","status":"publish","type":"page","link":"https:\/\/satrindtech.com\/es\/politica-de-privacidad\/","title":{"rendered":"Pol\u00edtica de privacidad"},"content":{"rendered":"<div class=\"wpb-content-wrapper\"><p>[vc_row css_animation=&#8221;&#8221; row_type=&#8221;row&#8221; use_row_as_full_screen_section=&#8221;no&#8221; type=&#8221;grid&#8221; angled_section=&#8221;no&#8221; text_align=&#8221;left&#8221; background_image_as_pattern=&#8221;without_pattern&#8221; padding_top=&#8221;20&#8243; padding_bottom=&#8221;0&#8243;][vc_column][vc_row_inner row_type=&#8221;row&#8221; type=&#8221;grid&#8221; text_align=&#8221;left&#8221; padding_top=&#8221;30&#8243; padding_bottom=&#8221;60&#8243; css_animation=&#8221;&#8221;][vc_column_inner][vc_column_text]<\/p>\n<h2><strong><u>Pol\u00edtica de privacidad <\/u><\/strong><\/h2>\n<p>[\/vc_column_text][vc_separator type=&#8221;transparent&#8221; up=&#8221;20&#8243; down=&#8221;0&#8243;][vc_column_text]La empresa que subscribe, SatrindTech\u00a0S.r.l., con CIF y n\u00famero de identificaci\u00f3n a efectos de IVA IT08360060969, sede legal en Arluno (MI), Italia, Via Monfalcone, 122, actuando por medio de su representante legal pro\u00a0tempore, el se\u00f1or Giorgio Falzoni, en calidad de Responsable del tratamiento de datos personales en virtud del decreto legislativo italiano 193\/2001 y sus enmiendas sucesivas, C\u00f3digo en materia de protecci\u00f3n de los datos personales, \u201cC\u00f3digo de privacidad\u201d, y del Reglamento UE 679\/2016, Reglamento general de protecci\u00f3n de datos, \u201cRGPD\u201d (de ahora en adelante, se usar\u00e1 \u201cNormativa aplicable\u201d para hacer referencia al C\u00f3digo de privacidad y al RGPD de manera conjunta) reconoce la importancia de la protecci\u00f3n de los datos personales y considera su protecci\u00f3n uno de los objetivos principales de su actividad.<\/p>\n<p>&nbsp;<\/p>\n<p style=\"text-align: center;\">*****<\/p>\n<p>Antes de comunicar cualquier dato personal, SatrindTech S.r.l. te invita a leer con atenci\u00f3n la presente pol\u00edtica de privacidad (\u201cPol\u00edtica de privacidad\u201d), ya que contiene informaci\u00f3n importante sobre la protecci\u00f3n de los datos personales y las medidas de seguridad adoptadas para garantizar la confidencialidad en plena conformidad con la Normativa aplicable.<\/p>\n<p>Adem\u00e1s, la presente Pol\u00edtica de privacidad:<\/p>\n<p>&nbsp;<\/p>\n<ul>\n<li>Se refiere solo y exclusivamente al sitio http:\/\/satrindtech.com\/ (\u201cSitio\u201d) y no es aplicable a otros sitios web que puedan consultarse eventualmente a trav\u00e9s de v\u00ednculos externos.<\/li>\n<li>Debe entenderse, en virtud del art\u00edculo 3 de la Normativa aplicable, como pol\u00edtica dirigida a los usuarios que interact\u00faan con el Sitio identificado antes con mayor precisi\u00f3n.<\/li>\n<li>Se atiene a la Recomendaci\u00f3n n.\u00ba 2\/2001 relativa a los requisitos m\u00ednimos para la recopilaci\u00f3n de datos en l\u00ednea en la Uni\u00f3n Europea, adoptada el 17 de mayo de 2001 por el Grupo de trabajo del art\u00edculo 29.<\/li>\n<\/ul>\n<p>&nbsp;<\/p>\n<p style=\"text-align: center;\">*****<\/p>\n<p>&nbsp;<\/p>\n<p>SatrindTech te informa que el tratamiento de tus datos personales estar\u00e1 sujeto a los principios de legalidad, correcci\u00f3n, transparencia, limitaci\u00f3n de finalidad, minimizaci\u00f3n de datos, exactitud, integridad y confidencialidad. Por lo tanto, tus datos personales se tratar\u00e1n seg\u00fan las disposiciones legislativas de la Normativa aplicable y las obligaciones de confidencialidad establecidas en la misma.<\/p>\n<p>&nbsp;<\/p>\n<h3><strong><u>\u00cdNDICE<\/u><\/strong><\/h3>\n<p>&nbsp;<\/p>\n<p>A continuaci\u00f3n incluimos el \u00edndice de la presente Pol\u00edtica de privacidad para que puedas encontrar f\u00e1cilmente la informaci\u00f3n relativa al tratamiento de tus datos personales:<\/p>\n<p>&nbsp;<\/p>\n<ol>\n<li>RESPONSABLE DEL TRATAMIENTO<\/li>\n<li>DATOS PERSONALES OBJETO DEL TRATAMIENTO<\/li>\n<li>FINALIDADES, BASE JUR\u00cdDICA Y NATURALEZA OBLIGATORIA O FACULTATIVA DEL TRATAMIENTO<\/li>\n<li>DESTINATARIOS<\/li>\n<li>CONSERVACI\u00d3N DE LOS DATOS<\/li>\n<li>TUS DERECHOS<\/li>\n<li>MODIFICACIONES<\/li>\n<\/ol>\n<p>&nbsp;<\/p>\n<h3>1. RESPONSABLE Y ENCARGADO DEL TRATAMIENTO DE DATOS<\/h3>\n<p>&nbsp;<\/p>\n<p>De acuerdo con la Normativa aplicable, el responsable del tratamiento Sitio es <strong>SatrindTech S.r.l.<\/strong>, tal como se define con mayor precisi\u00f3n arriba.<\/p>\n<p>Para recibir cualquier tipo de informaci\u00f3n sobre el tratamiento de los datos personales por parte de SatrindTech, como, entre otros, la lista de los encargados de tratar los datos, solo tienes que ponerte en contacto con el responsable del tratamiento a trav\u00e9s de la siguiente direcci\u00f3n de correo electr\u00f3nico: sistema@satrindtech.com.<\/p>\n<p>&nbsp;<\/p>\n<h3>2. DATOS PERSONALES OBJETO DEL TRATAMIENTO<\/h3>\n<p>&nbsp;<\/p>\n<p>Por \u201c<em>Dat<\/em>os personales\u201d se entiende toda la informaci\u00f3n sobre una persona f\u00edsica identificada o identificable; se considerar\u00e1 persona f\u00edsica identificable toda persona cuya identidad pueda determinarse, directa o indirectamente, en particular mediante un identificador, como por ejemplo un nombre, un n\u00famero de identificaci\u00f3n, datos de localizaci\u00f3n, un identificador en l\u00ednea o uno o varios elementos propios de la identidad f\u00edsica, fisiol\u00f3gica, ps\u00edquica, econ\u00f3mica, cultural o social de dicha persona.<\/p>\n<p>Los Datos personales recopilados en el Sitio son los siguientes:<\/p>\n<h4><u>a. Datos de navegaci\u00f3n<\/u><\/h4>\n<p>Los sistemas inform\u00e1ticos y los procedimientos de software necesarios para el funcionamiento de este Sitio web adquieren durante su normal funcionamiento algunos datos personales cuya transmisi\u00f3n est\u00e1 impl\u00edcita en el uso de los protocolos de comunicaci\u00f3n de Internet. Se trata de informaci\u00f3n que no se recopila con la intenci\u00f3n de identificar a los interesados, pero que, por su naturaleza, puede permitir la identificaci\u00f3n de usuarios mediante el procesamiento y la combinaci\u00f3n de datos facilitados por terceros. En esta categor\u00eda de datos se incluyen las direcciones IP o los nombres de dominio de los ordenadores utilizados por los usuarios que se conectan al sitio, las direcciones URI (<em>Uniform Resource Identifier<\/em>) de los recursos solicitados, el horario de la solicitud, el m\u00e9todo empleado para presentar la solicitud al servidor, el tama\u00f1o del archivo obtenido como respuesta, el c\u00f3digo num\u00e9rico que indica el estado de la respuesta del servidor (correcto, error, etc.) y otros par\u00e1metros relativos al sistema operativo y al entorno inform\u00e1tico del usuario. Estos datos se utilizan con el \u00fanico fin de obtener informaci\u00f3n estad\u00edstica an\u00f3nima sobre el uso del Sitio y para comprobar si funciona correctamente; los datos se eliminan inmediatamente despu\u00e9s de su procesamiento. Los datos tambi\u00e9n se pueden emplear para establecer la responsabilidad en caso de hipot\u00e9ticos delitos inform\u00e1ticos que da\u00f1en el Sitio o de terceros, y se eliminan despu\u00e9s de 7\u00a0d\u00edas.<\/p>\n<h4><u>b. Datos facilitados voluntariamente<\/u><\/h4>\n<p>A trav\u00e9s del Sitio, tienes la posibilidad de facilitar voluntariamente tus Datos personales, como nombre, apellidos, ciudad y direcci\u00f3n de correo electr\u00f3nico de contacto con SatrindTech a trav\u00e9s del formulario \u201cContactos\u201d.<\/p>\n<p>SatrindTech tratar\u00e1 estos datos de conformidad con la Normativa aplicable, siempre que se refieran a ti o a terceros sujetos que te hayan autorizado de manera expresa a utilizarlos con arreglo a un fundamento jur\u00eddico adecuado que legitime el tratamiento de los datos en cuesti\u00f3n. Bas\u00e1ndose en estos supuestos, t\u00fa ser\u00e1s el responsable aut\u00f3nomo del tratamiento y asumir\u00e1s todas las obligaciones y responsabilidades exigidas por ley. En ese sentido, eximes de la m\u00e1xima responsabilidad respecto a alegaciones, pretensiones, solicitudes de indemnizaci\u00f3n por da\u00f1os del tratamiento, etc., que pudieran llegar a SatrindTech por parte de terceros sujetos cuyos Datos personales se hayan tratado por el uso que t\u00fa has hecho del Sitio incumpliendo la Normativa aplicable.<\/p>\n<h4><strong><u>c. Cookies y tecnolog\u00edas afines<\/u><\/strong><\/h4>\n<p>SatrindTech recopila Datos personales a trav\u00e9s de cookies. Puedes obtener m\u00e1s informaci\u00f3n sobre el uso de cookies y tecnolog\u00edas afines aqu\u00ed: <a href=\"https:\/\/www.iubenda.com\/privacy-policy\/17184356\/cookie-policy?an=no&amp;s_ck=false&amp;newmarkup=yes\">https:\/\/www.iubenda.com\/privacy-policy\/<\/a><\/p>\n<p>&nbsp;<\/p>\n<h3>3. FINALIDADES\u2019, BASE JUR\u00cdDICA Y NATURALEZA OBLIGATORIA O FACULTATIVA DEL TRATAMIENTO<\/h3>\n<p>&nbsp;<\/p>\n<p>SatrindTech tratar\u00e1 los Datos personales que facilites a trav\u00e9s del Sitio para las siguientes finalidades:<\/p>\n<p>&nbsp;<\/p>\n<p>a) finalidades inherentes a la ejecuci\u00f3n de un contrato del que eres parte o para la aplicaci\u00f3n, a petici\u00f3n tuya, de medidas precontractuales (por ejemplo, solicitud de contacto a trav\u00e9s del m\u00f3dulo Contactos, etc.);<\/p>\n<p>b) finalidades de investigaci\u00f3n o an\u00e1lisis estad\u00edsticos sobre datos agregados o an\u00f3nimos, sin la posibilidad de identificar al usuario, con el objetivo de determinar el funcionamiento del Sitio, medir el tr\u00e1fico y evaluar su usabilidad e inter\u00e9s;<\/p>\n<p>c) finalidades relativas al cumplimiento de una obligaci\u00f3n legal a la que SatrindTech est\u00e1 sujeta;<\/p>\n<p>d) finalidades necesarias para la formulaci\u00f3n, el ejercicio o la defensa de reclamaciones o cuando los tribunales act\u00faen en ejercicio de su funci\u00f3n judicial;<\/p>\n<p>&nbsp;<\/p>\n<p>La base legal del tratamiento de los Datos personales para las finalidades del punto a) es la prestaci\u00f3n de un servicio o la respuesta a una solicitud que no requieren aprobaci\u00f3n en virtud de la Normativa aplicable.<br \/>\nLas finalidades a que hace referencia el punto b) no comportan el tratamiento de Datos personales, pero las finalidades referidas en el punto d) suponen un tratamiento leg\u00edtimo de los Datos personales en virtud de la Normativa aplicable, ya que, una vez proporcionados los Datos personales, su tratamiento es, de hecho, necesario para cumplir una obligaci\u00f3n de ley a la que SatrindTech est\u00e1 sujeta. La concesi\u00f3n de tus Datos personales para las finalidades indicadas arriba es facultativa, pero su eventual no concesi\u00f3n podr\u00eda imposibilitar que demos respuesta a una petici\u00f3n tuya o que cumplamos una obligaci\u00f3n legal a la que SatrindTech est\u00e9 sujeta.<\/p>\n<p>&nbsp;<\/p>\n<h3>4. DESTINATARIOS<\/h3>\n<p>&nbsp;<\/p>\n<p>Tus Datos personales se podr\u00e1n compartir para las finalidades especificadas en el punto 3, con:<\/p>\n<p>&nbsp;<\/p>\n<p>a. Los sujetos necesarios para la prestaci\u00f3n de los servicios ofrecidos por el Sitio, como, entre otros, el env\u00edo de mensajes de correo electr\u00f3nico y el an\u00e1lisis del funcionamiento del Sitio, que act\u00faan normalmente en calidad de encargados del tratamiento de SatrindTech.<\/p>\n<p>b .Las personas autorizadas por SatrindTech que se hayan comprometido a mantener la confidencialidad o que tengan una obligaci\u00f3n legal adecuada de confidencialidad (por ejemplo, empleados y colaboradores de SatrindTech) y las autoridades judiciales en el ejercicio de sus funciones cuando lo requiera la Normativa aplicable.<\/p>\n<p>&nbsp;<\/p>\n<h3>5. CONSERVACI\u00d3N DE LOS DATOS<\/h3>\n<p>SatrindTech tratar\u00e1 tus Datos personales durante el tiempo estrictamente necesario para alcanzar los objetivos descritos en el punto 3. Sin perjuicio de lo anterior, SatrindTech tratar\u00e1 tus Datos personales hasta el tiempo permitido por la ley italiana de protecci\u00f3n de los intereses propios. Se puede solicitar m\u00e1s informaci\u00f3n sobre el per\u00edodo de conservaci\u00f3n de los Datos personales y los criterios usados para determinar dicho per\u00edodo escribiendo a la direcci\u00f3n de correo electr\u00f3nico del responsable del tratamiento indicado en el art\u00edculo 1.<\/p>\n<p>&nbsp;<\/p>\n<h3>6. TUS DERECHOS<\/h3>\n<p>&nbsp;<\/p>\n<p>Dentro de los l\u00edmites de la Normativa aplicable, tienes derecho a solicitar a SatrindTech en cualquier momento el acceso a tus Datos personales, la rectificaci\u00f3n o eliminaci\u00f3n de los mismos, tu oposici\u00f3n al tratamiento, la limitaci\u00f3n del tratamiento, as\u00ed como a obtener los datos que te conciernen en un formato estructurado, de uso com\u00fan y legible por un dispositivo autom\u00e1tico.<\/p>\n<p>Las solicitudes deben enviarse por correo electr\u00f3nico a la direcci\u00f3n: sistema@satrindtech.com.<\/p>\n<p>En virtud de la Normativa aplicable, tienes derecho en cualquier caso a presentar una reclamaci\u00f3n ante la autoridad de control competente (Garante de la protecci\u00f3n de datos personales) en caso de que consideres que el tratamiento de tus Datos personales es contrario a la normativa vigente.<\/p>\n<p>&nbsp;<\/p>\n<h3>7. MODIFICACIONES<\/h3>\n<p>&nbsp;<\/p>\n<p>La presente Pol\u00edtica de privacidad est\u00e1 en vigor desde el 25 de mayo de 2018, y la sociedad SatrindTech se reserva el derecho de modificar o simplemente actualizar el contenido, parcial o completamente, tambi\u00e9n debido a modificaciones de la Normativa aplicable. SatrindTech te informar\u00e1 de dichas modificaciones cuando se introduzcan, y estas ser\u00e1n vinculantes desde el momento en que se publiquen en el Sitio. SatrindTech te invita, por tanto, a visitar peri\u00f3dicamente esta secci\u00f3n para que tengas conocimiento de la versi\u00f3n m\u00e1s reciente y actualizada de la Pol\u00edtica de privacidad, de modo que est\u00e9s siempre al d\u00eda sobre los datos recopilados y el uso que el Responsable del tratamiento hace de ellos.[\/vc_column_text][vc_separator type=&#8221;transparent&#8221; up=&#8221;75&#8243; down=&#8221;0&#8243;][\/vc_column_inner][\/vc_row_inner][\/vc_column][\/vc_row]<\/p>\n<\/div>","protected":false},"excerpt":{"rendered":"<p>[vc_row css_animation=&#8221;&#8221; row_type=&#8221;row&#8221; use_row_as_full_screen_section=&#8221;no&#8221; type=&#8221;grid&#8221; angled_section=&#8221;no&#8221; text_align=&#8221;left&#8221; background_image_as_pattern=&#8221;without_pattern&#8221; padding_top=&#8221;20&#8243; padding_bottom=&#8221;0&#8243;][vc_column][vc_row_inner row_type=&#8221;row&#8221; type=&#8221;grid&#8221; text_align=&#8221;left&#8221; padding_top=&#8221;30&#8243; padding_bottom=&#8221;60&#8243;&#8230;<\/p>\n","protected":false},"author":20,"featured_media":0,"parent":0,"menu_order":0,"comment_status":"open","ping_status":"open","template":"full_width.php","meta":{"_acf_changed":false,"inline_featured_image":false,"footnotes":""},"class_list":["post-23873","page","type-page","status-publish","hentry"],"acf":[],"yoast_head":"<!-- This site is optimized with the Yoast SEO Premium plugin v26.3 (Yoast SEO v27.4) - https:\/\/yoast.com\/product\/yoast-seo-premium-wordpress\/ -->\n<title>Politica de privacidad en la gesti\u00f3n de datos personales de los usuarios | SatrindTech Srl<\/title>\n<meta name=\"description\" content=\"La politica de privacidad en esta secci\u00f3n describe las modalidades de gesti\u00f3n del sitio relativas a la gesti\u00f3n de los datos personales recogidos de los usuarios\" \/>\n<meta name=\"robots\" content=\"noindex, nofollow\" \/>\n<meta property=\"og:locale\" content=\"es_ES\" \/>\n<meta property=\"og:type\" content=\"article\" \/>\n<meta property=\"og:title\" content=\"Pol\u00edtica de privacidad\" \/>\n<meta property=\"og:description\" content=\"La politica de privacidad en esta secci\u00f3n describe las modalidades de gesti\u00f3n del sitio relativas a la gesti\u00f3n de los datos personales recogidos de los usuarios\" \/>\n<meta property=\"og:url\" content=\"https:\/\/satrindtech.com\/es\/politica-de-privacidad\/\" \/>\n<meta property=\"og:site_name\" content=\"SatrindTech Srl\" \/>\n<meta property=\"article:publisher\" content=\"https:\/\/www.facebook.com\/Satrindtech\" \/>\n<meta property=\"article:modified_time\" content=\"2019-06-07T15:26:25+00:00\" \/>\n<meta name=\"twitter:card\" content=\"summary_large_image\" \/>\n<meta name=\"twitter:site\" content=\"@SatrindTech\" \/>\n<meta name=\"twitter:label1\" content=\"Tiempo de lectura\" \/>\n\t<meta name=\"twitter:data1\" content=\"10 minutes\" \/>\n<script type=\"application\/ld+json\" class=\"yoast-schema-graph\">{\"@context\":\"https:\\\/\\\/schema.org\",\"@graph\":[{\"@type\":\"WebPage\",\"@id\":\"https:\\\/\\\/satrindtech.com\\\/es\\\/politica-de-privacidad\\\/\",\"url\":\"https:\\\/\\\/satrindtech.com\\\/es\\\/politica-de-privacidad\\\/\",\"name\":\"Politica de privacidad en la gesti\u00f3n de datos personales de los usuarios | SatrindTech Srl\",\"isPartOf\":{\"@id\":\"https:\\\/\\\/satrindtech.com\\\/en\\\/#website\"},\"datePublished\":\"2018-04-19T22:36:26+00:00\",\"dateModified\":\"2019-06-07T15:26:25+00:00\",\"description\":\"La politica de privacidad en esta secci\u00f3n describe las modalidades de gesti\u00f3n del sitio relativas a la gesti\u00f3n de los datos personales recogidos de los usuarios\",\"breadcrumb\":{\"@id\":\"https:\\\/\\\/satrindtech.com\\\/es\\\/politica-de-privacidad\\\/#breadcrumb\"},\"inLanguage\":\"es-ES\",\"potentialAction\":[{\"@type\":\"ReadAction\",\"target\":[\"https:\\\/\\\/satrindtech.com\\\/es\\\/politica-de-privacidad\\\/\"]}]},{\"@type\":\"BreadcrumbList\",\"@id\":\"https:\\\/\\\/satrindtech.com\\\/es\\\/politica-de-privacidad\\\/#breadcrumb\",\"itemListElement\":[{\"@type\":\"ListItem\",\"position\":1,\"name\":\"Home\",\"item\":\"https:\\\/\\\/satrindtech.com\\\/es\\\/\"},{\"@type\":\"ListItem\",\"position\":2,\"name\":\"Pol\u00edtica de privacidad\"}]},{\"@type\":\"WebSite\",\"@id\":\"https:\\\/\\\/satrindtech.com\\\/en\\\/#website\",\"url\":\"https:\\\/\\\/satrindtech.com\\\/en\\\/\",\"name\":\"SatrindTech Srl\",\"description\":\"Manufacturer of shredders, crushers, grinders and shredding plants\",\"publisher\":{\"@id\":\"https:\\\/\\\/satrindtech.com\\\/en\\\/#organization\"},\"potentialAction\":[{\"@type\":\"SearchAction\",\"target\":{\"@type\":\"EntryPoint\",\"urlTemplate\":\"https:\\\/\\\/satrindtech.com\\\/en\\\/?s={search_term_string}\"},\"query-input\":{\"@type\":\"PropertyValueSpecification\",\"valueRequired\":true,\"valueName\":\"search_term_string\"}}],\"inLanguage\":\"es-ES\"},{\"@type\":\"Organization\",\"@id\":\"https:\\\/\\\/satrindtech.com\\\/en\\\/#organization\",\"name\":\"SatrindTech Srl\",\"url\":\"https:\\\/\\\/satrindtech.com\\\/en\\\/\",\"logo\":{\"@type\":\"ImageObject\",\"inLanguage\":\"es-ES\",\"@id\":\"https:\\\/\\\/satrindtech.com\\\/en\\\/#\\\/schema\\\/logo\\\/image\\\/\",\"url\":\"http:\\\/\\\/satrindtech.com\\\/wp-content\\\/uploads\\\/2017\\\/02\\\/Logo_Satrindtech2015_square.jpg\",\"contentUrl\":\"http:\\\/\\\/satrindtech.com\\\/wp-content\\\/uploads\\\/2017\\\/02\\\/Logo_Satrindtech2015_square.jpg\",\"width\":531,\"height\":531,\"caption\":\"SatrindTech Srl\"},\"image\":{\"@id\":\"https:\\\/\\\/satrindtech.com\\\/en\\\/#\\\/schema\\\/logo\\\/image\\\/\"},\"sameAs\":[\"https:\\\/\\\/www.facebook.com\\\/Satrindtech\",\"https:\\\/\\\/x.com\\\/SatrindTech\",\"https:\\\/\\\/www.instagram.com\\\/SatrindTech\\\/\",\"https:\\\/\\\/www.linkedin.com\\\/company\\\/satrindtech\",\"https:\\\/\\\/www.youtube.com\\\/c\\\/satrindtech\"]}]}<\/script>\n<!-- \/ Yoast SEO Premium plugin. -->","yoast_head_json":{"title":"Politica de privacidad en la gesti\u00f3n de datos personales de los usuarios | SatrindTech Srl","description":"La politica de privacidad en esta secci\u00f3n describe las modalidades de gesti\u00f3n del sitio relativas a la gesti\u00f3n de los datos personales recogidos de los usuarios","robots":{"index":"noindex","follow":"nofollow"},"og_locale":"es_ES","og_type":"article","og_title":"Pol\u00edtica de privacidad","og_description":"La politica de privacidad en esta secci\u00f3n describe las modalidades de gesti\u00f3n del sitio relativas a la gesti\u00f3n de los datos personales recogidos de los usuarios","og_url":"https:\/\/satrindtech.com\/es\/politica-de-privacidad\/","og_site_name":"SatrindTech Srl","article_publisher":"https:\/\/www.facebook.com\/Satrindtech","article_modified_time":"2019-06-07T15:26:25+00:00","twitter_card":"summary_large_image","twitter_site":"@SatrindTech","twitter_misc":{"Tiempo de lectura":"10 minutes"},"schema":{"@context":"https:\/\/schema.org","@graph":[{"@type":"WebPage","@id":"https:\/\/satrindtech.com\/es\/politica-de-privacidad\/","url":"https:\/\/satrindtech.com\/es\/politica-de-privacidad\/","name":"Politica de privacidad en la gesti\u00f3n de datos personales de los usuarios | SatrindTech Srl","isPartOf":{"@id":"https:\/\/satrindtech.com\/en\/#website"},"datePublished":"2018-04-19T22:36:26+00:00","dateModified":"2019-06-07T15:26:25+00:00","description":"La politica de privacidad en esta secci\u00f3n describe las modalidades de gesti\u00f3n del sitio relativas a la gesti\u00f3n de los datos personales recogidos de los usuarios","breadcrumb":{"@id":"https:\/\/satrindtech.com\/es\/politica-de-privacidad\/#breadcrumb"},"inLanguage":"es-ES","potentialAction":[{"@type":"ReadAction","target":["https:\/\/satrindtech.com\/es\/politica-de-privacidad\/"]}]},{"@type":"BreadcrumbList","@id":"https:\/\/satrindtech.com\/es\/politica-de-privacidad\/#breadcrumb","itemListElement":[{"@type":"ListItem","position":1,"name":"Home","item":"https:\/\/satrindtech.com\/es\/"},{"@type":"ListItem","position":2,"name":"Pol\u00edtica de privacidad"}]},{"@type":"WebSite","@id":"https:\/\/satrindtech.com\/en\/#website","url":"https:\/\/satrindtech.com\/en\/","name":"SatrindTech Srl","description":"Manufacturer of shredders, crushers, grinders and shredding plants","publisher":{"@id":"https:\/\/satrindtech.com\/en\/#organization"},"potentialAction":[{"@type":"SearchAction","target":{"@type":"EntryPoint","urlTemplate":"https:\/\/satrindtech.com\/en\/?s={search_term_string}"},"query-input":{"@type":"PropertyValueSpecification","valueRequired":true,"valueName":"search_term_string"}}],"inLanguage":"es-ES"},{"@type":"Organization","@id":"https:\/\/satrindtech.com\/en\/#organization","name":"SatrindTech Srl","url":"https:\/\/satrindtech.com\/en\/","logo":{"@type":"ImageObject","inLanguage":"es-ES","@id":"https:\/\/satrindtech.com\/en\/#\/schema\/logo\/image\/","url":"http:\/\/satrindtech.com\/wp-content\/uploads\/2017\/02\/Logo_Satrindtech2015_square.jpg","contentUrl":"http:\/\/satrindtech.com\/wp-content\/uploads\/2017\/02\/Logo_Satrindtech2015_square.jpg","width":531,"height":531,"caption":"SatrindTech Srl"},"image":{"@id":"https:\/\/satrindtech.com\/en\/#\/schema\/logo\/image\/"},"sameAs":["https:\/\/www.facebook.com\/Satrindtech","https:\/\/x.com\/SatrindTech","https:\/\/www.instagram.com\/SatrindTech\/","https:\/\/www.linkedin.com\/company\/satrindtech","https:\/\/www.youtube.com\/c\/satrindtech"]}]}},"_links":{"self":[{"href":"https:\/\/satrindtech.com\/es\/wp-json\/wp\/v2\/pages\/23873","targetHints":{"allow":["GET"]}}],"collection":[{"href":"https:\/\/satrindtech.com\/es\/wp-json\/wp\/v2\/pages"}],"about":[{"href":"https:\/\/satrindtech.com\/es\/wp-json\/wp\/v2\/types\/page"}],"author":[{"embeddable":true,"href":"https:\/\/satrindtech.com\/es\/wp-json\/wp\/v2\/users\/20"}],"replies":[{"embeddable":true,"href":"https:\/\/satrindtech.com\/es\/wp-json\/wp\/v2\/comments?post=23873"}],"version-history":[{"count":0,"href":"https:\/\/satrindtech.com\/es\/wp-json\/wp\/v2\/pages\/23873\/revisions"}],"wp:attachment":[{"href":"https:\/\/satrindtech.com\/es\/wp-json\/wp\/v2\/media?parent=23873"}],"curies":[{"name":"wp","href":"https:\/\/api.w.org\/{rel}","templated":true}]}}