{"id":23867,"date":"2018-04-20T00:29:36","date_gmt":"2018-04-19T22:29:36","guid":{"rendered":"http:\/\/satrindtech.com\/?page_id=23867"},"modified":"2018-06-08T22:29:04","modified_gmt":"2018-06-08T20:29:04","slug":"trituradores-monoeje","status":"publish","type":"page","link":"https:\/\/satrindtech.com\/es\/trituradores-monoeje\/","title":{"rendered":"TRITURADORES MONOEJE"},"content":{"rendered":"<div class=\"wpb-content-wrapper\"><p>[vc_row css_animation=&#8221;&#8221; row_type=&#8221;row&#8221; use_row_as_full_screen_section=&#8221;no&#8221; type=&#8221;grid&#8221; angled_section=&#8221;no&#8221; text_align=&#8221;left&#8221; background_image_as_pattern=&#8221;without_pattern&#8221; padding_top=&#8221;20&#8243; padding_bottom=&#8221;0&#8243;][vc_column][vc_row_inner row_type=&#8221;row&#8221; type=&#8221;grid&#8221; text_align=&#8221;left&#8221; padding_top=&#8221;30&#8243; padding_bottom=&#8221;60&#8243; css_animation=&#8221;element_from_fade&#8221; transition_delay=&#8221;0.8&#8243;][vc_column_inner][vc_separator type=&#8221;transparent&#8221; up=&#8221;15&#8243; down=&#8221;0&#8243;][vc_column_text]<\/p>\n<h2>TRITURADORES MONOEJE<\/h2>\n<p>[\/vc_column_text][vc_separator type=&#8221;transparent&#8221; up=&#8221;35&#8243; down=&#8221;0&#8243;][vc_column_text]Los trituradores monoeje son m\u00e1quinas personalizables que garantizan la m\u00e1xima capacidad de producci\u00f3n. Gracias a su estructura robusta, se garantiza su larga duraci\u00f3n en el tiempo. Los ejes completos con placas de distintas dimensiones, que se pueden elegir seg\u00fan el tipo de trabajo, ofrecen flexibilidad de elecci\u00f3n, algo indispensable para tratar varios materiales.<\/p>\n<p>&nbsp;<\/p>\n<p>Las rejillas intercambiables con orificios preseleccionables permiten obtener el tama\u00f1o de trituraci\u00f3n que responde a las medidas solicitadas. La apertura de la puerta-rejilla se realiza de forma manual en las m\u00e1quinas m\u00e1s peque\u00f1as, mientras que es hidr\u00e1ulica en los modelos de mayores dimensiones.<\/p>\n<p>&nbsp;<\/p>\n<p>El prensador hidr\u00e1ulico instalado en la parte posterior permite acercar el material al rotor con las cuchillas, incluso en las condiciones de ejercicio m\u00e1s dif\u00edciles. Restos de madera, palets, pel\u00edculas de polietileno, pl\u00e1stico r\u00edgido y residuos urbanos preseleccionados son solo algunos de los ejemplos de materiales que se pueden triturar<span style=\"color: #474747;\"><span style=\"font-family: Calibri, serif;\"><span style=\"font-size: small;\">.<\/span><\/span><\/span><\/p>\n<p>&nbsp;<\/p>\n<p>Se puede consultar informaci\u00f3n m\u00e1s detallada sobre nuestros <a href=\"\/?page_id=23875\">PRODUCTOS<\/a> y sus <a href=\"\/?page_id=23742\">APLICACIONES<\/a> haciendo clic en los v\u00ednculos aqu\u00ed indicados. Para obtener informaci\u00f3n al respecto, no dude en ponerse en contacto con nuestro Servicio de ventas a trav\u00e9s del n\u00famero de tel\u00e9fono +39 (02) 9037 6683 o la direcci\u00f3n de correo electr\u00f3nico sales@satrindtech.com.[\/vc_column_text][\/vc_column_inner][\/vc_row_inner][vc_separator type=&#8221;transparent&#8221; down=&#8221;85&#8243;][\/vc_column][\/vc_row]<\/p>\n<\/div>","protected":false},"excerpt":{"rendered":"<p>[vc_row css_animation=&#8221;&#8221; row_type=&#8221;row&#8221; use_row_as_full_screen_section=&#8221;no&#8221; type=&#8221;grid&#8221; angled_section=&#8221;no&#8221; text_align=&#8221;left&#8221; background_image_as_pattern=&#8221;without_pattern&#8221; padding_top=&#8221;20&#8243; padding_bottom=&#8221;0&#8243;][vc_column][vc_row_inner row_type=&#8221;row&#8221; type=&#8221;grid&#8221; text_align=&#8221;left&#8221; padding_top=&#8221;30&#8243; padding_bottom=&#8221;60&#8243;&#8230;<\/p>\n","protected":false},"author":20,"featured_media":0,"parent":0,"menu_order":0,"comment_status":"open","ping_status":"closed","template":"full_width.php","meta":{"_acf_changed":false,"inline_featured_image":false,"footnotes":""},"class_list":["post-23867","page","type-page","status-publish","hentry"],"acf":[],"yoast_head":"<!-- This site is optimized with the Yoast SEO Premium plugin v26.3 (Yoast SEO v27.4) - https:\/\/yoast.com\/product\/yoast-seo-premium-wordpress\/ -->\n<title>Trituradores monoeje da 15 a 340 CV | SatrindTech Srl<\/title>\n<meta name=\"description\" content=\"Una amplia gama de trituradores monoeje para cumplir con todos los requisitos de trituraci\u00f3n. Trituraci\u00f3n de plantas para todo tipo de residuos industriales\" \/>\n<meta name=\"robots\" content=\"index, follow, max-snippet:-1, max-image-preview:large, max-video-preview:-1\" \/>\n<link rel=\"canonical\" href=\"https:\/\/satrindtech.com\/es\/trituradores-monoeje\/\" \/>\n<meta property=\"og:locale\" content=\"es_ES\" \/>\n<meta property=\"og:type\" content=\"article\" \/>\n<meta property=\"og:title\" content=\"TRITURADORES MONOEJE\" \/>\n<meta property=\"og:description\" content=\"Una amplia gama de trituradores monoeje para cumplir con todos los requisitos de trituraci\u00f3n. Trituraci\u00f3n de plantas para todo tipo de residuos industriales\" \/>\n<meta property=\"og:url\" content=\"https:\/\/satrindtech.com\/es\/trituradores-monoeje\/\" \/>\n<meta property=\"og:site_name\" content=\"SatrindTech Srl\" \/>\n<meta property=\"article:publisher\" content=\"https:\/\/www.facebook.com\/Satrindtech\" \/>\n<meta property=\"article:modified_time\" content=\"2018-06-08T20:29:04+00:00\" \/>\n<meta name=\"twitter:card\" content=\"summary_large_image\" \/>\n<meta name=\"twitter:site\" content=\"@SatrindTech\" \/>\n<meta name=\"twitter:label1\" content=\"Tiempo de lectura\" \/>\n\t<meta name=\"twitter:data1\" content=\"2 minutes\" \/>\n<script type=\"application\/ld+json\" class=\"yoast-schema-graph\">{\"@context\":\"https:\\\/\\\/schema.org\",\"@graph\":[{\"@type\":\"WebPage\",\"@id\":\"https:\\\/\\\/satrindtech.com\\\/es\\\/trituradores-monoeje\\\/\",\"url\":\"https:\\\/\\\/satrindtech.com\\\/es\\\/trituradores-monoeje\\\/\",\"name\":\"Trituradores monoeje da 15 a 340 CV | SatrindTech Srl\",\"isPartOf\":{\"@id\":\"https:\\\/\\\/satrindtech.com\\\/en\\\/#website\"},\"datePublished\":\"2018-04-19T22:29:36+00:00\",\"dateModified\":\"2018-06-08T20:29:04+00:00\",\"description\":\"Una amplia gama de trituradores monoeje para cumplir con todos los requisitos de trituraci\u00f3n. Trituraci\u00f3n de plantas para todo tipo de residuos industriales\",\"breadcrumb\":{\"@id\":\"https:\\\/\\\/satrindtech.com\\\/es\\\/trituradores-monoeje\\\/#breadcrumb\"},\"inLanguage\":\"es-ES\",\"potentialAction\":[{\"@type\":\"ReadAction\",\"target\":[\"https:\\\/\\\/satrindtech.com\\\/es\\\/trituradores-monoeje\\\/\"]}]},{\"@type\":\"BreadcrumbList\",\"@id\":\"https:\\\/\\\/satrindtech.com\\\/es\\\/trituradores-monoeje\\\/#breadcrumb\",\"itemListElement\":[{\"@type\":\"ListItem\",\"position\":1,\"name\":\"Home\",\"item\":\"https:\\\/\\\/satrindtech.com\\\/es\\\/\"},{\"@type\":\"ListItem\",\"position\":2,\"name\":\"TRITURADORES MONOEJE\"}]},{\"@type\":\"WebSite\",\"@id\":\"https:\\\/\\\/satrindtech.com\\\/en\\\/#website\",\"url\":\"https:\\\/\\\/satrindtech.com\\\/en\\\/\",\"name\":\"SatrindTech Srl\",\"description\":\"Manufacturer of shredders, crushers, grinders and shredding plants\",\"publisher\":{\"@id\":\"https:\\\/\\\/satrindtech.com\\\/en\\\/#organization\"},\"potentialAction\":[{\"@type\":\"SearchAction\",\"target\":{\"@type\":\"EntryPoint\",\"urlTemplate\":\"https:\\\/\\\/satrindtech.com\\\/en\\\/?s={search_term_string}\"},\"query-input\":{\"@type\":\"PropertyValueSpecification\",\"valueRequired\":true,\"valueName\":\"search_term_string\"}}],\"inLanguage\":\"es-ES\"},{\"@type\":\"Organization\",\"@id\":\"https:\\\/\\\/satrindtech.com\\\/en\\\/#organization\",\"name\":\"SatrindTech Srl\",\"url\":\"https:\\\/\\\/satrindtech.com\\\/en\\\/\",\"logo\":{\"@type\":\"ImageObject\",\"inLanguage\":\"es-ES\",\"@id\":\"https:\\\/\\\/satrindtech.com\\\/en\\\/#\\\/schema\\\/logo\\\/image\\\/\",\"url\":\"http:\\\/\\\/satrindtech.com\\\/wp-content\\\/uploads\\\/2017\\\/02\\\/Logo_Satrindtech2015_square.jpg\",\"contentUrl\":\"http:\\\/\\\/satrindtech.com\\\/wp-content\\\/uploads\\\/2017\\\/02\\\/Logo_Satrindtech2015_square.jpg\",\"width\":531,\"height\":531,\"caption\":\"SatrindTech Srl\"},\"image\":{\"@id\":\"https:\\\/\\\/satrindtech.com\\\/en\\\/#\\\/schema\\\/logo\\\/image\\\/\"},\"sameAs\":[\"https:\\\/\\\/www.facebook.com\\\/Satrindtech\",\"https:\\\/\\\/x.com\\\/SatrindTech\",\"https:\\\/\\\/www.instagram.com\\\/SatrindTech\\\/\",\"https:\\\/\\\/www.linkedin.com\\\/company\\\/satrindtech\",\"https:\\\/\\\/www.youtube.com\\\/c\\\/satrindtech\"]}]}<\/script>\n<!-- \/ Yoast SEO Premium plugin. -->","yoast_head_json":{"title":"Trituradores monoeje da 15 a 340 CV | SatrindTech Srl","description":"Una amplia gama de trituradores monoeje para cumplir con todos los requisitos de trituraci\u00f3n. Trituraci\u00f3n de plantas para todo tipo de residuos industriales","robots":{"index":"index","follow":"follow","max-snippet":"max-snippet:-1","max-image-preview":"max-image-preview:large","max-video-preview":"max-video-preview:-1"},"canonical":"https:\/\/satrindtech.com\/es\/trituradores-monoeje\/","og_locale":"es_ES","og_type":"article","og_title":"TRITURADORES MONOEJE","og_description":"Una amplia gama de trituradores monoeje para cumplir con todos los requisitos de trituraci\u00f3n. Trituraci\u00f3n de plantas para todo tipo de residuos industriales","og_url":"https:\/\/satrindtech.com\/es\/trituradores-monoeje\/","og_site_name":"SatrindTech Srl","article_publisher":"https:\/\/www.facebook.com\/Satrindtech","article_modified_time":"2018-06-08T20:29:04+00:00","twitter_card":"summary_large_image","twitter_site":"@SatrindTech","twitter_misc":{"Tiempo de lectura":"2 minutes"},"schema":{"@context":"https:\/\/schema.org","@graph":[{"@type":"WebPage","@id":"https:\/\/satrindtech.com\/es\/trituradores-monoeje\/","url":"https:\/\/satrindtech.com\/es\/trituradores-monoeje\/","name":"Trituradores monoeje da 15 a 340 CV | SatrindTech Srl","isPartOf":{"@id":"https:\/\/satrindtech.com\/en\/#website"},"datePublished":"2018-04-19T22:29:36+00:00","dateModified":"2018-06-08T20:29:04+00:00","description":"Una amplia gama de trituradores monoeje para cumplir con todos los requisitos de trituraci\u00f3n. Trituraci\u00f3n de plantas para todo tipo de residuos industriales","breadcrumb":{"@id":"https:\/\/satrindtech.com\/es\/trituradores-monoeje\/#breadcrumb"},"inLanguage":"es-ES","potentialAction":[{"@type":"ReadAction","target":["https:\/\/satrindtech.com\/es\/trituradores-monoeje\/"]}]},{"@type":"BreadcrumbList","@id":"https:\/\/satrindtech.com\/es\/trituradores-monoeje\/#breadcrumb","itemListElement":[{"@type":"ListItem","position":1,"name":"Home","item":"https:\/\/satrindtech.com\/es\/"},{"@type":"ListItem","position":2,"name":"TRITURADORES MONOEJE"}]},{"@type":"WebSite","@id":"https:\/\/satrindtech.com\/en\/#website","url":"https:\/\/satrindtech.com\/en\/","name":"SatrindTech Srl","description":"Manufacturer of shredders, crushers, grinders and shredding plants","publisher":{"@id":"https:\/\/satrindtech.com\/en\/#organization"},"potentialAction":[{"@type":"SearchAction","target":{"@type":"EntryPoint","urlTemplate":"https:\/\/satrindtech.com\/en\/?s={search_term_string}"},"query-input":{"@type":"PropertyValueSpecification","valueRequired":true,"valueName":"search_term_string"}}],"inLanguage":"es-ES"},{"@type":"Organization","@id":"https:\/\/satrindtech.com\/en\/#organization","name":"SatrindTech Srl","url":"https:\/\/satrindtech.com\/en\/","logo":{"@type":"ImageObject","inLanguage":"es-ES","@id":"https:\/\/satrindtech.com\/en\/#\/schema\/logo\/image\/","url":"http:\/\/satrindtech.com\/wp-content\/uploads\/2017\/02\/Logo_Satrindtech2015_square.jpg","contentUrl":"http:\/\/satrindtech.com\/wp-content\/uploads\/2017\/02\/Logo_Satrindtech2015_square.jpg","width":531,"height":531,"caption":"SatrindTech Srl"},"image":{"@id":"https:\/\/satrindtech.com\/en\/#\/schema\/logo\/image\/"},"sameAs":["https:\/\/www.facebook.com\/Satrindtech","https:\/\/x.com\/SatrindTech","https:\/\/www.instagram.com\/SatrindTech\/","https:\/\/www.linkedin.com\/company\/satrindtech","https:\/\/www.youtube.com\/c\/satrindtech"]}]}},"_links":{"self":[{"href":"https:\/\/satrindtech.com\/es\/wp-json\/wp\/v2\/pages\/23867","targetHints":{"allow":["GET"]}}],"collection":[{"href":"https:\/\/satrindtech.com\/es\/wp-json\/wp\/v2\/pages"}],"about":[{"href":"https:\/\/satrindtech.com\/es\/wp-json\/wp\/v2\/types\/page"}],"author":[{"embeddable":true,"href":"https:\/\/satrindtech.com\/es\/wp-json\/wp\/v2\/users\/20"}],"replies":[{"embeddable":true,"href":"https:\/\/satrindtech.com\/es\/wp-json\/wp\/v2\/comments?post=23867"}],"version-history":[{"count":0,"href":"https:\/\/satrindtech.com\/es\/wp-json\/wp\/v2\/pages\/23867\/revisions"}],"wp:attachment":[{"href":"https:\/\/satrindtech.com\/es\/wp-json\/wp\/v2\/media?parent=23867"}],"curies":[{"name":"wp","href":"https:\/\/api.w.org\/{rel}","templated":true}]}}