{"id":23799,"date":"2018-04-19T23:30:42","date_gmt":"2018-04-19T21:30:42","guid":{"rendered":"http:\/\/satrindtech.com\/?page_id=23799"},"modified":"2020-06-02T11:27:00","modified_gmt":"2020-06-02T09:27:00","slug":"contacto","status":"publish","type":"page","link":"https:\/\/satrindtech.com\/es\/contacto\/","title":{"rendered":"Contactos"},"content":{"rendered":"<div class=\"wpb-content-wrapper\"><p>[vc_row css_animation=&#8221;&#8221; row_type=&#8221;row&#8221; use_row_as_full_screen_section=&#8221;no&#8221; type=&#8221;grid&#8221; angled_section=&#8221;no&#8221; text_align=&#8221;left&#8221; background_image_as_pattern=&#8221;without_pattern&#8221; padding_top=&#8221;80&#8243; padding_bottom=&#8221;49&#8243;][vc_column width=&#8221;1\/2&#8243;][vc_separator type=&#8221;transparent&#8221; up=&#8221;22&#8243; down=&#8221;0&#8243;][vc_column_text]<\/p>\n<h3>C\u00f3mo contactarnos<\/h3>\n<p>[\/vc_column_text][vc_separator type=&#8221;transparent&#8221; up=&#8221;22&#8243; down=&#8221;0&#8243;][vc_column_text]En SatrindTech, todo es una cuesti\u00f3n de relaciones. Lo realmente importante, y siempre lo ser\u00e1, es ofrecer soluciones y servicios a medida para usted.<\/p>\n<p>Para todas sus solicitudes de informaci\u00f3n sobre nuestras aplicaciones, el soporte t\u00e9cnico y las soluciones de trituraci\u00f3n, por favor complete el siguiente m\u00f3dulo: un miembro de nuestro equipo se pondr\u00e1 en contacto con usted inmediatamente.[\/vc_column_text][vc_separator type=&#8221;transparent&#8221; up=&#8221;26&#8243; down=&#8221;0&#8243;]\n<div class=\"wpcf7 no-js\" id=\"wpcf7-f24268-o1\" lang=\"it-IT\" dir=\"ltr\" data-wpcf7-id=\"24268\">\n<div class=\"screen-reader-response\"><p role=\"status\" aria-live=\"polite\" aria-atomic=\"true\"><\/p> <ul><\/ul><\/div>\n<form action=\"\/es\/wp-json\/wp\/v2\/pages\/23799#wpcf7-f24268-o1\" method=\"post\" class=\"wpcf7-form init cf7_custom_style_1\" aria-label=\"Formulario de contacto\" novalidate=\"novalidate\" data-status=\"init\">\n<fieldset class=\"hidden-fields-container\"><input type=\"hidden\" name=\"_wpcf7\" value=\"24268\" \/><input type=\"hidden\" name=\"_wpcf7_version\" value=\"6.1.5\" \/><input type=\"hidden\" name=\"_wpcf7_locale\" value=\"it_IT\" \/><input type=\"hidden\" name=\"_wpcf7_unit_tag\" value=\"wpcf7-f24268-o1\" \/><input type=\"hidden\" name=\"_wpcf7_container_post\" value=\"0\" \/><input type=\"hidden\" name=\"_wpcf7_posted_data_hash\" value=\"\" \/><input type=\"hidden\" name=\"_wpcf7_recaptcha_response\" value=\"\" \/>\n<\/fieldset>\n<div class=\"two_columns_50_50 clearfix\">\n\t<div class=\"column1\">\n\t\t<div class=\"column_inner\">\n\t\t\t<p><label> <\/label>\n\t\t\t<\/p>\n\t\t\t<p>Nombre:<br \/>\n<span class=\"wpcf7-form-control-wrap\" data-name=\"your-name\"><input size=\"40\" maxlength=\"400\" class=\"wpcf7-form-control wpcf7-text wpcf7-validates-as-required\" aria-required=\"true\" aria-invalid=\"false\" value=\"\" type=\"text\" name=\"your-name\" \/><\/span>\n\t\t\t<\/p>\n\t\t<\/div>\n\t<\/div>\n\t<div class=\"column2\">\n\t\t<div class=\"column_inner\">\n\t\t\t<p><label> <\/label>\n\t\t\t<\/p>\n\t\t\t<p>Apellido:<br \/>\n<span class=\"wpcf7-form-control-wrap\" data-name=\"text-545\"><input size=\"40\" maxlength=\"400\" class=\"wpcf7-form-control wpcf7-text\" aria-invalid=\"false\" value=\"\" type=\"text\" name=\"text-545\" \/><\/span>\n\t\t\t<\/p>\n\t\t<\/div>\n\t<\/div>\n<\/div>\n<p><label>Compa\u00f1\u00eda:<br \/>\n<span class=\"wpcf7-form-control-wrap\" data-name=\"text-546\"><input size=\"40\" maxlength=\"400\" class=\"wpcf7-form-control wpcf7-text\" aria-invalid=\"false\" value=\"\" type=\"text\" name=\"text-546\" \/><\/span> <\/label>\n<\/p>\n<p><label>Correo electr\u00f3nico:<br \/>\n<span class=\"wpcf7-form-control-wrap\" data-name=\"your-email\"><input size=\"40\" maxlength=\"400\" class=\"wpcf7-form-control wpcf7-email wpcf7-validates-as-required wpcf7-text wpcf7-validates-as-email\" aria-required=\"true\" aria-invalid=\"false\" value=\"\" type=\"email\" name=\"your-email\" \/><\/span> <\/label>\n<\/p>\n<p><label>Tel\u00e9fono:<br \/>\n<span class=\"wpcf7-form-control-wrap\" data-name=\"tel-102\"><input size=\"40\" maxlength=\"400\" class=\"wpcf7-form-control wpcf7-tel wpcf7-text wpcf7-validates-as-tel\" aria-invalid=\"false\" value=\"\" type=\"tel\" name=\"tel-102\" \/><\/span> <\/label>\n<\/p>\n<p><label>Pa\u00eds:<br \/>\n<span class=\"wpcf7-form-control-wrap\" data-name=\"text-588\"><input size=\"40\" maxlength=\"400\" class=\"wpcf7-form-control wpcf7-text\" aria-invalid=\"false\" value=\"\" type=\"text\" name=\"text-588\" \/><\/span> <\/label>\n<\/p>\n<p><label>Material a triturar:<br \/>\n<span class=\"wpcf7-form-control-wrap\" data-name=\"text-944\"><input size=\"40\" maxlength=\"400\" class=\"wpcf7-form-control wpcf7-text\" aria-invalid=\"false\" value=\"Breve descripci\u00f3n, por ejemplo: pl\u00e1stico, madera, papel\" type=\"text\" name=\"text-944\" \/><\/span> <\/label>\n<\/p>\n<p><label>Mensaje:<br \/>\n<span class=\"wpcf7-form-control-wrap\" data-name=\"your-message\"><textarea cols=\"40\" rows=\"10\" maxlength=\"2000\" class=\"wpcf7-form-control wpcf7-textarea\" aria-invalid=\"false\" name=\"your-message\"><\/textarea><\/span> <\/label>\n<\/p>\n<p><label>Como nos conocio ?<\/label><br \/>\n<span class=\"wpcf7-form-control-wrap\" data-name=\"radio-483\"><span class=\"wpcf7-form-control wpcf7-radio\"><span class=\"wpcf7-list-item first\"><input type=\"radio\" name=\"radio-483\" value=\"Busqueda en internet\" checked=\"checked\" \/><span class=\"wpcf7-list-item-label\">Busqueda en internet<\/span><\/span><span class=\"wpcf7-list-item\"><input type=\"radio\" name=\"radio-483\" value=\"Redes sociale (linkedin, FB, etc..)\" \/><span class=\"wpcf7-list-item-label\">Redes sociale (linkedin, FB, etc..)<\/span><\/span><span class=\"wpcf7-list-item\"><input type=\"radio\" name=\"radio-483\" value=\"Direct Industry\" \/><span class=\"wpcf7-list-item-label\">Direct Industry<\/span><\/span><span class=\"wpcf7-list-item\"><input type=\"radio\" name=\"radio-483\" value=\"De boca a o\u00eddo\/recomendaci\u00f3n\" \/><span class=\"wpcf7-list-item-label\">De boca a o\u00eddo\/recomendaci\u00f3n<\/span><\/span><span class=\"wpcf7-list-item\"><input type=\"radio\" name=\"radio-483\" value=\"Ya es nuestro cliente\" \/><span class=\"wpcf7-list-item-label\">Ya es nuestro cliente<\/span><\/span><span class=\"wpcf7-list-item last\"><input type=\"radio\" name=\"radio-483\" value=\"Otros\" \/><span class=\"wpcf7-list-item-label\">Otros<\/span><\/span><\/span><\/span>\n<\/p>\n<p style=\"font-size:14px; padding-top:10px;\">[mailpoetsignup mailpoetsignup-434 list:4 \"Deseo suscribirme al bolet\u00edn informativo y recibir ofertas especiales, novedades sobre productos e informaci\u00f3n.\"]\n<\/p>\n<p style=\"font-size:14px;\"><span class=\"wpcf7-form-control-wrap\" data-name=\"acceptance-219\"><span class=\"wpcf7-form-control wpcf7-acceptance\"><span class=\"wpcf7-list-item\"><input type=\"checkbox\" name=\"acceptance-219\" value=\"1\" aria-invalid=\"false\" \/><\/span><\/span><\/span> Lea la <b><a href=\"\/\/www.iubenda.com\/privacy-policy\/17184356\" class=\"iubenda-nostyle no-brand iubenda-embed\" title=\"Privacy Policy\">Privacy Policy<\/a><script type=\"text\/javascript\">(function (w,d) {var loader = function () {var s = d.createElement(\"script\"), tag = d.getElementsByTagName(\"script\")[0]; s.src = \"\/\/cdn.iubenda.com\/iubenda.js\"; tag.parentNode.insertBefore(s,tag);}; if(w.addEventListener){w.addEventListener(\"load\", loader, false);}else if(w.attachEvent){w.attachEvent(\"onload\", loader);}else{w.onload = loader;}})(window, document);<\/script><\/b> en Dlg 196\/03. Autorizo el procesamiento de datos personales para los fines y procedimientos espec\u00edficamente indicados en la informaci\u00f3n.\n<\/p>\n<p><input class=\"wpcf7-form-control wpcf7-submit has-spinner\" type=\"submit\" value=\"Enviar\" \/>\n<\/p><p style=\"display: none !important;\" class=\"akismet-fields-container\" data-prefix=\"_wpcf7_ak_\"><label>&#916;<textarea name=\"_wpcf7_ak_hp_textarea\" cols=\"45\" rows=\"8\" maxlength=\"100\"><\/textarea><\/label><input type=\"hidden\" id=\"ak_js_1\" name=\"_wpcf7_ak_js\" value=\"187\"\/><script>document.getElementById( \"ak_js_1\" ).setAttribute( \"value\", ( new Date() ).getTime() );<\/script><\/p><div class=\"wpcf7-response-output\" aria-hidden=\"true\"><\/div>\n<\/form>\n<\/div>\n[vc_separator type=&#8221;transparent&#8221; up=&#8221;40&#8243; down=&#8221;0&#8243;][\/vc_column][vc_column width=&#8221;1\/2&#8243; css=&#8221;.vc_custom_1472203317386{padding-right: 30px !important;padding-left: 30px !important;}&#8221;][vc_separator type=&#8221;transparent&#8221; up=&#8221;22&#8243; down=&#8221;0&#8243;][vc_column_text]<\/p>\n<h4>SatrindTech Srl<\/h4>\n<p>[\/vc_column_text][vc_separator type=&#8221;transparent&#8221; up=&#8221;22&#8243; down=&#8221;0&#8243;][vc_column_text]Via Monfalcone, 122 &#8211; 20004 Arluno (MI) &#8211; Italia<\/p>\n<p><strong>Tel.<\/strong> +39 02 9037 6683<br \/>\n<strong>Fax.<\/strong> +39 02 9037 6721<br \/>\n<strong>E-mail<\/strong>: info@satrindtech.com<\/p>\n<p><strong>P.IVA<\/strong>: IT08360060969[\/vc_column_text][vc_separator type=&#8221;transparent&#8221; up=&#8221;40&#8243; down=&#8221;0&#8243;][\/vc_column][\/vc_row][vc_row css_animation=&#8221;&#8221; row_type=&#8221;row&#8221; use_row_as_full_screen_section=&#8221;no&#8221; type=&#8221;full_width&#8221; angled_section=&#8221;no&#8221; text_align=&#8221;left&#8221; background_image_as_pattern=&#8221;without_pattern&#8221;][vc_column]<div class='google_map_shortcode_holder' style='height:520px;'><div class='qode_google_map' style='height:520px;' id='map_canvas_7726' data-addresses='[\"Via Monfalcone, 122 - 20004 Arluno (MI)\"]' data-custom-map-style='true' data-color-overlay='#393939' data-saturation='-100' data-lightness='20' data-zoom='11' data-pin='https:\/\/satrindtech.com\/wp-content\/uploads\/2015\/05\/pin-1.png' data-unique-id='7726' data-google-maps-scroll-wheel='false' data-map-height='520'><\/div><div class='google_map_shortcode_overlay'><\/div><\/div>[\/vc_column][\/vc_row]<\/p>\n<\/div>","protected":false},"excerpt":{"rendered":"<p>[vc_row css_animation=&#8221;&#8221; row_type=&#8221;row&#8221; use_row_as_full_screen_section=&#8221;no&#8221; type=&#8221;grid&#8221; angled_section=&#8221;no&#8221; text_align=&#8221;left&#8221; background_image_as_pattern=&#8221;without_pattern&#8221; padding_top=&#8221;80&#8243; padding_bottom=&#8221;49&#8243;][vc_column width=&#8221;1\/2&#8243;][vc_separator type=&#8221;transparent&#8221; up=&#8221;22&#8243; down=&#8221;0&#8243;][vc_column_text] C\u00f3mo&#8230;<\/p>\n","protected":false},"author":20,"featured_media":0,"parent":0,"menu_order":0,"comment_status":"open","ping_status":"open","template":"full_width.php","meta":{"_acf_changed":false,"inline_featured_image":false,"footnotes":""},"class_list":["post-23799","page","type-page","status-publish","hentry"],"acf":[],"yoast_head":"<!-- This site is optimized with the Yoast SEO Premium plugin v26.3 (Yoast SEO v27.2) - https:\/\/yoast.com\/product\/yoast-seo-premium-wordpress\/ -->\n<title>Como encontrar nuestros contacto y donde encontrarnos | SatrindTech Srl<\/title>\n<meta name=\"description\" content=\"Encontrar\u00e1n en nuestro sitio toda la informaci\u00f3n de contacto: donde encontrarnos y como llegar a nuestras oficinas y a nuestro establecimiento\" \/>\n<meta name=\"robots\" content=\"index, follow, max-snippet:-1, max-image-preview:large, max-video-preview:-1\" \/>\n<link rel=\"canonical\" href=\"https:\/\/satrindtech.com\/es\/contacto\/\" \/>\n<meta property=\"og:locale\" content=\"es_ES\" \/>\n<meta property=\"og:type\" content=\"article\" \/>\n<meta property=\"og:title\" content=\"Contactos\" \/>\n<meta property=\"og:description\" content=\"Encontrar\u00e1n en nuestro sitio toda la informaci\u00f3n de contacto: donde encontrarnos y como llegar a nuestras oficinas y a nuestro establecimiento\" \/>\n<meta property=\"og:url\" content=\"https:\/\/satrindtech.com\/es\/contacto\/\" \/>\n<meta property=\"og:site_name\" content=\"SatrindTech Srl\" \/>\n<meta property=\"article:publisher\" content=\"https:\/\/www.facebook.com\/Satrindtech\" \/>\n<meta property=\"article:modified_time\" content=\"2020-06-02T09:27:00+00:00\" \/>\n<meta name=\"twitter:card\" content=\"summary_large_image\" \/>\n<meta name=\"twitter:site\" content=\"@SatrindTech\" \/>\n<meta name=\"twitter:label1\" content=\"Tiempo de lectura\" \/>\n\t<meta name=\"twitter:data1\" content=\"1 minute\" \/>\n<script type=\"application\/ld+json\" class=\"yoast-schema-graph\">{\"@context\":\"https:\/\/schema.org\",\"@graph\":[{\"@type\":\"WebPage\",\"@id\":\"https:\/\/satrindtech.com\/es\/contacto\/\",\"url\":\"https:\/\/satrindtech.com\/es\/contacto\/\",\"name\":\"Como encontrar nuestros contacto y donde encontrarnos | SatrindTech Srl\",\"isPartOf\":{\"@id\":\"https:\/\/satrindtech.com\/en\/#website\"},\"datePublished\":\"2018-04-19T21:30:42+00:00\",\"dateModified\":\"2020-06-02T09:27:00+00:00\",\"description\":\"Encontrar\u00e1n en nuestro sitio toda la informaci\u00f3n de contacto: donde encontrarnos y como llegar a nuestras oficinas y a nuestro establecimiento\",\"breadcrumb\":{\"@id\":\"https:\/\/satrindtech.com\/es\/contacto\/#breadcrumb\"},\"inLanguage\":\"es-ES\",\"potentialAction\":[{\"@type\":\"ReadAction\",\"target\":[\"https:\/\/satrindtech.com\/es\/contacto\/\"]}]},{\"@type\":\"BreadcrumbList\",\"@id\":\"https:\/\/satrindtech.com\/es\/contacto\/#breadcrumb\",\"itemListElement\":[{\"@type\":\"ListItem\",\"position\":1,\"name\":\"Home\",\"item\":\"https:\/\/satrindtech.com\/es\/\"},{\"@type\":\"ListItem\",\"position\":2,\"name\":\"Contactos\"}]},{\"@type\":\"WebSite\",\"@id\":\"https:\/\/satrindtech.com\/en\/#website\",\"url\":\"https:\/\/satrindtech.com\/en\/\",\"name\":\"SatrindTech Srl\",\"description\":\"Manufacturer of shredders, crushers, grinders and shredding plants\",\"publisher\":{\"@id\":\"https:\/\/satrindtech.com\/en\/#organization\"},\"potentialAction\":[{\"@type\":\"SearchAction\",\"target\":{\"@type\":\"EntryPoint\",\"urlTemplate\":\"https:\/\/satrindtech.com\/en\/?s={search_term_string}\"},\"query-input\":{\"@type\":\"PropertyValueSpecification\",\"valueRequired\":true,\"valueName\":\"search_term_string\"}}],\"inLanguage\":\"es-ES\"},{\"@type\":\"Organization\",\"@id\":\"https:\/\/satrindtech.com\/en\/#organization\",\"name\":\"SatrindTech Srl\",\"url\":\"https:\/\/satrindtech.com\/en\/\",\"logo\":{\"@type\":\"ImageObject\",\"inLanguage\":\"es-ES\",\"@id\":\"https:\/\/satrindtech.com\/en\/#\/schema\/logo\/image\/\",\"url\":\"http:\/\/satrindtech.com\/wp-content\/uploads\/2017\/02\/Logo_Satrindtech2015_square.jpg\",\"contentUrl\":\"http:\/\/satrindtech.com\/wp-content\/uploads\/2017\/02\/Logo_Satrindtech2015_square.jpg\",\"width\":531,\"height\":531,\"caption\":\"SatrindTech Srl\"},\"image\":{\"@id\":\"https:\/\/satrindtech.com\/en\/#\/schema\/logo\/image\/\"},\"sameAs\":[\"https:\/\/www.facebook.com\/Satrindtech\",\"https:\/\/x.com\/SatrindTech\",\"https:\/\/www.instagram.com\/SatrindTech\/\",\"https:\/\/www.linkedin.com\/company\/satrindtech\",\"https:\/\/www.youtube.com\/c\/satrindtech\"]}]}<\/script>\n<!-- \/ Yoast SEO Premium plugin. -->","yoast_head_json":{"title":"Como encontrar nuestros contacto y donde encontrarnos | SatrindTech Srl","description":"Encontrar\u00e1n en nuestro sitio toda la informaci\u00f3n de contacto: donde encontrarnos y como llegar a nuestras oficinas y a nuestro establecimiento","robots":{"index":"index","follow":"follow","max-snippet":"max-snippet:-1","max-image-preview":"max-image-preview:large","max-video-preview":"max-video-preview:-1"},"canonical":"https:\/\/satrindtech.com\/es\/contacto\/","og_locale":"es_ES","og_type":"article","og_title":"Contactos","og_description":"Encontrar\u00e1n en nuestro sitio toda la informaci\u00f3n de contacto: donde encontrarnos y como llegar a nuestras oficinas y a nuestro establecimiento","og_url":"https:\/\/satrindtech.com\/es\/contacto\/","og_site_name":"SatrindTech Srl","article_publisher":"https:\/\/www.facebook.com\/Satrindtech","article_modified_time":"2020-06-02T09:27:00+00:00","twitter_card":"summary_large_image","twitter_site":"@SatrindTech","twitter_misc":{"Tiempo de lectura":"1 minute"},"schema":{"@context":"https:\/\/schema.org","@graph":[{"@type":"WebPage","@id":"https:\/\/satrindtech.com\/es\/contacto\/","url":"https:\/\/satrindtech.com\/es\/contacto\/","name":"Como encontrar nuestros contacto y donde encontrarnos | SatrindTech Srl","isPartOf":{"@id":"https:\/\/satrindtech.com\/en\/#website"},"datePublished":"2018-04-19T21:30:42+00:00","dateModified":"2020-06-02T09:27:00+00:00","description":"Encontrar\u00e1n en nuestro sitio toda la informaci\u00f3n de contacto: donde encontrarnos y como llegar a nuestras oficinas y a nuestro establecimiento","breadcrumb":{"@id":"https:\/\/satrindtech.com\/es\/contacto\/#breadcrumb"},"inLanguage":"es-ES","potentialAction":[{"@type":"ReadAction","target":["https:\/\/satrindtech.com\/es\/contacto\/"]}]},{"@type":"BreadcrumbList","@id":"https:\/\/satrindtech.com\/es\/contacto\/#breadcrumb","itemListElement":[{"@type":"ListItem","position":1,"name":"Home","item":"https:\/\/satrindtech.com\/es\/"},{"@type":"ListItem","position":2,"name":"Contactos"}]},{"@type":"WebSite","@id":"https:\/\/satrindtech.com\/en\/#website","url":"https:\/\/satrindtech.com\/en\/","name":"SatrindTech Srl","description":"Manufacturer of shredders, crushers, grinders and shredding plants","publisher":{"@id":"https:\/\/satrindtech.com\/en\/#organization"},"potentialAction":[{"@type":"SearchAction","target":{"@type":"EntryPoint","urlTemplate":"https:\/\/satrindtech.com\/en\/?s={search_term_string}"},"query-input":{"@type":"PropertyValueSpecification","valueRequired":true,"valueName":"search_term_string"}}],"inLanguage":"es-ES"},{"@type":"Organization","@id":"https:\/\/satrindtech.com\/en\/#organization","name":"SatrindTech Srl","url":"https:\/\/satrindtech.com\/en\/","logo":{"@type":"ImageObject","inLanguage":"es-ES","@id":"https:\/\/satrindtech.com\/en\/#\/schema\/logo\/image\/","url":"http:\/\/satrindtech.com\/wp-content\/uploads\/2017\/02\/Logo_Satrindtech2015_square.jpg","contentUrl":"http:\/\/satrindtech.com\/wp-content\/uploads\/2017\/02\/Logo_Satrindtech2015_square.jpg","width":531,"height":531,"caption":"SatrindTech Srl"},"image":{"@id":"https:\/\/satrindtech.com\/en\/#\/schema\/logo\/image\/"},"sameAs":["https:\/\/www.facebook.com\/Satrindtech","https:\/\/x.com\/SatrindTech","https:\/\/www.instagram.com\/SatrindTech\/","https:\/\/www.linkedin.com\/company\/satrindtech","https:\/\/www.youtube.com\/c\/satrindtech"]}]}},"_links":{"self":[{"href":"https:\/\/satrindtech.com\/es\/wp-json\/wp\/v2\/pages\/23799","targetHints":{"allow":["GET"]}}],"collection":[{"href":"https:\/\/satrindtech.com\/es\/wp-json\/wp\/v2\/pages"}],"about":[{"href":"https:\/\/satrindtech.com\/es\/wp-json\/wp\/v2\/types\/page"}],"author":[{"embeddable":true,"href":"https:\/\/satrindtech.com\/es\/wp-json\/wp\/v2\/users\/20"}],"replies":[{"embeddable":true,"href":"https:\/\/satrindtech.com\/es\/wp-json\/wp\/v2\/comments?post=23799"}],"version-history":[{"count":0,"href":"https:\/\/satrindtech.com\/es\/wp-json\/wp\/v2\/pages\/23799\/revisions"}],"wp:attachment":[{"href":"https:\/\/satrindtech.com\/es\/wp-json\/wp\/v2\/media?parent=23799"}],"curies":[{"name":"wp","href":"https:\/\/api.w.org\/{rel}","templated":true}]}}