{"id":23740,"date":"2018-04-19T22:24:40","date_gmt":"2018-04-19T20:24:40","guid":{"rendered":"http:\/\/satrindtech.com\/?page_id=23740"},"modified":"2018-05-06T21:51:39","modified_gmt":"2018-05-06T19:51:39","slug":"funcionamiento-triturador","status":"publish","type":"page","link":"https:\/\/satrindtech.com\/es\/funcionamiento-triturador\/","title":{"rendered":"OTROS SERVICIOS"},"content":{"rendered":"<div class=\"wpb-content-wrapper\"><p>[vc_row css_animation=&#8221;&#8221; row_type=&#8221;row&#8221; use_row_as_full_screen_section=&#8221;no&#8221; type=&#8221;grid&#8221; angled_section=&#8221;yes&#8221; angled_section_position=&#8221;bottom&#8221; angled_section_direction=&#8221;from_right_to_left&#8221; text_align=&#8221;left&#8221; background_image_as_pattern=&#8221;without_pattern&#8221; padding_top=&#8221;20&#8243;][vc_column][vc_separator type=&#8221;transparent&#8221; up=&#8221;120&#8243; down=&#8221;0&#8243;][vc_column_text]<\/p>\n<h3><span id=\"result_box\" class=\"short_text\" lang=\"es\"><span class=\"\">Otros servicios<\/span><\/span><\/h3>\n<p>[\/vc_column_text][vc_separator type=&#8221;transparent&#8221; up=&#8221;27&#8243; down=&#8221;0&#8243;][vc_row_inner row_type=&#8221;row&#8221; type=&#8221;full_width&#8221; text_align=&#8221;left&#8221; css_animation=&#8221;&#8221;][vc_column_inner][vc_column_text]<strong>Documentaci\u00f3n<\/strong><\/p>\n<p>Las copias de los documentos originales relativos a nuestras trituradoras (manuales de uso, certificaciones y listas de las partes de recambio) est\u00e1n disponibles en caso de necesidad.<\/p>\n<p><strong>Trituradoras usadas<\/strong><\/p>\n<p>\u00bfQuiere vender sus viejas trituradoras? Ll\u00e1menos, podr\u00edamos estar interesados.<\/p>\n<p>Nuestras m\u00e1quinas de segunda mano en venta han sido completamente renovadas respetando las normas de seguridad vigentes.<\/p>\n<p><strong>Help Desk<\/strong><\/p>\n<p>Nuestro servicio de posventa est\u00e1 disponible con competencia y r\u00e1pido <em>help desk<\/em>, capaz de asistir a nuestros clientes con un servicio personalizado para la resoluci\u00f3n de problemas.<\/p>\n<p><strong>Formaci\u00f3n<\/strong><\/p>\n<p>El equipo de ingenieros de nuestro Servicio posventa est\u00e1 siempre listo para el mantenimiento y la asistencia t\u00e9cnica de las m\u00e1quinas.<\/p>\n<p>Se pueden organizar cursos t\u00e9cnicos a medida para nuestros encargados de mantenimiento para \u201cSocios\u201d y \u201cClientes\u201d, ya sea en nuestras instalaciones o en la sede de nuestros clientes.<\/p>\n<p>Por favor, cont\u00e1ctenos para mayores detalles sobre los cursos que ofrecemos.[\/vc_column_text][\/vc_column_inner][\/vc_row_inner][vc_separator type=&#8221;transparent&#8221; up=&#8221;120&#8243; down=&#8221;0&#8243;][\/vc_column][\/vc_row]<\/p>\n<\/div>","protected":false},"excerpt":{"rendered":"<p>[vc_row css_animation=&#8221;&#8221; row_type=&#8221;row&#8221; use_row_as_full_screen_section=&#8221;no&#8221; type=&#8221;grid&#8221; angled_section=&#8221;yes&#8221; angled_section_position=&#8221;bottom&#8221; angled_section_direction=&#8221;from_right_to_left&#8221; text_align=&#8221;left&#8221; background_image_as_pattern=&#8221;without_pattern&#8221; padding_top=&#8221;20&#8243;][vc_column][vc_separator type=&#8221;transparent&#8221; up=&#8221;120&#8243; down=&#8221;0&#8243;][vc_column_text] Otros&#8230;<\/p>\n","protected":false},"author":20,"featured_media":0,"parent":0,"menu_order":0,"comment_status":"open","ping_status":"closed","template":"full_width.php","meta":{"_acf_changed":false,"inline_featured_image":false,"footnotes":""},"class_list":["post-23740","page","type-page","status-publish","hentry"],"acf":[],"yoast_head":"<!-- This site is optimized with the Yoast SEO Premium plugin v26.3 (Yoast SEO v27.4) - https:\/\/yoast.com\/product\/yoast-seo-premium-wordpress\/ -->\n<title>Funcionamiento triturador siempre garantizado | SatrindTech Srl<\/title>\n<meta name=\"description\" content=\"Funcionamiento triturador garantizado por un eficiente help desk, manuales de instrucciones adecuados y una formaci\u00f3n personalizada para nuestros clientes\" \/>\n<meta name=\"robots\" content=\"index, follow, max-snippet:-1, max-image-preview:large, max-video-preview:-1\" \/>\n<link rel=\"canonical\" href=\"https:\/\/satrindtech.com\/es\/funcionamiento-triturador\/\" \/>\n<meta property=\"og:locale\" content=\"es_ES\" \/>\n<meta property=\"og:type\" content=\"article\" \/>\n<meta property=\"og:title\" content=\"OTROS SERVICIOS\" \/>\n<meta property=\"og:description\" content=\"Funcionamiento triturador garantizado por un eficiente help desk, manuales de instrucciones adecuados y una formaci\u00f3n personalizada para nuestros clientes\" \/>\n<meta property=\"og:url\" content=\"https:\/\/satrindtech.com\/es\/funcionamiento-triturador\/\" \/>\n<meta property=\"og:site_name\" content=\"SatrindTech Srl\" \/>\n<meta property=\"article:publisher\" content=\"https:\/\/www.facebook.com\/Satrindtech\" \/>\n<meta property=\"article:modified_time\" content=\"2018-05-06T19:51:39+00:00\" \/>\n<meta name=\"twitter:card\" content=\"summary_large_image\" \/>\n<meta name=\"twitter:site\" content=\"@SatrindTech\" \/>\n<meta name=\"twitter:label1\" content=\"Tiempo de lectura\" \/>\n\t<meta name=\"twitter:data1\" content=\"1 minute\" \/>\n<script type=\"application\/ld+json\" class=\"yoast-schema-graph\">{\"@context\":\"https:\\\/\\\/schema.org\",\"@graph\":[{\"@type\":\"WebPage\",\"@id\":\"https:\\\/\\\/satrindtech.com\\\/es\\\/funcionamiento-triturador\\\/\",\"url\":\"https:\\\/\\\/satrindtech.com\\\/es\\\/funcionamiento-triturador\\\/\",\"name\":\"Funcionamiento triturador siempre garantizado | SatrindTech Srl\",\"isPartOf\":{\"@id\":\"https:\\\/\\\/satrindtech.com\\\/en\\\/#website\"},\"datePublished\":\"2018-04-19T20:24:40+00:00\",\"dateModified\":\"2018-05-06T19:51:39+00:00\",\"description\":\"Funcionamiento triturador garantizado por un eficiente help desk, manuales de instrucciones adecuados y una formaci\u00f3n personalizada para nuestros clientes\",\"breadcrumb\":{\"@id\":\"https:\\\/\\\/satrindtech.com\\\/es\\\/funcionamiento-triturador\\\/#breadcrumb\"},\"inLanguage\":\"es-ES\",\"potentialAction\":[{\"@type\":\"ReadAction\",\"target\":[\"https:\\\/\\\/satrindtech.com\\\/es\\\/funcionamiento-triturador\\\/\"]}]},{\"@type\":\"BreadcrumbList\",\"@id\":\"https:\\\/\\\/satrindtech.com\\\/es\\\/funcionamiento-triturador\\\/#breadcrumb\",\"itemListElement\":[{\"@type\":\"ListItem\",\"position\":1,\"name\":\"Home\",\"item\":\"https:\\\/\\\/satrindtech.com\\\/es\\\/\"},{\"@type\":\"ListItem\",\"position\":2,\"name\":\"OTROS SERVICIOS\"}]},{\"@type\":\"WebSite\",\"@id\":\"https:\\\/\\\/satrindtech.com\\\/en\\\/#website\",\"url\":\"https:\\\/\\\/satrindtech.com\\\/en\\\/\",\"name\":\"SatrindTech Srl\",\"description\":\"Manufacturer of shredders, crushers, grinders and shredding plants\",\"publisher\":{\"@id\":\"https:\\\/\\\/satrindtech.com\\\/en\\\/#organization\"},\"potentialAction\":[{\"@type\":\"SearchAction\",\"target\":{\"@type\":\"EntryPoint\",\"urlTemplate\":\"https:\\\/\\\/satrindtech.com\\\/en\\\/?s={search_term_string}\"},\"query-input\":{\"@type\":\"PropertyValueSpecification\",\"valueRequired\":true,\"valueName\":\"search_term_string\"}}],\"inLanguage\":\"es-ES\"},{\"@type\":\"Organization\",\"@id\":\"https:\\\/\\\/satrindtech.com\\\/en\\\/#organization\",\"name\":\"SatrindTech Srl\",\"url\":\"https:\\\/\\\/satrindtech.com\\\/en\\\/\",\"logo\":{\"@type\":\"ImageObject\",\"inLanguage\":\"es-ES\",\"@id\":\"https:\\\/\\\/satrindtech.com\\\/en\\\/#\\\/schema\\\/logo\\\/image\\\/\",\"url\":\"http:\\\/\\\/satrindtech.com\\\/wp-content\\\/uploads\\\/2017\\\/02\\\/Logo_Satrindtech2015_square.jpg\",\"contentUrl\":\"http:\\\/\\\/satrindtech.com\\\/wp-content\\\/uploads\\\/2017\\\/02\\\/Logo_Satrindtech2015_square.jpg\",\"width\":531,\"height\":531,\"caption\":\"SatrindTech Srl\"},\"image\":{\"@id\":\"https:\\\/\\\/satrindtech.com\\\/en\\\/#\\\/schema\\\/logo\\\/image\\\/\"},\"sameAs\":[\"https:\\\/\\\/www.facebook.com\\\/Satrindtech\",\"https:\\\/\\\/x.com\\\/SatrindTech\",\"https:\\\/\\\/www.instagram.com\\\/SatrindTech\\\/\",\"https:\\\/\\\/www.linkedin.com\\\/company\\\/satrindtech\",\"https:\\\/\\\/www.youtube.com\\\/c\\\/satrindtech\"]}]}<\/script>\n<!-- \/ Yoast SEO Premium plugin. -->","yoast_head_json":{"title":"Funcionamiento triturador siempre garantizado | SatrindTech Srl","description":"Funcionamiento triturador garantizado por un eficiente help desk, manuales de instrucciones adecuados y una formaci\u00f3n personalizada para nuestros clientes","robots":{"index":"index","follow":"follow","max-snippet":"max-snippet:-1","max-image-preview":"max-image-preview:large","max-video-preview":"max-video-preview:-1"},"canonical":"https:\/\/satrindtech.com\/es\/funcionamiento-triturador\/","og_locale":"es_ES","og_type":"article","og_title":"OTROS SERVICIOS","og_description":"Funcionamiento triturador garantizado por un eficiente help desk, manuales de instrucciones adecuados y una formaci\u00f3n personalizada para nuestros clientes","og_url":"https:\/\/satrindtech.com\/es\/funcionamiento-triturador\/","og_site_name":"SatrindTech Srl","article_publisher":"https:\/\/www.facebook.com\/Satrindtech","article_modified_time":"2018-05-06T19:51:39+00:00","twitter_card":"summary_large_image","twitter_site":"@SatrindTech","twitter_misc":{"Tiempo de lectura":"1 minute"},"schema":{"@context":"https:\/\/schema.org","@graph":[{"@type":"WebPage","@id":"https:\/\/satrindtech.com\/es\/funcionamiento-triturador\/","url":"https:\/\/satrindtech.com\/es\/funcionamiento-triturador\/","name":"Funcionamiento triturador siempre garantizado | SatrindTech Srl","isPartOf":{"@id":"https:\/\/satrindtech.com\/en\/#website"},"datePublished":"2018-04-19T20:24:40+00:00","dateModified":"2018-05-06T19:51:39+00:00","description":"Funcionamiento triturador garantizado por un eficiente help desk, manuales de instrucciones adecuados y una formaci\u00f3n personalizada para nuestros clientes","breadcrumb":{"@id":"https:\/\/satrindtech.com\/es\/funcionamiento-triturador\/#breadcrumb"},"inLanguage":"es-ES","potentialAction":[{"@type":"ReadAction","target":["https:\/\/satrindtech.com\/es\/funcionamiento-triturador\/"]}]},{"@type":"BreadcrumbList","@id":"https:\/\/satrindtech.com\/es\/funcionamiento-triturador\/#breadcrumb","itemListElement":[{"@type":"ListItem","position":1,"name":"Home","item":"https:\/\/satrindtech.com\/es\/"},{"@type":"ListItem","position":2,"name":"OTROS SERVICIOS"}]},{"@type":"WebSite","@id":"https:\/\/satrindtech.com\/en\/#website","url":"https:\/\/satrindtech.com\/en\/","name":"SatrindTech Srl","description":"Manufacturer of shredders, crushers, grinders and shredding plants","publisher":{"@id":"https:\/\/satrindtech.com\/en\/#organization"},"potentialAction":[{"@type":"SearchAction","target":{"@type":"EntryPoint","urlTemplate":"https:\/\/satrindtech.com\/en\/?s={search_term_string}"},"query-input":{"@type":"PropertyValueSpecification","valueRequired":true,"valueName":"search_term_string"}}],"inLanguage":"es-ES"},{"@type":"Organization","@id":"https:\/\/satrindtech.com\/en\/#organization","name":"SatrindTech Srl","url":"https:\/\/satrindtech.com\/en\/","logo":{"@type":"ImageObject","inLanguage":"es-ES","@id":"https:\/\/satrindtech.com\/en\/#\/schema\/logo\/image\/","url":"http:\/\/satrindtech.com\/wp-content\/uploads\/2017\/02\/Logo_Satrindtech2015_square.jpg","contentUrl":"http:\/\/satrindtech.com\/wp-content\/uploads\/2017\/02\/Logo_Satrindtech2015_square.jpg","width":531,"height":531,"caption":"SatrindTech Srl"},"image":{"@id":"https:\/\/satrindtech.com\/en\/#\/schema\/logo\/image\/"},"sameAs":["https:\/\/www.facebook.com\/Satrindtech","https:\/\/x.com\/SatrindTech","https:\/\/www.instagram.com\/SatrindTech\/","https:\/\/www.linkedin.com\/company\/satrindtech","https:\/\/www.youtube.com\/c\/satrindtech"]}]}},"_links":{"self":[{"href":"https:\/\/satrindtech.com\/es\/wp-json\/wp\/v2\/pages\/23740","targetHints":{"allow":["GET"]}}],"collection":[{"href":"https:\/\/satrindtech.com\/es\/wp-json\/wp\/v2\/pages"}],"about":[{"href":"https:\/\/satrindtech.com\/es\/wp-json\/wp\/v2\/types\/page"}],"author":[{"embeddable":true,"href":"https:\/\/satrindtech.com\/es\/wp-json\/wp\/v2\/users\/20"}],"replies":[{"embeddable":true,"href":"https:\/\/satrindtech.com\/es\/wp-json\/wp\/v2\/comments?post=23740"}],"version-history":[{"count":0,"href":"https:\/\/satrindtech.com\/es\/wp-json\/wp\/v2\/pages\/23740\/revisions"}],"wp:attachment":[{"href":"https:\/\/satrindtech.com\/es\/wp-json\/wp\/v2\/media?parent=23740"}],"curies":[{"name":"wp","href":"https:\/\/api.w.org\/{rel}","templated":true}]}}