{"id":23738,"date":"2018-04-19T22:21:50","date_gmt":"2018-04-19T20:21:50","guid":{"rendered":"http:\/\/satrindtech.com\/?page_id=23738"},"modified":"2018-05-06T21:47:17","modified_gmt":"2018-05-06T19:47:17","slug":"reafilado-cuchillas-trituradores","status":"publish","type":"page","link":"https:\/\/satrindtech.com\/es\/reafilado-cuchillas-trituradores\/","title":{"rendered":"Reafilando de las cuchillas"},"content":{"rendered":"<div class=\"wpb-content-wrapper\"><p>[vc_row css_animation=&#8221;&#8221; row_type=&#8221;row&#8221; use_row_as_full_screen_section=&#8221;no&#8221; type=&#8221;grid&#8221; angled_section=&#8221;yes&#8221; angled_section_position=&#8221;bottom&#8221; angled_section_direction=&#8221;from_right_to_left&#8221; text_align=&#8221;left&#8221; background_image_as_pattern=&#8221;without_pattern&#8221; padding_top=&#8221;20&#8243;][vc_column][vc_separator type=&#8221;transparent&#8221; up=&#8221;120&#8243; down=&#8221;0&#8243;][vc_column_text]<\/p>\n<h3>Reafilando de las cuchillas<\/h3>\n<p>[\/vc_column_text][vc_separator type=&#8221;transparent&#8221; up=&#8221;27&#8243; down=&#8221;0&#8243;][vc_column_text]El ciclo de vida de un set de cuchillas es una de las caracter\u00edsticas principales que el cliente debe tener en cuenta antes de adquirir una trituradora.<\/p>\n<p>SatrindTech ofrece las cuchillas de alt\u00edsima calidad que los clientes pueden encontrar en el mercado.<\/p>\n<p>Nuestras cuchillas est\u00e1n realizadas en acero forjado en caliente, desarrollado exclusivamente para condiciones extremas de trabajo y tienen el n\u00facleo endurecido gracias a un proceso de tratamiento t\u00e9rmico de varios pasos. Dicho ciclo de producci\u00f3n garantiza una elevada dureza y altos niveles de resistencia.<\/p>\n<p>Elegir nuestros trituradores significa que los sets de cuchillas pueden reafilarse muchas veces (*) respecto a otros trituradores disponibles en el mercado.<\/p>\n<p>Esto ofrece una ventaja a largo plazo en los costes de mantenimiento: ahorrar en los nuevos sets de cuchillas necesarias durante la vida de una planta de trituraci\u00f3n es esencial para una r\u00e1pida amortizaci\u00f3n de la inversi\u00f3n hecha.<\/p>\n<p>El reafilado de las cuchillas en nuestro taller mec\u00e1nico le garantiza una verificaci\u00f3n preliminar antes de comenzar el trabajo garantizando un servicio profesional<\/p>\n<p>Usamos centros con control num\u00e9rico para una operaci\u00f3n de rectificaci\u00f3n de alta calidad, restaurando las condiciones originales de todo el paquete de cuchillas (perfiles y puntas de corte).<\/p>\n<p>La operaci\u00f3n se completa agregando las piezas suplementarias necesarias, separadores y sectores limpiadores de manera tal de llenar los mm de material extra\u00eddo durante el afilado.<\/p>\n<p><em>* La cantidad de posibles reafilados depende de las condiciones iniciales del set de cuchillas y el tipo de material a triturar.<\/em>[\/vc_column_text][vc_separator type=&#8221;transparent&#8221; up=&#8221;35&#8243; down=&#8221;0&#8243;][vc_column_text]<\/p>\n<h3>VIDEO<\/h3>\n<p>[\/vc_column_text][vc_separator type=&#8221;transparent&#8221; up=&#8221;35&#8243; down=&#8221;0&#8243;][vc_video link=&#8221;https:\/\/youtu.be\/Mat8TjtMILw&#8221;][vc_separator type=&#8221;transparent&#8221;][vc_column_text]Conf\u00ede en nuestra profesionalidad para AFILAR sus trituradoras.[\/vc_column_text][vc_separator type=&#8221;transparent&#8221;][\/vc_column][\/vc_row]<\/p>\n<\/div>","protected":false},"excerpt":{"rendered":"<p>[vc_row css_animation=&#8221;&#8221; row_type=&#8221;row&#8221; use_row_as_full_screen_section=&#8221;no&#8221; type=&#8221;grid&#8221; angled_section=&#8221;yes&#8221; angled_section_position=&#8221;bottom&#8221; angled_section_direction=&#8221;from_right_to_left&#8221; text_align=&#8221;left&#8221; background_image_as_pattern=&#8221;without_pattern&#8221; padding_top=&#8221;20&#8243;][vc_column][vc_separator type=&#8221;transparent&#8221; up=&#8221;120&#8243; down=&#8221;0&#8243;][vc_column_text] Reafilando&#8230;<\/p>\n","protected":false},"author":20,"featured_media":0,"parent":0,"menu_order":0,"comment_status":"open","ping_status":"closed","template":"full_width.php","meta":{"_acf_changed":false,"inline_featured_image":false,"footnotes":""},"class_list":["post-23738","page","type-page","status-publish","hentry"],"acf":[],"yoast_head":"<!-- This site is optimized with the Yoast SEO Premium plugin v26.3 (Yoast SEO v27.4) - https:\/\/yoast.com\/product\/yoast-seo-premium-wordpress\/ -->\n<title>Reafilado cuchillas trituradores para reiniciar las condiciones originales<\/title>\n<meta name=\"description\" content=\"La duraci\u00f3n del juego de cuchillas es una de las caracter\u00edsticas principales a tener en cuenta a la hora de comprar un triturador. Reafilado cuchillas trituradores de alta calidad\" \/>\n<meta name=\"robots\" content=\"index, follow, max-snippet:-1, max-image-preview:large, max-video-preview:-1\" \/>\n<link rel=\"canonical\" href=\"https:\/\/satrindtech.com\/es\/reafilado-cuchillas-trituradores\/\" \/>\n<meta property=\"og:locale\" content=\"es_ES\" \/>\n<meta property=\"og:type\" content=\"article\" \/>\n<meta property=\"og:title\" content=\"Reafilando de las cuchillas\" \/>\n<meta property=\"og:description\" content=\"La duraci\u00f3n del juego de cuchillas es una de las caracter\u00edsticas principales a tener en cuenta a la hora de comprar un triturador. Reafilado cuchillas trituradores de alta calidad\" \/>\n<meta property=\"og:url\" content=\"https:\/\/satrindtech.com\/es\/reafilado-cuchillas-trituradores\/\" \/>\n<meta property=\"og:site_name\" content=\"SatrindTech Srl\" \/>\n<meta property=\"article:publisher\" content=\"https:\/\/www.facebook.com\/Satrindtech\" \/>\n<meta property=\"article:modified_time\" content=\"2018-05-06T19:47:17+00:00\" \/>\n<meta name=\"twitter:card\" content=\"summary_large_image\" \/>\n<meta name=\"twitter:site\" content=\"@SatrindTech\" \/>\n<meta name=\"twitter:label1\" content=\"Tiempo de lectura\" \/>\n\t<meta name=\"twitter:data1\" content=\"2 minutes\" \/>\n<script type=\"application\/ld+json\" class=\"yoast-schema-graph\">{\"@context\":\"https:\\\/\\\/schema.org\",\"@graph\":[{\"@type\":\"WebPage\",\"@id\":\"https:\\\/\\\/satrindtech.com\\\/es\\\/reafilado-cuchillas-trituradores\\\/\",\"url\":\"https:\\\/\\\/satrindtech.com\\\/es\\\/reafilado-cuchillas-trituradores\\\/\",\"name\":\"Reafilado cuchillas trituradores para reiniciar las condiciones originales\",\"isPartOf\":{\"@id\":\"https:\\\/\\\/satrindtech.com\\\/en\\\/#website\"},\"datePublished\":\"2018-04-19T20:21:50+00:00\",\"dateModified\":\"2018-05-06T19:47:17+00:00\",\"description\":\"La duraci\u00f3n del juego de cuchillas es una de las caracter\u00edsticas principales a tener en cuenta a la hora de comprar un triturador. Reafilado cuchillas trituradores de alta calidad\",\"breadcrumb\":{\"@id\":\"https:\\\/\\\/satrindtech.com\\\/es\\\/reafilado-cuchillas-trituradores\\\/#breadcrumb\"},\"inLanguage\":\"es-ES\",\"potentialAction\":[{\"@type\":\"ReadAction\",\"target\":[\"https:\\\/\\\/satrindtech.com\\\/es\\\/reafilado-cuchillas-trituradores\\\/\"]}]},{\"@type\":\"BreadcrumbList\",\"@id\":\"https:\\\/\\\/satrindtech.com\\\/es\\\/reafilado-cuchillas-trituradores\\\/#breadcrumb\",\"itemListElement\":[{\"@type\":\"ListItem\",\"position\":1,\"name\":\"Home\",\"item\":\"https:\\\/\\\/satrindtech.com\\\/es\\\/\"},{\"@type\":\"ListItem\",\"position\":2,\"name\":\"Reafilando de las cuchillas\"}]},{\"@type\":\"WebSite\",\"@id\":\"https:\\\/\\\/satrindtech.com\\\/en\\\/#website\",\"url\":\"https:\\\/\\\/satrindtech.com\\\/en\\\/\",\"name\":\"SatrindTech Srl\",\"description\":\"Manufacturer of shredders, crushers, grinders and shredding plants\",\"publisher\":{\"@id\":\"https:\\\/\\\/satrindtech.com\\\/en\\\/#organization\"},\"potentialAction\":[{\"@type\":\"SearchAction\",\"target\":{\"@type\":\"EntryPoint\",\"urlTemplate\":\"https:\\\/\\\/satrindtech.com\\\/en\\\/?s={search_term_string}\"},\"query-input\":{\"@type\":\"PropertyValueSpecification\",\"valueRequired\":true,\"valueName\":\"search_term_string\"}}],\"inLanguage\":\"es-ES\"},{\"@type\":\"Organization\",\"@id\":\"https:\\\/\\\/satrindtech.com\\\/en\\\/#organization\",\"name\":\"SatrindTech Srl\",\"url\":\"https:\\\/\\\/satrindtech.com\\\/en\\\/\",\"logo\":{\"@type\":\"ImageObject\",\"inLanguage\":\"es-ES\",\"@id\":\"https:\\\/\\\/satrindtech.com\\\/en\\\/#\\\/schema\\\/logo\\\/image\\\/\",\"url\":\"http:\\\/\\\/satrindtech.com\\\/wp-content\\\/uploads\\\/2017\\\/02\\\/Logo_Satrindtech2015_square.jpg\",\"contentUrl\":\"http:\\\/\\\/satrindtech.com\\\/wp-content\\\/uploads\\\/2017\\\/02\\\/Logo_Satrindtech2015_square.jpg\",\"width\":531,\"height\":531,\"caption\":\"SatrindTech Srl\"},\"image\":{\"@id\":\"https:\\\/\\\/satrindtech.com\\\/en\\\/#\\\/schema\\\/logo\\\/image\\\/\"},\"sameAs\":[\"https:\\\/\\\/www.facebook.com\\\/Satrindtech\",\"https:\\\/\\\/x.com\\\/SatrindTech\",\"https:\\\/\\\/www.instagram.com\\\/SatrindTech\\\/\",\"https:\\\/\\\/www.linkedin.com\\\/company\\\/satrindtech\",\"https:\\\/\\\/www.youtube.com\\\/c\\\/satrindtech\"]}]}<\/script>\n<!-- \/ Yoast SEO Premium plugin. -->","yoast_head_json":{"title":"Reafilado cuchillas trituradores para reiniciar las condiciones originales","description":"La duraci\u00f3n del juego de cuchillas es una de las caracter\u00edsticas principales a tener en cuenta a la hora de comprar un triturador. Reafilado cuchillas trituradores de alta calidad","robots":{"index":"index","follow":"follow","max-snippet":"max-snippet:-1","max-image-preview":"max-image-preview:large","max-video-preview":"max-video-preview:-1"},"canonical":"https:\/\/satrindtech.com\/es\/reafilado-cuchillas-trituradores\/","og_locale":"es_ES","og_type":"article","og_title":"Reafilando de las cuchillas","og_description":"La duraci\u00f3n del juego de cuchillas es una de las caracter\u00edsticas principales a tener en cuenta a la hora de comprar un triturador. Reafilado cuchillas trituradores de alta calidad","og_url":"https:\/\/satrindtech.com\/es\/reafilado-cuchillas-trituradores\/","og_site_name":"SatrindTech Srl","article_publisher":"https:\/\/www.facebook.com\/Satrindtech","article_modified_time":"2018-05-06T19:47:17+00:00","twitter_card":"summary_large_image","twitter_site":"@SatrindTech","twitter_misc":{"Tiempo de lectura":"2 minutes"},"schema":{"@context":"https:\/\/schema.org","@graph":[{"@type":"WebPage","@id":"https:\/\/satrindtech.com\/es\/reafilado-cuchillas-trituradores\/","url":"https:\/\/satrindtech.com\/es\/reafilado-cuchillas-trituradores\/","name":"Reafilado cuchillas trituradores para reiniciar las condiciones originales","isPartOf":{"@id":"https:\/\/satrindtech.com\/en\/#website"},"datePublished":"2018-04-19T20:21:50+00:00","dateModified":"2018-05-06T19:47:17+00:00","description":"La duraci\u00f3n del juego de cuchillas es una de las caracter\u00edsticas principales a tener en cuenta a la hora de comprar un triturador. Reafilado cuchillas trituradores de alta calidad","breadcrumb":{"@id":"https:\/\/satrindtech.com\/es\/reafilado-cuchillas-trituradores\/#breadcrumb"},"inLanguage":"es-ES","potentialAction":[{"@type":"ReadAction","target":["https:\/\/satrindtech.com\/es\/reafilado-cuchillas-trituradores\/"]}]},{"@type":"BreadcrumbList","@id":"https:\/\/satrindtech.com\/es\/reafilado-cuchillas-trituradores\/#breadcrumb","itemListElement":[{"@type":"ListItem","position":1,"name":"Home","item":"https:\/\/satrindtech.com\/es\/"},{"@type":"ListItem","position":2,"name":"Reafilando de las cuchillas"}]},{"@type":"WebSite","@id":"https:\/\/satrindtech.com\/en\/#website","url":"https:\/\/satrindtech.com\/en\/","name":"SatrindTech Srl","description":"Manufacturer of shredders, crushers, grinders and shredding plants","publisher":{"@id":"https:\/\/satrindtech.com\/en\/#organization"},"potentialAction":[{"@type":"SearchAction","target":{"@type":"EntryPoint","urlTemplate":"https:\/\/satrindtech.com\/en\/?s={search_term_string}"},"query-input":{"@type":"PropertyValueSpecification","valueRequired":true,"valueName":"search_term_string"}}],"inLanguage":"es-ES"},{"@type":"Organization","@id":"https:\/\/satrindtech.com\/en\/#organization","name":"SatrindTech Srl","url":"https:\/\/satrindtech.com\/en\/","logo":{"@type":"ImageObject","inLanguage":"es-ES","@id":"https:\/\/satrindtech.com\/en\/#\/schema\/logo\/image\/","url":"http:\/\/satrindtech.com\/wp-content\/uploads\/2017\/02\/Logo_Satrindtech2015_square.jpg","contentUrl":"http:\/\/satrindtech.com\/wp-content\/uploads\/2017\/02\/Logo_Satrindtech2015_square.jpg","width":531,"height":531,"caption":"SatrindTech Srl"},"image":{"@id":"https:\/\/satrindtech.com\/en\/#\/schema\/logo\/image\/"},"sameAs":["https:\/\/www.facebook.com\/Satrindtech","https:\/\/x.com\/SatrindTech","https:\/\/www.instagram.com\/SatrindTech\/","https:\/\/www.linkedin.com\/company\/satrindtech","https:\/\/www.youtube.com\/c\/satrindtech"]}]}},"_links":{"self":[{"href":"https:\/\/satrindtech.com\/es\/wp-json\/wp\/v2\/pages\/23738","targetHints":{"allow":["GET"]}}],"collection":[{"href":"https:\/\/satrindtech.com\/es\/wp-json\/wp\/v2\/pages"}],"about":[{"href":"https:\/\/satrindtech.com\/es\/wp-json\/wp\/v2\/types\/page"}],"author":[{"embeddable":true,"href":"https:\/\/satrindtech.com\/es\/wp-json\/wp\/v2\/users\/20"}],"replies":[{"embeddable":true,"href":"https:\/\/satrindtech.com\/es\/wp-json\/wp\/v2\/comments?post=23738"}],"version-history":[{"count":0,"href":"https:\/\/satrindtech.com\/es\/wp-json\/wp\/v2\/pages\/23738\/revisions"}],"wp:attachment":[{"href":"https:\/\/satrindtech.com\/es\/wp-json\/wp\/v2\/media?parent=23738"}],"curies":[{"name":"wp","href":"https:\/\/api.w.org\/{rel}","templated":true}]}}