{"id":23727,"date":"2018-04-19T21:58:47","date_gmt":"2018-04-19T19:58:47","guid":{"rendered":"http:\/\/satrindtech.com\/?page_id=23727"},"modified":"2018-05-06T22:18:49","modified_gmt":"2018-05-06T20:18:49","slug":"foracleanerworld","status":"publish","type":"page","link":"https:\/\/satrindtech.com\/es\/foracleanerworld\/","title":{"rendered":"Foracleanerworld"},"content":{"rendered":"<div class=\"wpb-content-wrapper\"><p>[vc_row css_animation=&#8221;&#8221; row_type=&#8221;row&#8221; use_row_as_full_screen_section=&#8221;no&#8221; type=&#8221;grid&#8221; angled_section=&#8221;no&#8221; text_align=&#8221;left&#8221; background_image_as_pattern=&#8221;without_pattern&#8221; padding_top=&#8221;20&#8243; padding_bottom=&#8221;0&#8243;][vc_column][vc_row_inner row_type=&#8221;row&#8221; type=&#8221;grid&#8221; text_align=&#8221;left&#8221; padding_top=&#8221;30&#8243; padding_bottom=&#8221;50&#8243; css_animation=&#8221;element_from_fade&#8221; transition_delay=&#8221;0.8&#8243;][vc_column_inner width=&#8221;2\/3&#8243;][vc_column_text]<\/p>\n<h2 style=\"text-align: left;\">Foracleanerworld<\/h2>\n<p>[\/vc_column_text][vc_separator type=&#8221;transparent&#8221; up=&#8221;35&#8243; down=&#8221;0&#8243;][vc_column_text]<\/p>\n<h4 class=\"box_sottotitolo noMarginLeft\" style=\"text-align: left;\">Una nueva oportunidad de comunicaci\u00f3n<\/h4>\n<p>[\/vc_column_text][vc_separator type=&#8221;transparent&#8221; up=&#8221;20&#8243; down=&#8221;0&#8243;][vc_column_text]La web ofrece indudablemente nuevas estrategias de comunicaci\u00f3n antes impensadas a las oficinas de marketing y en general a todas las organizaciones. La difusi\u00f3n que ha alcanzado es tal que permite llegar a una enorme cantidad de \u201clectores\u201d y al mismo tiempo personalizar las campa\u00f1as publicitarias para tener llegada solo a determinados sectores de usuarios, en base a la creaci\u00f3n de perfiles seg\u00fan determinadas caracter\u00edsticas: edad, sexo, profesi\u00f3n, \u00e1rea geogr\u00e1fica, solo para citar algunas.<\/p>\n<p>Por lo tanto, la web es una oportunidad tanto para tener visibilidad y ser encontrado como para difundir informaci\u00f3n y contenidos. En tal sentido, las organizaciones deben volverse editoras de s\u00ed mismas, promoviendo contenidos comerciales y t\u00e9cnicos de calidad.[\/vc_column_text][vc_separator type=&#8221;transparent&#8221; up=&#8221;0&#8243; down=&#8221;0&#8243;][\/vc_column_inner][vc_column_inner width=&#8221;1\/3&#8243;][vc_separator type=&#8221;transparent&#8221; up=&#8221;70&#8243; down=&#8221;0&#8243;][vc_single_image image=&#8221;15718&#8243; img_size=&#8221;full&#8221; qode_css_animation=&#8221;&#8221;][\/vc_column_inner][\/vc_row_inner][\/vc_column][\/vc_row][vc_row css_animation=&#8221;element_from_fade&#8221; row_type=&#8221;row&#8221; use_row_as_full_screen_section=&#8221;no&#8221; type=&#8221;grid&#8221; angled_section=&#8221;yes&#8221; angled_section_position=&#8221;top&#8221; angled_section_direction=&#8221;from_right_to_left&#8221; text_align=&#8221;left&#8221; background_image_as_pattern=&#8221;without_pattern&#8221; background_color=&#8221;#f9f9f9&#8243; padding_top=&#8221;20&#8243; padding_bottom=&#8221;30&#8243; transition_delay=&#8221;0.8&#8243;][vc_column][vc_row_inner row_type=&#8221;row&#8221; type=&#8221;grid&#8221; text_align=&#8221;left&#8221; padding_top=&#8221;0&#8243; padding_bottom=&#8221;0&#8243; css_animation=&#8221;&#8221;][vc_column_inner][vc_column_text]<\/p>\n<h4 class=\"box_sottotitolo noMarginLeft\" style=\"text-align: left;\">Qu\u00e9 es #foracleanerworld ?<\/h4>\n<p>[\/vc_column_text][vc_separator type=&#8221;transparent&#8221; up=&#8221;20&#8243; down=&#8221;0&#8243;][vc_column_text]#foracleanerworld es el hashtag de la marca SatrindTech &#x2122;, conocida marca en el \u00e1mbito de los fabricantes de trituradores industriales y soluciones para la trituraci\u00f3n de los m\u00e1s variados tipos de residuos industriales: SatrindTech Srl.<\/p>\n<p>Un hashtag, en el mundo de la web, tal como enuncia <a href=\"https:\/\/it.wikipedia.org\/wiki\/Hashtag\" target=\"_blank\" rel=\"noopener noreferrer\">Wikipedia<\/a>, es una etiqueta en torno a la cual se re\u00fanen los contenidos tem\u00e1ticos, con la finalidad de facilitar la b\u00fasqueda. Nuestro hashtag se inspira en nuestro eslogan publicitario \u201cShredding solutions for a cleaner world\u201d que nos acompa\u00f1a desde hace ya unos a\u00f1os y que aparece en todos nuestros anuncios en las redes sociales, en las ferias del sector y en las publicidades.[\/vc_column_text][vc_separator type=&#8221;transparent&#8221; up=&#8221;0&#8243; down=&#8221;0&#8243;][\/vc_column_inner][\/vc_row_inner][\/vc_column][\/vc_row][vc_row css_animation=&#8221;element_from_fade&#8221; row_type=&#8221;row&#8221; use_row_as_full_screen_section=&#8221;no&#8221; type=&#8221;grid&#8221; angled_section=&#8221;yes&#8221; angled_section_position=&#8221;top&#8221; angled_section_direction=&#8221;from_right_to_left&#8221; text_align=&#8221;left&#8221; background_image_as_pattern=&#8221;without_pattern&#8221; background_color=&#8221;#ffffff&#8221; padding_top=&#8221;20&#8243; padding_bottom=&#8221;30&#8243; transition_delay=&#8221;0.8&#8243;][vc_column][vc_row_inner row_type=&#8221;row&#8221; type=&#8221;grid&#8221; text_align=&#8221;left&#8221; padding_top=&#8221;0&#8243; padding_bottom=&#8221;0&#8243; css_animation=&#8221;&#8221;][vc_column_inner][vc_column_text]<\/p>\n<h4 class=\"box_sottotitolo noMarginLeft\" style=\"text-align: left;\">Por qu\u00e9 #foracleanerworld<\/h4>\n<p>[\/vc_column_text][vc_separator type=&#8221;transparent&#8221; up=&#8221;20&#8243; down=&#8221;0&#8243;][vc_column_text]Hemos transformado nuestro eslogan en un hashtag por diferentes motivos. El primero es probablemente el m\u00e1s banal, no porque lo hacen todos, sino porque simplemente en el mundo de la web lograr que te encuentren es importante y el uso de los hashtags facilita dicha operaci\u00f3n. Otro motivo se encuentra en la transformaci\u00f3n de nuestro eslogan publicitario en una nueva modalidad m\u00e1s acorde a la web, pero tambi\u00e9n en una forma m\u00e1s sint\u00e9tica que al mismo tiempo mantuviera su mensaje original dirigido al medio ambiente.<\/p>\n<p>SatrindTech Srl es una empresa de producci\u00f3n, especializada en el estudio y la realizaci\u00f3n de soluciones para la trituraci\u00f3n de los residuos industriales. Hoy, m\u00e1s que nunca, \u00a0la defensa del medio ambiente y la sostenibilidad no son m\u00e1s que simples esl\u00f3ganes publicitarios, sino temas centrales de las portadas de los peri\u00f3dicos. El hecho de que representen tambi\u00e9n un negocio no disminuye su importancia, al contrario, puede ser un est\u00edmulo que amplifica su aplicaci\u00f3n. Por todo esto hemos creado <a title=\"\" href=\"https:\/\/foracleanerworld.com\/\" target=\"_blank\" rel=\"noopener noreferrer\">#foracleanerworld<\/a>.[\/vc_column_text][vc_separator type=&#8221;transparent&#8221; up=&#8221;0&#8243; down=&#8221;0&#8243;][\/vc_column_inner][\/vc_row_inner][\/vc_column][\/vc_row][vc_row css_animation=&#8221;element_from_fade&#8221; row_type=&#8221;row&#8221; use_row_as_full_screen_section=&#8221;no&#8221; type=&#8221;grid&#8221; angled_section=&#8221;yes&#8221; angled_section_position=&#8221;both&#8221; angled_section_direction=&#8221;from_right_to_left&#8221; text_align=&#8221;left&#8221; background_image_as_pattern=&#8221;without_pattern&#8221; background_color=&#8221;#f9f9f9&#8243; padding_top=&#8221;20&#8243; padding_bottom=&#8221;30&#8243; transition_delay=&#8221;0.8&#8243;][vc_column][vc_row_inner row_type=&#8221;row&#8221; type=&#8221;grid&#8221; text_align=&#8221;left&#8221; padding_top=&#8221;30&#8243; padding_bottom=&#8221;40&#8243; css_animation=&#8221;&#8221;][vc_column_inner][vc_column_text]<\/p>\n<h4 class=\"box_sottotitolo noMarginLeft\" style=\"text-align: left;\">Un nuevo eslogan visual<\/h4>\n<p>[\/vc_column_text][vc_separator type=&#8221;transparent&#8221; up=&#8221;20&#8243; down=&#8221;0&#8243;][vc_column_text]Para subrayar a\u00fan m\u00e1s este pasaje acompa\u00f1amos a #foracleanerworld con un nuevo eslogan visual. La mariposa representa la transformaci\u00f3n: as\u00ed como del capullo sale una nueva vida, de la misma forma a partir de los residuos se origina materia prima, reutilizable en nuevos contextos.<\/p>\n<p class=\"noMarginTop\">\u00a0Para descargar o imprimir este art\u00edculo, por favor haga <a title=\"\" href=\"\/wp-content\/uploads\/2017\/02\/foracleanerworld-article.pdf\" target=\"_blank\" rel=\"noopener noreferrer\">clic aqu\u00ed<\/a>.<\/p>\n<p>[\/vc_column_text][\/vc_column_inner][\/vc_row_inner][\/vc_column][\/vc_row]<\/p>\n<\/div>","protected":false},"excerpt":{"rendered":"<p>[vc_row css_animation=&#8221;&#8221; row_type=&#8221;row&#8221; use_row_as_full_screen_section=&#8221;no&#8221; type=&#8221;grid&#8221; angled_section=&#8221;no&#8221; text_align=&#8221;left&#8221; background_image_as_pattern=&#8221;without_pattern&#8221; padding_top=&#8221;20&#8243; padding_bottom=&#8221;0&#8243;][vc_column][vc_row_inner row_type=&#8221;row&#8221; type=&#8221;grid&#8221; text_align=&#8221;left&#8221; padding_top=&#8221;30&#8243; padding_bottom=&#8221;50&#8243;&#8230;<\/p>\n","protected":false},"author":20,"featured_media":0,"parent":0,"menu_order":0,"comment_status":"open","ping_status":"open","template":"full_width.php","meta":{"_acf_changed":false,"inline_featured_image":false,"footnotes":""},"class_list":["post-23727","page","type-page","status-publish","hentry"],"acf":[],"yoast_head":"<!-- This site is optimized with the Yoast SEO Premium plugin v26.3 (Yoast SEO v27.2) - https:\/\/yoast.com\/product\/yoast-seo-premium-wordpress\/ -->\n<title>Foracleanerworld trituradores industriales | SatrindTech Srl<\/title>\n<meta name=\"description\" content=\"Ideas y contenidos detallados sobre nuestras soluciones y las aplicaciones de trituraci\u00f3n de residuos industriales foracleanerworld Italia Mil\u00e1n\" \/>\n<meta name=\"robots\" content=\"index, follow, max-snippet:-1, max-image-preview:large, max-video-preview:-1\" \/>\n<link rel=\"canonical\" href=\"https:\/\/satrindtech.com\/es\/foracleanerworld\/\" \/>\n<meta property=\"og:locale\" content=\"es_ES\" \/>\n<meta property=\"og:type\" content=\"article\" \/>\n<meta property=\"og:title\" content=\"Foracleanerworld\" \/>\n<meta property=\"og:description\" content=\"Ideas y contenidos detallados sobre nuestras soluciones y las aplicaciones de trituraci\u00f3n de residuos industriales foracleanerworld Italia Mil\u00e1n\" \/>\n<meta property=\"og:url\" content=\"https:\/\/satrindtech.com\/es\/foracleanerworld\/\" \/>\n<meta property=\"og:site_name\" content=\"SatrindTech Srl\" \/>\n<meta property=\"article:publisher\" content=\"https:\/\/www.facebook.com\/Satrindtech\" \/>\n<meta property=\"article:modified_time\" content=\"2018-05-06T20:18:49+00:00\" \/>\n<meta name=\"twitter:card\" content=\"summary_large_image\" \/>\n<meta name=\"twitter:site\" content=\"@SatrindTech\" \/>\n<meta name=\"twitter:label1\" content=\"Tiempo de lectura\" \/>\n\t<meta name=\"twitter:data1\" content=\"5 minutes\" \/>\n<script type=\"application\/ld+json\" class=\"yoast-schema-graph\">{\"@context\":\"https:\/\/schema.org\",\"@graph\":[{\"@type\":\"WebPage\",\"@id\":\"https:\/\/satrindtech.com\/es\/foracleanerworld\/\",\"url\":\"https:\/\/satrindtech.com\/es\/foracleanerworld\/\",\"name\":\"Foracleanerworld trituradores industriales | SatrindTech Srl\",\"isPartOf\":{\"@id\":\"https:\/\/satrindtech.com\/en\/#website\"},\"datePublished\":\"2018-04-19T19:58:47+00:00\",\"dateModified\":\"2018-05-06T20:18:49+00:00\",\"description\":\"Ideas y contenidos detallados sobre nuestras soluciones y las aplicaciones de trituraci\u00f3n de residuos industriales foracleanerworld Italia Mil\u00e1n\",\"breadcrumb\":{\"@id\":\"https:\/\/satrindtech.com\/es\/foracleanerworld\/#breadcrumb\"},\"inLanguage\":\"es-ES\",\"potentialAction\":[{\"@type\":\"ReadAction\",\"target\":[\"https:\/\/satrindtech.com\/es\/foracleanerworld\/\"]}]},{\"@type\":\"BreadcrumbList\",\"@id\":\"https:\/\/satrindtech.com\/es\/foracleanerworld\/#breadcrumb\",\"itemListElement\":[{\"@type\":\"ListItem\",\"position\":1,\"name\":\"Home\",\"item\":\"https:\/\/satrindtech.com\/es\/\"},{\"@type\":\"ListItem\",\"position\":2,\"name\":\"Foracleanerworld\"}]},{\"@type\":\"WebSite\",\"@id\":\"https:\/\/satrindtech.com\/en\/#website\",\"url\":\"https:\/\/satrindtech.com\/en\/\",\"name\":\"SatrindTech Srl\",\"description\":\"Manufacturer of shredders, crushers, grinders and shredding plants\",\"publisher\":{\"@id\":\"https:\/\/satrindtech.com\/en\/#organization\"},\"potentialAction\":[{\"@type\":\"SearchAction\",\"target\":{\"@type\":\"EntryPoint\",\"urlTemplate\":\"https:\/\/satrindtech.com\/en\/?s={search_term_string}\"},\"query-input\":{\"@type\":\"PropertyValueSpecification\",\"valueRequired\":true,\"valueName\":\"search_term_string\"}}],\"inLanguage\":\"es-ES\"},{\"@type\":\"Organization\",\"@id\":\"https:\/\/satrindtech.com\/en\/#organization\",\"name\":\"SatrindTech Srl\",\"url\":\"https:\/\/satrindtech.com\/en\/\",\"logo\":{\"@type\":\"ImageObject\",\"inLanguage\":\"es-ES\",\"@id\":\"https:\/\/satrindtech.com\/en\/#\/schema\/logo\/image\/\",\"url\":\"http:\/\/satrindtech.com\/wp-content\/uploads\/2017\/02\/Logo_Satrindtech2015_square.jpg\",\"contentUrl\":\"http:\/\/satrindtech.com\/wp-content\/uploads\/2017\/02\/Logo_Satrindtech2015_square.jpg\",\"width\":531,\"height\":531,\"caption\":\"SatrindTech Srl\"},\"image\":{\"@id\":\"https:\/\/satrindtech.com\/en\/#\/schema\/logo\/image\/\"},\"sameAs\":[\"https:\/\/www.facebook.com\/Satrindtech\",\"https:\/\/x.com\/SatrindTech\",\"https:\/\/www.instagram.com\/SatrindTech\/\",\"https:\/\/www.linkedin.com\/company\/satrindtech\",\"https:\/\/www.youtube.com\/c\/satrindtech\"]}]}<\/script>\n<!-- \/ Yoast SEO Premium plugin. -->","yoast_head_json":{"title":"Foracleanerworld trituradores industriales | SatrindTech Srl","description":"Ideas y contenidos detallados sobre nuestras soluciones y las aplicaciones de trituraci\u00f3n de residuos industriales foracleanerworld Italia Mil\u00e1n","robots":{"index":"index","follow":"follow","max-snippet":"max-snippet:-1","max-image-preview":"max-image-preview:large","max-video-preview":"max-video-preview:-1"},"canonical":"https:\/\/satrindtech.com\/es\/foracleanerworld\/","og_locale":"es_ES","og_type":"article","og_title":"Foracleanerworld","og_description":"Ideas y contenidos detallados sobre nuestras soluciones y las aplicaciones de trituraci\u00f3n de residuos industriales foracleanerworld Italia Mil\u00e1n","og_url":"https:\/\/satrindtech.com\/es\/foracleanerworld\/","og_site_name":"SatrindTech Srl","article_publisher":"https:\/\/www.facebook.com\/Satrindtech","article_modified_time":"2018-05-06T20:18:49+00:00","twitter_card":"summary_large_image","twitter_site":"@SatrindTech","twitter_misc":{"Tiempo de lectura":"5 minutes"},"schema":{"@context":"https:\/\/schema.org","@graph":[{"@type":"WebPage","@id":"https:\/\/satrindtech.com\/es\/foracleanerworld\/","url":"https:\/\/satrindtech.com\/es\/foracleanerworld\/","name":"Foracleanerworld trituradores industriales | SatrindTech Srl","isPartOf":{"@id":"https:\/\/satrindtech.com\/en\/#website"},"datePublished":"2018-04-19T19:58:47+00:00","dateModified":"2018-05-06T20:18:49+00:00","description":"Ideas y contenidos detallados sobre nuestras soluciones y las aplicaciones de trituraci\u00f3n de residuos industriales foracleanerworld Italia Mil\u00e1n","breadcrumb":{"@id":"https:\/\/satrindtech.com\/es\/foracleanerworld\/#breadcrumb"},"inLanguage":"es-ES","potentialAction":[{"@type":"ReadAction","target":["https:\/\/satrindtech.com\/es\/foracleanerworld\/"]}]},{"@type":"BreadcrumbList","@id":"https:\/\/satrindtech.com\/es\/foracleanerworld\/#breadcrumb","itemListElement":[{"@type":"ListItem","position":1,"name":"Home","item":"https:\/\/satrindtech.com\/es\/"},{"@type":"ListItem","position":2,"name":"Foracleanerworld"}]},{"@type":"WebSite","@id":"https:\/\/satrindtech.com\/en\/#website","url":"https:\/\/satrindtech.com\/en\/","name":"SatrindTech Srl","description":"Manufacturer of shredders, crushers, grinders and shredding plants","publisher":{"@id":"https:\/\/satrindtech.com\/en\/#organization"},"potentialAction":[{"@type":"SearchAction","target":{"@type":"EntryPoint","urlTemplate":"https:\/\/satrindtech.com\/en\/?s={search_term_string}"},"query-input":{"@type":"PropertyValueSpecification","valueRequired":true,"valueName":"search_term_string"}}],"inLanguage":"es-ES"},{"@type":"Organization","@id":"https:\/\/satrindtech.com\/en\/#organization","name":"SatrindTech Srl","url":"https:\/\/satrindtech.com\/en\/","logo":{"@type":"ImageObject","inLanguage":"es-ES","@id":"https:\/\/satrindtech.com\/en\/#\/schema\/logo\/image\/","url":"http:\/\/satrindtech.com\/wp-content\/uploads\/2017\/02\/Logo_Satrindtech2015_square.jpg","contentUrl":"http:\/\/satrindtech.com\/wp-content\/uploads\/2017\/02\/Logo_Satrindtech2015_square.jpg","width":531,"height":531,"caption":"SatrindTech Srl"},"image":{"@id":"https:\/\/satrindtech.com\/en\/#\/schema\/logo\/image\/"},"sameAs":["https:\/\/www.facebook.com\/Satrindtech","https:\/\/x.com\/SatrindTech","https:\/\/www.instagram.com\/SatrindTech\/","https:\/\/www.linkedin.com\/company\/satrindtech","https:\/\/www.youtube.com\/c\/satrindtech"]}]}},"_links":{"self":[{"href":"https:\/\/satrindtech.com\/es\/wp-json\/wp\/v2\/pages\/23727","targetHints":{"allow":["GET"]}}],"collection":[{"href":"https:\/\/satrindtech.com\/es\/wp-json\/wp\/v2\/pages"}],"about":[{"href":"https:\/\/satrindtech.com\/es\/wp-json\/wp\/v2\/types\/page"}],"author":[{"embeddable":true,"href":"https:\/\/satrindtech.com\/es\/wp-json\/wp\/v2\/users\/20"}],"replies":[{"embeddable":true,"href":"https:\/\/satrindtech.com\/es\/wp-json\/wp\/v2\/comments?post=23727"}],"version-history":[{"count":0,"href":"https:\/\/satrindtech.com\/es\/wp-json\/wp\/v2\/pages\/23727\/revisions"}],"wp:attachment":[{"href":"https:\/\/satrindtech.com\/es\/wp-json\/wp\/v2\/media?parent=23727"}],"curies":[{"name":"wp","href":"https:\/\/api.w.org\/{rel}","templated":true}]}}